{"id":11721,"date":"2023-05-11T18:17:04","date_gmt":"2023-05-11T16:17:04","guid":{"rendered":"https:\/\/www.gigroupholding.com\/switzerland\/contact-privacy-policy\/"},"modified":"2023-05-11T18:30:32","modified_gmt":"2023-05-11T16:30:32","slug":"privacy-policy-contatti","status":"publish","type":"page","link":"https:\/\/www.gigroupholding.com\/switzerland\/it\/privacy-policy-contatti\/","title":{"rendered":"Privacy policy contatti"},"content":{"rendered":"\t\t<div data-elementor-type=\"wp-page\" data-elementor-id=\"11721\" class=\"elementor elementor-11721 elementor-11717\" data-elementor-post-type=\"page\">\n\t\t\t\t\t\t<section class=\"elementor-section elementor-top-section elementor-element elementor-element-f52863a header_line_left elementor-section-boxed elementor-section-height-default elementor-section-height-default\" data-id=\"f52863a\" data-element_type=\"section\" data-settings=\"{&quot;background_background&quot;:&quot;classic&quot;}\">\n\t\t\t\t\t\t<div class=\"elementor-container elementor-column-gap-default\">\n\t\t\t\t\t<div class=\"elementor-column elementor-col-100 elementor-top-column elementor-element elementor-element-780a0d4\" data-id=\"780a0d4\" data-element_type=\"column\">\n\t\t\t<div class=\"elementor-widget-wrap elementor-element-populated\">\n\t\t\t\t\t\t<div class=\"elementor-element elementor-element-ea6cdcc elementor-widget elementor-widget-heading\" data-id=\"ea6cdcc\" data-element_type=\"widget\" data-widget_type=\"heading.default\">\n\t\t\t\t<div class=\"elementor-widget-container\">\n\t\t\t<h1 class=\"elementor-heading-title elementor-size-default\">Privacy Policy <br><span class=\"header_span\">Sezione contatti<\/span><\/h1>\t\t<\/div>\n\t\t\t\t<\/div>\n\t\t\t\t\t<\/div>\n\t\t<\/div>\n\t\t\t\t\t<\/div>\n\t\t<\/section>\n\t\t\t\t<section class=\"elementor-section elementor-top-section elementor-element elementor-element-aedd311 elementor-section-boxed elementor-section-height-default elementor-section-height-default\" data-id=\"aedd311\" data-element_type=\"section\">\n\t\t\t\t\t\t<div class=\"elementor-container elementor-column-gap-default\">\n\t\t\t\t\t<div class=\"elementor-column elementor-col-100 elementor-top-column elementor-element elementor-element-7cd0723 max-width-940\" data-id=\"7cd0723\" data-element_type=\"column\">\n\t\t\t<div class=\"elementor-widget-wrap elementor-element-populated\">\n\t\t\t\t\t\t<div class=\"elementor-element elementor-element-2ffce5f elementor-widget elementor-widget-text-editor\" data-id=\"2ffce5f\" data-element_type=\"widget\" data-widget_type=\"text-editor.default\">\n\t\t\t\t<div class=\"elementor-widget-container\">\n\t\t\t\t\t\t\t<p><strong>Titolare del trattamento<\/strong><\/p><p>Gi Group SA<\/p><p>con sede in via Cantonale 2B, 6928 Manno, in persona del Legale Rappresentante<\/p><p>numero di telefono +41 91 210 37 37, indirizzo e-mail <a href=\"mailto:ch.privacy@gigroup.com\">ch.privacy@gigroup.com<\/a> (&#8216;Gi Group&#8217;)<\/p>\t\t\t\t\t\t<\/div>\n\t\t\t\t<\/div>\n\t\t\t\t<div class=\"elementor-element elementor-element-e74f476 elementor-widget elementor-widget-accordion\" data-id=\"e74f476\" data-element_type=\"widget\" data-widget_type=\"accordion.default\">\n\t\t\t\t<div class=\"elementor-widget-container\">\n\t\t\t\t\t<div class=\"elementor-accordion\">\n\t\t\t\t\t\t\t<div class=\"elementor-accordion-item\">\n\t\t\t\t\t<div id=\"elementor-tab-title-2421\" class=\"elementor-tab-title\" data-tab=\"1\" role=\"button\" aria-controls=\"elementor-tab-content-2421\" aria-expanded=\"false\">\n\t\t\t\t\t\t\t\t\t\t\t\t\t<span class=\"elementor-accordion-icon elementor-accordion-icon-left\" aria-hidden=\"true\">\n\t\t\t\t\t\t\t\t\t\t\t\t\t\t\t<span class=\"elementor-accordion-icon-closed\"><i class=\"fas fa-plus\"><\/i><\/span>\n\t\t\t\t\t\t\t\t<span class=\"elementor-accordion-icon-opened\"><i class=\"fas fa-minus\"><\/i><\/span>\n\t\t\t\t\t\t\t\t\t\t\t\t\t\t<\/span>\n\t\t\t\t\t\t\t\t\t\t\t\t<a class=\"elementor-accordion-title\" tabindex=\"0\">Perch\u00e9 vengono trattati i suoi dati personali e qual \u00e8 la condizione che rende lecito il trattamento?<\/a>\n\t\t\t\t\t<\/div>\n\t\t\t\t\t<div id=\"elementor-tab-content-2421\" class=\"elementor-tab-content elementor-clearfix\" data-tab=\"1\" role=\"region\" aria-labelledby=\"elementor-tab-title-2421\"><p><strong>1. Registrazione al Portale di Gi Group<\/strong><\/p><p>Il trattamento dei dati personali \u00e8 effettuato per evadere le richieste di informazione sui servizi offerti da Gi Group o dalle societ\u00e0 del gruppo Gi Group (\u201cGruppo\u201d). In particolare, qualora la richiesta di informazioni riguardi servizi offerti da altre societ\u00e0 del Gruppo, Gi Group potr\u00e0 riscontrarla mediante indicazione dei riferimenti da contattare oppure potr\u00e0 inoltrarla direttamente alla societ\u00e0 interessata ai fini di un idoneo e tempestivo riscontro da parte della stessa.<\/p><p>Il trattamento \u00e8 necessario all&#8217;esecuzione di un contratto di cui l&#8217;interessato \u00e8 parte o all&#8217;esecuzione di misure precontrattuali adottate su richiesta dello stesso.<\/p><\/div>\n\t\t\t\t<\/div>\n\t\t\t\t\t\t\t<div class=\"elementor-accordion-item\">\n\t\t\t\t\t<div id=\"elementor-tab-title-2422\" class=\"elementor-tab-title\" data-tab=\"2\" role=\"button\" aria-controls=\"elementor-tab-content-2422\" aria-expanded=\"false\">\n\t\t\t\t\t\t\t\t\t\t\t\t\t<span class=\"elementor-accordion-icon elementor-accordion-icon-left\" aria-hidden=\"true\">\n\t\t\t\t\t\t\t\t\t\t\t\t\t\t\t<span class=\"elementor-accordion-icon-closed\"><i class=\"fas fa-plus\"><\/i><\/span>\n\t\t\t\t\t\t\t\t<span class=\"elementor-accordion-icon-opened\"><i class=\"fas fa-minus\"><\/i><\/span>\n\t\t\t\t\t\t\t\t\t\t\t\t\t\t<\/span>\n\t\t\t\t\t\t\t\t\t\t\t\t<a class=\"elementor-accordion-title\" tabindex=\"0\">Per quanto tempo conserviamo i suoi dati personali?<\/a>\n\t\t\t\t\t<\/div>\n\t\t\t\t\t<div id=\"elementor-tab-content-2422\" class=\"elementor-tab-content elementor-clearfix\" data-tab=\"2\" role=\"region\" aria-labelledby=\"elementor-tab-title-2422\"><p>I dati saranno trattati per il tempo necessario ad evadere le richieste di informazione.<\/p><p>Decorsi i termini di conservazione sopra indicati, i dati personali saranno distrutti, cancellati o resi anonimi, compatibilmente con le procedure tecniche di cancellazione e backup.<\/p><\/div>\n\t\t\t\t<\/div>\n\t\t\t\t\t\t\t<div class=\"elementor-accordion-item\">\n\t\t\t\t\t<div id=\"elementor-tab-title-2423\" class=\"elementor-tab-title\" data-tab=\"3\" role=\"button\" aria-controls=\"elementor-tab-content-2423\" aria-expanded=\"false\">\n\t\t\t\t\t\t\t\t\t\t\t\t\t<span class=\"elementor-accordion-icon elementor-accordion-icon-left\" aria-hidden=\"true\">\n\t\t\t\t\t\t\t\t\t\t\t\t\t\t\t<span class=\"elementor-accordion-icon-closed\"><i class=\"fas fa-plus\"><\/i><\/span>\n\t\t\t\t\t\t\t\t<span class=\"elementor-accordion-icon-opened\"><i class=\"fas fa-minus\"><\/i><\/span>\n\t\t\t\t\t\t\t\t\t\t\t\t\t\t<\/span>\n\t\t\t\t\t\t\t\t\t\t\t\t<a class=\"elementor-accordion-title\" tabindex=\"0\">Conferimento obbligatorio dei dati personali<\/a>\n\t\t\t\t\t<\/div>\n\t\t\t\t\t<div id=\"elementor-tab-content-2423\" class=\"elementor-tab-content elementor-clearfix\" data-tab=\"3\" role=\"region\" aria-labelledby=\"elementor-tab-title-2423\"><p>Il conferimento dei dati personali evidenziati con un asterisco nel form di raccolta dati \u00e8 obbligatorio: il rifiuto di fornire tali dati personali non consente a Gi Group di evadere le richieste di informazioni.<\/p><\/div>\n\t\t\t\t<\/div>\n\t\t\t\t\t\t\t<div class=\"elementor-accordion-item\">\n\t\t\t\t\t<div id=\"elementor-tab-title-2424\" class=\"elementor-tab-title\" data-tab=\"4\" role=\"button\" aria-controls=\"elementor-tab-content-2424\" aria-expanded=\"false\">\n\t\t\t\t\t\t\t\t\t\t\t\t\t<span class=\"elementor-accordion-icon elementor-accordion-icon-left\" aria-hidden=\"true\">\n\t\t\t\t\t\t\t\t\t\t\t\t\t\t\t<span class=\"elementor-accordion-icon-closed\"><i class=\"fas fa-plus\"><\/i><\/span>\n\t\t\t\t\t\t\t\t<span class=\"elementor-accordion-icon-opened\"><i class=\"fas fa-minus\"><\/i><\/span>\n\t\t\t\t\t\t\t\t\t\t\t\t\t\t<\/span>\n\t\t\t\t\t\t\t\t\t\t\t\t<a class=\"elementor-accordion-title\" tabindex=\"0\">Destinatari dei dati<\/a>\n\t\t\t\t\t<\/div>\n\t\t\t\t\t<div id=\"elementor-tab-content-2424\" class=\"elementor-tab-content elementor-clearfix\" data-tab=\"4\" role=\"region\" aria-labelledby=\"elementor-tab-title-2424\"><p>I dati personali possono essere trattati esclusivamente da dipendenti delle funzioni aziendali autorizzate al trattamento in quanto deputate al perseguimento delle finalit\u00e0 sopraindicate che sono stati espressamente autorizzati al trattamento e che hanno ricevuto adeguate istruzioni operative.<\/p><p>I dati personali possono essere comunicati ai seguenti soggetti o categorie di soggetti operanti in qualit\u00e0 di Titolari autonomi:<\/p><ul><li>Societ\u00e0 del Gruppo in Svizzera o all\u2019estero, anche al di fuori dello Spazio Economico Europeo, qualora la richiesta di informazioni riguardi servizi offerti da altre societ\u00e0 del Gruppo.<\/li><\/ul><p>I dati personali potranno altres\u00ec essere trattati, per conto della Societ\u00e0, da soggetti designati come Responsabili del trattamento. Tali soggetti sono ricompresi nelle seguenti categorie:<\/p><ul><li>Servizi di gestione e manutenzione del Sito;<\/li><li>Servizi di gestione e manutenzione del database dei clienti;<\/li><li>Servizi di archiviazione;<\/li><li>Servizi di postalizzazione delle comunicazioni;<\/li><\/ul><p>I dati potranno essere trasferiti a societ\u00e0 che non hanno sede in Svizzera o in uno Stato appartenente allo Spazio Economico Europeo (SEE), ossia in paesi che non godono quindi dello stesso livello di protezione standardizzato all&#8217;interno dello SEE. Per tale ragione Gi Group ha previsto misure idonee a garantire che le societ\u00e0 che non hanno sede in Svizzera o nel SEE e che trattano i vostri dati personali forniscano una protezione adeguata per questo trattamento.<\/p><\/div>\n\t\t\t\t<\/div>\n\t\t\t\t\t\t\t<div class=\"elementor-accordion-item\">\n\t\t\t\t\t<div id=\"elementor-tab-title-2425\" class=\"elementor-tab-title\" data-tab=\"5\" role=\"button\" aria-controls=\"elementor-tab-content-2425\" aria-expanded=\"false\">\n\t\t\t\t\t\t\t\t\t\t\t\t\t<span class=\"elementor-accordion-icon elementor-accordion-icon-left\" aria-hidden=\"true\">\n\t\t\t\t\t\t\t\t\t\t\t\t\t\t\t<span class=\"elementor-accordion-icon-closed\"><i class=\"fas fa-plus\"><\/i><\/span>\n\t\t\t\t\t\t\t\t<span class=\"elementor-accordion-icon-opened\"><i class=\"fas fa-minus\"><\/i><\/span>\n\t\t\t\t\t\t\t\t\t\t\t\t\t\t<\/span>\n\t\t\t\t\t\t\t\t\t\t\t\t<a class=\"elementor-accordion-title\" tabindex=\"0\">Diritti dell'interessato<\/a>\n\t\t\t\t\t<\/div>\n\t\t\t\t\t<div id=\"elementor-tab-content-2425\" class=\"elementor-tab-content elementor-clearfix\" data-tab=\"5\" role=\"region\" aria-labelledby=\"elementor-tab-title-2425\"><p>Lei pu\u00f2 chiedere l\u2019accesso ai dati che la riguardano, la loro rettifica o la loro cancellazione, nonch\u00e9 la limitazione del trattamento, l\u2019opposizione al trattamento e la portabilit\u00e0 dei dati contattando il Titolare del trattamento via posta ordinaria oppure inviando un\u2019e-mail a: <a href=\"mailto:ch.privacy@gigroup.com\">ch.privacy@gigroup.com<\/a>.<\/p><p>Lei pu\u00f2 proporre reclamo all&#8217;Autorit\u00e0 di controllo competente, nonch\u00e9 esercitare gli altri diritti a Te riconosciuti dalla disciplina applicabile.<\/p><\/div>\n\t\t\t\t<\/div>\n\t\t\t\t\t\t\t\t<\/div>\n\t\t\t\t<\/div>\n\t\t\t\t<\/div>\n\t\t\t\t\t<\/div>\n\t\t<\/div>\n\t\t\t\t\t<\/div>\n\t\t<\/section>\n\t\t\t\t<\/div>\n\t\t","protected":false},"excerpt":{"rendered":"<p>Privacy Policy Sezione contatti Titolare del trattamento Gi Group SA con sede in via Cantonale 2B, 6928 Manno, in persona del Legale Rappresentante numero di telefono +41 91 210 37 37, indirizzo e-mail ch.privacy@gigroup.com (&#8216;Gi Group&#8217;) Perch\u00e9 vengono trattati i suoi dati personali e qual \u00e8 la condizione che rende lecito il trattamento? 1. Registrazione [&hellip;]<\/p>\n","protected":false},"author":51,"featured_media":0,"parent":0,"menu_order":0,"comment_status":"closed","ping_status":"closed","template":"","meta":{"_acf_changed":false,"footnotes":"","_links_to":"","_links_to_target":""},"class_list":["post-11721","page","type-page","status-publish","hentry"],"acf":[],"yoast_head":"<!-- This site is optimized with the Yoast SEO plugin v23.9 - https:\/\/yoast.com\/wordpress\/plugins\/seo\/ -->\n<title>Privacy policy contatti - Gi Group Holding Switzerland<\/title>\n<meta name=\"robots\" content=\"index, follow, max-snippet:-1, max-image-preview:large, max-video-preview:-1\" \/>\n<link rel=\"canonical\" href=\"https:\/\/www.gigroupholding.com\/switzerland\/it\/privacy-policy-contatti\/\" \/>\n<meta property=\"og:locale\" content=\"it_IT\" \/>\n<meta property=\"og:type\" content=\"article\" \/>\n<meta property=\"og:title\" content=\"Privacy policy contatti - Gi Group Holding Switzerland\" \/>\n<meta property=\"og:description\" content=\"Privacy Policy Sezione contatti Titolare del trattamento Gi Group SA con sede in via Cantonale 2B, 6928 Manno, in persona del Legale Rappresentante numero di telefono +41 91 210 37 37, indirizzo e-mail ch.privacy@gigroup.com (&#8216;Gi Group&#8217;) Perch\u00e9 vengono trattati i suoi dati personali e qual \u00e8 la condizione che rende lecito il trattamento? 1. Registrazione [&hellip;]\" \/>\n<meta property=\"og:url\" content=\"https:\/\/www.gigroupholding.com\/switzerland\/it\/privacy-policy-contatti\/\" \/>\n<meta property=\"og:site_name\" content=\"Gi Group Holding Switzerland\" \/>\n<meta property=\"article:modified_time\" content=\"2023-05-11T16:30:32+00:00\" \/>\n<meta name=\"twitter:card\" content=\"summary_large_image\" \/>\n<meta name=\"twitter:title\" content=\"Privacy policy contatti - Gi Group Holding Switzerland\" \/>\n<meta name=\"twitter:label1\" content=\"Tempo di lettura stimato\" \/>\n\t<meta name=\"twitter:data1\" content=\"3 minuti\" \/>\n<script type=\"application\/ld+json\" class=\"yoast-schema-graph\">{\"@context\":\"https:\/\/schema.org\",\"@graph\":[{\"@type\":\"WebPage\",\"@id\":\"https:\/\/www.gigroupholding.com\/switzerland\/it\/privacy-policy-contatti\/\",\"url\":\"https:\/\/www.gigroupholding.com\/switzerland\/it\/privacy-policy-contatti\/\",\"name\":\"Privacy policy contatti - Gi Group Holding Switzerland\",\"isPartOf\":{\"@id\":\"https:\/\/www.gigroupholding.com\/switzerland\/#website\"},\"datePublished\":\"2023-05-11T16:17:04+00:00\",\"dateModified\":\"2023-05-11T16:30:32+00:00\",\"inLanguage\":\"it-IT\",\"potentialAction\":[{\"@type\":\"ReadAction\",\"target\":[\"https:\/\/www.gigroupholding.com\/switzerland\/it\/privacy-policy-contatti\/\"]}]},{\"@type\":\"WebSite\",\"@id\":\"https:\/\/www.gigroupholding.com\/switzerland\/#website\",\"url\":\"https:\/\/www.gigroupholding.com\/switzerland\/\",\"name\":\"Gi Group Holding Switzerland\",\"description\":\"\",\"potentialAction\":[{\"@type\":\"SearchAction\",\"target\":{\"@type\":\"EntryPoint\",\"urlTemplate\":\"https:\/\/www.gigroupholding.com\/switzerland\/?s={search_term_string}\"},\"query-input\":{\"@type\":\"PropertyValueSpecification\",\"valueRequired\":true,\"valueName\":\"search_term_string\"}}],\"inLanguage\":\"it-IT\"}]}<\/script>\n<!-- \/ Yoast SEO plugin. -->","yoast_head_json":{"title":"Privacy policy contatti - Gi Group Holding Switzerland","robots":{"index":"index","follow":"follow","max-snippet":"max-snippet:-1","max-image-preview":"max-image-preview:large","max-video-preview":"max-video-preview:-1"},"canonical":"https:\/\/www.gigroupholding.com\/switzerland\/it\/privacy-policy-contatti\/","og_locale":"it_IT","og_type":"article","og_title":"Privacy policy contatti - Gi Group Holding Switzerland","og_description":"Privacy Policy Sezione contatti Titolare del trattamento Gi Group SA con sede in via Cantonale 2B, 6928 Manno, in persona del Legale Rappresentante numero di telefono +41 91 210 37 37, indirizzo e-mail ch.privacy@gigroup.com (&#8216;Gi Group&#8217;) Perch\u00e9 vengono trattati i suoi dati personali e qual \u00e8 la condizione che rende lecito il trattamento? 1. Registrazione [&hellip;]","og_url":"https:\/\/www.gigroupholding.com\/switzerland\/it\/privacy-policy-contatti\/","og_site_name":"Gi Group Holding Switzerland","article_modified_time":"2023-05-11T16:30:32+00:00","twitter_card":"summary_large_image","twitter_title":"Privacy policy contatti - Gi Group Holding Switzerland","twitter_misc":{"Tempo di lettura stimato":"3 minuti"},"schema":{"@context":"https:\/\/schema.org","@graph":[{"@type":"WebPage","@id":"https:\/\/www.gigroupholding.com\/switzerland\/it\/privacy-policy-contatti\/","url":"https:\/\/www.gigroupholding.com\/switzerland\/it\/privacy-policy-contatti\/","name":"Privacy policy contatti - Gi Group Holding Switzerland","isPartOf":{"@id":"https:\/\/www.gigroupholding.com\/switzerland\/#website"},"datePublished":"2023-05-11T16:17:04+00:00","dateModified":"2023-05-11T16:30:32+00:00","inLanguage":"it-IT","potentialAction":[{"@type":"ReadAction","target":["https:\/\/www.gigroupholding.com\/switzerland\/it\/privacy-policy-contatti\/"]}]},{"@type":"WebSite","@id":"https:\/\/www.gigroupholding.com\/switzerland\/#website","url":"https:\/\/www.gigroupholding.com\/switzerland\/","name":"Gi Group Holding Switzerland","description":"","potentialAction":[{"@type":"SearchAction","target":{"@type":"EntryPoint","urlTemplate":"https:\/\/www.gigroupholding.com\/switzerland\/?s={search_term_string}"},"query-input":{"@type":"PropertyValueSpecification","valueRequired":true,"valueName":"search_term_string"}}],"inLanguage":"it-IT"}]}},"_links":{"self":[{"href":"https:\/\/www.gigroupholding.com\/switzerland\/it\/wp-json\/wp\/v2\/pages\/11721","targetHints":{"allow":["GET"]}}],"collection":[{"href":"https:\/\/www.gigroupholding.com\/switzerland\/it\/wp-json\/wp\/v2\/pages"}],"about":[{"href":"https:\/\/www.gigroupholding.com\/switzerland\/it\/wp-json\/wp\/v2\/types\/page"}],"author":[{"embeddable":true,"href":"https:\/\/www.gigroupholding.com\/switzerland\/it\/wp-json\/wp\/v2\/users\/51"}],"replies":[{"embeddable":true,"href":"https:\/\/www.gigroupholding.com\/switzerland\/it\/wp-json\/wp\/v2\/comments?post=11721"}],"version-history":[{"count":5,"href":"https:\/\/www.gigroupholding.com\/switzerland\/it\/wp-json\/wp\/v2\/pages\/11721\/revisions"}],"predecessor-version":[{"id":11728,"href":"https:\/\/www.gigroupholding.com\/switzerland\/it\/wp-json\/wp\/v2\/pages\/11721\/revisions\/11728"}],"wp:attachment":[{"href":"https:\/\/www.gigroupholding.com\/switzerland\/it\/wp-json\/wp\/v2\/media?parent=11721"}],"curies":[{"name":"wp","href":"https:\/\/api.w.org\/{rel}","templated":true}]}}