{"id":11497,"date":"2022-01-25T12:06:47","date_gmt":"2022-01-25T11:06:47","guid":{"rendered":"https:\/\/www.gigroupholding.com\/switzerland\/privacy-policy-3\/"},"modified":"2023-04-29T15:15:36","modified_gmt":"2023-04-29T13:15:36","slug":"privacy-policy-candidati","status":"publish","type":"page","link":"https:\/\/www.gigroupholding.com\/switzerland\/it\/privacy-policy-candidati\/","title":{"rendered":"Privacy Policy Candidati"},"content":{"rendered":"\t\t<div data-elementor-type=\"wp-page\" data-elementor-id=\"11497\" class=\"elementor elementor-11497 elementor-11494\" data-elementor-post-type=\"page\">\n\t\t\t\t\t\t<section class=\"elementor-section elementor-top-section elementor-element elementor-element-5470f8c header_line_left elementor-section-boxed elementor-section-height-default elementor-section-height-default\" data-id=\"5470f8c\" data-element_type=\"section\" data-settings=\"{&quot;background_background&quot;:&quot;classic&quot;}\">\n\t\t\t\t\t\t<div class=\"elementor-container elementor-column-gap-default\">\n\t\t\t\t\t<div class=\"elementor-column elementor-col-100 elementor-top-column elementor-element elementor-element-f48dcc3\" data-id=\"f48dcc3\" data-element_type=\"column\">\n\t\t\t<div class=\"elementor-widget-wrap elementor-element-populated\">\n\t\t\t\t\t\t<div class=\"elementor-element elementor-element-88c5865 elementor-widget elementor-widget-heading\" data-id=\"88c5865\" data-element_type=\"widget\" data-widget_type=\"heading.default\">\n\t\t\t\t<div class=\"elementor-widget-container\">\n\t\t\t<h1 class=\"elementor-heading-title elementor-size-default\">Privacy Policy <br><span class=\"header_span\">Candidati<\/span><\/h1>\t\t<\/div>\n\t\t\t\t<\/div>\n\t\t\t\t\t<\/div>\n\t\t<\/div>\n\t\t\t\t\t<\/div>\n\t\t<\/section>\n\t\t\t\t<section class=\"elementor-section elementor-top-section elementor-element elementor-element-14f3215 elementor-section-boxed elementor-section-height-default elementor-section-height-default\" data-id=\"14f3215\" data-element_type=\"section\">\n\t\t\t\t\t\t<div class=\"elementor-container elementor-column-gap-default\">\n\t\t\t\t\t<div class=\"elementor-column elementor-col-100 elementor-top-column elementor-element elementor-element-4d1dced max-width-940\" data-id=\"4d1dced\" data-element_type=\"column\">\n\t\t\t<div class=\"elementor-widget-wrap elementor-element-populated\">\n\t\t\t\t\t\t<div class=\"elementor-element elementor-element-bbb9e7c elementor-widget elementor-widget-text-editor\" data-id=\"bbb9e7c\" data-element_type=\"widget\" data-widget_type=\"text-editor.default\">\n\t\t\t\t<div class=\"elementor-widget-container\">\n\t\t\t\t\t\t\t<p><strong>Chi \u00e8 il titolare del trattamento?<\/strong><\/p><p>GI GROUP HUMAN RESOURCES SA, con sede a Manno, Via Cantonale 2B \u2013 Svizzera<\/p><p>EU Pro AG, con sede a St. Gallen, St. Leonhard-Strasse 78 \u2013 Svizzera<\/p><p>EU Pro Holding, con sede a St. Gallen, St. Leonhard-Strasse 78 \u2013 Svizzera<\/p><p>EU Pro Schaan, con sede a St. Gallen, St. Leonhard-Strasse 78 \u2013 Svizzera<\/p><p>EU Pro EAM, con sede a St. Gallen, St. Leonhard-Strasse 78 \u2013 Svizzera<\/p><p>(\u201cGi Group\u201d)<\/p>\t\t\t\t\t\t<\/div>\n\t\t\t\t<\/div>\n\t\t\t\t<div class=\"elementor-element elementor-element-2bf5c5b elementor-widget elementor-widget-accordion\" data-id=\"2bf5c5b\" data-element_type=\"widget\" data-widget_type=\"accordion.default\">\n\t\t\t\t<div class=\"elementor-widget-container\">\n\t\t\t\t\t<div class=\"elementor-accordion\">\n\t\t\t\t\t\t\t<div class=\"elementor-accordion-item\">\n\t\t\t\t\t<div id=\"elementor-tab-title-4601\" class=\"elementor-tab-title\" data-tab=\"1\" role=\"button\" aria-controls=\"elementor-tab-content-4601\" aria-expanded=\"false\">\n\t\t\t\t\t\t\t\t\t\t\t\t\t<span class=\"elementor-accordion-icon elementor-accordion-icon-left\" aria-hidden=\"true\">\n\t\t\t\t\t\t\t\t\t\t\t\t\t\t\t<span class=\"elementor-accordion-icon-closed\"><i class=\"fas fa-plus\"><\/i><\/span>\n\t\t\t\t\t\t\t\t<span class=\"elementor-accordion-icon-opened\"><i class=\"fas fa-minus\"><\/i><\/span>\n\t\t\t\t\t\t\t\t\t\t\t\t\t\t<\/span>\n\t\t\t\t\t\t\t\t\t\t\t\t<a class=\"elementor-accordion-title\" tabindex=\"0\">Perch\u00e8 vengono trattati i tuoi dati?<\/a>\n\t\t\t\t\t<\/div>\n\t\t\t\t\t<div id=\"elementor-tab-content-4601\" class=\"elementor-tab-content elementor-clearfix\" data-tab=\"1\" role=\"region\" aria-labelledby=\"elementor-tab-title-4601\"><p><strong>1. Registrazione al Portale di Gi Group<\/strong><\/p><p><em>Cosa legittima il trattamento?<br \/><\/em>&#8211; Esecuzione di un servizio<\/p><p><em>Cosa succede se non fornisci i dati?<br \/><\/em>&#8211; Se rifiuti di fornire i dati evidenziati con l\u2019asterisco non puoi registrarti al portale di Gi Group<\/p><p><em>Per quanto tempo conserviamo i tuoi dati?<br \/><\/em>&#8211; I dati sono conservati per 30 mesi dall\u2019inserimento nel database, o dalla Tua ultima interazione con il Sito o con le agenzie salvo Tuo consenso ad un ulteriore periodo di conservazione<\/p><p><strong>2. Ricerca e Selezione di candidati per l\u2019inserimento diretto presso Gi Group<\/strong><\/p><p><em>Cosa legittima il trattamento?<br \/><\/em>&#8211; Esecuzione di misure precontrattuali<\/p><p><em>Cosa succede se non fornisci i dati?<br \/><\/em>&#8211; Se rifiuti di fornire i dati evidenziati con l\u2019asterisco non sar\u00e0 possibile per Gi Group procedere con le attivit\u00e0 di ricerca e selezione e valutare la Tua candidatura<\/p><p><em>Per quanto tempo conserviamo i tuoi dati?<br \/><\/em>&#8211; I dati sono conservati per 30 mesi dall\u2019inserimento nel database, o dalla Tua ultima interazione con il Sito o con le agenzie salvo Tuo consenso ad un ulteriore periodo di conservazione<\/p><p><strong>3. Ricerche e selezioni di selezione di candidati per l\u2019inserimento diretto presso Gi Group per posizioni in linea con il tuo profilo, tramite l\u2019invio di offerte di lavoro.<\/strong><\/p><p><em>Cosa legittima il trattamento?<br \/><\/em>&#8211; Legittimo interesse di Gi Group<\/p><p><em>Cosa succede se non fornisci i dati o ti opponi a questo trattamento?<br \/><\/em>&#8211; Se ti opponi a questo trattamento puoi comunque registrarti al portale di GI Group e proporre la Tua candidatura per le offerte di lavoro in cui desideri candidarti<\/p><p><em>Per quanto tempo conserviamo i tuoi dati?<br \/><\/em>&#8211; I dati sono conservati per 30 mesi dall\u2019inserimento nel database, o dalla Tua ultima interazione con il Sito o con le agenzie salvo Tuo consenso ad un ulteriore periodo di conservazione<\/p><p><strong>4. Esecuzione di assessment e test psicoattitudinali, comportamentali, tecnici o di altro tipo e per la successiva ricezione, per mezzo di mail, dei risultati dell\u2019assessment e di suggerimenti per lo sviluppo personal, tramite apposite piattaforme e siti internet (quali, a titolo esemplificativo, \u201cEggup\u201d e \u201cThomas International\u201d)<\/strong><\/p><p><em>Cosa legittima il trattamento?<br \/><\/em>&#8211; Consenso dell\u2019interessato al trattamento dei dati personali<\/p><p><em>Cosa succede se non fornisci i dati o non presti il consenso?<br \/><\/em>&#8211; Se rifiuti di rilasciare il tuo consenso puoi comunque registrarti al portale di GI Group e proporre la Tua candidatura<\/p><p><em>Per quanto tempo conserviamo i tuoi dati?<br \/><\/em>&#8211; I dati sono conservati per 30 mesi dall\u2019inserimento.<\/p><p><strong>5. In caso di proseguimento del processo di selezione, esecuzione dell\u2019attivit\u00e0 di pre-onboarding finalizzata all\u2019inserimento in Gi Group, tramite apposite piattaforme e siti internet (quali, a titolo esemplificativo, \u201cEnboarder\u201d)<\/strong><\/p><p><em>Cosa legittima il trattamento?<br \/><\/em>&#8211; Esecuzione di misure precontrattuali<\/p><p><em>Cosa succede se non fornisci i dati o non presti il consenso?<br \/><\/em>&#8211; Se rifiuti di fornire i dati non sar\u00e0 possibile per Gi Group procedere con le attivit\u00e0 pre-assuntive<\/p><p><em>Per quanto tempo conserviamo i tuoi dati?<br \/><\/em>&#8211; I dati sono conservati fino alla conclusione di tale fase e non oltre il termine del periodo di prova.<\/p><p><strong>6. Invio di comunicazioni informative e promozionali relative ai servizi offerti da Gi Group\/Compimento di studi e ricerche statistiche e\/o di mercato relative ai servizi al lavoro<\/strong><\/p><p><em>Cosa legittima il trattamento?<br \/><\/em>&#8211; Consenso dell\u2019interessato al trattamento dei dati personali<\/p><p><em>Cosa succede se non fornisci i dati o non presti il consenso?<br \/><\/em>&#8211; Se rifiuti di rilasciare il tuo consenso puoi comunque registrarti al portale di GI Group e proporre la Tua candidatura<\/p><p><em>Per quanto tempo conserviamo i tuoi dati?<br \/><\/em>&#8211; I dati sono trattati per la finalit\u00e0 sopra indicata fino quando non revochi il Tuo consenso.<\/p><p><strong>7. Invio di comunicazioni informative e promozionali relative ai servizi offerti dalle altre societ\u00e0 del Gruppo (iniziative di formazione, sviluppo di carriera, coaching, supporto alla ricollocazione, ricerca e selezione del personale ed executive search) \/ Compimento di studi e ricerche statistiche e\/o di mercato relative ai servizi al lavoro)<\/strong><\/p><p><em>Cosa legittima il trattamento?<br \/><\/em>&#8211; Consenso dell\u2019interessato al trattamento dei dati personali<\/p><p><em>Cosa succede se non fornisci i dati o non presti il consenso?<br \/><\/em>&#8211; Se rifiuti di rilasciare il tuo consenso puoi comunque registrarti al portale di GI Group e proporre la Tua candidatura<\/p><p><em>Per quanto tempo conserviamo i tuoi dati?<br \/><\/em>&#8211; I dati sono trattati per la finalit\u00e0 sopra indicata fino quando non revochi il Tuo consenso.<\/p><\/div>\n\t\t\t\t<\/div>\n\t\t\t\t\t\t\t<div class=\"elementor-accordion-item\">\n\t\t\t\t\t<div id=\"elementor-tab-title-4602\" class=\"elementor-tab-title\" data-tab=\"2\" role=\"button\" aria-controls=\"elementor-tab-content-4602\" aria-expanded=\"false\">\n\t\t\t\t\t\t\t\t\t\t\t\t\t<span class=\"elementor-accordion-icon elementor-accordion-icon-left\" aria-hidden=\"true\">\n\t\t\t\t\t\t\t\t\t\t\t\t\t\t\t<span class=\"elementor-accordion-icon-closed\"><i class=\"fas fa-plus\"><\/i><\/span>\n\t\t\t\t\t\t\t\t<span class=\"elementor-accordion-icon-opened\"><i class=\"fas fa-minus\"><\/i><\/span>\n\t\t\t\t\t\t\t\t\t\t\t\t\t\t<\/span>\n\t\t\t\t\t\t\t\t\t\t\t\t<a class=\"elementor-accordion-title\" tabindex=\"0\">Chi tratter\u00e0 i miei dati?<\/a>\n\t\t\t\t\t<\/div>\n\t\t\t\t\t<div id=\"elementor-tab-content-4602\" class=\"elementor-tab-content elementor-clearfix\" data-tab=\"2\" role=\"region\" aria-labelledby=\"elementor-tab-title-4602\"><p>I dati saranno trattati dai dipendenti e collaboratori espressamente autorizzati al trattamento.<\/p><p>I dati saranno comunicati a terzi, fra cui, in particolare, societ\u00e0 o enti clienti; altri operatori del mercato nel caso di partnership; societ\u00e0 del Gruppo in Svizzera o all\u2019estero.<\/p><p>I dati saranno trattati da soggetti che svolgono trattamenti per nostro conto, fra cui, in particolare, societ\u00e0 che svolgono servizi di gestione del sito internet, servizi di gestione e manutenzione del database dei candidati; societ\u00e0 che svolgono attivit\u00e0 di postalizzazione delle comunicazioni; societ\u00e0 che effettuano ricerche di mercato.<\/p><p>I dati potranno essere trasferiti a societ\u00e0 che non hanno sede in Svizzera o in uno Stato appartenente allo Spazio Economico Europeo (SEE), ossia in paesi che non godono quindi dello stesso livello di protezione standardizzato all&#8217;interno dello SEE. Per tale ragione Gi Group ha previsto misure idonee a garantire che le societ\u00e0 che non hanno sede in Svizzera o nel SEE e che trattano i vostri dati personali forniscano una protezione adeguata per questo trattamento.<\/p><\/div>\n\t\t\t\t<\/div>\n\t\t\t\t\t\t\t<div class=\"elementor-accordion-item\">\n\t\t\t\t\t<div id=\"elementor-tab-title-4603\" class=\"elementor-tab-title\" data-tab=\"3\" role=\"button\" aria-controls=\"elementor-tab-content-4603\" aria-expanded=\"false\">\n\t\t\t\t\t\t\t\t\t\t\t\t\t<span class=\"elementor-accordion-icon elementor-accordion-icon-left\" aria-hidden=\"true\">\n\t\t\t\t\t\t\t\t\t\t\t\t\t\t\t<span class=\"elementor-accordion-icon-closed\"><i class=\"fas fa-plus\"><\/i><\/span>\n\t\t\t\t\t\t\t\t<span class=\"elementor-accordion-icon-opened\"><i class=\"fas fa-minus\"><\/i><\/span>\n\t\t\t\t\t\t\t\t\t\t\t\t\t\t<\/span>\n\t\t\t\t\t\t\t\t\t\t\t\t<a class=\"elementor-accordion-title\" tabindex=\"0\">Posso revocare il consenso?<\/a>\n\t\t\t\t\t<\/div>\n\t\t\t\t\t<div id=\"elementor-tab-content-4603\" class=\"elementor-tab-content elementor-clearfix\" data-tab=\"3\" role=\"region\" aria-labelledby=\"elementor-tab-title-4603\"><p>Puoi revocare in ogni momento i consensi al trattamento dei dati da Te prestati accedendo al tuo account personale oppure inviando un\u2019e-mail a: <a href=\"mailto:ch.privacy@gigroup.com\">ch.privacy@gigroup.com<\/a>.<\/p><\/div>\n\t\t\t\t<\/div>\n\t\t\t\t\t\t\t<div class=\"elementor-accordion-item\">\n\t\t\t\t\t<div id=\"elementor-tab-title-4604\" class=\"elementor-tab-title\" data-tab=\"4\" role=\"button\" aria-controls=\"elementor-tab-content-4604\" aria-expanded=\"false\">\n\t\t\t\t\t\t\t\t\t\t\t\t\t<span class=\"elementor-accordion-icon elementor-accordion-icon-left\" aria-hidden=\"true\">\n\t\t\t\t\t\t\t\t\t\t\t\t\t\t\t<span class=\"elementor-accordion-icon-closed\"><i class=\"fas fa-plus\"><\/i><\/span>\n\t\t\t\t\t\t\t\t<span class=\"elementor-accordion-icon-opened\"><i class=\"fas fa-minus\"><\/i><\/span>\n\t\t\t\t\t\t\t\t\t\t\t\t\t\t<\/span>\n\t\t\t\t\t\t\t\t\t\t\t\t<a class=\"elementor-accordion-title\" tabindex=\"0\">Quali sono i miei diritti?<\/a>\n\t\t\t\t\t<\/div>\n\t\t\t\t\t<div id=\"elementor-tab-content-4604\" class=\"elementor-tab-content elementor-clearfix\" data-tab=\"4\" role=\"region\" aria-labelledby=\"elementor-tab-title-4604\"><p>Puoi chiedere l\u2019accesso ai dati che Ti riguardano, la loro rettifica o la loro cancellazione, nonch\u00e9 la limitazione del trattamento, l\u2019opposizione al trattamento e la portabilit\u00e0 dei dati contattando il Titolare del trattamento via posta ordinaria oppure inviando un\u2019e-mail a: <a href=\"mailto:ch.privacy@gigroup.com\">ch.privacy@gigroup.com<\/a>.<\/p><p>Puoi proporre reclamo all&#8217;Autorit\u00e0 di controllo competente, nonch\u00e9 esercitare gli altri diritti a Te riconosciuti dalla disciplina applicabile<\/p><\/div>\n\t\t\t\t<\/div>\n\t\t\t\t\t\t\t\t<\/div>\n\t\t\t\t<\/div>\n\t\t\t\t<\/div>\n\t\t\t\t\t<\/div>\n\t\t<\/div>\n\t\t\t\t\t<\/div>\n\t\t<\/section>\n\t\t\t\t<\/div>\n\t\t","protected":false},"excerpt":{"rendered":"<p>Privacy Policy Candidati Chi \u00e8 il titolare del trattamento? GI GROUP HUMAN RESOURCES SA, con sede a Manno, Via Cantonale 2B \u2013 Svizzera EU Pro AG, con sede a St. Gallen, St. Leonhard-Strasse 78 \u2013 Svizzera EU Pro Holding, con sede a St. Gallen, St. Leonhard-Strasse 78 \u2013 Svizzera EU Pro Schaan, con sede a [&hellip;]<\/p>\n","protected":false},"author":1,"featured_media":0,"parent":0,"menu_order":11,"comment_status":"closed","ping_status":"closed","template":"","meta":{"_acf_changed":false,"footnotes":"","_links_to":"","_links_to_target":""},"class_list":["post-11497","page","type-page","status-publish","hentry"],"acf":[],"yoast_head":"<!-- This site is optimized with the Yoast SEO plugin v23.9 - https:\/\/yoast.com\/wordpress\/plugins\/seo\/ -->\n<title>Privacy Policy Candidati - Gi Group Holding Switzerland<\/title>\n<meta name=\"robots\" content=\"index, follow, max-snippet:-1, max-image-preview:large, max-video-preview:-1\" \/>\n<link rel=\"canonical\" href=\"https:\/\/www.gigroupholding.com\/switzerland\/it\/privacy-policy-candidati\/\" \/>\n<meta property=\"og:locale\" content=\"it_IT\" \/>\n<meta property=\"og:type\" content=\"article\" \/>\n<meta property=\"og:title\" content=\"Privacy Policy Candidati - Gi Group Holding Switzerland\" \/>\n<meta property=\"og:description\" content=\"Privacy Policy Candidati Chi \u00e8 il titolare del trattamento? GI GROUP HUMAN RESOURCES SA, con sede a Manno, Via Cantonale 2B \u2013 Svizzera EU Pro AG, con sede a St. Gallen, St. Leonhard-Strasse 78 \u2013 Svizzera EU Pro Holding, con sede a St. Gallen, St. Leonhard-Strasse 78 \u2013 Svizzera EU Pro Schaan, con sede a [&hellip;]\" \/>\n<meta property=\"og:url\" content=\"https:\/\/www.gigroupholding.com\/switzerland\/it\/privacy-policy-candidati\/\" \/>\n<meta property=\"og:site_name\" content=\"Gi Group Holding Switzerland\" \/>\n<meta property=\"article:modified_time\" content=\"2023-04-29T13:15:36+00:00\" \/>\n<meta name=\"twitter:card\" content=\"summary_large_image\" \/>\n<meta name=\"twitter:title\" content=\"Privacy Policy Candidati - Gi Group Holding Switzerland\" \/>\n<meta name=\"twitter:label1\" content=\"Tempo di lettura stimato\" \/>\n\t<meta name=\"twitter:data1\" content=\"6 minuti\" \/>\n<script type=\"application\/ld+json\" class=\"yoast-schema-graph\">{\"@context\":\"https:\/\/schema.org\",\"@graph\":[{\"@type\":\"WebPage\",\"@id\":\"https:\/\/www.gigroupholding.com\/switzerland\/it\/privacy-policy-candidati\/\",\"url\":\"https:\/\/www.gigroupholding.com\/switzerland\/it\/privacy-policy-candidati\/\",\"name\":\"Privacy Policy Candidati - Gi Group Holding Switzerland\",\"isPartOf\":{\"@id\":\"https:\/\/www.gigroupholding.com\/switzerland\/#website\"},\"datePublished\":\"2022-01-25T11:06:47+00:00\",\"dateModified\":\"2023-04-29T13:15:36+00:00\",\"inLanguage\":\"it-IT\",\"potentialAction\":[{\"@type\":\"ReadAction\",\"target\":[\"https:\/\/www.gigroupholding.com\/switzerland\/it\/privacy-policy-candidati\/\"]}]},{\"@type\":\"WebSite\",\"@id\":\"https:\/\/www.gigroupholding.com\/switzerland\/#website\",\"url\":\"https:\/\/www.gigroupholding.com\/switzerland\/\",\"name\":\"Gi Group Holding Switzerland\",\"description\":\"\",\"potentialAction\":[{\"@type\":\"SearchAction\",\"target\":{\"@type\":\"EntryPoint\",\"urlTemplate\":\"https:\/\/www.gigroupholding.com\/switzerland\/?s={search_term_string}\"},\"query-input\":{\"@type\":\"PropertyValueSpecification\",\"valueRequired\":true,\"valueName\":\"search_term_string\"}}],\"inLanguage\":\"it-IT\"}]}<\/script>\n<!-- \/ Yoast SEO plugin. -->","yoast_head_json":{"title":"Privacy Policy Candidati - Gi Group Holding Switzerland","robots":{"index":"index","follow":"follow","max-snippet":"max-snippet:-1","max-image-preview":"max-image-preview:large","max-video-preview":"max-video-preview:-1"},"canonical":"https:\/\/www.gigroupholding.com\/switzerland\/it\/privacy-policy-candidati\/","og_locale":"it_IT","og_type":"article","og_title":"Privacy Policy Candidati - Gi Group Holding Switzerland","og_description":"Privacy Policy Candidati Chi \u00e8 il titolare del trattamento? GI GROUP HUMAN RESOURCES SA, con sede a Manno, Via Cantonale 2B \u2013 Svizzera EU Pro AG, con sede a St. Gallen, St. Leonhard-Strasse 78 \u2013 Svizzera EU Pro Holding, con sede a St. Gallen, St. Leonhard-Strasse 78 \u2013 Svizzera EU Pro Schaan, con sede a [&hellip;]","og_url":"https:\/\/www.gigroupholding.com\/switzerland\/it\/privacy-policy-candidati\/","og_site_name":"Gi Group Holding Switzerland","article_modified_time":"2023-04-29T13:15:36+00:00","twitter_card":"summary_large_image","twitter_title":"Privacy Policy Candidati - Gi Group Holding Switzerland","twitter_misc":{"Tempo di lettura stimato":"6 minuti"},"schema":{"@context":"https:\/\/schema.org","@graph":[{"@type":"WebPage","@id":"https:\/\/www.gigroupholding.com\/switzerland\/it\/privacy-policy-candidati\/","url":"https:\/\/www.gigroupholding.com\/switzerland\/it\/privacy-policy-candidati\/","name":"Privacy Policy Candidati - Gi Group Holding Switzerland","isPartOf":{"@id":"https:\/\/www.gigroupholding.com\/switzerland\/#website"},"datePublished":"2022-01-25T11:06:47+00:00","dateModified":"2023-04-29T13:15:36+00:00","inLanguage":"it-IT","potentialAction":[{"@type":"ReadAction","target":["https:\/\/www.gigroupholding.com\/switzerland\/it\/privacy-policy-candidati\/"]}]},{"@type":"WebSite","@id":"https:\/\/www.gigroupholding.com\/switzerland\/#website","url":"https:\/\/www.gigroupholding.com\/switzerland\/","name":"Gi Group Holding Switzerland","description":"","potentialAction":[{"@type":"SearchAction","target":{"@type":"EntryPoint","urlTemplate":"https:\/\/www.gigroupholding.com\/switzerland\/?s={search_term_string}"},"query-input":{"@type":"PropertyValueSpecification","valueRequired":true,"valueName":"search_term_string"}}],"inLanguage":"it-IT"}]}},"_links":{"self":[{"href":"https:\/\/www.gigroupholding.com\/switzerland\/it\/wp-json\/wp\/v2\/pages\/11497","targetHints":{"allow":["GET"]}}],"collection":[{"href":"https:\/\/www.gigroupholding.com\/switzerland\/it\/wp-json\/wp\/v2\/pages"}],"about":[{"href":"https:\/\/www.gigroupholding.com\/switzerland\/it\/wp-json\/wp\/v2\/types\/page"}],"author":[{"embeddable":true,"href":"https:\/\/www.gigroupholding.com\/switzerland\/it\/wp-json\/wp\/v2\/users\/1"}],"replies":[{"embeddable":true,"href":"https:\/\/www.gigroupholding.com\/switzerland\/it\/wp-json\/wp\/v2\/comments?post=11497"}],"version-history":[{"count":6,"href":"https:\/\/www.gigroupholding.com\/switzerland\/it\/wp-json\/wp\/v2\/pages\/11497\/revisions"}],"predecessor-version":[{"id":11576,"href":"https:\/\/www.gigroupholding.com\/switzerland\/it\/wp-json\/wp\/v2\/pages\/11497\/revisions\/11576"}],"wp:attachment":[{"href":"https:\/\/www.gigroupholding.com\/switzerland\/it\/wp-json\/wp\/v2\/media?parent=11497"}],"curies":[{"name":"wp","href":"https:\/\/api.w.org\/{rel}","templated":true}]}}