{"id":10125,"date":"2022-01-25T12:06:47","date_gmt":"2022-01-25T11:06:47","guid":{"rendered":"https:\/\/www.gigroupholding.com\/switzerland\/privacy-policy\/"},"modified":"2023-05-11T16:08:55","modified_gmt":"2023-05-11T14:08:55","slug":"privacy-policy","status":"publish","type":"page","link":"https:\/\/www.gigroupholding.com\/switzerland\/it\/privacy-policy\/","title":{"rendered":"Privacy Policy"},"content":{"rendered":"\t\t<div data-elementor-type=\"wp-page\" data-elementor-id=\"10125\" class=\"elementor elementor-10125 elementor-10123\" data-elementor-post-type=\"page\">\n\t\t\t\t\t\t<section class=\"elementor-section elementor-top-section elementor-element elementor-element-7c4efad header_line_left elementor-section-boxed elementor-section-height-default elementor-section-height-default\" data-id=\"7c4efad\" data-element_type=\"section\" data-settings=\"{&quot;background_background&quot;:&quot;classic&quot;}\">\n\t\t\t\t\t\t<div class=\"elementor-container elementor-column-gap-default\">\n\t\t\t\t\t<div class=\"elementor-column elementor-col-100 elementor-top-column elementor-element elementor-element-e316395\" data-id=\"e316395\" data-element_type=\"column\">\n\t\t\t<div class=\"elementor-widget-wrap elementor-element-populated\">\n\t\t\t\t\t\t<div class=\"elementor-element elementor-element-2bd24b6 elementor-widget elementor-widget-heading\" data-id=\"2bd24b6\" data-element_type=\"widget\" data-widget_type=\"heading.default\">\n\t\t\t\t<div class=\"elementor-widget-container\">\n\t\t\t<h1 class=\"elementor-heading-title elementor-size-default\">Privacy Policy <br><\/h1>\t\t<\/div>\n\t\t\t\t<\/div>\n\t\t\t\t\t<\/div>\n\t\t<\/div>\n\t\t\t\t\t<\/div>\n\t\t<\/section>\n\t\t\t\t<section class=\"elementor-section elementor-top-section elementor-element elementor-element-e95164b elementor-section-boxed elementor-section-height-default elementor-section-height-default\" data-id=\"e95164b\" data-element_type=\"section\">\n\t\t\t\t\t\t<div class=\"elementor-container elementor-column-gap-default\">\n\t\t\t\t\t<div class=\"elementor-column elementor-col-100 elementor-top-column elementor-element elementor-element-e69abbf max-width-940\" data-id=\"e69abbf\" data-element_type=\"column\">\n\t\t\t<div class=\"elementor-widget-wrap elementor-element-populated\">\n\t\t\t\t\t\t<div class=\"elementor-element elementor-element-f7af9ff elementor-widget elementor-widget-text-editor\" data-id=\"f7af9ff\" data-element_type=\"widget\" data-widget_type=\"text-editor.default\">\n\t\t\t\t<div class=\"elementor-widget-container\">\n\t\t\t\t\t\t\t<p><strong>Titolare del trattamento dei dati personali<\/strong><\/p><p>Gi Group SA, con sede in Manno, via Cantonale 2B, in persona del Legale Rappresentante.<\/p>\t\t\t\t\t\t<\/div>\n\t\t\t\t<\/div>\n\t\t\t\t<div class=\"elementor-element elementor-element-85c247c elementor-widget elementor-widget-accordion\" data-id=\"85c247c\" data-element_type=\"widget\" data-widget_type=\"accordion.default\">\n\t\t\t\t<div class=\"elementor-widget-container\">\n\t\t\t\t\t<div class=\"elementor-accordion\">\n\t\t\t\t\t\t\t<div class=\"elementor-accordion-item\">\n\t\t\t\t\t<div id=\"elementor-tab-title-1401\" class=\"elementor-tab-title\" data-tab=\"1\" role=\"button\" aria-controls=\"elementor-tab-content-1401\" aria-expanded=\"false\">\n\t\t\t\t\t\t\t\t\t\t\t\t\t<span class=\"elementor-accordion-icon elementor-accordion-icon-left\" aria-hidden=\"true\">\n\t\t\t\t\t\t\t\t\t\t\t\t\t\t\t<span class=\"elementor-accordion-icon-closed\"><i class=\"fas fa-plus\"><\/i><\/span>\n\t\t\t\t\t\t\t\t<span class=\"elementor-accordion-icon-opened\"><i class=\"fas fa-minus\"><\/i><\/span>\n\t\t\t\t\t\t\t\t\t\t\t\t\t\t<\/span>\n\t\t\t\t\t\t\t\t\t\t\t\t<a class=\"elementor-accordion-title\" tabindex=\"0\">Modalit\u00e0 del trattamento<\/a>\n\t\t\t\t\t<\/div>\n\t\t\t\t\t<div id=\"elementor-tab-content-1401\" class=\"elementor-tab-content elementor-clearfix\" data-tab=\"1\" role=\"region\" aria-labelledby=\"elementor-tab-title-1401\"><p>Il trattamento dei dati \u00e8 improntato ai principi di correttezza, liceit\u00e0, trasparenza e minimizzazione dei dati. \u00c8 effettuato sia manualmente che attraverso modalit\u00e0 automatizzate atte a memorizzarli, elaborarli e trasmetterli ed avverr\u00e0 mediante misure tecniche e organizzative adeguate, per quanto di ragione e allo stato della tecnica, a garantire, fra l\u2019altro, la sicurezza, la riservatezza, l\u2019integrit\u00e0, la disponibilit\u00e0 e la resilienza dei sistemi e dei servizi, evitando il rischio di perdita, distruzione, accesso o divulgazione non autorizzati o, comunque, uso illecito, nonch\u00e9 mediante misure ragionevoli per cancellare o rettificare tempestivamente i dati inesatti rispetto alle finalit\u00e0 per le quali sono trattati.<\/p><\/div>\n\t\t\t\t<\/div>\n\t\t\t\t\t\t\t<div class=\"elementor-accordion-item\">\n\t\t\t\t\t<div id=\"elementor-tab-title-1402\" class=\"elementor-tab-title\" data-tab=\"2\" role=\"button\" aria-controls=\"elementor-tab-content-1402\" aria-expanded=\"false\">\n\t\t\t\t\t\t\t\t\t\t\t\t\t<span class=\"elementor-accordion-icon elementor-accordion-icon-left\" aria-hidden=\"true\">\n\t\t\t\t\t\t\t\t\t\t\t\t\t\t\t<span class=\"elementor-accordion-icon-closed\"><i class=\"fas fa-plus\"><\/i><\/span>\n\t\t\t\t\t\t\t\t<span class=\"elementor-accordion-icon-opened\"><i class=\"fas fa-minus\"><\/i><\/span>\n\t\t\t\t\t\t\t\t\t\t\t\t\t\t<\/span>\n\t\t\t\t\t\t\t\t\t\t\t\t<a class=\"elementor-accordion-title\" tabindex=\"0\">Diritti dell\u2019interessato<\/a>\n\t\t\t\t\t<\/div>\n\t\t\t\t\t<div id=\"elementor-tab-content-1402\" class=\"elementor-tab-content elementor-clearfix\" data-tab=\"2\" role=\"region\" aria-labelledby=\"elementor-tab-title-1402\"><p>Gli interessati possono chiedere ai titolari l\u2019accesso ai dati, la loro cancellazione, la rettifica dei dati inesatti, l\u2019integrazione dei dati incompleti, nonch\u00e9 la limitazione del trattamento dei propri dati.<\/p><p>Gli interessati hanno il diritto di opporsi, in qualsiasi momento, in tutto od in parte, al trattamento dei dati necessari per finalit\u00e0 di marketing diretto o per il perseguimento dell\u2019interesse legittimo dei titolari.<\/p><p>Tali diritti possono essere esercitati tramite posta elettronica al seguente indirizzo e-mail:\u00a0<a href=\"mailto:ch.privacy@gigroup.com\">ch.privacy@gigroup.com<\/a>.<\/p><p>Gli interessati hanno il diritto di proporre reclamo all\u2019Autorit\u00e0 di controllo competente.<\/p><\/div>\n\t\t\t\t<\/div>\n\t\t\t\t\t\t\t<div class=\"elementor-accordion-item\">\n\t\t\t\t\t<div id=\"elementor-tab-title-1403\" class=\"elementor-tab-title\" data-tab=\"3\" role=\"button\" aria-controls=\"elementor-tab-content-1403\" aria-expanded=\"false\">\n\t\t\t\t\t\t\t\t\t\t\t\t\t<span class=\"elementor-accordion-icon elementor-accordion-icon-left\" aria-hidden=\"true\">\n\t\t\t\t\t\t\t\t\t\t\t\t\t\t\t<span class=\"elementor-accordion-icon-closed\"><i class=\"fas fa-plus\"><\/i><\/span>\n\t\t\t\t\t\t\t\t<span class=\"elementor-accordion-icon-opened\"><i class=\"fas fa-minus\"><\/i><\/span>\n\t\t\t\t\t\t\t\t\t\t\t\t\t\t<\/span>\n\t\t\t\t\t\t\t\t\t\t\t\t<a class=\"elementor-accordion-title\" tabindex=\"0\">Revoca del consenso<\/a>\n\t\t\t\t\t<\/div>\n\t\t\t\t\t<div id=\"elementor-tab-content-1403\" class=\"elementor-tab-content elementor-clearfix\" data-tab=\"3\" role=\"region\" aria-labelledby=\"elementor-tab-title-1403\"><p>Gli interessati hanno il diritto di revocare i consensi prestati in qualsiasi momento mediante il proprio account sull\u2019area riservata\u00a0del sito, ovvero inviando una comunicazione e-mail a\u00a0<a href=\"mailto:ch.privacy@gigroup.com\">ch.privacy@gigroup.com<\/a>; la revoca del consenso non pregiudica la liceit\u00e0 dei trattamenti basati sul consenso prestato prima della revoca.<\/p><\/div>\n\t\t\t\t<\/div>\n\t\t\t\t\t\t\t<div class=\"elementor-accordion-item\">\n\t\t\t\t\t<div id=\"elementor-tab-title-1404\" class=\"elementor-tab-title\" data-tab=\"4\" role=\"button\" aria-controls=\"elementor-tab-content-1404\" aria-expanded=\"false\">\n\t\t\t\t\t\t\t\t\t\t\t\t\t<span class=\"elementor-accordion-icon elementor-accordion-icon-left\" aria-hidden=\"true\">\n\t\t\t\t\t\t\t\t\t\t\t\t\t\t\t<span class=\"elementor-accordion-icon-closed\"><i class=\"fas fa-plus\"><\/i><\/span>\n\t\t\t\t\t\t\t\t<span class=\"elementor-accordion-icon-opened\"><i class=\"fas fa-minus\"><\/i><\/span>\n\t\t\t\t\t\t\t\t\t\t\t\t\t\t<\/span>\n\t\t\t\t\t\t\t\t\t\t\t\t<a class=\"elementor-accordion-title\" tabindex=\"0\">Dati raccolti sul nostro sito web<\/a>\n\t\t\t\t\t<\/div>\n\t\t\t\t\t<div id=\"elementor-tab-content-1404\" class=\"elementor-tab-content elementor-clearfix\" data-tab=\"4\" role=\"region\" aria-labelledby=\"elementor-tab-title-1404\"><p>Potremmo raccogliere alcuni dati personali durante la navigazione del sito web, cos\u00ec come i dati inseriti in un modulo specifico (ad esempio, cookie, modulo contatti, ecc.). Fare click sui link sottostanti per leggere ulteriori informazioni su come vengono trattati i dati personali.\u00a0<\/p><\/div>\n\t\t\t\t<\/div>\n\t\t\t\t\t\t\t\t<\/div>\n\t\t\t\t<\/div>\n\t\t\t\t<\/div>\n\t\t\t\t<div class=\"elementor-element elementor-element-cc9912e elementor-widget elementor-widget-text-editor\" data-id=\"cc9912e\" data-element_type=\"widget\" data-widget_type=\"text-editor.default\">\n\t\t\t\t<div class=\"elementor-widget-container\">\n\t\t\t\t\t\t\t<p>Informative Privacy disponibili sul sito internet:<\/p>\t\t\t\t\t\t<\/div>\n\t\t\t\t<\/div>\n\t\t\t\t\t<\/div>\n\t\t<\/div>\n\t\t\t\t\t<\/div>\n\t\t<\/section>\n\t\t\t\t<section class=\"elementor-section elementor-top-section elementor-element elementor-element-dd1a0da elementor-section-boxed elementor-section-height-default elementor-section-height-default\" data-id=\"dd1a0da\" data-element_type=\"section\">\n\t\t\t\t\t\t<div class=\"elementor-container elementor-column-gap-default\">\n\t\t\t\t\t<div class=\"elementor-column elementor-col-50 elementor-top-column elementor-element elementor-element-80d4a48\" data-id=\"80d4a48\" data-element_type=\"column\">\n\t\t\t<div class=\"elementor-widget-wrap elementor-element-populated\">\n\t\t\t\t\t\t<div class=\"elementor-element elementor-element-545eafe elementor-widget elementor-widget-button\" data-id=\"545eafe\" data-element_type=\"widget\" data-widget_type=\"button.default\">\n\t\t\t\t<div class=\"elementor-widget-container\">\n\t\t\t\t\t\t\t<div class=\"elementor-button-wrapper\">\n\t\t\t\t\t<a class=\"elementor-button elementor-button-link elementor-size-sm\" href=\"\/switzerland\/it\/cookie-policy\/\">\n\t\t\t\t\t\t<span class=\"elementor-button-content-wrapper\">\n\t\t\t\t\t\t\t\t\t<span class=\"elementor-button-text\">Leggi la cookie policy<\/span>\n\t\t\t\t\t<\/span>\n\t\t\t\t\t<\/a>\n\t\t\t\t<\/div>\n\t\t\t\t\t\t<\/div>\n\t\t\t\t<\/div>\n\t\t\t\t<div class=\"elementor-element elementor-element-c141e98 elementor-widget elementor-widget-button\" data-id=\"c141e98\" data-element_type=\"widget\" data-widget_type=\"button.default\">\n\t\t\t\t<div class=\"elementor-widget-container\">\n\t\t\t\t\t\t\t<div class=\"elementor-button-wrapper\">\n\t\t\t\t\t<a class=\"elementor-button elementor-button-link elementor-size-sm\" href=\"\/switzerland\/it\/privacy-policy-candidati\/\">\n\t\t\t\t\t\t<span class=\"elementor-button-content-wrapper\">\n\t\t\t\t\t\t\t\t\t<span class=\"elementor-button-text\">Leggi la privacy policy dei candidati<\/span>\n\t\t\t\t\t<\/span>\n\t\t\t\t\t<\/a>\n\t\t\t\t<\/div>\n\t\t\t\t\t\t<\/div>\n\t\t\t\t<\/div>\n\t\t\t\t\t<\/div>\n\t\t<\/div>\n\t\t\t\t<div class=\"elementor-column elementor-col-50 elementor-top-column elementor-element elementor-element-ec0a3d6\" data-id=\"ec0a3d6\" data-element_type=\"column\">\n\t\t\t<div class=\"elementor-widget-wrap\">\n\t\t\t\t\t\t\t<\/div>\n\t\t<\/div>\n\t\t\t\t\t<\/div>\n\t\t<\/section>\n\t\t\t\t<\/div>\n\t\t","protected":false},"excerpt":{"rendered":"<p>Privacy Policy Titolare del trattamento dei dati personali Gi Group SA, con sede in Manno, via Cantonale 2B, in persona del Legale Rappresentante. Modalit\u00e0 del trattamento Il trattamento dei dati \u00e8 improntato ai principi di correttezza, liceit\u00e0, trasparenza e minimizzazione dei dati. \u00c8 effettuato sia manualmente che attraverso modalit\u00e0 automatizzate atte a memorizzarli, elaborarli e [&hellip;]<\/p>\n","protected":false},"author":1,"featured_media":0,"parent":0,"menu_order":11,"comment_status":"closed","ping_status":"closed","template":"","meta":{"_acf_changed":false,"footnotes":"","_links_to":"","_links_to_target":""},"class_list":["post-10125","page","type-page","status-publish","hentry"],"acf":[],"yoast_head":"<!-- This site is optimized with the Yoast SEO plugin v23.9 - https:\/\/yoast.com\/wordpress\/plugins\/seo\/ -->\n<title>Privacy Policy - Gi Group Holding Switzerland<\/title>\n<meta name=\"robots\" content=\"index, follow, max-snippet:-1, max-image-preview:large, max-video-preview:-1\" \/>\n<link rel=\"canonical\" href=\"https:\/\/www.gigroupholding.com\/switzerland\/privacy-policy\/\" \/>\n<meta property=\"og:locale\" content=\"it_IT\" \/>\n<meta property=\"og:type\" content=\"article\" \/>\n<meta property=\"og:title\" content=\"Privacy Policy - Gi Group Holding Switzerland\" \/>\n<meta property=\"og:description\" content=\"Privacy Policy Titolare del trattamento dei dati personali Gi Group SA, con sede in Manno, via Cantonale 2B, in persona del Legale Rappresentante. Modalit\u00e0 del trattamento Il trattamento dei dati \u00e8 improntato ai principi di correttezza, liceit\u00e0, trasparenza e minimizzazione dei dati. \u00c8 effettuato sia manualmente che attraverso modalit\u00e0 automatizzate atte a memorizzarli, elaborarli e [&hellip;]\" \/>\n<meta property=\"og:url\" content=\"https:\/\/www.gigroupholding.com\/switzerland\/privacy-policy\/\" \/>\n<meta property=\"og:site_name\" content=\"Gi Group Holding Switzerland\" \/>\n<meta property=\"article:modified_time\" content=\"2023-05-11T14:08:55+00:00\" \/>\n<meta name=\"twitter:card\" content=\"summary_large_image\" \/>\n<meta name=\"twitter:title\" content=\"Privacy Policy - Gi Group Holding Switzerland\" \/>\n<meta name=\"twitter:label1\" content=\"Tempo di lettura stimato\" \/>\n\t<meta name=\"twitter:data1\" content=\"2 minuti\" \/>\n<script type=\"application\/ld+json\" class=\"yoast-schema-graph\">{\"@context\":\"https:\/\/schema.org\",\"@graph\":[{\"@type\":\"WebPage\",\"@id\":\"https:\/\/www.gigroupholding.com\/switzerland\/privacy-policy\/\",\"url\":\"https:\/\/www.gigroupholding.com\/switzerland\/privacy-policy\/\",\"name\":\"Privacy Policy - Gi Group Holding Switzerland\",\"isPartOf\":{\"@id\":\"https:\/\/www.gigroupholding.com\/switzerland\/#website\"},\"datePublished\":\"2022-01-25T11:06:47+00:00\",\"dateModified\":\"2023-05-11T14:08:55+00:00\",\"inLanguage\":\"it-IT\",\"potentialAction\":[{\"@type\":\"ReadAction\",\"target\":[\"https:\/\/www.gigroupholding.com\/switzerland\/privacy-policy\/\"]}]},{\"@type\":\"WebSite\",\"@id\":\"https:\/\/www.gigroupholding.com\/switzerland\/#website\",\"url\":\"https:\/\/www.gigroupholding.com\/switzerland\/\",\"name\":\"Gi Group Holding Switzerland\",\"description\":\"\",\"potentialAction\":[{\"@type\":\"SearchAction\",\"target\":{\"@type\":\"EntryPoint\",\"urlTemplate\":\"https:\/\/www.gigroupholding.com\/switzerland\/?s={search_term_string}\"},\"query-input\":{\"@type\":\"PropertyValueSpecification\",\"valueRequired\":true,\"valueName\":\"search_term_string\"}}],\"inLanguage\":\"it-IT\"}]}<\/script>\n<!-- \/ Yoast SEO plugin. -->","yoast_head_json":{"title":"Privacy Policy - Gi Group Holding Switzerland","robots":{"index":"index","follow":"follow","max-snippet":"max-snippet:-1","max-image-preview":"max-image-preview:large","max-video-preview":"max-video-preview:-1"},"canonical":"https:\/\/www.gigroupholding.com\/switzerland\/privacy-policy\/","og_locale":"it_IT","og_type":"article","og_title":"Privacy Policy - Gi Group Holding Switzerland","og_description":"Privacy Policy Titolare del trattamento dei dati personali Gi Group SA, con sede in Manno, via Cantonale 2B, in persona del Legale Rappresentante. Modalit\u00e0 del trattamento Il trattamento dei dati \u00e8 improntato ai principi di correttezza, liceit\u00e0, trasparenza e minimizzazione dei dati. \u00c8 effettuato sia manualmente che attraverso modalit\u00e0 automatizzate atte a memorizzarli, elaborarli e [&hellip;]","og_url":"https:\/\/www.gigroupholding.com\/switzerland\/privacy-policy\/","og_site_name":"Gi Group Holding Switzerland","article_modified_time":"2023-05-11T14:08:55+00:00","twitter_card":"summary_large_image","twitter_title":"Privacy Policy - Gi Group Holding Switzerland","twitter_misc":{"Tempo di lettura stimato":"2 minuti"},"schema":{"@context":"https:\/\/schema.org","@graph":[{"@type":"WebPage","@id":"https:\/\/www.gigroupholding.com\/switzerland\/privacy-policy\/","url":"https:\/\/www.gigroupholding.com\/switzerland\/privacy-policy\/","name":"Privacy Policy - Gi Group Holding Switzerland","isPartOf":{"@id":"https:\/\/www.gigroupholding.com\/switzerland\/#website"},"datePublished":"2022-01-25T11:06:47+00:00","dateModified":"2023-05-11T14:08:55+00:00","inLanguage":"it-IT","potentialAction":[{"@type":"ReadAction","target":["https:\/\/www.gigroupholding.com\/switzerland\/privacy-policy\/"]}]},{"@type":"WebSite","@id":"https:\/\/www.gigroupholding.com\/switzerland\/#website","url":"https:\/\/www.gigroupholding.com\/switzerland\/","name":"Gi Group Holding Switzerland","description":"","potentialAction":[{"@type":"SearchAction","target":{"@type":"EntryPoint","urlTemplate":"https:\/\/www.gigroupholding.com\/switzerland\/?s={search_term_string}"},"query-input":{"@type":"PropertyValueSpecification","valueRequired":true,"valueName":"search_term_string"}}],"inLanguage":"it-IT"}]}},"_links":{"self":[{"href":"https:\/\/www.gigroupholding.com\/switzerland\/it\/wp-json\/wp\/v2\/pages\/10125","targetHints":{"allow":["GET"]}}],"collection":[{"href":"https:\/\/www.gigroupholding.com\/switzerland\/it\/wp-json\/wp\/v2\/pages"}],"about":[{"href":"https:\/\/www.gigroupholding.com\/switzerland\/it\/wp-json\/wp\/v2\/types\/page"}],"author":[{"embeddable":true,"href":"https:\/\/www.gigroupholding.com\/switzerland\/it\/wp-json\/wp\/v2\/users\/1"}],"replies":[{"embeddable":true,"href":"https:\/\/www.gigroupholding.com\/switzerland\/it\/wp-json\/wp\/v2\/comments?post=10125"}],"version-history":[{"count":23,"href":"https:\/\/www.gigroupholding.com\/switzerland\/it\/wp-json\/wp\/v2\/pages\/10125\/revisions"}],"predecessor-version":[{"id":11665,"href":"https:\/\/www.gigroupholding.com\/switzerland\/it\/wp-json\/wp\/v2\/pages\/10125\/revisions\/11665"}],"wp:attachment":[{"href":"https:\/\/www.gigroupholding.com\/switzerland\/it\/wp-json\/wp\/v2\/media?parent=10125"}],"curies":[{"name":"wp","href":"https:\/\/api.w.org\/{rel}","templated":true}]}}