{"id":10074,"date":"2022-03-10T11:31:52","date_gmt":"2022-03-10T10:31:52","guid":{"rendered":"https:\/\/www.gigroupholding.com\/switzerland\/cookie-policy\/"},"modified":"2023-04-26T19:17:48","modified_gmt":"2023-04-26T17:17:48","slug":"cookie-policy","status":"publish","type":"page","link":"https:\/\/www.gigroupholding.com\/switzerland\/it\/cookie-policy\/","title":{"rendered":"Cookie Policy"},"content":{"rendered":"\t\t<div data-elementor-type=\"wp-page\" data-elementor-id=\"10074\" class=\"elementor elementor-10074 elementor-7487\" data-elementor-post-type=\"page\">\n\t\t\t\t\t\t<section class=\"elementor-section elementor-top-section elementor-element elementor-element-79dd6b4 header_line_left elementor-section-boxed elementor-section-height-default elementor-section-height-default\" data-id=\"79dd6b4\" data-element_type=\"section\" data-settings=\"{&quot;background_background&quot;:&quot;classic&quot;}\">\n\t\t\t\t\t\t<div class=\"elementor-container elementor-column-gap-default\">\n\t\t\t\t\t<div class=\"elementor-column elementor-col-100 elementor-top-column elementor-element elementor-element-ec9a950\" data-id=\"ec9a950\" data-element_type=\"column\">\n\t\t\t<div class=\"elementor-widget-wrap elementor-element-populated\">\n\t\t\t\t\t\t<div class=\"elementor-element elementor-element-cb3476b elementor-widget elementor-widget-heading\" data-id=\"cb3476b\" data-element_type=\"widget\" data-widget_type=\"heading.default\">\n\t\t\t\t<div class=\"elementor-widget-container\">\n\t\t\t<h1 class=\"elementor-heading-title elementor-size-default\">Cookie Policy\n<\/h1>\t\t<\/div>\n\t\t\t\t<\/div>\n\t\t\t\t<div class=\"elementor-element elementor-element-6df0029 elementor-widget elementor-widget-spacer\" data-id=\"6df0029\" data-element_type=\"widget\" data-widget_type=\"spacer.default\">\n\t\t\t\t<div class=\"elementor-widget-container\">\n\t\t\t\t\t<div class=\"elementor-spacer\">\n\t\t\t<div class=\"elementor-spacer-inner\"><\/div>\n\t\t<\/div>\n\t\t\t\t<\/div>\n\t\t\t\t<\/div>\n\t\t\t\t\t<\/div>\n\t\t<\/div>\n\t\t\t\t\t<\/div>\n\t\t<\/section>\n\t\t\t\t<section class=\"elementor-section elementor-top-section elementor-element elementor-element-4552faf elementor-section-boxed elementor-section-height-default elementor-section-height-default\" data-id=\"4552faf\" data-element_type=\"section\">\n\t\t\t\t\t\t<div class=\"elementor-container elementor-column-gap-default\">\n\t\t\t\t\t<div class=\"elementor-column elementor-col-100 elementor-top-column elementor-element elementor-element-0441aa2 max-width-940\" data-id=\"0441aa2\" data-element_type=\"column\">\n\t\t\t<div class=\"elementor-widget-wrap elementor-element-populated\">\n\t\t\t\t\t\t<div class=\"elementor-element elementor-element-c79e6f0 elementor-widget elementor-widget-text-editor\" data-id=\"c79e6f0\" data-element_type=\"widget\" data-widget_type=\"text-editor.default\">\n\t\t\t\t<div class=\"elementor-widget-container\">\n\t\t\t\t\t\t\t<p>Come previsto dalla normativa vigente in materia di trattamento dei dati personali, si forniscono all\u2019utente (di seguito anche \u201cInteressato\u201d) le informazioni relative ai c.d. cookie.<\/p>\n<p><\/p>\n<p><strong>&nbsp;<\/strong><\/p>\n<p><b>Titolare del trattamento e dati di contatto<\/b><\/p>\n<p>Il sito Gi Group Holding Switzerland (di seguito il \u201cSito\u201d) utilizza cookie. I dati raccolti utilizzando i cookie sono trattati da Gi Group SA (\u201cSociet\u00e0\u201d) con sede in via Cantonale 2B, 6928 Manno, in persona del Legale Rappresentante (numero di telefono +41 91 210 37 37, indirizzo e-mail ch.privacy@gigroup.com.<\/p>\n<p><strong style=\"color: var( --e-global-color-text );\">&nbsp;<\/strong><\/p>\n<p><b>Dati personali trattati<\/b><\/p>\n<p>Il sito tratta dati di navigazione. A titolo esemplificativo, in questa categoria di dati rientrano: gli indirizzi IP o i nomi dei computer utilizzati dagli utenti che si connettono al Sito, gli indirizzi in notazione URI (Uniform Resource Identifier) delle risorse richieste, l\u2019orario delle richieste, il metodo utilizzato nel sottoporre le richieste al server, la dimensione del file ottenuto in risposta, il codice numerico indicante lo stato della risposta fornita dal server (buon fine, errore, ecc.) ed altri parametri relativi al sistema operativo e all\u2019ambiente informatico dell\u2019utente.<\/p>\n<p><strong>&nbsp;<\/strong><\/p>\n<p><b>Cosa sono i cookie?<\/b><\/p>\n<p>I cookie sono stringhe di testo di piccole dimensioni. Essi sono creati da un server e memorizzati sull\u2019hard disk del computer o su qualsiasi altro dispositivo utilizzato dall\u2019utente per accedere a un sito web (smartphone, tablet, etc.) per poi essere ritrasmessi al predetto sito alla successiva visita dell\u2019utente.<\/p>\n<p>I cookie permettono, ad esempio, di attivare funzionalit\u00e0 e personalizzazioni volte a facilitare l\u2019interazione dell\u2019utente con un sito web, tenendo traccia degli articoli in un carrello degli acquisti o delle informazioni per la compilazione di un modulo informatico.<\/p>\n<p>Con riguardo alla durata, i cookie sono classificabili come cookie di sessione e cookie persistenti.<\/p>\n<p>I cookie di sessione svaniscono con la chiusura del browser o hanno una durata limitata.<\/p>\n<p>I cookie persistenti sono memorizzati in modo permanente sul computer o altro dispositivo dell\u2019utente e hanno una durata variabile.<\/p>\n<p>I cookie che scadono alla fine di una sessione (normalmente quando un utente chiude il proprio browser) sono utili, ad esempio, per scopi di sicurezza, come quando l\u2019utente accede alla propria casella di posta elettronica o ad un\u2019area riservata di un sito. Invece, i cookie che vengono memorizzati per un periodo di tempo pi\u00f9 esteso (tra una sessione e l\u2019altra) servono, ad esempio, per ricordare le preferenze degli utenti (come la lingua di navigazione sul sito) o per proporre pubblicit\u00e0 mirata.<\/p>\n<p>Con riferimento alla provenienza, i cookie sono classificabili come cookie di prima parte o cookie di terze parti. I cookie di prima parte sono installati direttamente dal sito web che l\u2019utente sta visitando, mentre i cookie di terze parti sono installati da un dominio differente da quello che l\u2019utente sta visitando, ad esempio, nel caso in cui il sito web incorpori elementi provenienti da altri siti, come immagini o plugin di social media.<\/p>\n<p>In base alla finalit\u00e0, i cookie sono classificabili come cookie tecnici, analitici e di profilazione.<\/p>\n<p>I cookie tecnici sono necessari al corretto funzionamento di un sito web, perch\u00e9 abilitano funzioni per consentire, rendere sicura e facilitare la navigazione dell\u2019utente che, per esempio, potr\u00e0 selezionare la lingua con cui desidera navigare su un sito web senza doverla impostare ogni volta oppure potr\u00e0 accedere al proprio profilo senza dover eseguire ogni volta il login. Rientrano in questa categoria i cookie strettamente necessari ed i cookie funzionali.<\/p>\n<p>I cookie analitici, che possono essere di prima o di terza parte, sono installati per raccogliere informazioni sull\u2019uso di un sito web. In particolare, sono utili per analizzare statisticamente gli accessi o le visite ad un sito web e per consentire al titolare di migliorarne la struttura, le logiche di navigazione e i contenuti.<\/p>\n<p>I cookie di profilazione, che possono essere di prima o di terza parte, servono a tracciare la navigazione dell\u2019utente, analizzare il suo comportamento ai fini marketing e creare profili in merito ai suoi gusti, abitudini, scelte etc. In questo modo \u00e8 possibile, ad esempio, veicolare messaggi pubblicitari mirati in relazione agli interessi dell\u2019utente ed in linea con le preferenze da questi manifestate nella navigazione online. Rientrano in questa categoria i cookie di pubblicit\u00e0 mirata ed i cookie social.<\/p>\n<div>&nbsp;<\/div>\n<p><\/p>\n<p><b>Quali cookie utilizza questo Sito e per quali Finalit\u00e0?<\/b><\/p>\n<p>Con riferimento alla provenienza, si informa l\u2019utente che il Sito utilizza cookie di prima parte e di terze parti.<\/p>\n<p>L\u2019utilizzo dei cookie di terze parti \u00e8 disciplinato dalle regole predisposte dalle terze parti medesime, pertanto si invita l\u2019utente a prendere visione delle informative sul trattamento dei dati personali delle terze parti indicate nelle tabelle illustrative dei cookie utilizzati dal Sito.<\/p>\n<p>Con riguardo alla durata, il Sito utilizza sia cookie di sessione che cookie persistenti.<\/p>\n<p>Infine, per quanto attiene alle finalit\u00e0 perseguite, il Sito utilizza cookie tecnici, analitici e di profilazione.<\/p>\n<p>Di seguito, sono riportati, per ciascuna tipologia di cookie, il nome, se di prima o di terza parte, la finalit\u00e0 di utilizzo e la durata.<\/p>\n<p><\/p>\n<p>&lt;!&#8211; OneTrust Cookies List start &#8211;&gt;<\/p>\n<p>&lt;div id=&#8221;ot-sdk-cookie-policy&#8221;&gt;&lt;\/div&gt;<\/p>\n<p>&lt;!&#8211; OneTrust Cookies List end &#8211;&gt;&nbsp;<\/p>\n<p><\/p>\n<p>Con riferimento ai cookie analitici, il Sito utilizza Google Analytics per raccogliere informazioni in forma aggregata sul numero di utenti che visitano il Sito e sulle modalit\u00e0 di fruizione dello stesso, al fine di elaborare statistiche generali sul servizio e sul suo utilizzo, senza possibilit\u00e0 di risalire all\u2019identificazione del singolo utente. Le impostazioni di Google Analytics prevedono la condivisione dei dati con Google al fine di utilizzare i seguenti servizi: i) Benchmarking, ossia la partecipazione alla raccolta di dati anonimi che aiutano a comprendere meglio l\u2019andamento dei dati; ii) Assistenza tecnica, per consentire a Google di fornire assistenza e iii) Esperti dell\u2019account, al fine di consentire ad esperti marketing di Google di fornire suggerimenti per migliorare la configurazione e l\u2019analisi.<\/p>\n<p>Per maggiori dettagli e informazioni \u00e8 possibile visitare la pagina del fornitore&nbsp;<a href=\"https:\/\/support.google.com\/analytics\/answer\/1011397#zippy=%2Cin-this-article\" target=\"_blank\" rel=\"noopener\">qui<\/a>.<\/p>\n<p>L\u2019utente pu\u00f2 disabilitare i cookie di Google Analytics scaricando uno specifico plug-in del browser reperibile&nbsp;<a href=\"https:\/\/tools.google.com\/dlpage\/gaoptout\" target=\"_blank\" rel=\"noopener\">qui<\/a>.<\/p>\n<div>&nbsp;<\/div>\n<p><\/p>\n<p><b>Come si gestiscono le preferenze sui cookie?<\/b><\/p>\n<p>Al momento del primo accesso ad una qualunque pagina del Sito, \u00e8 presente un banner che contiene un\u2019informativa breve e il pannello di gestione delle preferenze per i cookie. L\u2019utente ha la possibilit\u00e0 di selezionare e deselezionare i cookie raggruppati per categorie omogenee. Il consenso all\u2019uso dei cookie \u00e8 registrato con un apposito \u201ccookie tecnico\u201d. La chiusura del banner mediante selezione di un tasto contraddistinto da una X, posizionato all\u2019interno del banner in alto a destra, comporta il permanere delle impostazioni di default e dunque la continuazione della navigazione in assenza di cookie diversi da quelli tecnici strettamente necessari. \u00c8 anche disponibile un apposito comando attraverso il quale l\u2019utente pu\u00f2 esprimere il proprio consenso accettando il posizionamento di tutti i cookie.<\/p>\n<p>Ad ogni modo, \u00e8 possibile modificare in maniera agevole in qualunque momento le scelte relative ai cookie utilizzati dal Sito, cliccando sul pulsante che appare su ogni pagina del Sito in basso a sinistra.<\/p>\n<p>L\u2019utente pu\u00f2 comunque manifestare le proprie preferenze sui cookie anche attraverso le impostazioni del browser utilizzato. La maggior parte dei browser accetta automaticamente in modo predefinito i cookie, tuttavia, se si impostano in modo appropriato le preferenze del browser, \u00e8 possibile rifiutarli oppure accettarli in modo selettivo (di seguito si riportano le modalit\u00e0 offerte dai principali browser: Chrome, Firefox, Safari, Opera, Edge, Internet Explorer)<\/p>\n<p>La disabilitazione o il blocco dei cookie o la loro cancellazione potrebbe compromettere la fruizione ottimale di alcune aree del Sito o impedire alcune funzionalit\u00e0, nonch\u00e9 influire sul funzionamento dei servizi delle terze parti.<\/p>\n<p>Per informazioni relative all\u2019utilizzo di cookie da parte di Facebook, Instagram, YouTube, Twitter e LinkedIn si invita a consultare rispettivamente il sito Facebook, Instagram, Google, Twitter e LinkedIn.<\/p>\n<p>Per tenere sotto controllo la raccolta di dati ai fini di analisi effettuata da cookie analytics di Google, l\u2019utente \u00e8 invitato a visitare la pagina del Componente aggiuntivo del browser per la disattivazione di Google Analytics ove, qualora lo desideri, pu\u00f2 procedere alla disabilitazione di tali cookie, scaricando lo specifico plug-in del browser ivi reperibile.<\/p>\n<p>La societ\u00e0 utilizza sul proprio sito ReCaptcha per verificare se l\u2019inserimento dei dati (ad esempio in un modulo per i contatti o per la registrazione) viene fatto da una persona o da un programma automatizzato al fine di evitare l\u2019utilizzo improprio dei servizi erogati. L\u2019utilizzo di ReCaptcha \u00e8 soggetto alla Privacy Policy e Termini del Servizio di Google.<\/p>\n<p><strong style=\"color: var( --e-global-color-text );\">&nbsp;<\/strong><\/p>\n<p><b>L\u2019accettazione dei cookie \u00e8 obbligatoria?<\/b><\/p>\n<p>I cookie tecnici strettamente necessari servono per garantire la corretta navigazione all\u2019interno del Sito e fornire il servizio richiesto dall\u2019utente, dunque per la loro installazione non viene richiesto il preventivo consenso dell\u2019utente, come indicato nel relativo paragrafo.&nbsp;<\/p>\n<p>Per quanto riguarda le restanti tipologie di cookie, queste sono installate solo previa acquisizione del consenso dell\u2019utente. Tale consenso \u00e8 facoltativo. La negazione del consenso pu\u00f2 tuttavia comportare il non corretto funzionamento di parti del Sito.<\/p>\n<div>&nbsp;<\/div>\n<p><\/p>\n<p><b>Soggetti autorizzati al trattamento<\/b><\/p>\n<p>I dati potranno essere trattati dai dipendenti delle funzioni aziendali deputate al perseguimento delle finalit\u00e0 sopra indicate, che sono stati espressamente autorizzati al trattamento e che hanno ricevuto adeguate istruzioni operative.<\/p>\n<p><\/p>\n<p><b>Destinatari dei dati<\/b><\/p>\n<p>I dati dell\u2019utente possono essere trattati da soggetti esterni operanti in qualit\u00e0 di titolari quali, a titolo esemplificativo, autorit\u00e0 ed organi di vigilanza e controllo ed in generale da soggetti, anche privati, legittimati a richiedere i dati, Pubbliche Autorit\u00e0 che ne facciano espressa richiesta al Titolare per finalit\u00e0 amministrative o istituzionali, secondo quanto disposto dalla normativa vigente, nonch\u00e9 persone, societ\u00e0, associazioni o studi professionali che prestino attivit\u00e0 di assistenza e consulenza.<\/p>\n<p>I dati possono altres\u00ec essere trattati, per conto del Titolare, da soggetti esterni designati come responsabili, a cui sono impartite adeguate istruzioni operative. Tali soggetti sono ricompresi nelle seguenti categorie:<\/p>\n<ul>\n<li><span style=\"color: var( --e-global-color-text );\">societ\u00e0 che forniscono servizi di postalizzazione delle comunicazioni;<\/span><\/li>\n<li><span style=\"color: var( --e-global-color-text );\">societ\u00e0 che forniscono servizi di manutenzione del sito web e dei sistemi informativi;<\/span><\/li>\n<li><span style=\"color: var( --e-global-color-text );\">societ\u00e0 che offrono supporto nella realizzazione di iniziative di marketing e di studi di mercato.<\/span><\/li>\n<\/ul>\n<p>I dati potranno essere trasferiti a societ\u00e0 che non hanno sede in Svizzera o in uno Stato membro dell&#8217;UE, ossia in paesi che non godono quindi dello stesso livello di protezione standardizzato all&#8217;interno dello SEE. Per tale ragione Gi Group ha previsto misure idonee a garantire che le societ\u00e0 che non hanno sede in Svizzera o nello SEE e che trattano i vostri dati personali forniscano una protezione adeguata per questo trattamento.<\/p>\n<div>&nbsp;<\/div>\n<p><\/p>\n<p><b>Diritti dell\u2019interessato<\/b><br><\/p>\n<p>Gli interessati possono richiedere l\u2019accesso ai dati che li riguardano, la loro rettifica o la loro cancellazione, nonch\u00e9 la limitazione del trattamento, l\u2019opposizione al trattamento e la portabilit\u00e0 dei dati contattando il Titolare del trattamento via posta ordinaria oppure inviando un\u2019e-mail a: ch.privacy@gigroup.com.<\/p><p>Gli interessati possono proporre reclamo all&#8217;Autorit\u00e0 di controllo competente, nonch\u00e9 esercitare gli altri diritti riconosciuti dalla disciplina applicabile.<\/p><div><br><\/div>\n<p><\/p>\n<p>Ultimo aggiornamento: Marzo 2022<\/p>\n<p><\/p>\t\t\t\t\t\t<\/div>\n\t\t\t\t<\/div>\n\t\t\t\t\t<\/div>\n\t\t<\/div>\n\t\t\t\t\t<\/div>\n\t\t<\/section>\n\t\t\t\t<\/div>\n\t\t","protected":false},"excerpt":{"rendered":"<p>Cookie Policy Come previsto dalla normativa vigente in materia di trattamento dei dati personali, si forniscono all\u2019utente (di seguito anche \u201cInteressato\u201d) le informazioni relative ai c.d. cookie. &nbsp; Titolare del trattamento e dati di contatto Il sito Gi Group Holding Switzerland (di seguito il \u201cSito\u201d) utilizza cookie. I dati raccolti utilizzando i cookie sono trattati [&hellip;]<\/p>\n","protected":false},"author":1,"featured_media":0,"parent":0,"menu_order":0,"comment_status":"closed","ping_status":"closed","template":"","meta":{"_acf_changed":false,"footnotes":"","_links_to":"","_links_to_target":""},"class_list":["post-10074","page","type-page","status-publish","hentry"],"acf":[],"yoast_head":"<!-- This site is optimized with the Yoast SEO plugin v23.9 - https:\/\/yoast.com\/wordpress\/plugins\/seo\/ -->\n<title>Cookie Policy - Gi Group Holding Switzerland<\/title>\n<meta name=\"description\" content=\"Come previsto dalla normativa vigente in materia di trattamento dei dati personali, si forniscono all\u2019utente (di seguito anche \u201cInteressato\u201d) le informazioni relative ai c.d. cookie.\" \/>\n<meta name=\"robots\" content=\"index, follow, max-snippet:-1, max-image-preview:large, max-video-preview:-1\" \/>\n<link rel=\"canonical\" href=\"https:\/\/www.gigroupholding.com\/switzerland\/it\/cookie-policy\/\" \/>\n<meta property=\"og:locale\" content=\"it_IT\" \/>\n<meta property=\"og:type\" content=\"article\" \/>\n<meta property=\"og:title\" content=\"Cookie Policy - Gi Group Holding Switzerland\" \/>\n<meta property=\"og:description\" content=\"Come previsto dalla normativa vigente in materia di trattamento dei dati personali, si forniscono all\u2019utente (di seguito anche \u201cInteressato\u201d) le informazioni relative ai c.d. cookie.\" \/>\n<meta property=\"og:url\" content=\"https:\/\/www.gigroupholding.com\/switzerland\/it\/cookie-policy\/\" \/>\n<meta property=\"og:site_name\" content=\"Gi Group Holding Switzerland\" \/>\n<meta property=\"article:modified_time\" content=\"2023-04-26T17:17:48+00:00\" \/>\n<meta name=\"twitter:card\" content=\"summary_large_image\" \/>\n<meta name=\"twitter:title\" content=\"Cookie Policy - Gi Group Holding Switzerland\" \/>\n<meta name=\"twitter:description\" content=\"Come previsto dalla normativa vigente in materia di trattamento dei dati personali, si forniscono all\u2019utente (di seguito anche \u201cInteressato\u201d) le informazioni relative ai c.d. cookie.\" \/>\n<meta name=\"twitter:label1\" content=\"Tempo di lettura stimato\" \/>\n\t<meta name=\"twitter:data1\" content=\"10 minuti\" \/>\n<script type=\"application\/ld+json\" class=\"yoast-schema-graph\">{\"@context\":\"https:\/\/schema.org\",\"@graph\":[{\"@type\":\"WebPage\",\"@id\":\"https:\/\/www.gigroupholding.com\/switzerland\/it\/cookie-policy\/\",\"url\":\"https:\/\/www.gigroupholding.com\/switzerland\/it\/cookie-policy\/\",\"name\":\"Cookie Policy - Gi Group Holding Switzerland\",\"isPartOf\":{\"@id\":\"https:\/\/www.gigroupholding.com\/switzerland\/#website\"},\"datePublished\":\"2022-03-10T10:31:52+00:00\",\"dateModified\":\"2023-04-26T17:17:48+00:00\",\"description\":\"Come previsto dalla normativa vigente in materia di trattamento dei dati personali, si forniscono all\u2019utente (di seguito anche \u201cInteressato\u201d) le informazioni relative ai c.d. cookie.\",\"inLanguage\":\"it-IT\",\"potentialAction\":[{\"@type\":\"ReadAction\",\"target\":[\"https:\/\/www.gigroupholding.com\/switzerland\/it\/cookie-policy\/\"]}]},{\"@type\":\"WebSite\",\"@id\":\"https:\/\/www.gigroupholding.com\/switzerland\/#website\",\"url\":\"https:\/\/www.gigroupholding.com\/switzerland\/\",\"name\":\"Gi Group Holding Switzerland\",\"description\":\"\",\"potentialAction\":[{\"@type\":\"SearchAction\",\"target\":{\"@type\":\"EntryPoint\",\"urlTemplate\":\"https:\/\/www.gigroupholding.com\/switzerland\/?s={search_term_string}\"},\"query-input\":{\"@type\":\"PropertyValueSpecification\",\"valueRequired\":true,\"valueName\":\"search_term_string\"}}],\"inLanguage\":\"it-IT\"}]}<\/script>\n<!-- \/ Yoast SEO plugin. -->","yoast_head_json":{"title":"Cookie Policy - Gi Group Holding Switzerland","description":"Come previsto dalla normativa vigente in materia di trattamento dei dati personali, si forniscono all\u2019utente (di seguito anche \u201cInteressato\u201d) le informazioni relative ai c.d. cookie.","robots":{"index":"index","follow":"follow","max-snippet":"max-snippet:-1","max-image-preview":"max-image-preview:large","max-video-preview":"max-video-preview:-1"},"canonical":"https:\/\/www.gigroupholding.com\/switzerland\/it\/cookie-policy\/","og_locale":"it_IT","og_type":"article","og_title":"Cookie Policy - Gi Group Holding Switzerland","og_description":"Come previsto dalla normativa vigente in materia di trattamento dei dati personali, si forniscono all\u2019utente (di seguito anche \u201cInteressato\u201d) le informazioni relative ai c.d. cookie.","og_url":"https:\/\/www.gigroupholding.com\/switzerland\/it\/cookie-policy\/","og_site_name":"Gi Group Holding Switzerland","article_modified_time":"2023-04-26T17:17:48+00:00","twitter_card":"summary_large_image","twitter_title":"Cookie Policy - Gi Group Holding Switzerland","twitter_description":"Come previsto dalla normativa vigente in materia di trattamento dei dati personali, si forniscono all\u2019utente (di seguito anche \u201cInteressato\u201d) le informazioni relative ai c.d. cookie.","twitter_misc":{"Tempo di lettura stimato":"10 minuti"},"schema":{"@context":"https:\/\/schema.org","@graph":[{"@type":"WebPage","@id":"https:\/\/www.gigroupholding.com\/switzerland\/it\/cookie-policy\/","url":"https:\/\/www.gigroupholding.com\/switzerland\/it\/cookie-policy\/","name":"Cookie Policy - Gi Group Holding Switzerland","isPartOf":{"@id":"https:\/\/www.gigroupholding.com\/switzerland\/#website"},"datePublished":"2022-03-10T10:31:52+00:00","dateModified":"2023-04-26T17:17:48+00:00","description":"Come previsto dalla normativa vigente in materia di trattamento dei dati personali, si forniscono all\u2019utente (di seguito anche \u201cInteressato\u201d) le informazioni relative ai c.d. cookie.","inLanguage":"it-IT","potentialAction":[{"@type":"ReadAction","target":["https:\/\/www.gigroupholding.com\/switzerland\/it\/cookie-policy\/"]}]},{"@type":"WebSite","@id":"https:\/\/www.gigroupholding.com\/switzerland\/#website","url":"https:\/\/www.gigroupholding.com\/switzerland\/","name":"Gi Group Holding Switzerland","description":"","potentialAction":[{"@type":"SearchAction","target":{"@type":"EntryPoint","urlTemplate":"https:\/\/www.gigroupholding.com\/switzerland\/?s={search_term_string}"},"query-input":{"@type":"PropertyValueSpecification","valueRequired":true,"valueName":"search_term_string"}}],"inLanguage":"it-IT"}]}},"_links":{"self":[{"href":"https:\/\/www.gigroupholding.com\/switzerland\/it\/wp-json\/wp\/v2\/pages\/10074","targetHints":{"allow":["GET"]}}],"collection":[{"href":"https:\/\/www.gigroupholding.com\/switzerland\/it\/wp-json\/wp\/v2\/pages"}],"about":[{"href":"https:\/\/www.gigroupholding.com\/switzerland\/it\/wp-json\/wp\/v2\/types\/page"}],"author":[{"embeddable":true,"href":"https:\/\/www.gigroupholding.com\/switzerland\/it\/wp-json\/wp\/v2\/users\/1"}],"replies":[{"embeddable":true,"href":"https:\/\/www.gigroupholding.com\/switzerland\/it\/wp-json\/wp\/v2\/comments?post=10074"}],"version-history":[{"count":8,"href":"https:\/\/www.gigroupholding.com\/switzerland\/it\/wp-json\/wp\/v2\/pages\/10074\/revisions"}],"predecessor-version":[{"id":11468,"href":"https:\/\/www.gigroupholding.com\/switzerland\/it\/wp-json\/wp\/v2\/pages\/10074\/revisions\/11468"}],"wp:attachment":[{"href":"https:\/\/www.gigroupholding.com\/switzerland\/it\/wp-json\/wp\/v2\/media?parent=10074"}],"curies":[{"name":"wp","href":"https:\/\/api.w.org\/{rel}","templated":true}]}}