{"id":11720,"date":"2023-05-11T18:17:04","date_gmt":"2023-05-11T16:17:04","guid":{"rendered":"https:\/\/www.gigroupholding.com\/switzerland\/contact-privacy-policy\/"},"modified":"2023-05-11T18:52:55","modified_gmt":"2023-05-11T16:52:55","slug":"contact-privacy-policy","status":"publish","type":"page","link":"https:\/\/www.gigroupholding.com\/switzerland\/fr\/contact-privacy-policy\/","title":{"rendered":"Contact privacy policy"},"content":{"rendered":"\t\t<div data-elementor-type=\"wp-page\" data-elementor-id=\"11720\" class=\"elementor elementor-11720 elementor-11717\" data-elementor-post-type=\"page\">\n\t\t\t\t\t\t<section class=\"elementor-section elementor-top-section elementor-element elementor-element-b9ce5f6 header_line_left elementor-section-boxed elementor-section-height-default elementor-section-height-default\" data-id=\"b9ce5f6\" data-element_type=\"section\" data-settings=\"{&quot;background_background&quot;:&quot;classic&quot;}\">\n\t\t\t\t\t\t<div class=\"elementor-container elementor-column-gap-default\">\n\t\t\t\t\t<div class=\"elementor-column elementor-col-100 elementor-top-column elementor-element elementor-element-6f5770d\" data-id=\"6f5770d\" data-element_type=\"column\">\n\t\t\t<div class=\"elementor-widget-wrap elementor-element-populated\">\n\t\t\t\t\t\t<div class=\"elementor-element elementor-element-4717b32 elementor-widget elementor-widget-heading\" data-id=\"4717b32\" data-element_type=\"widget\" data-widget_type=\"heading.default\">\n\t\t\t\t<div class=\"elementor-widget-container\">\n\t\t\t<h1 class=\"elementor-heading-title elementor-size-default\">Politique de Confidentialit\u00e9 <br><span class=\"header_span\">Rubrique contact<\/span><\/h1>\t\t<\/div>\n\t\t\t\t<\/div>\n\t\t\t\t<div class=\"elementor-element elementor-element-9c479d6 elementor-widget elementor-widget-spacer\" data-id=\"9c479d6\" data-element_type=\"widget\" data-widget_type=\"spacer.default\">\n\t\t\t\t<div class=\"elementor-widget-container\">\n\t\t\t\t\t<div class=\"elementor-spacer\">\n\t\t\t<div class=\"elementor-spacer-inner\"><\/div>\n\t\t<\/div>\n\t\t\t\t<\/div>\n\t\t\t\t<\/div>\n\t\t\t\t\t<\/div>\n\t\t<\/div>\n\t\t\t\t\t<\/div>\n\t\t<\/section>\n\t\t\t\t<section class=\"elementor-section elementor-top-section elementor-element elementor-element-fc20137 elementor-section-boxed elementor-section-height-default elementor-section-height-default\" data-id=\"fc20137\" data-element_type=\"section\">\n\t\t\t\t\t\t<div class=\"elementor-container elementor-column-gap-default\">\n\t\t\t\t\t<div class=\"elementor-column elementor-col-100 elementor-top-column elementor-element elementor-element-74307aa max-width-940\" data-id=\"74307aa\" data-element_type=\"column\">\n\t\t\t<div class=\"elementor-widget-wrap elementor-element-populated\">\n\t\t\t\t\t\t<div class=\"elementor-element elementor-element-84de441 elementor-widget elementor-widget-text-editor\" data-id=\"84de441\" data-element_type=\"widget\" data-widget_type=\"text-editor.default\">\n\t\t\t\t<div class=\"elementor-widget-container\">\n\t\t\t\t\t\t\t<p><strong>Contr\u00f4leur des donn\u00e9es?<\/strong><\/p><p>Groupe Gi SA<\/p><p>dont le si\u00e8ge social est situ\u00e9 Via Cantonale 2B, 6928 Manno, en la personne de son repr\u00e9sentant l\u00e9gal<\/p><p>num\u00e9ro de t\u00e9l\u00e9phone +41 91 210 37 37, adresse e-mail ch.privacy@gigroup.com (&lsquo;Gi Group&rsquo;)<\/p>\t\t\t\t\t\t<\/div>\n\t\t\t\t<\/div>\n\t\t\t\t<div class=\"elementor-element elementor-element-212cdba elementor-widget elementor-widget-accordion\" data-id=\"212cdba\" data-element_type=\"widget\" data-widget_type=\"accordion.default\">\n\t\t\t\t<div class=\"elementor-widget-container\">\n\t\t\t\t\t<div class=\"elementor-accordion\">\n\t\t\t\t\t\t\t<div class=\"elementor-accordion-item\">\n\t\t\t\t\t<div id=\"elementor-tab-title-3471\" class=\"elementor-tab-title\" data-tab=\"1\" role=\"button\" aria-controls=\"elementor-tab-content-3471\" aria-expanded=\"false\">\n\t\t\t\t\t\t\t\t\t\t\t\t\t<span class=\"elementor-accordion-icon elementor-accordion-icon-left\" aria-hidden=\"true\">\n\t\t\t\t\t\t\t\t\t\t\t\t\t\t\t<span class=\"elementor-accordion-icon-closed\"><i class=\"fas fa-plus\"><\/i><\/span>\n\t\t\t\t\t\t\t\t<span class=\"elementor-accordion-icon-opened\"><i class=\"fas fa-minus\"><\/i><\/span>\n\t\t\t\t\t\t\t\t\t\t\t\t\t\t<\/span>\n\t\t\t\t\t\t\t\t\t\t\t\t<a class=\"elementor-accordion-title\" tabindex=\"0\">Pourquoi vos donn\u00e9es personnelles sont-elles trait\u00e9es et quelle est la condition qui rend le traitement l\u00e9gal?<\/a>\n\t\t\t\t\t<\/div>\n\t\t\t\t\t<div id=\"elementor-tab-content-3471\" class=\"elementor-tab-content elementor-clearfix\" data-tab=\"1\" role=\"region\" aria-labelledby=\"elementor-tab-title-3471\"><p>Les donn\u00e9es personnelles sont trait\u00e9es afin de traiter les demandes d&rsquo;informations sur les services propos\u00e9s par Gi Group ou les soci\u00e9t\u00e9s du Gi Group (\u00ab\u00a0Groupe\u00a0\u00bb). En particulier, si la demande d&rsquo;information concerne des services propos\u00e9s par d&rsquo;autres soci\u00e9t\u00e9s du Groupe, Gi Group peut en accuser r\u00e9ception en indiquant les coordonn\u00e9es ou la transmettre directement \u00e0 la soci\u00e9t\u00e9 concern\u00e9e afin de recevoir une r\u00e9ponse appropri\u00e9e et rapide de sa part.<\/p><p>Le traitement est n\u00e9cessaire \u00e0 l&rsquo;ex\u00e9cution d&rsquo;un contrat auquel la personne concern\u00e9e est partie ou \u00e0 l&rsquo;ex\u00e9cution de mesures pr\u00e9contractuelles prises \u00e0 la demande de la personne concern\u00e9e.<\/p><\/div>\n\t\t\t\t<\/div>\n\t\t\t\t\t\t\t<div class=\"elementor-accordion-item\">\n\t\t\t\t\t<div id=\"elementor-tab-title-3472\" class=\"elementor-tab-title\" data-tab=\"2\" role=\"button\" aria-controls=\"elementor-tab-content-3472\" aria-expanded=\"false\">\n\t\t\t\t\t\t\t\t\t\t\t\t\t<span class=\"elementor-accordion-icon elementor-accordion-icon-left\" aria-hidden=\"true\">\n\t\t\t\t\t\t\t\t\t\t\t\t\t\t\t<span class=\"elementor-accordion-icon-closed\"><i class=\"fas fa-plus\"><\/i><\/span>\n\t\t\t\t\t\t\t\t<span class=\"elementor-accordion-icon-opened\"><i class=\"fas fa-minus\"><\/i><\/span>\n\t\t\t\t\t\t\t\t\t\t\t\t\t\t<\/span>\n\t\t\t\t\t\t\t\t\t\t\t\t<a class=\"elementor-accordion-title\" tabindex=\"0\">Combien de temps conservons-nous vos donn\u00e9es personnelles?<\/a>\n\t\t\t\t\t<\/div>\n\t\t\t\t\t<div id=\"elementor-tab-content-3472\" class=\"elementor-tab-content elementor-clearfix\" data-tab=\"2\" role=\"region\" aria-labelledby=\"elementor-tab-title-3472\"><p>Les donn\u00e9es seront trait\u00e9es aussi longtemps que n\u00e9cessaire pour traiter les demandes d&rsquo;informations.<\/p><p>Apr\u00e8s l&rsquo;expiration des p\u00e9riodes de conservation susmentionn\u00e9es, les donn\u00e9es personnelles seront d\u00e9truites, supprim\u00e9es ou rendues anonymes, sous r\u00e9serve de proc\u00e9dures techniques de suppression et de sauvegarde.<\/p><\/div>\n\t\t\t\t<\/div>\n\t\t\t\t\t\t\t<div class=\"elementor-accordion-item\">\n\t\t\t\t\t<div id=\"elementor-tab-title-3473\" class=\"elementor-tab-title\" data-tab=\"3\" role=\"button\" aria-controls=\"elementor-tab-content-3473\" aria-expanded=\"false\">\n\t\t\t\t\t\t\t\t\t\t\t\t\t<span class=\"elementor-accordion-icon elementor-accordion-icon-left\" aria-hidden=\"true\">\n\t\t\t\t\t\t\t\t\t\t\t\t\t\t\t<span class=\"elementor-accordion-icon-closed\"><i class=\"fas fa-plus\"><\/i><\/span>\n\t\t\t\t\t\t\t\t<span class=\"elementor-accordion-icon-opened\"><i class=\"fas fa-minus\"><\/i><\/span>\n\t\t\t\t\t\t\t\t\t\t\t\t\t\t<\/span>\n\t\t\t\t\t\t\t\t\t\t\t\t<a class=\"elementor-accordion-title\" tabindex=\"0\">Fourniture obligatoire des donn\u00e9es personnelles<\/a>\n\t\t\t\t\t<\/div>\n\t\t\t\t\t<div id=\"elementor-tab-content-3473\" class=\"elementor-tab-content elementor-clearfix\" data-tab=\"3\" role=\"region\" aria-labelledby=\"elementor-tab-title-3473\"><p>La fourniture des donn\u00e9es personnelles marqu\u00e9es d&rsquo;un ast\u00e9risque dans le formulaire de collecte des donn\u00e9es est obligatoire : le refus de fournir ces donn\u00e9es personnelles ne permet pas \u00e0 Gi Group de traiter les demandes d&rsquo;informations.<\/p><\/div>\n\t\t\t\t<\/div>\n\t\t\t\t\t\t\t<div class=\"elementor-accordion-item\">\n\t\t\t\t\t<div id=\"elementor-tab-title-3474\" class=\"elementor-tab-title\" data-tab=\"4\" role=\"button\" aria-controls=\"elementor-tab-content-3474\" aria-expanded=\"false\">\n\t\t\t\t\t\t\t\t\t\t\t\t\t<span class=\"elementor-accordion-icon elementor-accordion-icon-left\" aria-hidden=\"true\">\n\t\t\t\t\t\t\t\t\t\t\t\t\t\t\t<span class=\"elementor-accordion-icon-closed\"><i class=\"fas fa-plus\"><\/i><\/span>\n\t\t\t\t\t\t\t\t<span class=\"elementor-accordion-icon-opened\"><i class=\"fas fa-minus\"><\/i><\/span>\n\t\t\t\t\t\t\t\t\t\t\t\t\t\t<\/span>\n\t\t\t\t\t\t\t\t\t\t\t\t<a class=\"elementor-accordion-title\" tabindex=\"0\">Destinataires des donn\u00e9es<\/a>\n\t\t\t\t\t<\/div>\n\t\t\t\t\t<div id=\"elementor-tab-content-3474\" class=\"elementor-tab-content elementor-clearfix\" data-tab=\"4\" role=\"region\" aria-labelledby=\"elementor-tab-title-3474\"><p>Les donn\u00e9es personnelles ne peuvent \u00eatre trait\u00e9es que par les employ\u00e9s des fonctions de l&rsquo;entreprise autoris\u00e9s \u00e0 les traiter car ils sont responsables de la poursuite des finalit\u00e9s susmentionn\u00e9es, qui ont \u00e9t\u00e9 express\u00e9ment autoris\u00e9s \u00e0 le faire et ont re\u00e7u des instructions op\u00e9rationnelles ad\u00e9quates.<\/p><p>Les donn\u00e9es personnelles peuvent \u00eatre divulgu\u00e9es aux entit\u00e9s ou cat\u00e9gories d&rsquo;entit\u00e9s suivantes agissant en tant que contr\u00f4leurs de donn\u00e9es autonomes\u00a0:<\/p><ul><li>Soci\u00e9t\u00e9s du Groupe en Suisse ou \u00e0 l&rsquo;\u00e9tranger, y compris en dehors de l&rsquo;Espace \u00e9conomique europ\u00e9en, si la demande d&rsquo;information concerne des services propos\u00e9s par d&rsquo;autres soci\u00e9t\u00e9s du Groupe.<\/li><\/ul><p>Les donn\u00e9es personnelles peuvent \u00e9galement \u00eatre trait\u00e9es pour le compte de la Soci\u00e9t\u00e9 par des personnes d\u00e9sign\u00e9es comme sous-traitants. Ces sujets sont inclus dans les cat\u00e9gories suivantes :<\/p><ul><li>Services d&rsquo;exploitation et de maintenance du site ;<\/li><li>Services de gestion et de maintenance de bases de donn\u00e9es clients ;<\/li><li>Services d&rsquo;archivage ;<\/li><li>Services de messagerie de communication ;<\/li><\/ul><p>Vos donn\u00e9es peuvent \u00eatre transf\u00e9r\u00e9es \u00e0 des soci\u00e9t\u00e9s qui ne sont pas bas\u00e9es en Suisse ou dans un \u00c9tat appartenant \u00e0 l&rsquo;Espace \u00e9conomique europ\u00e9en (EEE), c&rsquo;est-\u00e0-dire dans des pays qui ne b\u00e9n\u00e9ficient donc pas du m\u00eame niveau de protection standardis\u00e9 au sein de l&rsquo;EEE. Pour cette raison, Gi Group a mis en place des mesures appropri\u00e9es pour garantir que les soci\u00e9t\u00e9s qui ne sont pas bas\u00e9es en Suisse ou dans l&rsquo;EEE et qui traitent vos donn\u00e9es personnelles offrent une protection ad\u00e9quate pour ce traitement.<\/p><\/div>\n\t\t\t\t<\/div>\n\t\t\t\t\t\t\t<div class=\"elementor-accordion-item\">\n\t\t\t\t\t<div id=\"elementor-tab-title-3475\" class=\"elementor-tab-title\" data-tab=\"5\" role=\"button\" aria-controls=\"elementor-tab-content-3475\" aria-expanded=\"false\">\n\t\t\t\t\t\t\t\t\t\t\t\t\t<span class=\"elementor-accordion-icon elementor-accordion-icon-left\" aria-hidden=\"true\">\n\t\t\t\t\t\t\t\t\t\t\t\t\t\t\t<span class=\"elementor-accordion-icon-closed\"><i class=\"fas fa-plus\"><\/i><\/span>\n\t\t\t\t\t\t\t\t<span class=\"elementor-accordion-icon-opened\"><i class=\"fas fa-minus\"><\/i><\/span>\n\t\t\t\t\t\t\t\t\t\t\t\t\t\t<\/span>\n\t\t\t\t\t\t\t\t\t\t\t\t<a class=\"elementor-accordion-title\" tabindex=\"0\">Droits de la personne concern\u00e9e<\/a>\n\t\t\t\t\t<\/div>\n\t\t\t\t\t<div id=\"elementor-tab-content-3475\" class=\"elementor-tab-content elementor-clearfix\" data-tab=\"5\" role=\"region\" aria-labelledby=\"elementor-tab-title-3475\"><p>Vous pouvez demander l&rsquo;acc\u00e8s aux donn\u00e9es vous concernant, leur rectification ou leur suppression, ainsi que la limitation du traitement, l&rsquo;opposition au traitement et la portabilit\u00e9 des donn\u00e9es en contactant le responsable du traitement par courrier ordinaire ou en envoyant un e-mail \u00e0 : ch.privacy@gigroup .com.<\/p><p>Vous pouvez introduire une r\u00e9clamation aupr\u00e8s de l&rsquo;autorit\u00e9 de contr\u00f4le comp\u00e9tente, ainsi qu&rsquo;exercer tout autre droit qui vous est reconnu par la r\u00e9glementation applicable.<\/p><\/div>\n\t\t\t\t<\/div>\n\t\t\t\t\t\t\t\t<\/div>\n\t\t\t\t<\/div>\n\t\t\t\t<\/div>\n\t\t\t\t\t<\/div>\n\t\t<\/div>\n\t\t\t\t\t<\/div>\n\t\t<\/section>\n\t\t\t\t<\/div>\n\t\t","protected":false},"excerpt":{"rendered":"<p>Politique de Confidentialit\u00e9 Rubrique contact Contr\u00f4leur des donn\u00e9es? Groupe Gi SA dont le si\u00e8ge social est situ\u00e9 Via Cantonale 2B, 6928 Manno, en la personne de son repr\u00e9sentant l\u00e9gal num\u00e9ro de t\u00e9l\u00e9phone +41 91 210 37 37, adresse e-mail ch.privacy@gigroup.com (&lsquo;Gi Group&rsquo;) Pourquoi vos donn\u00e9es personnelles sont-elles trait\u00e9es et quelle est la condition qui rend [&hellip;]<\/p>\n","protected":false},"author":51,"featured_media":0,"parent":0,"menu_order":0,"comment_status":"closed","ping_status":"closed","template":"","meta":{"_acf_changed":false,"footnotes":"","_links_to":"","_links_to_target":""},"class_list":["post-11720","page","type-page","status-publish","hentry"],"acf":[],"yoast_head":"<!-- This site is optimized with the Yoast SEO plugin v23.9 - https:\/\/yoast.com\/wordpress\/plugins\/seo\/ -->\n<title>Contact privacy policy - Gi Group Holding Switzerland<\/title>\n<meta name=\"robots\" content=\"index, follow, max-snippet:-1, max-image-preview:large, max-video-preview:-1\" \/>\n<link rel=\"canonical\" href=\"https:\/\/www.gigroupholding.com\/switzerland\/contact-privacy-policy-2\/\" \/>\n<meta property=\"og:locale\" content=\"fr_FR\" \/>\n<meta property=\"og:type\" content=\"article\" \/>\n<meta property=\"og:title\" content=\"Contact privacy policy - Gi Group Holding Switzerland\" \/>\n<meta property=\"og:description\" content=\"Politique de Confidentialit\u00e9 Rubrique contact Contr\u00f4leur des donn\u00e9es? Groupe Gi SA dont le si\u00e8ge social est situ\u00e9 Via Cantonale 2B, 6928 Manno, en la personne de son repr\u00e9sentant l\u00e9gal num\u00e9ro de t\u00e9l\u00e9phone +41 91 210 37 37, adresse e-mail ch.privacy@gigroup.com (&lsquo;Gi Group&rsquo;) Pourquoi vos donn\u00e9es personnelles sont-elles trait\u00e9es et quelle est la condition qui rend [&hellip;]\" \/>\n<meta property=\"og:url\" content=\"https:\/\/www.gigroupholding.com\/switzerland\/contact-privacy-policy-2\/\" \/>\n<meta property=\"og:site_name\" content=\"Gi Group Holding Switzerland\" \/>\n<meta property=\"article:modified_time\" content=\"2023-05-11T16:52:55+00:00\" \/>\n<meta name=\"twitter:card\" content=\"summary_large_image\" \/>\n<meta name=\"twitter:title\" content=\"Contact privacy policy - Gi Group Holding Switzerland\" \/>\n<meta name=\"twitter:label1\" content=\"Dur\u00e9e de lecture estim\u00e9e\" \/>\n\t<meta name=\"twitter:data1\" content=\"3 minutes\" \/>\n<script type=\"application\/ld+json\" class=\"yoast-schema-graph\">{\"@context\":\"https:\/\/schema.org\",\"@graph\":[{\"@type\":\"WebPage\",\"@id\":\"https:\/\/www.gigroupholding.com\/switzerland\/contact-privacy-policy-2\/\",\"url\":\"https:\/\/www.gigroupholding.com\/switzerland\/contact-privacy-policy-2\/\",\"name\":\"Contact privacy policy - Gi Group Holding Switzerland\",\"isPartOf\":{\"@id\":\"https:\/\/www.gigroupholding.com\/switzerland\/#website\"},\"datePublished\":\"2023-05-11T16:17:04+00:00\",\"dateModified\":\"2023-05-11T16:52:55+00:00\",\"inLanguage\":\"fr-FR\",\"potentialAction\":[{\"@type\":\"ReadAction\",\"target\":[\"https:\/\/www.gigroupholding.com\/switzerland\/contact-privacy-policy-2\/\"]}]},{\"@type\":\"WebSite\",\"@id\":\"https:\/\/www.gigroupholding.com\/switzerland\/#website\",\"url\":\"https:\/\/www.gigroupholding.com\/switzerland\/\",\"name\":\"Gi Group Holding Switzerland\",\"description\":\"\",\"potentialAction\":[{\"@type\":\"SearchAction\",\"target\":{\"@type\":\"EntryPoint\",\"urlTemplate\":\"https:\/\/www.gigroupholding.com\/switzerland\/?s={search_term_string}\"},\"query-input\":{\"@type\":\"PropertyValueSpecification\",\"valueRequired\":true,\"valueName\":\"search_term_string\"}}],\"inLanguage\":\"fr-FR\"}]}<\/script>\n<!-- \/ Yoast SEO plugin. -->","yoast_head_json":{"title":"Contact privacy policy - Gi Group Holding Switzerland","robots":{"index":"index","follow":"follow","max-snippet":"max-snippet:-1","max-image-preview":"max-image-preview:large","max-video-preview":"max-video-preview:-1"},"canonical":"https:\/\/www.gigroupholding.com\/switzerland\/contact-privacy-policy-2\/","og_locale":"fr_FR","og_type":"article","og_title":"Contact privacy policy - Gi Group Holding Switzerland","og_description":"Politique de Confidentialit\u00e9 Rubrique contact Contr\u00f4leur des donn\u00e9es? Groupe Gi SA dont le si\u00e8ge social est situ\u00e9 Via Cantonale 2B, 6928 Manno, en la personne de son repr\u00e9sentant l\u00e9gal num\u00e9ro de t\u00e9l\u00e9phone +41 91 210 37 37, adresse e-mail ch.privacy@gigroup.com (&lsquo;Gi Group&rsquo;) Pourquoi vos donn\u00e9es personnelles sont-elles trait\u00e9es et quelle est la condition qui rend [&hellip;]","og_url":"https:\/\/www.gigroupholding.com\/switzerland\/contact-privacy-policy-2\/","og_site_name":"Gi Group Holding Switzerland","article_modified_time":"2023-05-11T16:52:55+00:00","twitter_card":"summary_large_image","twitter_title":"Contact privacy policy - Gi Group Holding Switzerland","twitter_misc":{"Dur\u00e9e de lecture estim\u00e9e":"3 minutes"},"schema":{"@context":"https:\/\/schema.org","@graph":[{"@type":"WebPage","@id":"https:\/\/www.gigroupholding.com\/switzerland\/contact-privacy-policy-2\/","url":"https:\/\/www.gigroupholding.com\/switzerland\/contact-privacy-policy-2\/","name":"Contact privacy policy - Gi Group Holding Switzerland","isPartOf":{"@id":"https:\/\/www.gigroupholding.com\/switzerland\/#website"},"datePublished":"2023-05-11T16:17:04+00:00","dateModified":"2023-05-11T16:52:55+00:00","inLanguage":"fr-FR","potentialAction":[{"@type":"ReadAction","target":["https:\/\/www.gigroupholding.com\/switzerland\/contact-privacy-policy-2\/"]}]},{"@type":"WebSite","@id":"https:\/\/www.gigroupholding.com\/switzerland\/#website","url":"https:\/\/www.gigroupholding.com\/switzerland\/","name":"Gi Group Holding Switzerland","description":"","potentialAction":[{"@type":"SearchAction","target":{"@type":"EntryPoint","urlTemplate":"https:\/\/www.gigroupholding.com\/switzerland\/?s={search_term_string}"},"query-input":{"@type":"PropertyValueSpecification","valueRequired":true,"valueName":"search_term_string"}}],"inLanguage":"fr-FR"}]}},"_links":{"self":[{"href":"https:\/\/www.gigroupholding.com\/switzerland\/fr\/wp-json\/wp\/v2\/pages\/11720","targetHints":{"allow":["GET"]}}],"collection":[{"href":"https:\/\/www.gigroupholding.com\/switzerland\/fr\/wp-json\/wp\/v2\/pages"}],"about":[{"href":"https:\/\/www.gigroupholding.com\/switzerland\/fr\/wp-json\/wp\/v2\/types\/page"}],"author":[{"embeddable":true,"href":"https:\/\/www.gigroupholding.com\/switzerland\/fr\/wp-json\/wp\/v2\/users\/51"}],"replies":[{"embeddable":true,"href":"https:\/\/www.gigroupholding.com\/switzerland\/fr\/wp-json\/wp\/v2\/comments?post=11720"}],"version-history":[{"count":4,"href":"https:\/\/www.gigroupholding.com\/switzerland\/fr\/wp-json\/wp\/v2\/pages\/11720\/revisions"}],"predecessor-version":[{"id":11738,"href":"https:\/\/www.gigroupholding.com\/switzerland\/fr\/wp-json\/wp\/v2\/pages\/11720\/revisions\/11738"}],"wp:attachment":[{"href":"https:\/\/www.gigroupholding.com\/switzerland\/fr\/wp-json\/wp\/v2\/media?parent=11720"}],"curies":[{"name":"wp","href":"https:\/\/api.w.org\/{rel}","templated":true}]}}