{"id":10123,"date":"2022-01-25T12:06:47","date_gmt":"2022-01-25T11:06:47","guid":{"rendered":"https:\/\/www.gigroupholding.com\/switzerland\/privacy-policy\/"},"modified":"2023-04-29T13:00:09","modified_gmt":"2023-04-29T11:00:09","slug":"privacy-policy","status":"publish","type":"page","link":"https:\/\/www.gigroupholding.com\/switzerland\/fr\/privacy-policy\/","title":{"rendered":"Privacy Policy"},"content":{"rendered":"\t\t<div data-elementor-type=\"wp-page\" data-elementor-id=\"10123\" class=\"elementor elementor-10123\" data-elementor-post-type=\"page\">\n\t\t\t\t\t\t<section class=\"elementor-section elementor-top-section elementor-element elementor-element-7c4efad header_line_left elementor-section-boxed elementor-section-height-default elementor-section-height-default\" data-id=\"7c4efad\" data-element_type=\"section\" data-settings=\"{&quot;background_background&quot;:&quot;classic&quot;}\">\n\t\t\t\t\t\t<div class=\"elementor-container elementor-column-gap-default\">\n\t\t\t\t\t<div class=\"elementor-column elementor-col-100 elementor-top-column elementor-element elementor-element-e316395\" data-id=\"e316395\" data-element_type=\"column\">\n\t\t\t<div class=\"elementor-widget-wrap elementor-element-populated\">\n\t\t\t\t\t\t<div class=\"elementor-element elementor-element-2bd24b6 elementor-widget elementor-widget-heading\" data-id=\"2bd24b6\" data-element_type=\"widget\" data-widget_type=\"heading.default\">\n\t\t\t\t<div class=\"elementor-widget-container\">\n\t\t\t<h1 class=\"elementor-heading-title elementor-size-default\">Politique de Confidentialit\u00e9<\/h1>\t\t<\/div>\n\t\t\t\t<\/div>\n\t\t\t\t<div class=\"elementor-element elementor-element-464f5b1 elementor-widget elementor-widget-spacer\" data-id=\"464f5b1\" data-element_type=\"widget\" data-widget_type=\"spacer.default\">\n\t\t\t\t<div class=\"elementor-widget-container\">\n\t\t\t\t\t<div class=\"elementor-spacer\">\n\t\t\t<div class=\"elementor-spacer-inner\"><\/div>\n\t\t<\/div>\n\t\t\t\t<\/div>\n\t\t\t\t<\/div>\n\t\t\t\t\t<\/div>\n\t\t<\/div>\n\t\t\t\t\t<\/div>\n\t\t<\/section>\n\t\t\t\t<section class=\"elementor-section elementor-top-section elementor-element elementor-element-e95164b elementor-section-boxed elementor-section-height-default elementor-section-height-default\" data-id=\"e95164b\" data-element_type=\"section\">\n\t\t\t\t\t\t<div class=\"elementor-container elementor-column-gap-default\">\n\t\t\t\t\t<div class=\"elementor-column elementor-col-100 elementor-top-column elementor-element elementor-element-e69abbf max-width-940\" data-id=\"e69abbf\" data-element_type=\"column\">\n\t\t\t<div class=\"elementor-widget-wrap elementor-element-populated\">\n\t\t\t\t\t\t<div class=\"elementor-element elementor-element-f7af9ff elementor-widget elementor-widget-text-editor\" data-id=\"f7af9ff\" data-element_type=\"widget\" data-widget_type=\"text-editor.default\">\n\t\t\t\t<div class=\"elementor-widget-container\">\n\t\t\t\t\t\t\t<p><strong>Contr\u00f4leur des donn\u00e9es<\/strong><\/p><p>Gi Group SA, dont le si\u00e8ge est \u00e0 Manno, via Cantonale 2B, en la personne de son repr\u00e9sentant l\u00e9gal.<\/p>\t\t\t\t\t\t<\/div>\n\t\t\t\t<\/div>\n\t\t\t\t<div class=\"elementor-element elementor-element-85c247c elementor-widget elementor-widget-accordion\" data-id=\"85c247c\" data-element_type=\"widget\" data-widget_type=\"accordion.default\">\n\t\t\t\t<div class=\"elementor-widget-container\">\n\t\t\t\t\t<div class=\"elementor-accordion\">\n\t\t\t\t\t\t\t<div class=\"elementor-accordion-item\">\n\t\t\t\t\t<div id=\"elementor-tab-title-1401\" class=\"elementor-tab-title\" data-tab=\"1\" role=\"button\" aria-controls=\"elementor-tab-content-1401\" aria-expanded=\"false\">\n\t\t\t\t\t\t\t\t\t\t\t\t\t<span class=\"elementor-accordion-icon elementor-accordion-icon-left\" aria-hidden=\"true\">\n\t\t\t\t\t\t\t\t\t\t\t\t\t\t\t<span class=\"elementor-accordion-icon-closed\"><i class=\"fas fa-plus\"><\/i><\/span>\n\t\t\t\t\t\t\t\t<span class=\"elementor-accordion-icon-opened\"><i class=\"fas fa-minus\"><\/i><\/span>\n\t\t\t\t\t\t\t\t\t\t\t\t\t\t<\/span>\n\t\t\t\t\t\t\t\t\t\t\t\t<a class=\"elementor-accordion-title\" tabindex=\"0\">Modalit\u00e9s de traitement<\/a>\n\t\t\t\t\t<\/div>\n\t\t\t\t\t<div id=\"elementor-tab-content-1401\" class=\"elementor-tab-content elementor-clearfix\" data-tab=\"1\" role=\"region\" aria-labelledby=\"elementor-tab-title-1401\"><p>Le traitement des donn\u00e9es se fonde sur les principes de correction, de l\u00e9galit\u00e9, de transparence et de minimisation des donn\u00e9es. Il est effectu\u00e9 manuellement et par des moyens automatis\u00e9s pour la conservation, le traitement et la transmission des donn\u00e9es et est r\u00e9alis\u00e9 au moyen de mesures techniques et organisationnelles appropri\u00e9es, dans la mesure o\u00f9 cela est raisonnablement n\u00e9cessaire et conforme \u00e0 l&rsquo;\u00e9tat de l&rsquo;art, pour garantir, entre autres, la s\u00e9curit\u00e9, la confidentialit\u00e9, l&rsquo;int\u00e9grit\u00e9, la disponibilit\u00e9 et la r\u00e9silience des donn\u00e9es, ainsi que la protection des donn\u00e9es \u00e0 caract\u00e8re personnel, l&rsquo;int\u00e9grit\u00e9, la disponibilit\u00e9 et la r\u00e9silience des syst\u00e8mes et des services, en \u00e9vitant les risques de perte, de destruction, d&rsquo;acc\u00e8s ou de divulgation non autoris\u00e9s ou d&rsquo;utilisation ill\u00e9gale, ainsi qu&rsquo;en prenant des mesures raisonnables pour effacer ou rectifier en temps utile les donn\u00e9es inexactes au regard des finalit\u00e9s pour lesquelles elles sont trait\u00e9es.<\/p><\/div>\n\t\t\t\t<\/div>\n\t\t\t\t\t\t\t<div class=\"elementor-accordion-item\">\n\t\t\t\t\t<div id=\"elementor-tab-title-1402\" class=\"elementor-tab-title\" data-tab=\"2\" role=\"button\" aria-controls=\"elementor-tab-content-1402\" aria-expanded=\"false\">\n\t\t\t\t\t\t\t\t\t\t\t\t\t<span class=\"elementor-accordion-icon elementor-accordion-icon-left\" aria-hidden=\"true\">\n\t\t\t\t\t\t\t\t\t\t\t\t\t\t\t<span class=\"elementor-accordion-icon-closed\"><i class=\"fas fa-plus\"><\/i><\/span>\n\t\t\t\t\t\t\t\t<span class=\"elementor-accordion-icon-opened\"><i class=\"fas fa-minus\"><\/i><\/span>\n\t\t\t\t\t\t\t\t\t\t\t\t\t\t<\/span>\n\t\t\t\t\t\t\t\t\t\t\t\t<a class=\"elementor-accordion-title\" tabindex=\"0\">Droits de la personne concern\u00e9e<\/a>\n\t\t\t\t\t<\/div>\n\t\t\t\t\t<div id=\"elementor-tab-content-1402\" class=\"elementor-tab-content elementor-clearfix\" data-tab=\"2\" role=\"region\" aria-labelledby=\"elementor-tab-title-1402\"><p>Les personnes concern\u00e9es peuvent demander aux responsables du traitement l&rsquo;acc\u00e8s \u00e0 leurs donn\u00e9es, leur effacement, la rectification des donn\u00e9es inexactes, l&rsquo;int\u00e9gration des donn\u00e9es incompl\u00e8tes et la limitation du traitement de leurs donn\u00e9es.<\/p><p>Les personnes concern\u00e9es ont le droit de s&rsquo;opposer, \u00e0 tout moment, en tout ou en partie, au traitement des donn\u00e9es n\u00e9cessaires \u00e0 des fins de marketing direct ou \u00e0 la poursuite de l&rsquo;int\u00e9r\u00eat l\u00e9gitime des responsables du traitement.<\/p><p>Ces droits peuvent \u00eatre exerc\u00e9s par courrier \u00e9lectronique \u00e0 l&rsquo;adresse suivante : <a href=\"mailto:ch.privacy@gigroup.com\">ch.privacy@gigroup.com<\/a>.<\/p><p>Les personnes concern\u00e9es ont le droit d&rsquo;introduire une r\u00e9clamation aupr\u00e8s de l&rsquo;autorit\u00e9 de contr\u00f4le comp\u00e9tente.<\/p><\/div>\n\t\t\t\t<\/div>\n\t\t\t\t\t\t\t<div class=\"elementor-accordion-item\">\n\t\t\t\t\t<div id=\"elementor-tab-title-1403\" class=\"elementor-tab-title\" data-tab=\"3\" role=\"button\" aria-controls=\"elementor-tab-content-1403\" aria-expanded=\"false\">\n\t\t\t\t\t\t\t\t\t\t\t\t\t<span class=\"elementor-accordion-icon elementor-accordion-icon-left\" aria-hidden=\"true\">\n\t\t\t\t\t\t\t\t\t\t\t\t\t\t\t<span class=\"elementor-accordion-icon-closed\"><i class=\"fas fa-plus\"><\/i><\/span>\n\t\t\t\t\t\t\t\t<span class=\"elementor-accordion-icon-opened\"><i class=\"fas fa-minus\"><\/i><\/span>\n\t\t\t\t\t\t\t\t\t\t\t\t\t\t<\/span>\n\t\t\t\t\t\t\t\t\t\t\t\t<a class=\"elementor-accordion-title\" tabindex=\"0\">Retrait du consentement<\/a>\n\t\t\t\t\t<\/div>\n\t\t\t\t\t<div id=\"elementor-tab-content-1403\" class=\"elementor-tab-content elementor-clearfix\" data-tab=\"3\" role=\"region\" aria-labelledby=\"elementor-tab-title-1403\"><p>Les personnes concern\u00e9es ont le droit de r\u00e9voquer leur consentement \u00e0 tout moment via leur compte dans la zone r\u00e9serv\u00e9e du site, ou en envoyant un e-mail \u00e0 <a href=\"mailto:ch.privacy@gigroup.com\">ch.privacy@gigroup.com<\/a> ; la r\u00e9vocation du consentement n&rsquo;affecte pas la l\u00e9galit\u00e9 du traitement fond\u00e9 sur le consentement donn\u00e9 avant la r\u00e9vocation.<\/p><\/div>\n\t\t\t\t<\/div>\n\t\t\t\t\t\t\t<div class=\"elementor-accordion-item\">\n\t\t\t\t\t<div id=\"elementor-tab-title-1404\" class=\"elementor-tab-title\" data-tab=\"4\" role=\"button\" aria-controls=\"elementor-tab-content-1404\" aria-expanded=\"false\">\n\t\t\t\t\t\t\t\t\t\t\t\t\t<span class=\"elementor-accordion-icon elementor-accordion-icon-left\" aria-hidden=\"true\">\n\t\t\t\t\t\t\t\t\t\t\t\t\t\t\t<span class=\"elementor-accordion-icon-closed\"><i class=\"fas fa-plus\"><\/i><\/span>\n\t\t\t\t\t\t\t\t<span class=\"elementor-accordion-icon-opened\"><i class=\"fas fa-minus\"><\/i><\/span>\n\t\t\t\t\t\t\t\t\t\t\t\t\t\t<\/span>\n\t\t\t\t\t\t\t\t\t\t\t\t<a class=\"elementor-accordion-title\" tabindex=\"0\">Donn\u00e9es collect\u00e9es sur notre site web<\/a>\n\t\t\t\t\t<\/div>\n\t\t\t\t\t<div id=\"elementor-tab-content-1404\" class=\"elementor-tab-content elementor-clearfix\" data-tab=\"4\" role=\"region\" aria-labelledby=\"elementor-tab-title-1404\"><p>Nous pouvons collecter certaines donn\u00e9es personnelles lorsque vous naviguez sur le site web, ainsi que des donn\u00e9es saisies dans un formulaire sp\u00e9cifique (par exemple, cookies, formulaire de contact, etc.). Veuillez cliquer sur les liens ci-dessous pour en savoir plus sur la mani\u00e8re dont nous traitons les donn\u00e9es \u00e0 caract\u00e8re personnel.<\/p><\/div>\n\t\t\t\t<\/div>\n\t\t\t\t\t\t\t<div class=\"elementor-accordion-item\">\n\t\t\t\t\t<div id=\"elementor-tab-title-1405\" class=\"elementor-tab-title\" data-tab=\"5\" role=\"button\" aria-controls=\"elementor-tab-content-1405\" aria-expanded=\"false\">\n\t\t\t\t\t\t\t\t\t\t\t\t\t<span class=\"elementor-accordion-icon elementor-accordion-icon-left\" aria-hidden=\"true\">\n\t\t\t\t\t\t\t\t\t\t\t\t\t\t\t<span class=\"elementor-accordion-icon-closed\"><i class=\"fas fa-plus\"><\/i><\/span>\n\t\t\t\t\t\t\t\t<span class=\"elementor-accordion-icon-opened\"><i class=\"fas fa-minus\"><\/i><\/span>\n\t\t\t\t\t\t\t\t\t\t\t\t\t\t<\/span>\n\t\t\t\t\t\t\t\t\t\t\t\t<a class=\"elementor-accordion-title\" tabindex=\"0\">Droits de la personne concern\u00e9e<\/a>\n\t\t\t\t\t<\/div>\n\t\t\t\t\t<div id=\"elementor-tab-content-1405\" class=\"elementor-tab-content elementor-clearfix\" data-tab=\"5\" role=\"region\" aria-labelledby=\"elementor-tab-title-1405\"><p>Vous pouvez demander l&rsquo;acc\u00e8s aux donn\u00e9es vous concernant, leur rectification ou leur effacement, ainsi que la limitation du traitement, l&rsquo;opposition au traitement et la portabilit\u00e9 des donn\u00e9es en contactant le Responsable du traitement par courrier ordinaire ou en envoyant un e-mail \u00e0: <a href=\"mailto:ch.privacy@gigroup.com\">ch.privacy@gigroup.com<\/a>.<\/p><p>Vous pouvez introduire une r\u00e9clamation aupr\u00e8s de l&rsquo;autorit\u00e9 de contr\u00f4le comp\u00e9tente, ainsi qu&rsquo;exercer les autres droits qui vous sont reconnus par la l\u00e9gislation applicable.<\/p><\/div>\n\t\t\t\t<\/div>\n\t\t\t\t\t\t\t\t<\/div>\n\t\t\t\t<\/div>\n\t\t\t\t<\/div>\n\t\t\t\t\t<\/div>\n\t\t<\/div>\n\t\t\t\t\t<\/div>\n\t\t<\/section>\n\t\t\t\t<section class=\"elementor-section elementor-top-section elementor-element elementor-element-dd1a0da elementor-section-boxed elementor-section-height-default elementor-section-height-default\" data-id=\"dd1a0da\" data-element_type=\"section\">\n\t\t\t\t\t\t<div class=\"elementor-container elementor-column-gap-default\">\n\t\t\t\t\t<div class=\"elementor-column elementor-col-50 elementor-top-column elementor-element elementor-element-80d4a48\" data-id=\"80d4a48\" data-element_type=\"column\">\n\t\t\t<div class=\"elementor-widget-wrap elementor-element-populated\">\n\t\t\t\t\t\t<div class=\"elementor-element elementor-element-c29c4d1 elementor-widget elementor-widget-text-editor\" data-id=\"c29c4d1\" data-element_type=\"widget\" data-widget_type=\"text-editor.default\">\n\t\t\t\t<div class=\"elementor-widget-container\">\n\t\t\t\t\t\t\t<p>Avis de confidentialit\u00e9 disponibles sur le site web:<\/p>\t\t\t\t\t\t<\/div>\n\t\t\t\t<\/div>\n\t\t\t\t<div class=\"elementor-element elementor-element-545eafe elementor-widget elementor-widget-button\" data-id=\"545eafe\" data-element_type=\"widget\" data-widget_type=\"button.default\">\n\t\t\t\t<div class=\"elementor-widget-container\">\n\t\t\t\t\t\t\t<div class=\"elementor-button-wrapper\">\n\t\t\t\t\t<a class=\"elementor-button elementor-button-link elementor-size-sm\" href=\"\/switzerland\/fr\/politique-en-matiere-de-cookies\/\">\n\t\t\t\t\t\t<span class=\"elementor-button-content-wrapper\">\n\t\t\t\t\t\t\t\t\t<span class=\"elementor-button-text\">Lire notre politique de cookies<\/span>\n\t\t\t\t\t<\/span>\n\t\t\t\t\t<\/a>\n\t\t\t\t<\/div>\n\t\t\t\t\t\t<\/div>\n\t\t\t\t<\/div>\n\t\t\t\t<div class=\"elementor-element elementor-element-c0cf38d elementor-widget elementor-widget-button\" data-id=\"c0cf38d\" data-element_type=\"widget\" data-widget_type=\"button.default\">\n\t\t\t\t<div class=\"elementor-widget-container\">\n\t\t\t\t\t\t\t<div class=\"elementor-button-wrapper\">\n\t\t\t\t\t<a class=\"elementor-button elementor-button-link elementor-size-sm\" href=\"\/switzerland\/fr\/privacy-policy-candidats\/\">\n\t\t\t\t\t\t<span class=\"elementor-button-content-wrapper\">\n\t\t\t\t\t\t\t\t\t<span class=\"elementor-button-text\">Lire notre politique de confidentialit\u00e9 pour les candidats<\/span>\n\t\t\t\t\t<\/span>\n\t\t\t\t\t<\/a>\n\t\t\t\t<\/div>\n\t\t\t\t\t\t<\/div>\n\t\t\t\t<\/div>\n\t\t\t\t\t<\/div>\n\t\t<\/div>\n\t\t\t\t<div class=\"elementor-column elementor-col-50 elementor-top-column elementor-element elementor-element-ec0a3d6\" data-id=\"ec0a3d6\" data-element_type=\"column\">\n\t\t\t<div class=\"elementor-widget-wrap\">\n\t\t\t\t\t\t\t<\/div>\n\t\t<\/div>\n\t\t\t\t\t<\/div>\n\t\t<\/section>\n\t\t\t\t<\/div>\n\t\t","protected":false},"excerpt":{"rendered":"<p>Politique de Confidentialit\u00e9 Contr\u00f4leur des donn\u00e9es Gi Group SA, dont le si\u00e8ge est \u00e0 Manno, via Cantonale 2B, en la personne de son repr\u00e9sentant l\u00e9gal. Modalit\u00e9s de traitement Le traitement des donn\u00e9es se fonde sur les principes de correction, de l\u00e9galit\u00e9, de transparence et de minimisation des donn\u00e9es. Il est effectu\u00e9 manuellement et par des [&hellip;]<\/p>\n","protected":false},"author":1,"featured_media":0,"parent":0,"menu_order":11,"comment_status":"closed","ping_status":"closed","template":"","meta":{"_acf_changed":false,"footnotes":"","_links_to":"","_links_to_target":""},"class_list":["post-10123","page","type-page","status-publish","hentry"],"acf":[],"yoast_head":"<!-- This site is optimized with the Yoast SEO plugin v23.9 - https:\/\/yoast.com\/wordpress\/plugins\/seo\/ -->\n<title>Privacy Policy - Gi Group Holding Switzerland<\/title>\n<meta name=\"robots\" content=\"index, follow, max-snippet:-1, max-image-preview:large, max-video-preview:-1\" \/>\n<link rel=\"canonical\" href=\"https:\/\/www.gigroupholding.com\/switzerland\/fr\/privacy-policy\/\" \/>\n<meta property=\"og:locale\" content=\"fr_FR\" \/>\n<meta property=\"og:type\" content=\"article\" \/>\n<meta property=\"og:title\" content=\"Privacy Policy - Gi Group Holding Switzerland\" \/>\n<meta property=\"og:description\" content=\"Politique de Confidentialit\u00e9 Contr\u00f4leur des donn\u00e9es Gi Group SA, dont le si\u00e8ge est \u00e0 Manno, via Cantonale 2B, en la personne de son repr\u00e9sentant l\u00e9gal. Modalit\u00e9s de traitement Le traitement des donn\u00e9es se fonde sur les principes de correction, de l\u00e9galit\u00e9, de transparence et de minimisation des donn\u00e9es. Il est effectu\u00e9 manuellement et par des [&hellip;]\" \/>\n<meta property=\"og:url\" content=\"https:\/\/www.gigroupholding.com\/switzerland\/fr\/privacy-policy\/\" \/>\n<meta property=\"og:site_name\" content=\"Gi Group Holding Switzerland\" \/>\n<meta property=\"article:modified_time\" content=\"2023-04-29T11:00:09+00:00\" \/>\n<meta name=\"twitter:card\" content=\"summary_large_image\" \/>\n<meta name=\"twitter:title\" content=\"Privacy Policy - Gi Group Holding Switzerland\" \/>\n<meta name=\"twitter:label1\" content=\"Dur\u00e9e de lecture estim\u00e9e\" \/>\n\t<meta name=\"twitter:data1\" content=\"3 minutes\" \/>\n<script type=\"application\/ld+json\" class=\"yoast-schema-graph\">{\"@context\":\"https:\/\/schema.org\",\"@graph\":[{\"@type\":\"WebPage\",\"@id\":\"https:\/\/www.gigroupholding.com\/switzerland\/fr\/privacy-policy\/\",\"url\":\"https:\/\/www.gigroupholding.com\/switzerland\/fr\/privacy-policy\/\",\"name\":\"Privacy Policy - Gi Group Holding Switzerland\",\"isPartOf\":{\"@id\":\"https:\/\/www.gigroupholding.com\/switzerland\/#website\"},\"datePublished\":\"2022-01-25T11:06:47+00:00\",\"dateModified\":\"2023-04-29T11:00:09+00:00\",\"inLanguage\":\"fr-FR\",\"potentialAction\":[{\"@type\":\"ReadAction\",\"target\":[\"https:\/\/www.gigroupholding.com\/switzerland\/fr\/privacy-policy\/\"]}]},{\"@type\":\"WebSite\",\"@id\":\"https:\/\/www.gigroupholding.com\/switzerland\/#website\",\"url\":\"https:\/\/www.gigroupholding.com\/switzerland\/\",\"name\":\"Gi Group Holding Switzerland\",\"description\":\"\",\"potentialAction\":[{\"@type\":\"SearchAction\",\"target\":{\"@type\":\"EntryPoint\",\"urlTemplate\":\"https:\/\/www.gigroupholding.com\/switzerland\/?s={search_term_string}\"},\"query-input\":{\"@type\":\"PropertyValueSpecification\",\"valueRequired\":true,\"valueName\":\"search_term_string\"}}],\"inLanguage\":\"fr-FR\"}]}<\/script>\n<!-- \/ Yoast SEO plugin. -->","yoast_head_json":{"title":"Privacy Policy - Gi Group Holding Switzerland","robots":{"index":"index","follow":"follow","max-snippet":"max-snippet:-1","max-image-preview":"max-image-preview:large","max-video-preview":"max-video-preview:-1"},"canonical":"https:\/\/www.gigroupholding.com\/switzerland\/fr\/privacy-policy\/","og_locale":"fr_FR","og_type":"article","og_title":"Privacy Policy - Gi Group Holding Switzerland","og_description":"Politique de Confidentialit\u00e9 Contr\u00f4leur des donn\u00e9es Gi Group SA, dont le si\u00e8ge est \u00e0 Manno, via Cantonale 2B, en la personne de son repr\u00e9sentant l\u00e9gal. Modalit\u00e9s de traitement Le traitement des donn\u00e9es se fonde sur les principes de correction, de l\u00e9galit\u00e9, de transparence et de minimisation des donn\u00e9es. Il est effectu\u00e9 manuellement et par des [&hellip;]","og_url":"https:\/\/www.gigroupholding.com\/switzerland\/fr\/privacy-policy\/","og_site_name":"Gi Group Holding Switzerland","article_modified_time":"2023-04-29T11:00:09+00:00","twitter_card":"summary_large_image","twitter_title":"Privacy Policy - Gi Group Holding Switzerland","twitter_misc":{"Dur\u00e9e de lecture estim\u00e9e":"3 minutes"},"schema":{"@context":"https:\/\/schema.org","@graph":[{"@type":"WebPage","@id":"https:\/\/www.gigroupholding.com\/switzerland\/fr\/privacy-policy\/","url":"https:\/\/www.gigroupholding.com\/switzerland\/fr\/privacy-policy\/","name":"Privacy Policy - Gi Group Holding Switzerland","isPartOf":{"@id":"https:\/\/www.gigroupholding.com\/switzerland\/#website"},"datePublished":"2022-01-25T11:06:47+00:00","dateModified":"2023-04-29T11:00:09+00:00","inLanguage":"fr-FR","potentialAction":[{"@type":"ReadAction","target":["https:\/\/www.gigroupholding.com\/switzerland\/fr\/privacy-policy\/"]}]},{"@type":"WebSite","@id":"https:\/\/www.gigroupholding.com\/switzerland\/#website","url":"https:\/\/www.gigroupholding.com\/switzerland\/","name":"Gi Group Holding Switzerland","description":"","potentialAction":[{"@type":"SearchAction","target":{"@type":"EntryPoint","urlTemplate":"https:\/\/www.gigroupholding.com\/switzerland\/?s={search_term_string}"},"query-input":{"@type":"PropertyValueSpecification","valueRequired":true,"valueName":"search_term_string"}}],"inLanguage":"fr-FR"}]}},"_links":{"self":[{"href":"https:\/\/www.gigroupholding.com\/switzerland\/fr\/wp-json\/wp\/v2\/pages\/10123","targetHints":{"allow":["GET"]}}],"collection":[{"href":"https:\/\/www.gigroupholding.com\/switzerland\/fr\/wp-json\/wp\/v2\/pages"}],"about":[{"href":"https:\/\/www.gigroupholding.com\/switzerland\/fr\/wp-json\/wp\/v2\/types\/page"}],"author":[{"embeddable":true,"href":"https:\/\/www.gigroupholding.com\/switzerland\/fr\/wp-json\/wp\/v2\/users\/1"}],"replies":[{"embeddable":true,"href":"https:\/\/www.gigroupholding.com\/switzerland\/fr\/wp-json\/wp\/v2\/comments?post=10123"}],"version-history":[{"count":16,"href":"https:\/\/www.gigroupholding.com\/switzerland\/fr\/wp-json\/wp\/v2\/pages\/10123\/revisions"}],"predecessor-version":[{"id":11522,"href":"https:\/\/www.gigroupholding.com\/switzerland\/fr\/wp-json\/wp\/v2\/pages\/10123\/revisions\/11522"}],"wp:attachment":[{"href":"https:\/\/www.gigroupholding.com\/switzerland\/fr\/wp-json\/wp\/v2\/media?parent=10123"}],"curies":[{"name":"wp","href":"https:\/\/api.w.org\/{rel}","templated":true}]}}