{"id":11717,"date":"2023-05-11T18:17:04","date_gmt":"2023-05-11T16:17:04","guid":{"rendered":"https:\/\/www.gigroupholding.com\/switzerland\/?page_id=11717"},"modified":"2023-05-12T13:14:04","modified_gmt":"2023-05-12T11:14:04","slug":"contact-privacy-policy","status":"publish","type":"page","link":"https:\/\/www.gigroupholding.com\/switzerland\/de\/contact-privacy-policy\/","title":{"rendered":"Contact privacy policy"},"content":{"rendered":"\t\t<div data-elementor-type=\"wp-page\" data-elementor-id=\"11717\" class=\"elementor elementor-11717\" data-elementor-post-type=\"page\">\n\t\t\t\t\t\t<section class=\"elementor-section elementor-top-section elementor-element elementor-element-fa75da4 header_line_left elementor-section-boxed elementor-section-height-default elementor-section-height-default\" data-id=\"fa75da4\" data-element_type=\"section\" data-settings=\"{&quot;background_background&quot;:&quot;classic&quot;}\">\n\t\t\t\t\t\t<div class=\"elementor-container elementor-column-gap-default\">\n\t\t\t\t\t<div class=\"elementor-column elementor-col-100 elementor-top-column elementor-element elementor-element-e430d67\" data-id=\"e430d67\" data-element_type=\"column\">\n\t\t\t<div class=\"elementor-widget-wrap elementor-element-populated\">\n\t\t\t\t\t\t<div class=\"elementor-element elementor-element-f82fa1c elementor-widget elementor-widget-heading\" data-id=\"f82fa1c\" data-element_type=\"widget\" data-widget_type=\"heading.default\">\n\t\t\t\t<div class=\"elementor-widget-container\">\n\t\t\t<h1 class=\"elementor-heading-title elementor-size-default\">Hinweis zur Verarbeitung personenbezogener Daten\nKontaktbereich<\/h1>\t\t<\/div>\n\t\t\t\t<\/div>\n\t\t\t\t<div class=\"elementor-element elementor-element-7f458ac elementor-widget elementor-widget-spacer\" data-id=\"7f458ac\" data-element_type=\"widget\" data-widget_type=\"spacer.default\">\n\t\t\t\t<div class=\"elementor-widget-container\">\n\t\t\t\t\t<div class=\"elementor-spacer\">\n\t\t\t<div class=\"elementor-spacer-inner\"><\/div>\n\t\t<\/div>\n\t\t\t\t<\/div>\n\t\t\t\t<\/div>\n\t\t\t\t\t<\/div>\n\t\t<\/div>\n\t\t\t\t\t<\/div>\n\t\t<\/section>\n\t\t\t\t<section class=\"elementor-section elementor-top-section elementor-element elementor-element-0c30339 elementor-section-boxed elementor-section-height-default elementor-section-height-default\" data-id=\"0c30339\" data-element_type=\"section\">\n\t\t\t\t\t\t<div class=\"elementor-container elementor-column-gap-default\">\n\t\t\t\t\t<div class=\"elementor-column elementor-col-100 elementor-top-column elementor-element elementor-element-3822e91 max-width-940\" data-id=\"3822e91\" data-element_type=\"column\">\n\t\t\t<div class=\"elementor-widget-wrap elementor-element-populated\">\n\t\t\t\t\t\t<div class=\"elementor-element elementor-element-f265a58 elementor-widget elementor-widget-text-editor\" data-id=\"f265a58\" data-element_type=\"widget\" data-widget_type=\"text-editor.default\">\n\t\t\t\t<div class=\"elementor-widget-container\">\n\t\t\t\t\t\t\t<p><strong>Wer ist der Datenverantwortliche?<\/strong><\/p><p>Gi Group Human Resources SA<\/p><p>mit Sitz in Via Cantonale 2B, 6928 Manno, in Person ihres gesetzlichen Vertreters<\/p><p>Telefonnummer +41 91 210 37 37, E-Mail-Adresse ch.privacy@gigroup.com (\u201eGi Group\u201c)<\/p>\t\t\t\t\t\t<\/div>\n\t\t\t\t<\/div>\n\t\t\t\t<div class=\"elementor-element elementor-element-d8937a2 elementor-widget elementor-widget-accordion\" data-id=\"d8937a2\" data-element_type=\"widget\" data-widget_type=\"accordion.default\">\n\t\t\t\t<div class=\"elementor-widget-container\">\n\t\t\t\t\t<div class=\"elementor-accordion\">\n\t\t\t\t\t\t\t<div class=\"elementor-accordion-item\">\n\t\t\t\t\t<div id=\"elementor-tab-title-2271\" class=\"elementor-tab-title\" data-tab=\"1\" role=\"button\" aria-controls=\"elementor-tab-content-2271\" aria-expanded=\"false\">\n\t\t\t\t\t\t\t\t\t\t\t\t\t<span class=\"elementor-accordion-icon elementor-accordion-icon-left\" aria-hidden=\"true\">\n\t\t\t\t\t\t\t\t\t\t\t\t\t\t\t<span class=\"elementor-accordion-icon-closed\"><i class=\"fas fa-plus\"><\/i><\/span>\n\t\t\t\t\t\t\t\t<span class=\"elementor-accordion-icon-opened\"><i class=\"fas fa-minus\"><\/i><\/span>\n\t\t\t\t\t\t\t\t\t\t\t\t\t\t<\/span>\n\t\t\t\t\t\t\t\t\t\t\t\t<a class=\"elementor-accordion-title\" tabindex=\"0\">Warum werden Ihre personenbezogenen Daten verarbeitet und welche Voraussetzung macht die Verarbeitung rechtm\u00e4\u00dfig?<\/a>\n\t\t\t\t\t<\/div>\n\t\t\t\t\t<div id=\"elementor-tab-content-2271\" class=\"elementor-tab-content elementor-clearfix\" data-tab=\"1\" role=\"region\" aria-labelledby=\"elementor-tab-title-2271\"><p>Die Verarbeitung personenbezogener Daten erfolgt zur Bearbeitung von Informationsanfragen zu den von der Gi Group bzw. den Unternehmen der Gi Group (\u201eGruppe\u201c) angebotenen Dienstleistungen. Insbesondere wenn die Auskunftsanfrage Dienstleistungen betrifft, die von anderen Unternehmen der Gruppe angeboten werden, kann Gi Group dies unter Angabe der Kontaktdaten zur Kenntnis nehmen oder sie direkt an das betreffende Unternehmen weiterleiten, um von diesem eine angemessene und zeitnahe Antwort zu erhalten.<\/p><p>Die Verarbeitung ist f\u00fcr die Erf\u00fcllung eines Vertrags, dessen Vertragspartei die betroffene Person ist, oder zur Durchf\u00fchrung vorvertraglicher Ma\u00dfnahmen erforderlich, die auf Anfrage der betroffenen Person erfolgen.<\/p><\/div>\n\t\t\t\t<\/div>\n\t\t\t\t\t\t\t<div class=\"elementor-accordion-item\">\n\t\t\t\t\t<div id=\"elementor-tab-title-2272\" class=\"elementor-tab-title\" data-tab=\"2\" role=\"button\" aria-controls=\"elementor-tab-content-2272\" aria-expanded=\"false\">\n\t\t\t\t\t\t\t\t\t\t\t\t\t<span class=\"elementor-accordion-icon elementor-accordion-icon-left\" aria-hidden=\"true\">\n\t\t\t\t\t\t\t\t\t\t\t\t\t\t\t<span class=\"elementor-accordion-icon-closed\"><i class=\"fas fa-plus\"><\/i><\/span>\n\t\t\t\t\t\t\t\t<span class=\"elementor-accordion-icon-opened\"><i class=\"fas fa-minus\"><\/i><\/span>\n\t\t\t\t\t\t\t\t\t\t\t\t\t\t<\/span>\n\t\t\t\t\t\t\t\t\t\t\t\t<a class=\"elementor-accordion-title\" tabindex=\"0\">Wie lange bewahren wir Ihre personenbezogenen Daten auf?<\/a>\n\t\t\t\t\t<\/div>\n\t\t\t\t\t<div id=\"elementor-tab-content-2272\" class=\"elementor-tab-content elementor-clearfix\" data-tab=\"2\" role=\"region\" aria-labelledby=\"elementor-tab-title-2272\"><p>Die Daten werden so lange verarbeitet, wie es f\u00fcr die Bearbeitung von Auskunftsanfragen erforderlich ist.<\/p><p>Nach Ablauf der oben genannten Aufbewahrungsfristen werden personenbezogene Daten vorbehaltlich technischer L\u00f6sch- und Sicherungsverfahren vernichtet, gel\u00f6scht oder anonymisiert.<\/p><\/div>\n\t\t\t\t<\/div>\n\t\t\t\t\t\t\t<div class=\"elementor-accordion-item\">\n\t\t\t\t\t<div id=\"elementor-tab-title-2273\" class=\"elementor-tab-title\" data-tab=\"3\" role=\"button\" aria-controls=\"elementor-tab-content-2273\" aria-expanded=\"false\">\n\t\t\t\t\t\t\t\t\t\t\t\t\t<span class=\"elementor-accordion-icon elementor-accordion-icon-left\" aria-hidden=\"true\">\n\t\t\t\t\t\t\t\t\t\t\t\t\t\t\t<span class=\"elementor-accordion-icon-closed\"><i class=\"fas fa-plus\"><\/i><\/span>\n\t\t\t\t\t\t\t\t<span class=\"elementor-accordion-icon-opened\"><i class=\"fas fa-minus\"><\/i><\/span>\n\t\t\t\t\t\t\t\t\t\t\t\t\t\t<\/span>\n\t\t\t\t\t\t\t\t\t\t\t\t<a class=\"elementor-accordion-title\" tabindex=\"0\">Obligatorische Bereitstellung personenbezogener Daten<\/a>\n\t\t\t\t\t<\/div>\n\t\t\t\t\t<div id=\"elementor-tab-content-2273\" class=\"elementor-tab-content elementor-clearfix\" data-tab=\"3\" role=\"region\" aria-labelledby=\"elementor-tab-title-2273\"><p>Die Angabe personenbezogener Daten, die im Datenerfassungsformular mit einem Sternchen gekennzeichnet sind, ist obligatorisch: Die Verweigerung der Bereitstellung dieser personenbezogenen Daten erm\u00f6glicht es der Gi Group nicht, Informationsanfragen zu bearbeiten.<\/p><\/div>\n\t\t\t\t<\/div>\n\t\t\t\t\t\t\t<div class=\"elementor-accordion-item\">\n\t\t\t\t\t<div id=\"elementor-tab-title-2274\" class=\"elementor-tab-title\" data-tab=\"4\" role=\"button\" aria-controls=\"elementor-tab-content-2274\" aria-expanded=\"false\">\n\t\t\t\t\t\t\t\t\t\t\t\t\t<span class=\"elementor-accordion-icon elementor-accordion-icon-left\" aria-hidden=\"true\">\n\t\t\t\t\t\t\t\t\t\t\t\t\t\t\t<span class=\"elementor-accordion-icon-closed\"><i class=\"fas fa-plus\"><\/i><\/span>\n\t\t\t\t\t\t\t\t<span class=\"elementor-accordion-icon-opened\"><i class=\"fas fa-minus\"><\/i><\/span>\n\t\t\t\t\t\t\t\t\t\t\t\t\t\t<\/span>\n\t\t\t\t\t\t\t\t\t\t\t\t<a class=\"elementor-accordion-title\" tabindex=\"0\">Empf\u00e4nger von Daten<\/a>\n\t\t\t\t\t<\/div>\n\t\t\t\t\t<div id=\"elementor-tab-content-2274\" class=\"elementor-tab-content elementor-clearfix\" data-tab=\"4\" role=\"region\" aria-labelledby=\"elementor-tab-title-2274\"><p>Personenbezogene Daten d\u00fcrfen nur von Mitarbeitern der zur Verarbeitung befugten Unternehmensbereiche verarbeitet werden, da sie f\u00fcr die Verfolgung der oben genannten Zwecke verantwortlich sind, hierzu ausdr\u00fccklich erm\u00e4chtigt wurden und entsprechende betriebliche Weisungen erhalten haben.<\/p><p>Personenbezogene Daten k\u00f6nnen an die folgenden Unternehmen oder Kategorien von Unternehmen weitergegeben werden, die als autonome Datenverantwortliche fungieren:<\/p><p>Konzerngesellschaften in der Schweiz oder im Ausland, auch ausserhalb des Europ\u00e4ischen Wirtschaftsraums, wenn sich die Auskunftsanfrage auf Dienstleistungen anderer Konzerngesellschaften bezieht.<\/p><p>Personenbezogene Daten k\u00f6nnen im Auftrag des Unternehmens auch von Personen verarbeitet werden, die als Datenverarbeiter benannt sind. Diese Themen sind in den folgenden Kategorien enthalten:<\/p><p>Betriebs- und Wartungsdienste f\u00fcr Standorte;<br \/>Verwaltungs- und Wartungsdienste f\u00fcr Kundendatenbanken;<br \/>Archivierungsdienste;<br \/>Kommunikations-Mailingdienste;<\/p><p>Eine \u00dcbermittlung Ihrer Daten kann an Unternehmen erfolgen, die ihren Sitz nicht in der Schweiz oder in einem Staat des Europ\u00e4ischen Wirtschaftsraums (EWR) haben, also in L\u00e4nder, die daher innerhalb des EWR nicht das gleiche einheitliche Schutzniveau genie\u00dfen. Aus diesem Grund hat die Gi Group geeignete Ma\u00dfnahmen ergriffen, um sicherzustellen, dass Unternehmen, die nicht in der Schweiz oder im EWR ans\u00e4ssig sind und Ihre personenbezogenen Daten verarbeiten, einen angemessenen Schutz f\u00fcr diese Verarbeitung bieten.<\/p><\/div>\n\t\t\t\t<\/div>\n\t\t\t\t\t\t\t<div class=\"elementor-accordion-item\">\n\t\t\t\t\t<div id=\"elementor-tab-title-2275\" class=\"elementor-tab-title\" data-tab=\"5\" role=\"button\" aria-controls=\"elementor-tab-content-2275\" aria-expanded=\"false\">\n\t\t\t\t\t\t\t\t\t\t\t\t\t<span class=\"elementor-accordion-icon elementor-accordion-icon-left\" aria-hidden=\"true\">\n\t\t\t\t\t\t\t\t\t\t\t\t\t\t\t<span class=\"elementor-accordion-icon-closed\"><i class=\"fas fa-plus\"><\/i><\/span>\n\t\t\t\t\t\t\t\t<span class=\"elementor-accordion-icon-opened\"><i class=\"fas fa-minus\"><\/i><\/span>\n\t\t\t\t\t\t\t\t\t\t\t\t\t\t<\/span>\n\t\t\t\t\t\t\t\t\t\t\t\t<a class=\"elementor-accordion-title\" tabindex=\"0\">Rechte der betroffenen Person<\/a>\n\t\t\t\t\t<\/div>\n\t\t\t\t\t<div id=\"elementor-tab-content-2275\" class=\"elementor-tab-content elementor-clearfix\" data-tab=\"5\" role=\"region\" aria-labelledby=\"elementor-tab-title-2275\"><p>Sie k\u00f6nnen Zugriff auf die Sie betreffenden Daten, deren Berichtigung oder L\u00f6schung sowie eine Einschr\u00e4nkung der Verarbeitung, einen Widerspruch gegen die Verarbeitung und die Daten\u00fcbertragbarkeit beantragen, indem Sie sich per Post an den Verantwortlichen wenden oder eine E-Mail an ch.privacy@gigroup senden .com.<\/p><p>Sie k\u00f6nnen eine Beschwerde bei der zust\u00e4ndigen Aufsichtsbeh\u00f6rde einreichen und alle weiteren Rechte aus\u00fcben, die Ihnen durch die geltenden Vorschriften zustehen.<\/p><\/div>\n\t\t\t\t<\/div>\n\t\t\t\t\t\t\t\t<\/div>\n\t\t\t\t<\/div>\n\t\t\t\t<\/div>\n\t\t\t\t\t<\/div>\n\t\t<\/div>\n\t\t\t\t\t<\/div>\n\t\t<\/section>\n\t\t\t\t<\/div>\n\t\t","protected":false},"excerpt":{"rendered":"<p>Hinweis zur Verarbeitung personenbezogener Daten Kontaktbereich Wer ist der Datenverantwortliche? Gi Group Human Resources SA mit Sitz in Via Cantonale 2B, 6928 Manno, in Person ihres gesetzlichen Vertreters Telefonnummer +41 91 210 37 37, E-Mail-Adresse ch.privacy@gigroup.com (\u201eGi Group\u201c) Warum werden Ihre personenbezogenen Daten verarbeitet und welche Voraussetzung macht die Verarbeitung rechtm\u00e4\u00dfig? Die Verarbeitung personenbezogener Daten [&hellip;]<\/p>\n","protected":false},"author":51,"featured_media":0,"parent":0,"menu_order":0,"comment_status":"closed","ping_status":"closed","template":"","meta":{"_acf_changed":false,"footnotes":"","_links_to":"","_links_to_target":""},"class_list":["post-11717","page","type-page","status-publish","hentry"],"acf":[],"yoast_head":"<!-- This site is optimized with the Yoast SEO plugin v23.9 - https:\/\/yoast.com\/wordpress\/plugins\/seo\/ -->\n<title>Contact privacy policy - Gi Group Holding Switzerland<\/title>\n<meta name=\"robots\" content=\"index, follow, max-snippet:-1, max-image-preview:large, max-video-preview:-1\" \/>\n<link rel=\"canonical\" href=\"https:\/\/www.gigroupholding.com\/switzerland\/contact-privacy-policy-2\/\" \/>\n<meta property=\"og:locale\" content=\"de_DE\" \/>\n<meta property=\"og:type\" content=\"article\" \/>\n<meta property=\"og:title\" content=\"Contact privacy policy - Gi Group Holding Switzerland\" \/>\n<meta property=\"og:description\" content=\"Hinweis zur Verarbeitung personenbezogener Daten Kontaktbereich Wer ist der Datenverantwortliche? Gi Group Human Resources SA mit Sitz in Via Cantonale 2B, 6928 Manno, in Person ihres gesetzlichen Vertreters Telefonnummer +41 91 210 37 37, E-Mail-Adresse ch.privacy@gigroup.com (\u201eGi Group\u201c) Warum werden Ihre personenbezogenen Daten verarbeitet und welche Voraussetzung macht die Verarbeitung rechtm\u00e4\u00dfig? Die Verarbeitung personenbezogener Daten [&hellip;]\" \/>\n<meta property=\"og:url\" content=\"https:\/\/www.gigroupholding.com\/switzerland\/contact-privacy-policy-2\/\" \/>\n<meta property=\"og:site_name\" content=\"Gi Group Holding Switzerland\" \/>\n<meta property=\"article:modified_time\" content=\"2023-05-12T11:14:04+00:00\" \/>\n<meta name=\"twitter:card\" content=\"summary_large_image\" \/>\n<meta name=\"twitter:title\" content=\"Contact privacy policy - Gi Group Holding Switzerland\" \/>\n<meta name=\"twitter:label1\" content=\"Est. reading time\" \/>\n\t<meta name=\"twitter:data1\" content=\"3 minutes\" \/>\n<script type=\"application\/ld+json\" class=\"yoast-schema-graph\">{\"@context\":\"https:\/\/schema.org\",\"@graph\":[{\"@type\":\"WebPage\",\"@id\":\"https:\/\/www.gigroupholding.com\/switzerland\/contact-privacy-policy-2\/\",\"url\":\"https:\/\/www.gigroupholding.com\/switzerland\/contact-privacy-policy-2\/\",\"name\":\"Contact privacy policy - Gi Group Holding Switzerland\",\"isPartOf\":{\"@id\":\"https:\/\/www.gigroupholding.com\/switzerland\/#website\"},\"datePublished\":\"2023-05-11T16:17:04+00:00\",\"dateModified\":\"2023-05-12T11:14:04+00:00\",\"inLanguage\":\"de-DE\",\"potentialAction\":[{\"@type\":\"ReadAction\",\"target\":[\"https:\/\/www.gigroupholding.com\/switzerland\/contact-privacy-policy-2\/\"]}]},{\"@type\":\"WebSite\",\"@id\":\"https:\/\/www.gigroupholding.com\/switzerland\/#website\",\"url\":\"https:\/\/www.gigroupholding.com\/switzerland\/\",\"name\":\"Gi Group Holding Switzerland\",\"description\":\"\",\"potentialAction\":[{\"@type\":\"SearchAction\",\"target\":{\"@type\":\"EntryPoint\",\"urlTemplate\":\"https:\/\/www.gigroupholding.com\/switzerland\/?s={search_term_string}\"},\"query-input\":{\"@type\":\"PropertyValueSpecification\",\"valueRequired\":true,\"valueName\":\"search_term_string\"}}],\"inLanguage\":\"de-DE\"}]}<\/script>\n<!-- \/ Yoast SEO plugin. -->","yoast_head_json":{"title":"Contact privacy policy - Gi Group Holding Switzerland","robots":{"index":"index","follow":"follow","max-snippet":"max-snippet:-1","max-image-preview":"max-image-preview:large","max-video-preview":"max-video-preview:-1"},"canonical":"https:\/\/www.gigroupholding.com\/switzerland\/contact-privacy-policy-2\/","og_locale":"de_DE","og_type":"article","og_title":"Contact privacy policy - Gi Group Holding Switzerland","og_description":"Hinweis zur Verarbeitung personenbezogener Daten Kontaktbereich Wer ist der Datenverantwortliche? Gi Group Human Resources SA mit Sitz in Via Cantonale 2B, 6928 Manno, in Person ihres gesetzlichen Vertreters Telefonnummer +41 91 210 37 37, E-Mail-Adresse ch.privacy@gigroup.com (\u201eGi Group\u201c) Warum werden Ihre personenbezogenen Daten verarbeitet und welche Voraussetzung macht die Verarbeitung rechtm\u00e4\u00dfig? Die Verarbeitung personenbezogener Daten [&hellip;]","og_url":"https:\/\/www.gigroupholding.com\/switzerland\/contact-privacy-policy-2\/","og_site_name":"Gi Group Holding Switzerland","article_modified_time":"2023-05-12T11:14:04+00:00","twitter_card":"summary_large_image","twitter_title":"Contact privacy policy - Gi Group Holding Switzerland","twitter_misc":{"Est. reading time":"3 minutes"},"schema":{"@context":"https:\/\/schema.org","@graph":[{"@type":"WebPage","@id":"https:\/\/www.gigroupholding.com\/switzerland\/contact-privacy-policy-2\/","url":"https:\/\/www.gigroupholding.com\/switzerland\/contact-privacy-policy-2\/","name":"Contact privacy policy - Gi Group Holding Switzerland","isPartOf":{"@id":"https:\/\/www.gigroupholding.com\/switzerland\/#website"},"datePublished":"2023-05-11T16:17:04+00:00","dateModified":"2023-05-12T11:14:04+00:00","inLanguage":"de-DE","potentialAction":[{"@type":"ReadAction","target":["https:\/\/www.gigroupholding.com\/switzerland\/contact-privacy-policy-2\/"]}]},{"@type":"WebSite","@id":"https:\/\/www.gigroupholding.com\/switzerland\/#website","url":"https:\/\/www.gigroupholding.com\/switzerland\/","name":"Gi Group Holding Switzerland","description":"","potentialAction":[{"@type":"SearchAction","target":{"@type":"EntryPoint","urlTemplate":"https:\/\/www.gigroupholding.com\/switzerland\/?s={search_term_string}"},"query-input":{"@type":"PropertyValueSpecification","valueRequired":true,"valueName":"search_term_string"}}],"inLanguage":"de-DE"}]}},"_links":{"self":[{"href":"https:\/\/www.gigroupholding.com\/switzerland\/de\/wp-json\/wp\/v2\/pages\/11717","targetHints":{"allow":["GET"]}}],"collection":[{"href":"https:\/\/www.gigroupholding.com\/switzerland\/de\/wp-json\/wp\/v2\/pages"}],"about":[{"href":"https:\/\/www.gigroupholding.com\/switzerland\/de\/wp-json\/wp\/v2\/types\/page"}],"author":[{"embeddable":true,"href":"https:\/\/www.gigroupholding.com\/switzerland\/de\/wp-json\/wp\/v2\/users\/51"}],"replies":[{"embeddable":true,"href":"https:\/\/www.gigroupholding.com\/switzerland\/de\/wp-json\/wp\/v2\/comments?post=11717"}],"version-history":[{"count":7,"href":"https:\/\/www.gigroupholding.com\/switzerland\/de\/wp-json\/wp\/v2\/pages\/11717\/revisions"}],"predecessor-version":[{"id":11741,"href":"https:\/\/www.gigroupholding.com\/switzerland\/de\/wp-json\/wp\/v2\/pages\/11717\/revisions\/11741"}],"wp:attachment":[{"href":"https:\/\/www.gigroupholding.com\/switzerland\/de\/wp-json\/wp\/v2\/media?parent=11717"}],"curies":[{"name":"wp","href":"https:\/\/api.w.org\/{rel}","templated":true}]}}