{"id":11495,"date":"2022-01-25T12:06:47","date_gmt":"2022-01-25T11:06:47","guid":{"rendered":"https:\/\/www.gigroupholding.com\/switzerland\/privacy-policy-3\/"},"modified":"2023-04-29T15:01:45","modified_gmt":"2023-04-29T13:01:45","slug":"privacy-policy-fuer-kandidaten","status":"publish","type":"page","link":"https:\/\/www.gigroupholding.com\/switzerland\/de\/privacy-policy-fuer-kandidaten\/","title":{"rendered":"Privacy Policy f\u00fcr Kandidaten"},"content":{"rendered":"\t\t<div data-elementor-type=\"wp-page\" data-elementor-id=\"11495\" class=\"elementor elementor-11495 elementor-11494\" data-elementor-post-type=\"page\">\n\t\t\t\t\t\t<section class=\"elementor-section elementor-top-section elementor-element elementor-element-7c4efad header_line_left elementor-section-boxed elementor-section-height-default elementor-section-height-default\" data-id=\"7c4efad\" data-element_type=\"section\" data-settings=\"{&quot;background_background&quot;:&quot;classic&quot;}\">\n\t\t\t\t\t\t<div class=\"elementor-container elementor-column-gap-default\">\n\t\t\t\t\t<div class=\"elementor-column elementor-col-100 elementor-top-column elementor-element elementor-element-e316395\" data-id=\"e316395\" data-element_type=\"column\">\n\t\t\t<div class=\"elementor-widget-wrap elementor-element-populated\">\n\t\t\t\t\t\t<div class=\"elementor-element elementor-element-2bd24b6 elementor-widget elementor-widget-heading\" data-id=\"2bd24b6\" data-element_type=\"widget\" data-widget_type=\"heading.default\">\n\t\t\t\t<div class=\"elementor-widget-container\">\n\t\t\t<h1 class=\"elementor-heading-title elementor-size-default\">Datenschutzpolitik<br><span class=\"header_span\">Kandidaten<\/span><\/h1>\t\t<\/div>\n\t\t\t\t<\/div>\n\t\t\t\t<div class=\"elementor-element elementor-element-464f5b1 elementor-widget elementor-widget-spacer\" data-id=\"464f5b1\" data-element_type=\"widget\" data-widget_type=\"spacer.default\">\n\t\t\t\t<div class=\"elementor-widget-container\">\n\t\t\t\t\t<div class=\"elementor-spacer\">\n\t\t\t<div class=\"elementor-spacer-inner\"><\/div>\n\t\t<\/div>\n\t\t\t\t<\/div>\n\t\t\t\t<\/div>\n\t\t\t\t\t<\/div>\n\t\t<\/div>\n\t\t\t\t\t<\/div>\n\t\t<\/section>\n\t\t\t\t<section class=\"elementor-section elementor-top-section elementor-element elementor-element-e95164b elementor-section-boxed elementor-section-height-default elementor-section-height-default\" data-id=\"e95164b\" data-element_type=\"section\">\n\t\t\t\t\t\t<div class=\"elementor-container elementor-column-gap-default\">\n\t\t\t\t\t<div class=\"elementor-column elementor-col-100 elementor-top-column elementor-element elementor-element-e69abbf max-width-940\" data-id=\"e69abbf\" data-element_type=\"column\">\n\t\t\t<div class=\"elementor-widget-wrap elementor-element-populated\">\n\t\t\t\t\t\t<div class=\"elementor-element elementor-element-f7af9ff elementor-widget elementor-widget-text-editor\" data-id=\"f7af9ff\" data-element_type=\"widget\" data-widget_type=\"text-editor.default\">\n\t\t\t\t<div class=\"elementor-widget-container\">\n\t\t\t\t\t\t\t<p><strong>Wer ist der inhaber der daten?<\/strong><\/p><p>GI GROUP HUMAN RESOURCES SA, mit Sitz in Manno, Via Cantonale 2B &#8211; Schweiz<\/p><p>EU Pro AG, mit Sitz in St. Gallen, St. Leonhard-Strasse 78 &#8211; Schweiz<\/p><p>EU Pro Holding, mit Sitz in St. Gallen, St. Leonhard-Strasse 78 &#8211; Schweiz<\/p><p>EU Pro Schaan, mit Sitz in St. Gallen, St. Leonhard-Strasse 78 &#8211; Schweiz<\/p><p>EU Pro EAM, mit Sitz in St. Gallen, St. Leonhard-Strasse 78 &#8211; Schweiz<\/p><p>(&#8216;Gi Group&#8217;)<\/p>\t\t\t\t\t\t<\/div>\n\t\t\t\t<\/div>\n\t\t\t\t<div class=\"elementor-element elementor-element-85c247c elementor-widget elementor-widget-accordion\" data-id=\"85c247c\" data-element_type=\"widget\" data-widget_type=\"accordion.default\">\n\t\t\t\t<div class=\"elementor-widget-container\">\n\t\t\t\t\t<div class=\"elementor-accordion\">\n\t\t\t\t\t\t\t<div class=\"elementor-accordion-item\">\n\t\t\t\t\t<div id=\"elementor-tab-title-1401\" class=\"elementor-tab-title\" data-tab=\"1\" role=\"button\" aria-controls=\"elementor-tab-content-1401\" aria-expanded=\"false\">\n\t\t\t\t\t\t\t\t\t\t\t\t\t<span class=\"elementor-accordion-icon elementor-accordion-icon-left\" aria-hidden=\"true\">\n\t\t\t\t\t\t\t\t\t\t\t\t\t\t\t<span class=\"elementor-accordion-icon-closed\"><i class=\"fas fa-plus\"><\/i><\/span>\n\t\t\t\t\t\t\t\t<span class=\"elementor-accordion-icon-opened\"><i class=\"fas fa-minus\"><\/i><\/span>\n\t\t\t\t\t\t\t\t\t\t\t\t\t\t<\/span>\n\t\t\t\t\t\t\t\t\t\t\t\t<a class=\"elementor-accordion-title\" tabindex=\"0\">Warum werden ihre daten verarbeitet?<\/a>\n\t\t\t\t\t<\/div>\n\t\t\t\t\t<div id=\"elementor-tab-content-1401\" class=\"elementor-tab-content elementor-clearfix\" data-tab=\"1\" role=\"region\" aria-labelledby=\"elementor-tab-title-1401\"><p><strong>1. Registrierung auf dem Gi Group Portal<\/strong><\/p><p>Was legitimiert die Verarbeitung?<br \/>&#8211; Erbringung einer Dienstleistung<\/p><p>Was geschieht, wenn Sie die Daten nicht angeben?<br \/>&#8211; Wenn Sie sich weigern, die mit einem Sternchen gekennzeichneten Daten anzugeben, k\u00f6nnen Sie sich nicht auf dem Gi Group-Portal registrieren<\/p><p>Wie lange bewahren wir Ihre Daten auf?<br \/>&#8211; Die Daten werden 30 Monate nach ihrer Eingabe in die Datenbank bzw. nach Ihrer letzten Interaktion mit der Website oder den Agenturen aufbewahrt, es sei denn, Sie stimmen einer l\u00e4ngeren Aufbewahrungsfrist zu.<\/p><p><strong>2. Suche und Auswahl von Kandidaten f\u00fcr eine Direktanstellung bei Gi Group<\/strong><\/p><p>Wodurch ist die Verarbeitungst\u00e4tigkeit legitimiert?<br \/>&#8211; Durchf\u00fchrung von vorvertraglichen Ma\u00dfnahmen<\/p><p>Was geschieht, wenn Sie die Daten nicht bereitstellen?<br \/>&#8211; Wenn Sie sich weigern, die mit einem Sternchen gekennzeichneten Daten zur Verf\u00fcgung zu stellen, ist es der Gi Group nicht m\u00f6glich, mit den Such- und Auswahlma\u00dfnahmen fortzufahren und Ihre Bewerbung zu bewerten.<\/p><p>Wie lange bewahren wir Ihre Daten auf?<br \/>&#8211; Die Daten werden 30 Monate nach ihrer Eingabe in die Datenbank bzw. nach Ihrer letzten Interaktion mit der Website oder den Agenturen aufbewahrt, es sei denn, Sie stimmen einer l\u00e4ngeren Aufbewahrungsfrist zu.<\/p><p><strong>3. Suche und Auswahl von Bewerbern f\u00fcr die Direktvermittlung an Gi Group f\u00fcr Stellen, die Ihrem Profil entsprechen, durch Zusendung von Stellenangeboten.<\/strong><\/p><p>Wodurch wird die Verarbeitung legitimiert?<br \/>&#8211; Legitimes Interesse der Gi Group<\/p><p>Was geschieht, wenn Sie die Daten nicht zur Verf\u00fcgung stellen oder dieser Verarbeitung widersprechen?<br \/>&#8211; Wenn Sie dieser Verarbeitung widersprechen, k\u00f6nnen Sie sich dennoch auf dem Portal der GI-Gruppe registrieren und Ihre Bewerbung f\u00fcr die Stellen, auf die Sie sich bewerben m\u00f6chten, einreichen.<\/p><p>Wie lange bewahren wir Ihre Daten auf?<br \/>&#8211; Die Daten werden 30 Monate nach ihrer Eingabe in die Datenbank bzw. nach Ihrer letzten Interaktion mit der Website oder den Agenturen aufbewahrt, es sei denn, Sie stimmen einer l\u00e4ngeren Aufbewahrungsfrist zu.<\/p><p><strong>4. Durchf\u00fchrung von psychologischen, verhaltensbezogenen, technischen oder sonstigen Beurteilungen und Tests und anschlie\u00dfender Erhalt von Beurteilungsergebnissen und Vorschl\u00e4gen f\u00fcr die pers\u00f6nliche Entwicklung per E-Mail \u00fcber spezielle Plattformen und Websites (wie z. B. &#8220;Eggup&#8221; und &#8220;Thomas International&#8221;)<\/strong><\/p><p>Wodurch wird die Verarbeitung legitimiert?<br \/>&#8211; Die Einwilligung der betroffenen Person in die Verarbeitung der personenbezogenen Daten<\/p><p>Was geschieht, wenn Sie keine Daten oder keine Einwilligung geben?<br \/>&#8211; Wenn Sie Ihre Zustimmung verweigern, k\u00f6nnen Sie sich trotzdem auf dem Portal der GI-Gruppe registrieren und Ihre Bewerbung einreichen.<\/p><p>Wie lange bewahren wir Ihre Daten auf?<br \/>&#8211; Die Daten werden f\u00fcr 30 Monate nach der Eintragung aufbewahrt.<\/p><p><strong>5. Im Falle der Fortsetzung des Auswahlverfahrens Durchf\u00fchrung der Pre-Boarding-Aktivit\u00e4ten zur Aufnahme in die Gi Group \u00fcber spezielle Plattformen und Websites (wie z. B. &#8220;Enboarder&#8221;)<\/strong><\/p><p>Wodurch wird die Verarbeitungst\u00e4tigkeit legitimiert?<br \/>&#8211; Durchf\u00fchrung von vorvertraglichen Ma\u00dfnahmen<\/p><p>Was geschieht, wenn Sie keine Daten zur Verf\u00fcgung stellen oder nicht einwilligen?<br \/>&#8211; Wenn Sie die Bereitstellung der Daten verweigern, kann die Gi Group die vorvertraglichen Ma\u00dfnahmen nicht durchf\u00fchren.<\/p><p>Wie lange bewahren wir Ihre Daten auf?<br \/>&#8211; Die Daten werden bis zum Ende dieser Phase und nicht l\u00e4nger als bis zum Ende der Probezeit gespeichert.<\/p><p><strong>6. Zusendung von Informationen und Werbemitteilungen \u00fcber die von der Gi Group angebotenen Dienstleistungen \/ Durchf\u00fchrung von Studien und statistischen und\/oder Marktforschungen im Zusammenhang mit den Arbeitsvermittlungen<\/strong><\/p><p>Wodurch wird die Verarbeitung legitimiert?<br \/>&#8211; Die Einwilligung der betroffenen Person in die Verarbeitung der personenbezogenen Daten<\/p><p>Was geschieht, wenn Sie Ihre Daten oder Ihre Einwilligung nicht geben?<br \/>&#8211; Wenn Sie Ihre Zustimmung verweigern, k\u00f6nnen Sie sich trotzdem auf dem Portal der GI-Gruppe registrieren und Ihre Bewerbung einreichen.<\/p><p>Wie lange bewahren wir Ihre Daten auf?- Die Daten werden f\u00fcr den oben genannten Zweck verarbeitet, bis Sie Ihre Einwilligung widerrufen.<\/p><p><strong>7. Zusendung von Informationen und Werbemitteilungen \u00fcber Dienstleistungen, die von anderen Unternehmen der Gruppe angeboten werden (Weiterbildungsinitiativen, Karriereentwicklung, Coaching, Outplacement-Unterst\u00fctzung, Personalsuche und -auswahl und Executive Search) \/ Durchf\u00fchrung von Studien und statistischen und\/oder Marktforschungen im Zusammenhang mit Arbeitsvermittlungen)<\/strong><\/p><p>Wodurch wird die Verarbeitung legitimiert?<br \/>&#8211; Die Einwilligung der betroffenen Person in die Verarbeitung der personenbezogenen Daten<\/p><p>Was geschieht, wenn Sie Ihre Daten oder Ihre Einwilligung nicht geben?<br \/>&#8211; Wenn Sie Ihre Zustimmung verweigern, k\u00f6nnen Sie sich trotzdem auf dem Portal der GI-Gruppe registrieren und Ihre Bewerbung einreichen.<\/p><p>Wie lange bewahren wir Ihre Daten auf?- Die Daten werden f\u00fcr den oben genannten Zweck verarbeitet, bis Sie Ihre Einwilligung widerrufen.<\/p><\/div>\n\t\t\t\t<\/div>\n\t\t\t\t\t\t\t<div class=\"elementor-accordion-item\">\n\t\t\t\t\t<div id=\"elementor-tab-title-1402\" class=\"elementor-tab-title\" data-tab=\"2\" role=\"button\" aria-controls=\"elementor-tab-content-1402\" aria-expanded=\"false\">\n\t\t\t\t\t\t\t\t\t\t\t\t\t<span class=\"elementor-accordion-icon elementor-accordion-icon-left\" aria-hidden=\"true\">\n\t\t\t\t\t\t\t\t\t\t\t\t\t\t\t<span class=\"elementor-accordion-icon-closed\"><i class=\"fas fa-plus\"><\/i><\/span>\n\t\t\t\t\t\t\t\t<span class=\"elementor-accordion-icon-opened\"><i class=\"fas fa-minus\"><\/i><\/span>\n\t\t\t\t\t\t\t\t\t\t\t\t\t\t<\/span>\n\t\t\t\t\t\t\t\t\t\t\t\t<a class=\"elementor-accordion-title\" tabindex=\"0\">Wer wird meine daten verarbeiten?<\/a>\n\t\t\t\t\t<\/div>\n\t\t\t\t\t<div id=\"elementor-tab-content-1402\" class=\"elementor-tab-content elementor-clearfix\" data-tab=\"2\" role=\"region\" aria-labelledby=\"elementor-tab-title-1402\"><p>Die Daten werden von Angestellten und Mitarbeitern verarbeitet, die ausdr\u00fccklich zu deren Verarbeitung befugt sind.<\/p><p>Die Daten werden an Dritte weitergegeben, wie z.B. an Kundenunternehmen oder -einheiten, andere Marktteilnehmer im Falle von Partnerschaften, Konzernunternehmen in der Schweiz oder im Ausland.<\/p><p>Die Daten werden von Unternehmen verarbeitet, die sie in unserem Auftrag verarbeiten, wie z.B. Unternehmen, die Dienstleistungen zur Verwaltung von Websites, Bewerberdatenbanken und deren Pflege erbringen; Unternehmen, die Mailing-Aktivit\u00e4ten durchf\u00fchren; Unternehmen, die Marktforschung betreiben.<\/p><p>Ihre Daten k\u00f6nnen an Unternehmen \u00fcbermittelt werden, die ihren Sitz nicht in der Schweiz oder in einem Staat des Europ\u00e4ischen Wirtschaftsraums (EWR) haben, d.h. in L\u00e4ndern, die nicht das gleiche standardisierte Schutzniveau innerhalb des EWR genie\u00dfen. Aus diesem Grund hat Gi Group geeignete Ma\u00dfnahmen ergriffen, um sicherzustellen, dass Unternehmen, die nicht in der Schweiz oder im EWR ans\u00e4ssig sind und Ihre personenbezogenen Daten verarbeiten, einen angemessenen Schutz f\u00fcr diese Verarbeitung gew\u00e4hrleisten.<\/p><\/div>\n\t\t\t\t<\/div>\n\t\t\t\t\t\t\t<div class=\"elementor-accordion-item\">\n\t\t\t\t\t<div id=\"elementor-tab-title-1403\" class=\"elementor-tab-title\" data-tab=\"3\" role=\"button\" aria-controls=\"elementor-tab-content-1403\" aria-expanded=\"false\">\n\t\t\t\t\t\t\t\t\t\t\t\t\t<span class=\"elementor-accordion-icon elementor-accordion-icon-left\" aria-hidden=\"true\">\n\t\t\t\t\t\t\t\t\t\t\t\t\t\t\t<span class=\"elementor-accordion-icon-closed\"><i class=\"fas fa-plus\"><\/i><\/span>\n\t\t\t\t\t\t\t\t<span class=\"elementor-accordion-icon-opened\"><i class=\"fas fa-minus\"><\/i><\/span>\n\t\t\t\t\t\t\t\t\t\t\t\t\t\t<\/span>\n\t\t\t\t\t\t\t\t\t\t\t\t<a class=\"elementor-accordion-title\" tabindex=\"0\">Kann ich meine einwilligung widerrufen?<\/a>\n\t\t\t\t\t<\/div>\n\t\t\t\t\t<div id=\"elementor-tab-content-1403\" class=\"elementor-tab-content elementor-clearfix\" data-tab=\"3\" role=\"region\" aria-labelledby=\"elementor-tab-title-1403\"><p>Sie k\u00f6nnen Ihre Zustimmung zur Verarbeitung Ihrer Daten jederzeit widerrufen, indem Sie sich in Ihr pers\u00f6nliches Konto einloggen oder eine E-Mail an <a href=\"mailto:ch.privacy@gigroup.com\">ch.privacy@gigroup.com<\/a> senden.<\/p><\/div>\n\t\t\t\t<\/div>\n\t\t\t\t\t\t\t<div class=\"elementor-accordion-item\">\n\t\t\t\t\t<div id=\"elementor-tab-title-1404\" class=\"elementor-tab-title\" data-tab=\"4\" role=\"button\" aria-controls=\"elementor-tab-content-1404\" aria-expanded=\"false\">\n\t\t\t\t\t\t\t\t\t\t\t\t\t<span class=\"elementor-accordion-icon elementor-accordion-icon-left\" aria-hidden=\"true\">\n\t\t\t\t\t\t\t\t\t\t\t\t\t\t\t<span class=\"elementor-accordion-icon-closed\"><i class=\"fas fa-plus\"><\/i><\/span>\n\t\t\t\t\t\t\t\t<span class=\"elementor-accordion-icon-opened\"><i class=\"fas fa-minus\"><\/i><\/span>\n\t\t\t\t\t\t\t\t\t\t\t\t\t\t<\/span>\n\t\t\t\t\t\t\t\t\t\t\t\t<a class=\"elementor-accordion-title\" tabindex=\"0\">Welche rechte habe ich?<\/a>\n\t\t\t\t\t<\/div>\n\t\t\t\t\t<div id=\"elementor-tab-content-1404\" class=\"elementor-tab-content elementor-clearfix\" data-tab=\"4\" role=\"region\" aria-labelledby=\"elementor-tab-title-1404\"><p>Sie k\u00f6nnen Auskunft \u00fcber die Sie betreffenden Daten, deren Berichtigung oder L\u00f6schung sowie die Einschr\u00e4nkung der Verarbeitung, den Widerspruch gegen die Verarbeitung und die Daten\u00fcbertragbarkeit verlangen, indem Sie sich auf dem Postweg an den f\u00fcr die Verarbeitung Verantwortlichen wenden oder eine E-Mail senden an: <a href=\"mailto:ch.privacy@gigroup.com\">ch.privacy@gigroup.com<\/a>.<\/p><p>Sie k\u00f6nnen sich bei der zust\u00e4ndigen Aufsichtsbeh\u00f6rde beschweren und auch die anderen Rechte aus\u00fcben, die Ihnen nach den geltenden Vorschriften zustehen<\/p><\/div>\n\t\t\t\t<\/div>\n\t\t\t\t\t\t\t\t<\/div>\n\t\t\t\t<\/div>\n\t\t\t\t<\/div>\n\t\t\t\t\t<\/div>\n\t\t<\/div>\n\t\t\t\t\t<\/div>\n\t\t<\/section>\n\t\t\t\t<\/div>\n\t\t","protected":false},"excerpt":{"rendered":"<p>DatenschutzpolitikKandidaten Wer ist der inhaber der daten? GI GROUP HUMAN RESOURCES SA, mit Sitz in Manno, Via Cantonale 2B &#8211; Schweiz EU Pro AG, mit Sitz in St. Gallen, St. Leonhard-Strasse 78 &#8211; Schweiz EU Pro Holding, mit Sitz in St. Gallen, St. Leonhard-Strasse 78 &#8211; Schweiz EU Pro Schaan, mit Sitz in St. Gallen, [&hellip;]<\/p>\n","protected":false},"author":1,"featured_media":0,"parent":0,"menu_order":11,"comment_status":"closed","ping_status":"closed","template":"","meta":{"_acf_changed":false,"footnotes":"","_links_to":"","_links_to_target":""},"class_list":["post-11495","page","type-page","status-publish","hentry"],"acf":[],"yoast_head":"<!-- This site is optimized with the Yoast SEO plugin v23.9 - https:\/\/yoast.com\/wordpress\/plugins\/seo\/ -->\n<title>Privacy Policy f\u00fcr Kandidaten - Gi Group Holding Switzerland<\/title>\n<meta name=\"robots\" content=\"index, follow, max-snippet:-1, max-image-preview:large, max-video-preview:-1\" \/>\n<link rel=\"canonical\" href=\"https:\/\/www.gigroupholding.com\/switzerland\/de\/privacy-policy-fuer-kandidaten\/\" \/>\n<meta property=\"og:locale\" content=\"de_DE\" \/>\n<meta property=\"og:type\" content=\"article\" \/>\n<meta property=\"og:title\" content=\"Privacy Policy f\u00fcr Kandidaten - Gi Group Holding Switzerland\" \/>\n<meta property=\"og:description\" content=\"DatenschutzpolitikKandidaten Wer ist der inhaber der daten? GI GROUP HUMAN RESOURCES SA, mit Sitz in Manno, Via Cantonale 2B &#8211; Schweiz EU Pro AG, mit Sitz in St. Gallen, St. Leonhard-Strasse 78 &#8211; Schweiz EU Pro Holding, mit Sitz in St. Gallen, St. Leonhard-Strasse 78 &#8211; Schweiz EU Pro Schaan, mit Sitz in St. Gallen, [&hellip;]\" \/>\n<meta property=\"og:url\" content=\"https:\/\/www.gigroupholding.com\/switzerland\/de\/privacy-policy-fuer-kandidaten\/\" \/>\n<meta property=\"og:site_name\" content=\"Gi Group Holding Switzerland\" \/>\n<meta property=\"article:modified_time\" content=\"2023-04-29T13:01:45+00:00\" \/>\n<meta name=\"twitter:card\" content=\"summary_large_image\" \/>\n<meta name=\"twitter:title\" content=\"Privacy Policy f\u00fcr Kandidaten - Gi Group Holding Switzerland\" \/>\n<meta name=\"twitter:label1\" content=\"Est. reading time\" \/>\n\t<meta name=\"twitter:data1\" content=\"6 minutes\" \/>\n<script type=\"application\/ld+json\" class=\"yoast-schema-graph\">{\"@context\":\"https:\/\/schema.org\",\"@graph\":[{\"@type\":\"WebPage\",\"@id\":\"https:\/\/www.gigroupholding.com\/switzerland\/de\/privacy-policy-fuer-kandidaten\/\",\"url\":\"https:\/\/www.gigroupholding.com\/switzerland\/de\/privacy-policy-fuer-kandidaten\/\",\"name\":\"Privacy Policy f\u00fcr Kandidaten - Gi Group Holding Switzerland\",\"isPartOf\":{\"@id\":\"https:\/\/www.gigroupholding.com\/switzerland\/#website\"},\"datePublished\":\"2022-01-25T11:06:47+00:00\",\"dateModified\":\"2023-04-29T13:01:45+00:00\",\"inLanguage\":\"de-DE\",\"potentialAction\":[{\"@type\":\"ReadAction\",\"target\":[\"https:\/\/www.gigroupholding.com\/switzerland\/de\/privacy-policy-fuer-kandidaten\/\"]}]},{\"@type\":\"WebSite\",\"@id\":\"https:\/\/www.gigroupholding.com\/switzerland\/#website\",\"url\":\"https:\/\/www.gigroupholding.com\/switzerland\/\",\"name\":\"Gi Group Holding Switzerland\",\"description\":\"\",\"potentialAction\":[{\"@type\":\"SearchAction\",\"target\":{\"@type\":\"EntryPoint\",\"urlTemplate\":\"https:\/\/www.gigroupholding.com\/switzerland\/?s={search_term_string}\"},\"query-input\":{\"@type\":\"PropertyValueSpecification\",\"valueRequired\":true,\"valueName\":\"search_term_string\"}}],\"inLanguage\":\"de-DE\"}]}<\/script>\n<!-- \/ Yoast SEO plugin. -->","yoast_head_json":{"title":"Privacy Policy f\u00fcr Kandidaten - Gi Group Holding Switzerland","robots":{"index":"index","follow":"follow","max-snippet":"max-snippet:-1","max-image-preview":"max-image-preview:large","max-video-preview":"max-video-preview:-1"},"canonical":"https:\/\/www.gigroupholding.com\/switzerland\/de\/privacy-policy-fuer-kandidaten\/","og_locale":"de_DE","og_type":"article","og_title":"Privacy Policy f\u00fcr Kandidaten - Gi Group Holding Switzerland","og_description":"DatenschutzpolitikKandidaten Wer ist der inhaber der daten? GI GROUP HUMAN RESOURCES SA, mit Sitz in Manno, Via Cantonale 2B &#8211; Schweiz EU Pro AG, mit Sitz in St. Gallen, St. Leonhard-Strasse 78 &#8211; Schweiz EU Pro Holding, mit Sitz in St. Gallen, St. Leonhard-Strasse 78 &#8211; Schweiz EU Pro Schaan, mit Sitz in St. Gallen, [&hellip;]","og_url":"https:\/\/www.gigroupholding.com\/switzerland\/de\/privacy-policy-fuer-kandidaten\/","og_site_name":"Gi Group Holding Switzerland","article_modified_time":"2023-04-29T13:01:45+00:00","twitter_card":"summary_large_image","twitter_title":"Privacy Policy f\u00fcr Kandidaten - Gi Group Holding Switzerland","twitter_misc":{"Est. reading time":"6 minutes"},"schema":{"@context":"https:\/\/schema.org","@graph":[{"@type":"WebPage","@id":"https:\/\/www.gigroupholding.com\/switzerland\/de\/privacy-policy-fuer-kandidaten\/","url":"https:\/\/www.gigroupholding.com\/switzerland\/de\/privacy-policy-fuer-kandidaten\/","name":"Privacy Policy f\u00fcr Kandidaten - Gi Group Holding Switzerland","isPartOf":{"@id":"https:\/\/www.gigroupholding.com\/switzerland\/#website"},"datePublished":"2022-01-25T11:06:47+00:00","dateModified":"2023-04-29T13:01:45+00:00","inLanguage":"de-DE","potentialAction":[{"@type":"ReadAction","target":["https:\/\/www.gigroupholding.com\/switzerland\/de\/privacy-policy-fuer-kandidaten\/"]}]},{"@type":"WebSite","@id":"https:\/\/www.gigroupholding.com\/switzerland\/#website","url":"https:\/\/www.gigroupholding.com\/switzerland\/","name":"Gi Group Holding Switzerland","description":"","potentialAction":[{"@type":"SearchAction","target":{"@type":"EntryPoint","urlTemplate":"https:\/\/www.gigroupholding.com\/switzerland\/?s={search_term_string}"},"query-input":{"@type":"PropertyValueSpecification","valueRequired":true,"valueName":"search_term_string"}}],"inLanguage":"de-DE"}]}},"_links":{"self":[{"href":"https:\/\/www.gigroupholding.com\/switzerland\/de\/wp-json\/wp\/v2\/pages\/11495","targetHints":{"allow":["GET"]}}],"collection":[{"href":"https:\/\/www.gigroupholding.com\/switzerland\/de\/wp-json\/wp\/v2\/pages"}],"about":[{"href":"https:\/\/www.gigroupholding.com\/switzerland\/de\/wp-json\/wp\/v2\/types\/page"}],"author":[{"embeddable":true,"href":"https:\/\/www.gigroupholding.com\/switzerland\/de\/wp-json\/wp\/v2\/users\/1"}],"replies":[{"embeddable":true,"href":"https:\/\/www.gigroupholding.com\/switzerland\/de\/wp-json\/wp\/v2\/comments?post=11495"}],"version-history":[{"count":15,"href":"https:\/\/www.gigroupholding.com\/switzerland\/de\/wp-json\/wp\/v2\/pages\/11495\/revisions"}],"predecessor-version":[{"id":11562,"href":"https:\/\/www.gigroupholding.com\/switzerland\/de\/wp-json\/wp\/v2\/pages\/11495\/revisions\/11562"}],"wp:attachment":[{"href":"https:\/\/www.gigroupholding.com\/switzerland\/de\/wp-json\/wp\/v2\/media?parent=11495"}],"curies":[{"name":"wp","href":"https:\/\/api.w.org\/{rel}","templated":true}]}}