{"id":10073,"date":"2022-03-10T11:31:52","date_gmt":"2022-03-10T10:31:52","guid":{"rendered":"https:\/\/www.gigroupholding.com\/switzerland\/cookie-policy\/"},"modified":"2023-04-29T15:03:38","modified_gmt":"2023-04-29T13:03:38","slug":"cookie-politik","status":"publish","type":"page","link":"https:\/\/www.gigroupholding.com\/switzerland\/de\/cookie-politik\/","title":{"rendered":"Cookie-Politik"},"content":{"rendered":"\t\t<div data-elementor-type=\"wp-page\" data-elementor-id=\"10073\" class=\"elementor elementor-10073 elementor-7487\" data-elementor-post-type=\"page\">\n\t\t\t\t\t\t<section class=\"elementor-section elementor-top-section elementor-element elementor-element-79dd6b4 header_line_left elementor-section-boxed elementor-section-height-default elementor-section-height-default\" data-id=\"79dd6b4\" data-element_type=\"section\" data-settings=\"{&quot;background_background&quot;:&quot;classic&quot;}\">\n\t\t\t\t\t\t<div class=\"elementor-container elementor-column-gap-default\">\n\t\t\t\t\t<div class=\"elementor-column elementor-col-100 elementor-top-column elementor-element elementor-element-ec9a950\" data-id=\"ec9a950\" data-element_type=\"column\">\n\t\t\t<div class=\"elementor-widget-wrap elementor-element-populated\">\n\t\t\t\t\t\t<div class=\"elementor-element elementor-element-cb3476b elementor-widget elementor-widget-heading\" data-id=\"cb3476b\" data-element_type=\"widget\" data-widget_type=\"heading.default\">\n\t\t\t\t<div class=\"elementor-widget-container\">\n\t\t\t<h1 class=\"elementor-heading-title elementor-size-default\">Cookie-Politik\n<\/h1>\t\t<\/div>\n\t\t\t\t<\/div>\n\t\t\t\t<div class=\"elementor-element elementor-element-6df0029 elementor-widget elementor-widget-spacer\" data-id=\"6df0029\" data-element_type=\"widget\" data-widget_type=\"spacer.default\">\n\t\t\t\t<div class=\"elementor-widget-container\">\n\t\t\t\t\t<div class=\"elementor-spacer\">\n\t\t\t<div class=\"elementor-spacer-inner\"><\/div>\n\t\t<\/div>\n\t\t\t\t<\/div>\n\t\t\t\t<\/div>\n\t\t\t\t\t<\/div>\n\t\t<\/div>\n\t\t\t\t\t<\/div>\n\t\t<\/section>\n\t\t\t\t<section class=\"elementor-section elementor-top-section elementor-element elementor-element-4552faf elementor-section-boxed elementor-section-height-default elementor-section-height-default\" data-id=\"4552faf\" data-element_type=\"section\">\n\t\t\t\t\t\t<div class=\"elementor-container elementor-column-gap-default\">\n\t\t\t\t\t<div class=\"elementor-column elementor-col-100 elementor-top-column elementor-element elementor-element-0441aa2 max-width-940\" data-id=\"0441aa2\" data-element_type=\"column\">\n\t\t\t<div class=\"elementor-widget-wrap elementor-element-populated\">\n\t\t\t\t\t\t<div class=\"elementor-element elementor-element-c79e6f0 elementor-widget elementor-widget-text-editor\" data-id=\"c79e6f0\" data-element_type=\"widget\" data-widget_type=\"text-editor.default\">\n\t\t\t\t<div class=\"elementor-widget-container\">\n\t\t\t\t\t\t\t<h3>Wie in den geltenden Rechtsvorschriften \u00fcber die Verarbeitung personenbezogener Daten vorgesehen, stellen wir dem Nutzer (im Folgenden auch &#8220;Interessent&#8221; genannt) Informationen \u00fcber die so genannten Cookies zur Verf\u00fcgung.<\/h3>\n<p><strong><br><\/strong><\/p>\n<p><strong>Inhaber der Datenverarbeitung und Kontaktangaben<\/strong><\/p>\n<p>Die Website der Gi Group Holding Schweiz (nachfolgend die &#8220;Website&#8221;) verwendet Cookies. Die mit Hilfe von Cookies gesammelten Daten werden von der Gi Group SA (&#8220;Gesellschaft&#8221;) mit Sitz in der Via Cantonale 2B, 6928 Manno, in der Person des gesetzlichen Vertreters (Telefonnummer +41 91 210 37 37, E-Mail Adresse ch.privacy@gigroup.com.<\/p>\n<p><br><\/p>\n<p><strong>Verarbeitete personenbezogene Daten<\/strong><\/p>\n<p>Die Website verarbeitet Navigationsdaten. Zu dieser Datenkategorie geh\u00f6ren beispielsweise: die IP-Adressen oder die Namen der Computer, die von den Nutzern verwendet werden, die sich mit der Website verbinden, die URI (Uniform Resource Identifier)-Notationsadressen der angeforderten Ressourcen, die Uhrzeit der Anfragen, die Methode, mit der die Anfragen an den Server \u00fcbermittelt werden, die Gr\u00f6\u00dfe der als Antwort erhaltenen Datei, der numerische Code, der den Status der vom Server gelieferten Antwort angibt (erfolgreich, Fehler usw.) sowie andere Parameter, die sich auf das Betriebssystem und die IT-Umgebung des Nutzers beziehen.<\/p>\n<p><strong><br><\/strong><\/p>\n<p><strong>Was sind Cookies?<\/strong><\/p>\n<p>Cookies sind kleine Textstrings. Sie werden von einem Server erstellt und auf der Festplatte des Computers oder eines anderen Ger\u00e4ts, mit dem der Nutzer auf eine Website zugreift (Smartphone, Tablet usw.), gespeichert und bei seinem n\u00e4chsten Besuch wieder an diese Website \u00fcbertragen.<\/p>\n<p>Cookies erm\u00f6glichen es beispielsweise, Funktionen und Anpassungen zu aktivieren, die die Interaktion des Nutzers mit einer Website erleichtern, die Artikel in einem Einkaufswagen zu verfolgen oder Informationen zum Ausf\u00fcllen eines Computerformulars zu speichern.<\/p>\n<p>Im Hinblick auf die Dauer k\u00f6nnen Cookies in Sitzungscookies und dauerhafte Cookies unterschieden werden.<\/p>\n<p>Sitzungscookies verschwinden, wenn der Browser geschlossen wird, oder haben eine begrenzte Lebensdauer.<\/p>\n<p>Dauerhafte Cookies werden dauerhaft auf dem Computer oder einem anderen Ger\u00e4t des Nutzers gespeichert und haben eine variable Lebensdauer.<\/p>\n<p>Cookies, die am Ende einer Sitzung ablaufen (normalerweise, wenn ein Nutzer seinen Browser schlie\u00dft), sind beispielsweise f\u00fcr Sicherheitszwecke n\u00fctzlich, etwa wenn ein Nutzer auf seine Mailbox oder einen gesch\u00fctzten Bereich einer Website zugreift. Andererseits dienen Cookies, die \u00fcber einen l\u00e4ngeren Zeitraum (zwischen zwei Sitzungen) gespeichert werden, beispielsweise dazu, sich die Pr\u00e4ferenzen der Nutzer zu merken (z. B. die Sprache, in der sie auf der Website surfen) oder gezielte Werbung vorzuschlagen.<\/p>\n<p>Je nach Ursprung k\u00f6nnen Cookies als Erstanbieter-Cookies oder als Drittanbieter-Cookies klassifiziert werden. Erstanbieter-Cookies werden direkt von der vom Nutzer besuchten Website installiert, w\u00e4hrend Drittanbieter-Cookies von einer anderen Dom\u00e4ne als der vom Nutzer besuchten installiert werden, z. B. wenn die Website Elemente von anderen Websites enth\u00e4lt, wie Bilder oder Plugins f\u00fcr soziale Medien.<\/p>\n<p>Je nach ihrem Zweck lassen sich Cookies in technische, analytische und profilbildende Cookies einteilen.<\/p>\n<p>Technische Cookies sind f\u00fcr das ordnungsgem\u00e4\u00dfe Funktionieren einer Website erforderlich, da sie Funktionen erm\u00f6glichen, die das Surfen des Nutzers erm\u00f6glichen, sichern und erleichtern. So kann der Nutzer beispielsweise die Sprache ausw\u00e4hlen, in der er auf einer Website navigieren m\u00f6chte, ohne sie jedes Mal neu einstellen zu m\u00fcssen, oder er kann auf sein Profil zugreifen, ohne sich jedes Mal anmelden zu m\u00fcssen. Streng notwendige Cookies und funktionale Cookies fallen in diese Kategorie.<\/p>\n<p>Analytische Cookies, bei denen es sich entweder um Erstanbieter oder um Drittanbieter handeln kann, werden installiert, um Informationen \u00fcber die Nutzung einer Website zu sammeln. Sie sind insbesondere n\u00fctzlich, um die Zugriffe oder Besuche auf einer Website statistisch zu analysieren und es dem Eigent\u00fcmer zu erm\u00f6glichen, ihre Struktur, ihre Navigationslogik und ihren Inhalt zu verbessern.<\/p>\n<p>Profiling-Cookies, bei denen es sich um Erstanbieter oder Drittanbieter handeln kann, werden verwendet, um die Navigation des Nutzers zu verfolgen, sein Verhalten zu Marketingzwecken zu analysieren und Profile \u00fcber seinen Geschmack, seine Gewohnheiten, seine Entscheidungen usw. zu erstellen. Auf diese Weise ist es beispielsweise m\u00f6glich, gezielte Werbebotschaften zu \u00fcbermitteln, die den Interessen des Nutzers und den von ihm beim Online-Surfen ge\u00e4u\u00dferten Pr\u00e4ferenzen entsprechen. Gezielte Werbecookies und soziale Cookies fallen in diese Kategorie.<\/p>\n<div><br><\/div>\n<p><b>Welche Cookies verwendet diese Website und zu welchen Zwecken?<\/b><br><\/p>\n<p>In Bezug auf die Herkunft informieren wir Sie, dass die Website Cookies von Erstanbietern und Drittanbietern verwendet.<\/p>\n<p>Die Verwendung von Cookies von Drittanbietern unterliegt den von den Drittanbietern selbst festgelegten Regeln. Der Nutzer wird daher gebeten, die Informationen \u00fcber die Verarbeitung personenbezogener Daten durch die Drittanbieter zu lesen, die in den Tabellen mit den von der Website verwendeten Cookies angegeben sind.<\/p>\n<p>Was die Dauer betrifft, so verwendet die Website sowohl Sitzungscookies als auch dauerhafte Cookies.<\/p>\n<p>Was schlie\u00dflich die verfolgten Zwecke betrifft, so verwendet die Website technische, analytische und profilierende Cookies.<\/p>\n<p>Nachfolgend werden f\u00fcr jede Art von Cookie der Name, der erste oder der Drittanbieter, der Verwendungszweck und die Dauer angegeben.<\/p>\n<p><br><\/p>\n<p>&lt;!&#8211; OneTrust Cookies List start &#8211;&gt;<\/p>\n<p>&lt;div id=&#8221;ot-sdk-cookie-policy&#8221;&gt;&lt;\/div&gt;<\/p>\n<p>&lt;!&#8211; OneTrust Cookies List end &#8211;&gt;&nbsp;<\/p>\n<p><br><\/p>\n<p>In Bezug auf die analytischen Cookies verwendet die Website Google Analytics, um Informationen in aggregierter Form \u00fcber die Anzahl der Nutzer, die die Website besuchen, und \u00fcber die Art und Weise, wie die Website genutzt wird, zu sammeln, um allgemeine Statistiken \u00fcber den Dienst und seine Nutzung zu erstellen, ohne den einzelnen Nutzer identifizieren zu k\u00f6nnen. Die Einstellungen von Google Analytics sehen die Weitergabe von Daten an Google vor, um folgende Dienste nutzen zu k\u00f6nnen: i) Benchmarking, d.h. die Teilnahme an der Sammlung anonymer Daten, die dazu beitragen, Datentrends besser zu verstehen; ii) Technischer Support, damit Google Hilfestellung leisten kann und iii) Kontoexperten, damit Google-Marketingexperten Vorschl\u00e4ge zur Verbesserung der Konfiguration und Analyse machen k\u00f6nnen.<\/p>\n<p>Weitere Einzelheiten und Informationen finden Sie auf der Seite des Anbieters hier.<\/p>\n<p>Der Nutzer kann die Google Analytics-Cookies deaktivieren, indem er ein spezielles Browser-Plug-in herunterl\u00e4dt, das hier verf\u00fcgbar ist.<\/p>\n<p>&nbsp;<\/p>\n<p>Wie kann ich meine Cookie-Einstellungen verwalten?<\/p>\n<p>Wenn Sie zum ersten Mal auf eine Seite der Website zugreifen, sehen Sie ein Banner mit einem kurzen Informationshinweis und dem Panel zur Verwaltung der Cookie-Einstellungen. Der Nutzer hat die M\u00f6glichkeit, nach einheitlichen Kategorien gruppierte Cookies auszuw\u00e4hlen und abzuw\u00e4hlen. Die Zustimmung zur Verwendung von Cookies wird mit einem &#8220;technischen Cookie&#8221; gespeichert. Das Schlie\u00dfen des Banners durch Auswahl einer mit einem X gekennzeichneten Schaltfl\u00e4che in der rechten oberen Ecke des Banners f\u00fchrt dazu, dass die Standardeinstellungen beibehalten werden und somit das Surfen ohne andere als die unbedingt erforderlichen technischen Cookies fortgesetzt werden kann. Es steht auch ein spezieller Befehl zur Verf\u00fcgung, mit dem der Nutzer sein Einverst\u00e4ndnis mit der Platzierung aller Cookies geben kann.<\/p>\n<p>In jedem Fall ist es m\u00f6glich, die Entscheidungen bez\u00fcglich der von der Website verwendeten Cookies jederzeit zu \u00e4ndern, indem man auf die Schaltfl\u00e4che klickt, die auf jeder Seite der Website in der linken unteren Ecke erscheint.<\/p>\n<p>Sie k\u00f6nnen Ihre Pr\u00e4ferenzen in Bezug auf Cookies auch \u00fcber die Einstellungen des von Ihnen verwendeten Browsers zum Ausdruck bringen. Die meisten Browser akzeptieren Cookies automatisch, aber wenn Sie Ihre Browsereinstellungen entsprechend anpassen, k\u00f6nnen Sie sie ablehnen oder selektiv akzeptieren (die von den wichtigsten Browsern angebotenen Methoden sind unten aufgef\u00fchrt: Chrome, Firefox, Safari, Opera, Edge, Internet Explorer)<\/p>\n<p>Die Deaktivierung oder Blockierung von Cookies oder deren L\u00f6schung kann die optimale Nutzung bestimmter Bereiche der Website beeintr\u00e4chtigen oder bestimmte Funktionen verhindern sowie das Funktionieren von Diensten Dritter beeintr\u00e4chtigen.<\/p>\n<p>Informationen \u00fcber die Verwendung von Cookies durch Facebook, Instagram, YouTube, Twitter und LinkedIn finden Sie unter Facebook, Instagram, Google, Twitter bzw. LinkedIn.<\/p>\n<p>Um die Erfassung von Daten zu Analysezwecken durch Google Analytics-Cookies unter Kontrolle zu halten, wird der Nutzer gebeten, die Seite des Browser-Add-ons zur Deaktivierung von Google Analytics zu besuchen, wo er, falls er dies w\u00fcnscht, diese Cookies durch Herunterladen des dort verf\u00fcgbaren spezifischen Browser-Plug-ins deaktivieren kann.<\/p>\n<p>Das Unternehmen verwendet auf seiner Website ReCaptcha, um zu pr\u00fcfen, ob die Dateneingabe (z.B. in ein Kontakt- oder Anmeldeformular) von einer Person oder einem automatisierten Programm vorgenommen wird, um einen Missbrauch der angebotenen Dienste zu verhindern. Die Verwendung von ReCaptcha unterliegt den Datenschutzbestimmungen und Nutzungsbedingungen von Google.<\/p>\n<div><br><\/div>\n<p><b>Ist die Annahme von Cookies obligatorisch?<\/b><br><\/p>\n<p>Streng notwendige technische Cookies dienen dazu, eine ordnungsgem\u00e4\u00dfe Navigation auf der Website zu gew\u00e4hrleisten und den vom Nutzer angeforderten Dienst zu erbringen, daher ist die vorherige Zustimmung des Nutzers f\u00fcr ihre Installation nicht erforderlich, wie im entsprechenden Absatz angegeben.&nbsp;<\/p>\n<p>Die \u00fcbrigen Arten von Cookies werden nur nach Zustimmung des Nutzers installiert. Diese Zustimmung ist fakultativ. Die Verweigerung der Zustimmung kann jedoch dazu f\u00fchren, dass Teile der Website nicht ordnungsgem\u00e4\u00df funktionieren.<\/p>\n<p><b><br><\/b><\/p>\n<p><b>Zur Datenverarbeitung befugte Personen<\/b><br><\/p>\n<p>Die Daten k\u00f6nnen von den Mitarbeitern der Unternehmensfunktionen verarbeitet werden, die mit der Verfolgung der oben genannten Zwecke betraut sind, die ausdr\u00fccklich zur Verarbeitung der Daten erm\u00e4chtigt wurden und die entsprechende Betriebsanweisungen erhalten haben.<\/p>\n<p><br><\/p>\n<p><span style=\"font-weight: 700;\">Empf\u00e4nger der Daten<\/span><br><\/p>\n<p>Die Daten des Benutzers k\u00f6nnen von externen Personen verarbeitet werden, die als Inhaber der Datenverarbeitung fungieren, wie z.B. Beh\u00f6rden, Aufsichts- und Kontrollorgane und im Allgemeinen Personen, auch Privatpersonen, die das Recht haben, die Daten anzufordern, Beh\u00f6rden, die den Inhaber der Datenverarbeitung zu administrativen oder institutionellen Zwecken gem\u00e4\u00df den geltenden Vorschriften ausdr\u00fccklich darum ersuchen, sowie Personen, Gesellschaften, Verb\u00e4nde oder Fachfirmen, die Unterst\u00fctzung und Beratung leisten.<\/p>\n<p>Die Daten k\u00f6nnen im Auftrag des Inhabers auch von externen Personen verarbeitet werden, die als Datenverarbeiter bezeichnet werden und denen entsprechende Anweisungen erteilt werden. Diese Personen geh\u00f6ren den folgenden Kategorien an<\/p>\n<p>&#8211; Unternehmen, die Postversanddienste anbieten;<\/p>\n<p>&#8211; Unternehmen, die Wartungsdienste f\u00fcr die Website und die Informationssysteme erbringen;<\/p>\n<p>&#8211; Unternehmen, die Unterst\u00fctzung bei der Durchf\u00fchrung von Marketinginitiativen und Marktstudien leisten.<\/p>\n<p>Die Daten k\u00f6nnen an Unternehmen \u00fcbermittelt werden, die ihren Sitz nicht in der Schweiz oder in einem EU-Mitgliedstaat haben, d.h. in L\u00e4ndern, die nicht das gleiche standardisierte Schutzniveau innerhalb des EWR genie\u00dfen. Aus diesem Grund hat Gi Group geeignete Ma\u00dfnahmen ergriffen, um sicherzustellen, dass Unternehmen, die nicht in der Schweiz oder im EWR ans\u00e4ssig sind und Ihre personenbezogenen Daten verarbeiten, einen angemessenen Schutz f\u00fcr diese Verarbeitung gew\u00e4hrleisten.<\/p>\n<div><br><\/div>\n<p><b>Rechte der betroffenen Person<\/b><br><\/p>\n<p>Die betroffenen Personen k\u00f6nnen Auskunft \u00fcber ihre Daten, deren Berichtigung oder L\u00f6schung sowie die Einschr\u00e4nkung der Verarbeitung, den Widerspruch gegen die Verarbeitung und die Daten\u00fcbertragbarkeit verlangen, indem sie sich mit normaler Post an den f\u00fcr die Verarbeitung Verantwortlichen wenden oder eine E-Mail an ch.privacy@gigroup.com senden.<\/p>\n<p>Die betroffenen Personen k\u00f6nnen eine Beschwerde bei der zust\u00e4ndigen Aufsichtsbeh\u00f6rde einreichen und die \u00fcbrigen in den geltenden Rechtsvorschriften vorgesehenen Rechte aus\u00fcben<\/p>\n<p><br><\/p>\n<p>Letzte Aktualisierung: M\u00e4rz 2023<\/p>\t\t\t\t\t\t<\/div>\n\t\t\t\t<\/div>\n\t\t\t\t\t<\/div>\n\t\t<\/div>\n\t\t\t\t\t<\/div>\n\t\t<\/section>\n\t\t\t\t<\/div>\n\t\t","protected":false},"excerpt":{"rendered":"<p>Cookie-Politik Wie in den geltenden Rechtsvorschriften \u00fcber die Verarbeitung personenbezogener Daten vorgesehen, stellen wir dem Nutzer (im Folgenden auch &#8220;Interessent&#8221; genannt) Informationen \u00fcber die so genannten Cookies zur Verf\u00fcgung. Inhaber der Datenverarbeitung und Kontaktangaben Die Website der Gi Group Holding Schweiz (nachfolgend die &#8220;Website&#8221;) verwendet Cookies. Die mit Hilfe von Cookies gesammelten Daten werden von [&hellip;]<\/p>\n","protected":false},"author":1,"featured_media":0,"parent":0,"menu_order":0,"comment_status":"closed","ping_status":"closed","template":"","meta":{"_acf_changed":false,"footnotes":"","_links_to":"","_links_to_target":""},"class_list":["post-10073","page","type-page","status-publish","hentry"],"acf":[],"yoast_head":"<!-- This site is optimized with the Yoast SEO plugin v23.9 - https:\/\/yoast.com\/wordpress\/plugins\/seo\/ -->\n<title>Cookie-Politik - Gi Group Holding Switzerland<\/title>\n<meta name=\"description\" content=\"Wie in den geltenden Rechtsvorschriften \u00fcber die Verarbeitung personenbezogener Daten vorgesehen, stellen wir dem Nutzer (im Folgenden auch \u201eInteressent\u201c genannt) Informationen \u00fcber die so genannten Cookies zur Verf\u00fcgung.\" \/>\n<meta name=\"robots\" content=\"index, follow, max-snippet:-1, max-image-preview:large, max-video-preview:-1\" \/>\n<link rel=\"canonical\" href=\"https:\/\/www.gigroupholding.com\/switzerland\/de\/cookie-politik\/\" \/>\n<meta property=\"og:locale\" content=\"de_DE\" \/>\n<meta property=\"og:type\" content=\"article\" \/>\n<meta property=\"og:title\" content=\"Cookie-Politik - Gi Group Holding Switzerland\" \/>\n<meta property=\"og:description\" content=\"Wie in den geltenden Rechtsvorschriften \u00fcber die Verarbeitung personenbezogener Daten vorgesehen, stellen wir dem Nutzer (im Folgenden auch \u201eInteressent\u201c genannt) Informationen \u00fcber die so genannten Cookies zur Verf\u00fcgung.\" \/>\n<meta property=\"og:url\" content=\"https:\/\/www.gigroupholding.com\/switzerland\/de\/cookie-politik\/\" \/>\n<meta property=\"og:site_name\" content=\"Gi Group Holding Switzerland\" \/>\n<meta property=\"article:modified_time\" content=\"2023-04-29T13:03:38+00:00\" \/>\n<meta name=\"twitter:card\" content=\"summary_large_image\" \/>\n<meta name=\"twitter:title\" content=\"Cookie-Politik - Gi Group Holding Switzerland\" \/>\n<meta name=\"twitter:description\" content=\"Wie in den geltenden Rechtsvorschriften \u00fcber die Verarbeitung personenbezogener Daten vorgesehen, stellen wir dem Nutzer (im Folgenden auch \u201eInteressent\u201c genannt) Informationen \u00fcber die so genannten Cookies zur Verf\u00fcgung.\" \/>\n<meta name=\"twitter:label1\" content=\"Est. reading time\" \/>\n\t<meta name=\"twitter:data1\" content=\"10 minutes\" \/>\n<script type=\"application\/ld+json\" class=\"yoast-schema-graph\">{\"@context\":\"https:\/\/schema.org\",\"@graph\":[{\"@type\":\"WebPage\",\"@id\":\"https:\/\/www.gigroupholding.com\/switzerland\/de\/cookie-politik\/\",\"url\":\"https:\/\/www.gigroupholding.com\/switzerland\/de\/cookie-politik\/\",\"name\":\"Cookie-Politik - Gi Group Holding Switzerland\",\"isPartOf\":{\"@id\":\"https:\/\/www.gigroupholding.com\/switzerland\/#website\"},\"datePublished\":\"2022-03-10T10:31:52+00:00\",\"dateModified\":\"2023-04-29T13:03:38+00:00\",\"description\":\"Wie in den geltenden Rechtsvorschriften \u00fcber die Verarbeitung personenbezogener Daten vorgesehen, stellen wir dem Nutzer (im Folgenden auch \u201eInteressent\u201c genannt) Informationen \u00fcber die so genannten Cookies zur Verf\u00fcgung.\",\"inLanguage\":\"de-DE\",\"potentialAction\":[{\"@type\":\"ReadAction\",\"target\":[\"https:\/\/www.gigroupholding.com\/switzerland\/de\/cookie-politik\/\"]}]},{\"@type\":\"WebSite\",\"@id\":\"https:\/\/www.gigroupholding.com\/switzerland\/#website\",\"url\":\"https:\/\/www.gigroupholding.com\/switzerland\/\",\"name\":\"Gi Group Holding Switzerland\",\"description\":\"\",\"potentialAction\":[{\"@type\":\"SearchAction\",\"target\":{\"@type\":\"EntryPoint\",\"urlTemplate\":\"https:\/\/www.gigroupholding.com\/switzerland\/?s={search_term_string}\"},\"query-input\":{\"@type\":\"PropertyValueSpecification\",\"valueRequired\":true,\"valueName\":\"search_term_string\"}}],\"inLanguage\":\"de-DE\"}]}<\/script>\n<!-- \/ Yoast SEO plugin. -->","yoast_head_json":{"title":"Cookie-Politik - Gi Group Holding Switzerland","description":"Wie in den geltenden Rechtsvorschriften \u00fcber die Verarbeitung personenbezogener Daten vorgesehen, stellen wir dem Nutzer (im Folgenden auch \u201eInteressent\u201c genannt) Informationen \u00fcber die so genannten Cookies zur Verf\u00fcgung.","robots":{"index":"index","follow":"follow","max-snippet":"max-snippet:-1","max-image-preview":"max-image-preview:large","max-video-preview":"max-video-preview:-1"},"canonical":"https:\/\/www.gigroupholding.com\/switzerland\/de\/cookie-politik\/","og_locale":"de_DE","og_type":"article","og_title":"Cookie-Politik - Gi Group Holding Switzerland","og_description":"Wie in den geltenden Rechtsvorschriften \u00fcber die Verarbeitung personenbezogener Daten vorgesehen, stellen wir dem Nutzer (im Folgenden auch \u201eInteressent\u201c genannt) Informationen \u00fcber die so genannten Cookies zur Verf\u00fcgung.","og_url":"https:\/\/www.gigroupholding.com\/switzerland\/de\/cookie-politik\/","og_site_name":"Gi Group Holding Switzerland","article_modified_time":"2023-04-29T13:03:38+00:00","twitter_card":"summary_large_image","twitter_title":"Cookie-Politik - Gi Group Holding Switzerland","twitter_description":"Wie in den geltenden Rechtsvorschriften \u00fcber die Verarbeitung personenbezogener Daten vorgesehen, stellen wir dem Nutzer (im Folgenden auch \u201eInteressent\u201c genannt) Informationen \u00fcber die so genannten Cookies zur Verf\u00fcgung.","twitter_misc":{"Est. reading time":"10 minutes"},"schema":{"@context":"https:\/\/schema.org","@graph":[{"@type":"WebPage","@id":"https:\/\/www.gigroupholding.com\/switzerland\/de\/cookie-politik\/","url":"https:\/\/www.gigroupholding.com\/switzerland\/de\/cookie-politik\/","name":"Cookie-Politik - Gi Group Holding Switzerland","isPartOf":{"@id":"https:\/\/www.gigroupholding.com\/switzerland\/#website"},"datePublished":"2022-03-10T10:31:52+00:00","dateModified":"2023-04-29T13:03:38+00:00","description":"Wie in den geltenden Rechtsvorschriften \u00fcber die Verarbeitung personenbezogener Daten vorgesehen, stellen wir dem Nutzer (im Folgenden auch \u201eInteressent\u201c genannt) Informationen \u00fcber die so genannten Cookies zur Verf\u00fcgung.","inLanguage":"de-DE","potentialAction":[{"@type":"ReadAction","target":["https:\/\/www.gigroupholding.com\/switzerland\/de\/cookie-politik\/"]}]},{"@type":"WebSite","@id":"https:\/\/www.gigroupholding.com\/switzerland\/#website","url":"https:\/\/www.gigroupholding.com\/switzerland\/","name":"Gi Group Holding Switzerland","description":"","potentialAction":[{"@type":"SearchAction","target":{"@type":"EntryPoint","urlTemplate":"https:\/\/www.gigroupholding.com\/switzerland\/?s={search_term_string}"},"query-input":{"@type":"PropertyValueSpecification","valueRequired":true,"valueName":"search_term_string"}}],"inLanguage":"de-DE"}]}},"_links":{"self":[{"href":"https:\/\/www.gigroupholding.com\/switzerland\/de\/wp-json\/wp\/v2\/pages\/10073","targetHints":{"allow":["GET"]}}],"collection":[{"href":"https:\/\/www.gigroupholding.com\/switzerland\/de\/wp-json\/wp\/v2\/pages"}],"about":[{"href":"https:\/\/www.gigroupholding.com\/switzerland\/de\/wp-json\/wp\/v2\/types\/page"}],"author":[{"embeddable":true,"href":"https:\/\/www.gigroupholding.com\/switzerland\/de\/wp-json\/wp\/v2\/users\/1"}],"replies":[{"embeddable":true,"href":"https:\/\/www.gigroupholding.com\/switzerland\/de\/wp-json\/wp\/v2\/comments?post=10073"}],"version-history":[{"count":15,"href":"https:\/\/www.gigroupholding.com\/switzerland\/de\/wp-json\/wp\/v2\/pages\/10073\/revisions"}],"predecessor-version":[{"id":11565,"href":"https:\/\/www.gigroupholding.com\/switzerland\/de\/wp-json\/wp\/v2\/pages\/10073\/revisions\/11565"}],"wp:attachment":[{"href":"https:\/\/www.gigroupholding.com\/switzerland\/de\/wp-json\/wp\/v2\/media?parent=10073"}],"curies":[{"name":"wp","href":"https:\/\/api.w.org\/{rel}","templated":true}]}}