{"id":9155,"date":"2022-02-24T13:56:42","date_gmt":"2022-02-24T13:56:42","guid":{"rendered":"https:\/\/www.gigroupholding.com\/portugal\/?page_id=9155"},"modified":"2025-09-26T09:59:58","modified_gmt":"2025-09-26T09:59:58","slug":"politica-de-privacidade","status":"publish","type":"page","link":"https:\/\/www.gigroupholding.com\/portugal\/politica-de-privacidade\/","title":{"rendered":"Pol\u00edtica de Privacidade"},"content":{"rendered":"\t\t<div data-elementor-type=\"wp-page\" data-elementor-id=\"9155\" class=\"elementor elementor-9155\" data-elementor-post-type=\"page\">\n\t\t\t\t\t\t<section class=\"elementor-section elementor-top-section elementor-element elementor-element-0886285 header_line_left elementor-section-boxed elementor-section-height-default elementor-section-height-default\" data-id=\"0886285\" data-element_type=\"section\" data-settings=\"{&quot;background_background&quot;:&quot;classic&quot;}\">\n\t\t\t\t\t\t<div class=\"elementor-container elementor-column-gap-default\">\n\t\t\t\t\t<div class=\"elementor-column elementor-col-100 elementor-top-column elementor-element elementor-element-4e5f320\" data-id=\"4e5f320\" data-element_type=\"column\">\n\t\t\t<div class=\"elementor-widget-wrap elementor-element-populated\">\n\t\t\t\t\t\t<div class=\"elementor-element elementor-element-0f0d849 elementor-widget elementor-widget-heading\" data-id=\"0f0d849\" data-element_type=\"widget\" data-widget_type=\"heading.default\">\n\t\t\t\t<div class=\"elementor-widget-container\">\n\t\t\t<h1 class=\"elementor-heading-title elementor-size-default\">Pol\u00edtica de Privacidade<\/h1>\t\t<\/div>\n\t\t\t\t<\/div>\n\t\t\t\t<div class=\"elementor-element elementor-element-2705c6c elementor-widget elementor-widget-spacer\" data-id=\"2705c6c\" data-element_type=\"widget\" data-widget_type=\"spacer.default\">\n\t\t\t\t<div class=\"elementor-widget-container\">\n\t\t\t\t\t<div class=\"elementor-spacer\">\n\t\t\t<div class=\"elementor-spacer-inner\"><\/div>\n\t\t<\/div>\n\t\t\t\t<\/div>\n\t\t\t\t<\/div>\n\t\t\t\t\t<\/div>\n\t\t<\/div>\n\t\t\t\t\t<\/div>\n\t\t<\/section>\n\t\t\t\t<section class=\"elementor-section elementor-top-section elementor-element elementor-element-e9cae8b elementor-section-boxed elementor-section-height-default elementor-section-height-default\" data-id=\"e9cae8b\" data-element_type=\"section\">\n\t\t\t\t\t\t<div class=\"elementor-container elementor-column-gap-default\">\n\t\t\t\t\t<div class=\"elementor-column elementor-col-100 elementor-top-column elementor-element elementor-element-5a4a6e4 max-width-940\" data-id=\"5a4a6e4\" data-element_type=\"column\">\n\t\t\t<div class=\"elementor-widget-wrap elementor-element-populated\">\n\t\t\t\t\t\t<div class=\"elementor-element elementor-element-8843dc9 elementor-widget elementor-widget-text-editor\" data-id=\"8843dc9\" data-element_type=\"widget\" data-widget_type=\"text-editor.default\">\n\t\t\t\t<div class=\"elementor-widget-container\">\n\t\t\t\t\t\t\t<h2>Respons\u00e1veis pelo tratamento dos dados<\/h2><p>GIGP &#8211; EMPRESA DE TRABALHO TEMPOR\u00c1RIO E RECURSOS HUMANOS, LDA, com sede social no Edificio Heron Castilho, Rua Braamcamp, n\u00b0 40, 5\u00b0 D, 1250 \u2013 050, Lisboa, N\u00ba.17, Cv Dt.\u00aa 1050-012 Lisboa, na pessoa do seu Representante Legal e GIHR &#8211; HR SERVICES &amp; SELECTION, LDA, com sede no Edificio Heron Castilho, Rua Braamcamp, n\u00b0 40, 5\u00b0 D, 1250 &#8211; 050, Lisboa, na pessoa do seu Representante Legal.<\/p><h2>Encarregada da protec\u00e7\u00e3o de dados<\/h2><p>O encarregado da protec\u00e7\u00e3o de dados pode ser contactado no seguinte endere\u00e7o: dpo@gigroup.com<\/p><h2>M\u00e9todos de processamento<\/h2><p>O processamento de dados baseia-se nos princ\u00edpios de correc\u00e7\u00e3o, licitude, transpar\u00eancia e minimiza\u00e7\u00e3o de dados. \u00c9 efectuado tanto manualmente como por meios automatizados de armazenamento, tratamento e transmiss\u00e3o dos dados e \u00e9 realizado atrav\u00e9s de medidas t\u00e9cnicas e organizacionais adequadas, na medida do razoavelmente necess\u00e1rio e de acordo com o estado da t\u00e9cnica, para garantir, entre outras coisas, a seguran\u00e7a, a confidencialidade, integridade, disponibilidade e resili\u00eancia dos sistemas e servi\u00e7os, evitando o risco de perda, destrui\u00e7\u00e3o, acesso ou divulga\u00e7\u00e3o n\u00e3o autorizados ou qualquer outra utiliza\u00e7\u00e3o ilegal, bem como medidas razo\u00e1veis para apagar ou rectificar atempadamente quaisquer dados que sejam inexactos em rela\u00e7\u00e3o aos fins para os quais s\u00e3o processados.<\/p><h2>Direitos dos titulares dos dados<\/h2><p>S\u00e3o concedidos \u00e0s pessoas em causa os direitos estabelecidos nos artigos 15\u00ba a 22\u00ba do GDPR, quando aplic\u00e1vel. Em particular, as pessoas em causa podem solicitar ao respons\u00e1vel pelo tratamento de dados o acesso aos dados, a sua elimina\u00e7\u00e3o, a rectifica\u00e7\u00e3o de dados incorrectos, a integra\u00e7\u00e3o de dados incompletos, bem como a restri\u00e7\u00e3o do tratamento.<\/p><p>Os titulares dos dados t\u00eam o direito de se opor, total ou parcialmente, a qualquer momento, ao tratamento de dados necess\u00e1rio para o leg\u00edtimo interesse dos Respons\u00e1veis pelos Dados.<\/p><p>Os titulares dos dados tamb\u00e9m t\u00eam o direito, quando estiverem presentes as condi\u00e7\u00f5es para o exerc\u00edcio do direito \u00e0 portabilidade estabelecido no artigo 20 do GDPR, de receber num formato estruturado, comummente utilizado e leg\u00edvel por computador os dados fornecidos aos respons\u00e1veis pelos dados e, se tecnicamente vi\u00e1vel, de os transmitir a outro respons\u00e1vel pelos dados sem impedimentos.<\/p><p>Estes direitos podem ser exercidos por escrito para o seguinte endere\u00e7o electr\u00f3nico: o <a href=\"mailto:dpo@gigroup.com\">dpo@gigroup.com<\/a>.<\/p><p>As pessoas em causa t\u00eam o direito de apresentar uma queixa \u00e0 autoridade de controlo competente (em particular no Estado-membro em que habitualmente residem ou trabalham ou no Estado onde a alegada viola\u00e7\u00e3o ocorreu).<\/p><h2>Direito de retirar o consentimento<\/h2><p>Os titulares dos dados t\u00eam o direito de retirar o seu consentimento em qualquer altura, enviando um e-mail para pt.privacy@gigroup.com; a retirada do consentimento n\u00e3o afecta a legalidade do processamento com base no consentimento dado antes da revoga\u00e7\u00e3o.<\/p><p><strong>\u00a0 <\/strong>\u00a0<\/p><p><strong>Avisos de privacidade dispon\u00edveis no website: <\/strong><\/p>\t\t\t\t\t\t<\/div>\n\t\t\t\t<\/div>\n\t\t\t\t\t<\/div>\n\t\t<\/div>\n\t\t\t\t\t<\/div>\n\t\t<\/section>\n\t\t\t\t<section class=\"elementor-section elementor-top-section elementor-element elementor-element-003ba33 elementor-section-boxed elementor-section-height-default elementor-section-height-default\" data-id=\"003ba33\" data-element_type=\"section\">\n\t\t\t\t\t\t<div class=\"elementor-container elementor-column-gap-default\">\n\t\t\t\t\t<div class=\"elementor-column elementor-col-100 elementor-top-column elementor-element elementor-element-abf4ed7\" data-id=\"abf4ed7\" data-element_type=\"column\">\n\t\t\t<div class=\"elementor-widget-wrap elementor-element-populated\">\n\t\t\t\t\t\t<div class=\"elementor-element elementor-element-9b1929b elementor-align-center elementor-widget elementor-widget-button\" data-id=\"9b1929b\" data-element_type=\"widget\" data-widget_type=\"button.default\">\n\t\t\t\t<div class=\"elementor-widget-container\">\n\t\t\t\t\t\t\t<div class=\"elementor-button-wrapper\">\n\t\t\t\t\t<a class=\"elementor-button elementor-button-link elementor-size-sm\" href=\"https:\/\/www.gigroupholding.com\/portugal\/politica-de-privacidade\/politica-de-cookies\/\">\n\t\t\t\t\t\t<span class=\"elementor-button-content-wrapper\">\n\t\t\t\t\t\t\t\t\t<span class=\"elementor-button-text\">Ler Pol\u00edtica de Cookies<\/span>\n\t\t\t\t\t<\/span>\n\t\t\t\t\t<\/a>\n\t\t\t\t<\/div>\n\t\t\t\t\t\t<\/div>\n\t\t\t\t<\/div>\n\t\t\t\t\t<\/div>\n\t\t<\/div>\n\t\t\t\t\t<\/div>\n\t\t<\/section>\n\t\t\t\t<\/div>\n\t\t","protected":false},"excerpt":{"rendered":"<p>Pol\u00edtica de Privacidade Respons\u00e1veis pelo tratamento dos dados GIGP &#8211; EMPRESA DE TRABALHO TEMPOR\u00c1RIO E RECURSOS HUMANOS, LDA, com sede social no Edificio Heron Castilho, Rua Braamcamp, n\u00b0 40, 5\u00b0 D, 1250 \u2013 050, Lisboa, N\u00ba.17, Cv Dt.\u00aa 1050-012 Lisboa, na pessoa do seu Representante Legal e GIHR &#8211; HR SERVICES &amp; SELECTION, LDA, com [&hellip;]<\/p>\n","protected":false},"author":1,"featured_media":0,"parent":0,"menu_order":10,"comment_status":"closed","ping_status":"closed","template":"","meta":{"_acf_changed":false,"footnotes":"","_links_to":"","_links_to_target":""},"class_list":["post-9155","page","type-page","status-publish","hentry"],"acf":[],"yoast_head":"<!-- This site is optimized with the Yoast SEO plugin v23.9 - https:\/\/yoast.com\/wordpress\/plugins\/seo\/ -->\n<title>Pol\u00edtica de Privacidade - Gi Group Holding Portugal<\/title>\n<meta name=\"robots\" content=\"index, follow, max-snippet:-1, max-image-preview:large, max-video-preview:-1\" \/>\n<link rel=\"canonical\" href=\"https:\/\/www.gigroupholding.com\/portugal\/politica-de-privacidade\/\" \/>\n<meta property=\"og:locale\" content=\"pt_PT\" \/>\n<meta property=\"og:type\" content=\"article\" \/>\n<meta property=\"og:title\" content=\"Pol\u00edtica de Privacidade - Gi Group Holding Portugal\" \/>\n<meta property=\"og:description\" content=\"Pol\u00edtica de Privacidade Respons\u00e1veis pelo tratamento dos dados GIGP &#8211; EMPRESA DE TRABALHO TEMPOR\u00c1RIO E RECURSOS HUMANOS, LDA, com sede social no Edificio Heron Castilho, Rua Braamcamp, n\u00b0 40, 5\u00b0 D, 1250 \u2013 050, Lisboa, N\u00ba.17, Cv Dt.\u00aa 1050-012 Lisboa, na pessoa do seu Representante Legal e GIHR &#8211; HR SERVICES &amp; SELECTION, LDA, com [&hellip;]\" \/>\n<meta property=\"og:url\" content=\"https:\/\/www.gigroupholding.com\/portugal\/politica-de-privacidade\/\" \/>\n<meta property=\"og:site_name\" content=\"Gi Group Holding Portugal\" \/>\n<meta property=\"article:modified_time\" content=\"2025-09-26T09:59:58+00:00\" \/>\n<meta name=\"twitter:card\" content=\"summary_large_image\" \/>\n<meta name=\"twitter:label1\" content=\"Est. reading time\" \/>\n\t<meta name=\"twitter:data1\" content=\"3 minutes\" \/>\n<script type=\"application\/ld+json\" class=\"yoast-schema-graph\">{\"@context\":\"https:\/\/schema.org\",\"@graph\":[{\"@type\":\"WebPage\",\"@id\":\"https:\/\/www.gigroupholding.com\/portugal\/politica-de-privacidade\/\",\"url\":\"https:\/\/www.gigroupholding.com\/portugal\/politica-de-privacidade\/\",\"name\":\"Pol\u00edtica de Privacidade - Gi Group Holding Portugal\",\"isPartOf\":{\"@id\":\"https:\/\/www.gigroupholding.com\/portugal\/#website\"},\"datePublished\":\"2022-02-24T13:56:42+00:00\",\"dateModified\":\"2025-09-26T09:59:58+00:00\",\"inLanguage\":\"pt-PT\",\"potentialAction\":[{\"@type\":\"ReadAction\",\"target\":[\"https:\/\/www.gigroupholding.com\/portugal\/politica-de-privacidade\/\"]}]},{\"@type\":\"WebSite\",\"@id\":\"https:\/\/www.gigroupholding.com\/portugal\/#website\",\"url\":\"https:\/\/www.gigroupholding.com\/portugal\/\",\"name\":\"Gi Group Holding Portugal\",\"description\":\"O nosso ecossistema global de Servi\u00e7os RH desenvolve o mercado de trabalho, cria valor sustent\u00e1vel e transforma vidas num ambiente profissional positivo.\",\"potentialAction\":[{\"@type\":\"SearchAction\",\"target\":{\"@type\":\"EntryPoint\",\"urlTemplate\":\"https:\/\/www.gigroupholding.com\/portugal\/?s={search_term_string}\"},\"query-input\":{\"@type\":\"PropertyValueSpecification\",\"valueRequired\":true,\"valueName\":\"search_term_string\"}}],\"inLanguage\":\"pt-PT\"}]}<\/script>\n<!-- \/ Yoast SEO plugin. -->","yoast_head_json":{"title":"Pol\u00edtica de Privacidade - Gi Group Holding Portugal","robots":{"index":"index","follow":"follow","max-snippet":"max-snippet:-1","max-image-preview":"max-image-preview:large","max-video-preview":"max-video-preview:-1"},"canonical":"https:\/\/www.gigroupholding.com\/portugal\/politica-de-privacidade\/","og_locale":"pt_PT","og_type":"article","og_title":"Pol\u00edtica de Privacidade - Gi Group Holding Portugal","og_description":"Pol\u00edtica de Privacidade Respons\u00e1veis pelo tratamento dos dados GIGP &#8211; EMPRESA DE TRABALHO TEMPOR\u00c1RIO E RECURSOS HUMANOS, LDA, com sede social no Edificio Heron Castilho, Rua Braamcamp, n\u00b0 40, 5\u00b0 D, 1250 \u2013 050, Lisboa, N\u00ba.17, Cv Dt.\u00aa 1050-012 Lisboa, na pessoa do seu Representante Legal e GIHR &#8211; HR SERVICES &amp; SELECTION, LDA, com [&hellip;]","og_url":"https:\/\/www.gigroupholding.com\/portugal\/politica-de-privacidade\/","og_site_name":"Gi Group Holding Portugal","article_modified_time":"2025-09-26T09:59:58+00:00","twitter_card":"summary_large_image","twitter_misc":{"Est. reading time":"3 minutes"},"schema":{"@context":"https:\/\/schema.org","@graph":[{"@type":"WebPage","@id":"https:\/\/www.gigroupholding.com\/portugal\/politica-de-privacidade\/","url":"https:\/\/www.gigroupholding.com\/portugal\/politica-de-privacidade\/","name":"Pol\u00edtica de Privacidade - Gi Group Holding Portugal","isPartOf":{"@id":"https:\/\/www.gigroupholding.com\/portugal\/#website"},"datePublished":"2022-02-24T13:56:42+00:00","dateModified":"2025-09-26T09:59:58+00:00","inLanguage":"pt-PT","potentialAction":[{"@type":"ReadAction","target":["https:\/\/www.gigroupholding.com\/portugal\/politica-de-privacidade\/"]}]},{"@type":"WebSite","@id":"https:\/\/www.gigroupholding.com\/portugal\/#website","url":"https:\/\/www.gigroupholding.com\/portugal\/","name":"Gi Group Holding Portugal","description":"O nosso ecossistema global de Servi\u00e7os RH desenvolve o mercado de trabalho, cria valor sustent\u00e1vel e transforma vidas num ambiente profissional positivo.","potentialAction":[{"@type":"SearchAction","target":{"@type":"EntryPoint","urlTemplate":"https:\/\/www.gigroupholding.com\/portugal\/?s={search_term_string}"},"query-input":{"@type":"PropertyValueSpecification","valueRequired":true,"valueName":"search_term_string"}}],"inLanguage":"pt-PT"}]}},"_links":{"self":[{"href":"https:\/\/www.gigroupholding.com\/portugal\/wp-json\/wp\/v2\/pages\/9155","targetHints":{"allow":["GET"]}}],"collection":[{"href":"https:\/\/www.gigroupholding.com\/portugal\/wp-json\/wp\/v2\/pages"}],"about":[{"href":"https:\/\/www.gigroupholding.com\/portugal\/wp-json\/wp\/v2\/types\/page"}],"author":[{"embeddable":true,"href":"https:\/\/www.gigroupholding.com\/portugal\/wp-json\/wp\/v2\/users\/1"}],"replies":[{"embeddable":true,"href":"https:\/\/www.gigroupholding.com\/portugal\/wp-json\/wp\/v2\/comments?post=9155"}],"version-history":[{"count":38,"href":"https:\/\/www.gigroupholding.com\/portugal\/wp-json\/wp\/v2\/pages\/9155\/revisions"}],"predecessor-version":[{"id":34694,"href":"https:\/\/www.gigroupholding.com\/portugal\/wp-json\/wp\/v2\/pages\/9155\/revisions\/34694"}],"wp:attachment":[{"href":"https:\/\/www.gigroupholding.com\/portugal\/wp-json\/wp\/v2\/media?parent=9155"}],"curies":[{"name":"wp","href":"https:\/\/api.w.org\/{rel}","templated":true}]}}