{"id":10166,"date":"2022-02-24T13:56:42","date_gmt":"2022-02-24T13:56:42","guid":{"rendered":"https:\/\/www.gigroupholding.com\/portugal\/politica-de-privacidade-3\/"},"modified":"2025-09-26T09:55:58","modified_gmt":"2025-09-26T09:55:58","slug":"politica-de-cookies","status":"publish","type":"page","link":"https:\/\/www.gigroupholding.com\/portugal\/politica-de-privacidade\/politica-de-cookies\/","title":{"rendered":"Pol\u00edtica de Cookies"},"content":{"rendered":"\t\t<div data-elementor-type=\"wp-page\" data-elementor-id=\"10166\" class=\"elementor elementor-10166\" data-elementor-post-type=\"page\">\n\t\t\t\t\t\t<section class=\"elementor-section elementor-top-section elementor-element elementor-element-0886285 header_line_left elementor-section-boxed elementor-section-height-default elementor-section-height-default\" data-id=\"0886285\" data-element_type=\"section\" data-settings=\"{&quot;background_background&quot;:&quot;classic&quot;}\">\n\t\t\t\t\t\t<div class=\"elementor-container elementor-column-gap-default\">\n\t\t\t\t\t<div class=\"elementor-column elementor-col-100 elementor-top-column elementor-element elementor-element-4e5f320\" data-id=\"4e5f320\" data-element_type=\"column\">\n\t\t\t<div class=\"elementor-widget-wrap elementor-element-populated\">\n\t\t\t\t\t\t<div class=\"elementor-element elementor-element-0f0d849 elementor-widget elementor-widget-heading\" data-id=\"0f0d849\" data-element_type=\"widget\" data-widget_type=\"heading.default\">\n\t\t\t\t<div class=\"elementor-widget-container\">\n\t\t\t<h1 class=\"elementor-heading-title elementor-size-default\">Pol\u00edtica de Cookies<\/h1>\t\t<\/div>\n\t\t\t\t<\/div>\n\t\t\t\t<div class=\"elementor-element elementor-element-2705c6c elementor-widget elementor-widget-spacer\" data-id=\"2705c6c\" data-element_type=\"widget\" data-widget_type=\"spacer.default\">\n\t\t\t\t<div class=\"elementor-widget-container\">\n\t\t\t\t\t<div class=\"elementor-spacer\">\n\t\t\t<div class=\"elementor-spacer-inner\"><\/div>\n\t\t<\/div>\n\t\t\t\t<\/div>\n\t\t\t\t<\/div>\n\t\t\t\t\t<\/div>\n\t\t<\/div>\n\t\t\t\t\t<\/div>\n\t\t<\/section>\n\t\t\t\t<section class=\"elementor-section elementor-top-section elementor-element elementor-element-e9cae8b elementor-section-boxed elementor-section-height-default elementor-section-height-default\" data-id=\"e9cae8b\" data-element_type=\"section\">\n\t\t\t\t\t\t<div class=\"elementor-container elementor-column-gap-default\">\n\t\t\t\t\t<div class=\"elementor-column elementor-col-100 elementor-top-column elementor-element elementor-element-5a4a6e4 max-width-940\" data-id=\"5a4a6e4\" data-element_type=\"column\">\n\t\t\t<div class=\"elementor-widget-wrap elementor-element-populated\">\n\t\t\t\t\t\t<div class=\"elementor-element elementor-element-b214160 elementor-widget elementor-widget-text-editor\" data-id=\"b214160\" data-element_type=\"widget\" data-widget_type=\"text-editor.default\">\n\t\t\t\t<div class=\"elementor-widget-container\">\n\t\t\t\t\t\t\t<p>Conforme exigido pelo Regulamento (UE) 2016\/679 e pela legisla\u00e7\u00e3o de prote\u00e7\u00e3o de dados em geral, o usu\u00e1rio (doravante tamb\u00e9m o &#8220;Titular dos Dados&#8221;) recebe informa\u00e7\u00f5es sobre o uso de cookies.<\/p><p><strong>INFORMA\u00c7\u00d5ES DE CONTACTO DO RESPONS\u00c1VEL PELO TRATAMENTO DOS DADOS E DO ENCARREGADO PELA PROTE\u00c7\u00c3O DE DADOS (EPD)<\/strong><\/p><p>O site Gi Group Holding Portugal (doravante o &#8221;\u00a0<strong>Site\u00a0<\/strong>&#8220;) usa cookies. Os dados coletados por meio de cookies s\u00e3o processados pela\u00a0<strong>GIGP &#8211; EMPRESA DE TRABALHO TEMPOR\u00c1RIO E RECURSOS HUMANOS, LDA\u00a0<\/strong>(&#8220;<strong>Empresa<\/strong>&#8220;) com sede no Edif\u00edcio Heron Castilho R. Braamcamp, 40, 5\u00baD 1250-050 Lisboa, na pessoa do Representante Legal.<\/p><p>O Encarregado pela prote\u00e7\u00e3o de dados [EPD] pode ser contactado atrav\u00e9s do endere\u00e7o de correio eletr\u00f3nico\u00a0<a href=\"mailto:dpo@gigroup.com\">dpo@gigroup.com<\/a>.<\/p><p><strong>Que dados pessoais s\u00e3o tratados?<\/strong><\/p><p>O site processa dados de navega\u00e7\u00e3o. A t\u00edtulo de exemplo, esta categoria de dados inclui: os endere\u00e7os IP ou os nomes dos computadores usados pelos usu\u00e1rios que se conectam ao Site, os endere\u00e7os URI (Uniform Resource Identifier) dos recursos solicitados, o hor\u00e1rio das solicita\u00e7\u00f5es, o m\u00e9todo usado ao enviar solicita\u00e7\u00f5es ao servidor, o tamanho do arquivo obtido em resposta, o c\u00f3digo num\u00e9rico que indica o status da resposta fornecida pelo servidor (com \u00eaxito, erro, etc.) e outros par\u00e2metros relacionados ao sistema operacional e ao ambiente de TI do usu\u00e1rio .<\/p><p><strong>O que \u00e9 uma cookie?<\/strong><\/p><p>Cookies s\u00e3o pequenas cadeias de texto. S\u00e3o criados por um servidor e armazenados no disco r\u00edgido do computador ou em qualquer outro dispositivo utilizado pelo usu\u00e1rio para acessar um site (smartphone, tablet , etc.) e, em seguida, ser retransmitido ao site na pr\u00f3xima visita do usu\u00e1rio. Os cookies permitem , por exemplo, ativar funcionalidades e personaliza\u00e7\u00f5es destinadas a facilitar a intera\u00e7\u00e3o do utilizador com um website, acompanhar os artigos num carrinho de compras ou informa\u00e7\u00f5es para preenchimento de um formul\u00e1rio inform\u00e1tico.<\/p><p>No que diz respeito aos\u00a0<strong>dura\u00e7\u00e3o,\u00a0<\/strong>os cookies podem ser classificados como cookies de sess\u00e3o e cookies persistentes.<\/p><p><strong>cookies de sess\u00e3o\u00a0<\/strong>desaparecem quando o navegador \u00e9 fechado ou t\u00eam uma dura\u00e7\u00e3o limitada.\u00a0<strong>Cookies persistentes<\/strong>\u00a0eles s\u00e3o armazenados permanentemente em seu computador ou outro dispositivo usu\u00e1rio e t\u00eam dura\u00e7\u00e3o vari\u00e1vel. Os cookies que expiram no final de uma sess\u00e3o (normalmente quando o usu\u00e1rio fecha o navegador) s\u00e3o \u00fateis, por exemplo, para fins de seguran\u00e7a, como quando o usu\u00e1rio acessa sua caixa de e-mail ou uma \u00e1rea reservada de um site. Em vez disso, os cookies que s\u00e3o armazenados por um per\u00edodo mais longo (entre uma sess\u00e3o e outra) s\u00e3o usados, por exemplo, para lembrar as prefer\u00eancias do usu\u00e1rio (como o idioma de navega\u00e7\u00e3o no site) ou para oferecer publicidade direcionada.<\/p><p>Com refer\u00eancia \u00e0\u00a0<strong>origem,\u00a0<\/strong>o<strong>s\u00a0<\/strong>cookies podem ser classificados como cookies prim\u00e1rios ou cookies de terceiros.\u00a0<strong>Primeiro<\/strong>\u00a0Os\u00a0<strong>cookies de terceiros\u00a0<\/strong>s\u00e3o instalados diretamente do site que o usu\u00e1rio est\u00e1 visitando, enquanto\u00a0<strong>os cookies de terceiros\u00a0<\/strong>s\u00e3o instalados por um dom\u00ednio diferente daquele que o usu\u00e1rio est\u00e1 visitando, por exemplo, se o site incorporar elementos de outros sites, como imagens ou plug-ins de m\u00eddia social.<\/p><p><strong>Que cookies este site utiliza e para que finalidades?<\/strong><\/p><div id=\"ot-sdk-cookie-policy\">\u00a0<\/div><p>A utiliza\u00e7\u00e3o de cookies de terceiros rege-se pelas regras estabelecidas pelos pr\u00f3prios terceiros, pelo que o utilizador \u00e9 convidado a ler as informa\u00e7\u00f5es sobre o tratamento de dados pessoais de terceiros indicadas nas tabelas ilustrativas dos cookies utilizados pelo Site.<\/p><p>O Site usa o Google Analytics para coletar informa\u00e7\u00f5es de forma agregada sobre o n\u00famero de usu\u00e1rios que visitam o Site e sobre os m\u00e9todos de uso do mesmo, a fim de desenvolver estat\u00edsticas gerais sobre o servi\u00e7o e seu uso, sem a possibilidade de rastrear a identifica\u00e7\u00e3o do usu\u00e1rio \u00fanico. As configura\u00e7\u00f5es do Google Analytics prev\u00eaem o compartilhamento de dados com o Google para usar os seguintes servi\u00e7os: i ) Benchmarking, ou seja , participa\u00e7\u00e3o na coleta de dados an\u00f4nimos que ajudam a entender melhor a tend\u00eancia dos dados; ii) Assist\u00eancia t\u00e9cnica, para habilitar o Google<em>\u00a0<\/em>para fornecer assist\u00eancia e iii) Especialistas em conta, para permitir que os especialistas em marketing do Google forne\u00e7am sugest\u00f5es para melhorar a configura\u00e7\u00e3o e a an\u00e1lise.<\/p><p>Para mais informa\u00e7\u00f5es, voc\u00ea pode visitar a p\u00e1gina do fornecedor\u00a0<a href=\"https:\/\/support.google.com\/analytics\/answer\/1011397\"><strong>aqui<\/strong><\/a><\/p><p>O usu\u00e1rio pode desativar os cookies do Google Analytics baixando um plug-in de navegador espec\u00edfico dispon\u00edvel\u00a0<a href=\"https:\/\/tools.google.com\/dlpage\/gaoptout\"><strong>aqui<\/strong><\/a><\/p><p><strong>Como voc\u00ea gerencia suas prefer\u00eancias de cookies?<\/strong><\/p><p>No momento do primeiro acesso a qualquer p\u00e1gina do Site, existe um banner que cont\u00e9m uma breve informa\u00e7\u00e3o e o painel de gest\u00e3o de prefer\u00eancias de cookies. O usu\u00e1rio tem a possibilidade de selecionar e desmarcar os cookies agrupados por categorias homog\u00eaneas. O consentimento para o uso de cookies \u00e9 registrado com um &#8220;cookie t\u00e9cnico&#8221; espec\u00edfico. Ao fechar o banner selecionando um bot\u00e3o marcado com um X, posicionado dentro do banner no canto superior direito, o usu\u00e1rio manter\u00e1 as configura\u00e7\u00f5es padr\u00e3o e, portanto, continuar\u00e1 a navega\u00e7\u00e3o sem cookies al\u00e9m dos t\u00e9cnicos estritamente necess\u00e1rios. Tamb\u00e9m est\u00e1 dispon\u00edvel um comando especial atrav\u00e9s do qual o usu\u00e1rio pode expressar seu consentimento aceitando a coloca\u00e7\u00e3o de todos os cookies.<\/p><p>Em qualquer caso, \u00e9 poss\u00edvel alterar facilmente as escolhas feitas em rela\u00e7\u00e3o aos cookies utilizados pelo Site a qualquer momento clicando no bot\u00e3o que aparece em cada p\u00e1gina do Site no canto inferior esquerdo.<\/p><p>Em qualquer caso, o usu\u00e1rio pode expressar suas prefer\u00eancias sobre cookies tamb\u00e9m atrav\u00e9s das configura\u00e7\u00f5es do navegador utilizado. A maioria dos navegadores aceita cookies automaticamente por padr\u00e3o, no entanto, se voc\u00ea definir as prefer\u00eancias do navegador adequadamente, poder\u00e1 rejeit\u00e1-los ou aceit\u00e1-los.<\/p><p>Desativar, bloquear ou excluir cookies pode comprometer o uso ideal de algumas \u00e1reas do Site ou impedir alguns recursos, al\u00e9m de afetar o funcionamento de servi\u00e7os de terceiros.<\/p><p>Para informa\u00e7\u00f5es relativas \u00e0 utiliza\u00e7\u00e3o de cookies pelo Facebook , Instagram, YouTube , Twitter e LinkedIn , consulte os\u00a0<a href=\"https:\/\/help.twitter.com\/it\/rules-and-policies\/twitter-cookies\">sites\u00a0<\/a><a href=\"https:\/\/help.twitter.com\/it\/rules-and-policies\/twitter-cookies\">do\u00a0<\/a><a href=\"https:\/\/it-it.facebook.com\/policies\/cookies\/\"><strong>Facebook\u00a0<\/strong><\/a>,\u00a0<a href=\"https:\/\/help.instagram.com\/1896641480634370\"><strong>Instagram\u00a0<\/strong><\/a>,\u00a0<a href=\"https:\/\/www.google.it\/intl\/it\/policies\/privacy\/\"><strong>Google\u00a0<\/strong><\/a>,\u00a0<a href=\"https:\/\/help.twitter.com\/it\/rules-and-policies\/twitter-cookies\"><strong>Twitter\u00a0<\/strong><\/a><a href=\"https:\/\/help.twitter.com\/it\/rules-and-policies\/twitter-cookies\">e\u00a0<\/a><a href=\"https:\/\/help.twitter.com\/it\/rules-and-policies\/twitter-cookies\"><strong>LinkedIn ,\u00a0<\/strong><\/a><a href=\"https:\/\/help.twitter.com\/it\/rules-and-policies\/twitter-cookies\">respetivamente.<\/a><\/p><p>Para monitorizar a recolha de dados para efeitos de an\u00e1lise realizada pelos cookies do Google Analytics , o utilizador \u00e9 convidado a visitar a p\u00e1gina do\u00a0<a href=\"https:\/\/tools.google.com\/dlpage\/gaoptout\"><strong>add-on do navegador para a desativa\u00e7\u00e3o do Google Analytics\u00a0<\/strong><\/a>onde, caso pretenda, pode proceder \u00e0 desativa\u00e7\u00e3o destes cookies , baixando o plug-in de navegador espec\u00edfico dispon\u00edvel l\u00e1.<\/p><p><strong>A aceita\u00e7\u00e3o de cookies \u00e9 obrigat\u00f3ria?<\/strong><\/p><p>Os cookies t\u00e9cnicos estritamente necess\u00e1rios s\u00e3o utilizados para garantir uma navega\u00e7\u00e3o correta no Site e para prestar o servi\u00e7o solicitado pelo utilizador, pelo que n\u00e3o \u00e9 necess\u00e1rio o consentimento pr\u00e9vio do utilizador para a sua instala\u00e7\u00e3o, conforme indicado no respetivo par\u00e1grafo.<\/p><p>Quanto aos restantes tipos de cookies, estes s\u00e3o instalados apenas ap\u00f3s obten\u00e7\u00e3o do consentimento do utilizador. Este consentimento \u00e9 opcional. No entanto, a nega\u00e7\u00e3o de consentimento pode resultar em partes do Site n\u00e3o funcionando corretamente.<\/p><p><strong>Quem s\u00e3o os sujeitos autorizados ao tratamento? Quem s\u00e3o os destinat\u00e1rios dos dados?<\/strong><\/p><p>Os dados podem ser processados por funcion\u00e1rios das fun\u00e7\u00f5es corporativas respons\u00e1veis pela prossecu\u00e7\u00e3o das finalidades acima mencionadas , que tenham sido expressamente autorizados a process\u00e1-los e que tenham recebido instru\u00e7\u00f5es de opera\u00e7\u00e3o adequadas.<\/p><p>Os dados do usu\u00e1rio podem ser processados por terceiros que atuam como Respons\u00e1vel, como autoridades e \u00f3rg\u00e3os de controle de supervis\u00e3o e, em geral, por sujeitos, incluindo pessoas f\u00edsicas, com direito a solicitar dados, Autoridades P\u00fablicas que expressam solicita\u00e7\u00f5es ao Respons\u00e1vel de tratamento para fins administrativos ou institucionais, em em conformidade com as disposi\u00e7\u00f5es da legisla\u00e7\u00e3o nacional e da Uni\u00e3o, bem como as pessoas, empresas, associa\u00e7\u00f5es ou firmas profissionais que prestam assist\u00eancia e aconselhamento.<\/p><p>Os dados tamb\u00e9m podem ser processados, em nome do Respons\u00e1vel Pelo Tratamento, por terceiros designados como Subcontratantes, que recebem instru\u00e7\u00f5es operacionais adequadas. Esses assuntos est\u00e3o essencialmente inclu\u00eddos nas seguintes categorias:<\/p><ol><li><strong>a)\u00a0<\/strong>empresas prestadoras de servi\u00e7os de correio de comunica\u00e7\u00f5es ;<\/li><li><strong>b)\u00a0<\/strong>empresas prestadoras de servi\u00e7os de manuten\u00e7\u00e3o de websites e sistemas de informa\u00e7\u00e3o;<\/li><li><strong>c)\u00a0<\/strong>empresas que oferecem suporte na implementa\u00e7\u00e3o de iniciativas de marketing e estudos de mercado.<\/li><\/ol><p>Os dados pessoais do utilizador poder\u00e3o ser tratados, em caso de consentimento deste, por terceiros a quem sejam comunicados.<\/p><p><strong>Os dados pessoais s\u00e3o transferidos para pa\u00edses fora do Espa\u00e7o Econ\u00f3mico Europeu?<\/strong><\/p><p>Os dados recolhidos atrav\u00e9s de cookies podem ser transferidos para pa\u00edses fora do Espa\u00e7o Econ\u00f3mico Europeu (EEE) cujo n\u00edvel de prote\u00e7\u00e3o de dados tenha sido considerado adequado pela Comiss\u00e3o Europeia nos termos do art. 45 do RGPD.<\/p><p>Al\u00e9m disso, os dados pessoais podem ser transferidos para o exterior para pa\u00edses fora do EEE e, em particular, para os Estados Unidos ( por exemplo , Google, redes sociais, etc.), ap\u00f3s a assinatura das cl\u00e1usulas contratuais padr\u00e3o (cl\u00e1usulas contratuais padr\u00e3o) adotadas e aprovadas pela Comiss\u00e3o Europeia nos termos do art. 46 do GDPR.<\/p><p><strong>Quais s\u00e3o os direitos dos titulares dos dados?<\/strong><\/p><p>Os Titulares dos Dados podem solicitar ao Respons\u00e1vel Pelo Tratamento o acesso aos seus dados pessoais, sua corre\u00e7\u00e3o ou cancelamento, a integra\u00e7\u00e3o de dados incompletos, a limita\u00e7\u00e3o do processamento nos casos previstos no art. 18 GDPR, bem como a oposi\u00e7\u00e3o ao tratamento no caso de dados tratados para fins de marketing direto ou interesses leg\u00edtimos.<\/p><p>Al\u00e9m disso, para os casos em que o tratamento \u00e9 baseado no consentimento ou no contrato e \u00e9 realizado com ferramentas automatizadas, os titulares dos dados t\u00eam o direito de exercer o direito \u00e0 portabilidade dos dados, recebendo os seus dados pessoais de forma estruturada, de uso corrente e leg\u00edvel por dispositivo formato, bem como, se tecnicamente vi\u00e1vel, transmiti-los a outro Respons\u00e1vel sem impedimentos.<\/p><p>Esses direitos podem ser exercidos enviando um e-mail para pt.privacy@gigroup.com.<\/p><p>Os titulares dos dados t\u00eam o direito de apresentar uma reclama\u00e7\u00e3o junto da Autoridade de Controlo competente ( em particular no Estado-Membro em que habitualmente residem ou trabalham ou no Estado em que ocorreu a alegada viola\u00e7\u00e3o).<\/p>\t\t\t\t\t\t<\/div>\n\t\t\t\t<\/div>\n\t\t\t\t\t<\/div>\n\t\t<\/div>\n\t\t\t\t\t<\/div>\n\t\t<\/section>\n\t\t\t\t<\/div>\n\t\t","protected":false},"excerpt":{"rendered":"<p>Pol\u00edtica de Cookies Conforme exigido pelo Regulamento (UE) 2016\/679 e pela legisla\u00e7\u00e3o de prote\u00e7\u00e3o de dados em geral, o usu\u00e1rio (doravante tamb\u00e9m o &#8220;Titular dos Dados&#8221;) recebe informa\u00e7\u00f5es sobre o uso de cookies. INFORMA\u00c7\u00d5ES DE CONTACTO DO RESPONS\u00c1VEL PELO TRATAMENTO DOS DADOS E DO ENCARREGADO PELA PROTE\u00c7\u00c3O DE DADOS (EPD) O site Gi Group Holding [&hellip;]<\/p>\n","protected":false},"author":1,"featured_media":0,"parent":9155,"menu_order":12,"comment_status":"closed","ping_status":"closed","template":"","meta":{"_acf_changed":false,"footnotes":"","_links_to":"","_links_to_target":""},"class_list":["post-10166","page","type-page","status-publish","hentry"],"acf":[],"yoast_head":"<!-- This site is optimized with the Yoast SEO plugin v23.9 - https:\/\/yoast.com\/wordpress\/plugins\/seo\/ -->\n<title>Pol\u00edtica de Cookies - Gi Group Holding Portugal<\/title>\n<meta name=\"robots\" content=\"index, follow, max-snippet:-1, max-image-preview:large, max-video-preview:-1\" \/>\n<link rel=\"canonical\" href=\"https:\/\/www.gigroupholding.com\/portugal\/politica-de-privacidade\/politica-de-cookies\/\" \/>\n<meta property=\"og:locale\" content=\"pt_PT\" \/>\n<meta property=\"og:type\" content=\"article\" \/>\n<meta property=\"og:title\" content=\"Pol\u00edtica de Cookies - Gi Group Holding Portugal\" \/>\n<meta property=\"og:description\" content=\"Pol\u00edtica de Cookies Conforme exigido pelo Regulamento (UE) 2016\/679 e pela legisla\u00e7\u00e3o de prote\u00e7\u00e3o de dados em geral, o usu\u00e1rio (doravante tamb\u00e9m o &#8220;Titular dos Dados&#8221;) recebe informa\u00e7\u00f5es sobre o uso de cookies. INFORMA\u00c7\u00d5ES DE CONTACTO DO RESPONS\u00c1VEL PELO TRATAMENTO DOS DADOS E DO ENCARREGADO PELA PROTE\u00c7\u00c3O DE DADOS (EPD) O site Gi Group Holding [&hellip;]\" \/>\n<meta property=\"og:url\" content=\"https:\/\/www.gigroupholding.com\/portugal\/politica-de-privacidade\/politica-de-cookies\/\" \/>\n<meta property=\"og:site_name\" content=\"Gi Group Holding Portugal\" \/>\n<meta property=\"article:modified_time\" content=\"2025-09-26T09:55:58+00:00\" \/>\n<meta name=\"twitter:card\" content=\"summary_large_image\" \/>\n<meta name=\"twitter:label1\" content=\"Est. reading time\" \/>\n\t<meta name=\"twitter:data1\" content=\"9 minutes\" \/>\n<script type=\"application\/ld+json\" class=\"yoast-schema-graph\">{\"@context\":\"https:\/\/schema.org\",\"@graph\":[{\"@type\":\"WebPage\",\"@id\":\"https:\/\/www.gigroupholding.com\/portugal\/politica-de-privacidade\/politica-de-cookies\/\",\"url\":\"https:\/\/www.gigroupholding.com\/portugal\/politica-de-privacidade\/politica-de-cookies\/\",\"name\":\"Pol\u00edtica de Cookies - Gi Group Holding Portugal\",\"isPartOf\":{\"@id\":\"https:\/\/www.gigroupholding.com\/portugal\/#website\"},\"datePublished\":\"2022-02-24T13:56:42+00:00\",\"dateModified\":\"2025-09-26T09:55:58+00:00\",\"breadcrumb\":{\"@id\":\"https:\/\/www.gigroupholding.com\/portugal\/politica-de-privacidade\/politica-de-cookies\/#breadcrumb\"},\"inLanguage\":\"pt-PT\",\"potentialAction\":[{\"@type\":\"ReadAction\",\"target\":[\"https:\/\/www.gigroupholding.com\/portugal\/politica-de-privacidade\/politica-de-cookies\/\"]}]},{\"@type\":\"BreadcrumbList\",\"@id\":\"https:\/\/www.gigroupholding.com\/portugal\/politica-de-privacidade\/politica-de-cookies\/#breadcrumb\",\"itemListElement\":[{\"@type\":\"ListItem\",\"position\":1,\"name\":\"Pol\u00edtica de Privacidade\",\"item\":\"https:\/\/www.gigroupholding.com\/portugal\/politica-de-privacidade\/\"},{\"@type\":\"ListItem\",\"position\":2,\"name\":\"Pol\u00edtica de Cookies\"}]},{\"@type\":\"WebSite\",\"@id\":\"https:\/\/www.gigroupholding.com\/portugal\/#website\",\"url\":\"https:\/\/www.gigroupholding.com\/portugal\/\",\"name\":\"Gi Group Holding Portugal\",\"description\":\"O nosso ecossistema global de Servi\u00e7os RH desenvolve o mercado de trabalho, cria valor sustent\u00e1vel e transforma vidas num ambiente profissional positivo.\",\"potentialAction\":[{\"@type\":\"SearchAction\",\"target\":{\"@type\":\"EntryPoint\",\"urlTemplate\":\"https:\/\/www.gigroupholding.com\/portugal\/?s={search_term_string}\"},\"query-input\":{\"@type\":\"PropertyValueSpecification\",\"valueRequired\":true,\"valueName\":\"search_term_string\"}}],\"inLanguage\":\"pt-PT\"}]}<\/script>\n<!-- \/ Yoast SEO plugin. -->","yoast_head_json":{"title":"Pol\u00edtica de Cookies - Gi Group Holding Portugal","robots":{"index":"index","follow":"follow","max-snippet":"max-snippet:-1","max-image-preview":"max-image-preview:large","max-video-preview":"max-video-preview:-1"},"canonical":"https:\/\/www.gigroupholding.com\/portugal\/politica-de-privacidade\/politica-de-cookies\/","og_locale":"pt_PT","og_type":"article","og_title":"Pol\u00edtica de Cookies - Gi Group Holding Portugal","og_description":"Pol\u00edtica de Cookies Conforme exigido pelo Regulamento (UE) 2016\/679 e pela legisla\u00e7\u00e3o de prote\u00e7\u00e3o de dados em geral, o usu\u00e1rio (doravante tamb\u00e9m o &#8220;Titular dos Dados&#8221;) recebe informa\u00e7\u00f5es sobre o uso de cookies. INFORMA\u00c7\u00d5ES DE CONTACTO DO RESPONS\u00c1VEL PELO TRATAMENTO DOS DADOS E DO ENCARREGADO PELA PROTE\u00c7\u00c3O DE DADOS (EPD) O site Gi Group Holding [&hellip;]","og_url":"https:\/\/www.gigroupholding.com\/portugal\/politica-de-privacidade\/politica-de-cookies\/","og_site_name":"Gi Group Holding Portugal","article_modified_time":"2025-09-26T09:55:58+00:00","twitter_card":"summary_large_image","twitter_misc":{"Est. reading time":"9 minutes"},"schema":{"@context":"https:\/\/schema.org","@graph":[{"@type":"WebPage","@id":"https:\/\/www.gigroupholding.com\/portugal\/politica-de-privacidade\/politica-de-cookies\/","url":"https:\/\/www.gigroupholding.com\/portugal\/politica-de-privacidade\/politica-de-cookies\/","name":"Pol\u00edtica de Cookies - Gi Group Holding Portugal","isPartOf":{"@id":"https:\/\/www.gigroupholding.com\/portugal\/#website"},"datePublished":"2022-02-24T13:56:42+00:00","dateModified":"2025-09-26T09:55:58+00:00","breadcrumb":{"@id":"https:\/\/www.gigroupholding.com\/portugal\/politica-de-privacidade\/politica-de-cookies\/#breadcrumb"},"inLanguage":"pt-PT","potentialAction":[{"@type":"ReadAction","target":["https:\/\/www.gigroupholding.com\/portugal\/politica-de-privacidade\/politica-de-cookies\/"]}]},{"@type":"BreadcrumbList","@id":"https:\/\/www.gigroupholding.com\/portugal\/politica-de-privacidade\/politica-de-cookies\/#breadcrumb","itemListElement":[{"@type":"ListItem","position":1,"name":"Pol\u00edtica de Privacidade","item":"https:\/\/www.gigroupholding.com\/portugal\/politica-de-privacidade\/"},{"@type":"ListItem","position":2,"name":"Pol\u00edtica de Cookies"}]},{"@type":"WebSite","@id":"https:\/\/www.gigroupholding.com\/portugal\/#website","url":"https:\/\/www.gigroupholding.com\/portugal\/","name":"Gi Group Holding Portugal","description":"O nosso ecossistema global de Servi\u00e7os RH desenvolve o mercado de trabalho, cria valor sustent\u00e1vel e transforma vidas num ambiente profissional positivo.","potentialAction":[{"@type":"SearchAction","target":{"@type":"EntryPoint","urlTemplate":"https:\/\/www.gigroupholding.com\/portugal\/?s={search_term_string}"},"query-input":{"@type":"PropertyValueSpecification","valueRequired":true,"valueName":"search_term_string"}}],"inLanguage":"pt-PT"}]}},"_links":{"self":[{"href":"https:\/\/www.gigroupholding.com\/portugal\/wp-json\/wp\/v2\/pages\/10166","targetHints":{"allow":["GET"]}}],"collection":[{"href":"https:\/\/www.gigroupholding.com\/portugal\/wp-json\/wp\/v2\/pages"}],"about":[{"href":"https:\/\/www.gigroupholding.com\/portugal\/wp-json\/wp\/v2\/types\/page"}],"author":[{"embeddable":true,"href":"https:\/\/www.gigroupholding.com\/portugal\/wp-json\/wp\/v2\/users\/1"}],"replies":[{"embeddable":true,"href":"https:\/\/www.gigroupholding.com\/portugal\/wp-json\/wp\/v2\/comments?post=10166"}],"version-history":[{"count":13,"href":"https:\/\/www.gigroupholding.com\/portugal\/wp-json\/wp\/v2\/pages\/10166\/revisions"}],"predecessor-version":[{"id":34690,"href":"https:\/\/www.gigroupholding.com\/portugal\/wp-json\/wp\/v2\/pages\/10166\/revisions\/34690"}],"up":[{"embeddable":true,"href":"https:\/\/www.gigroupholding.com\/portugal\/wp-json\/wp\/v2\/pages\/9155"}],"wp:attachment":[{"href":"https:\/\/www.gigroupholding.com\/portugal\/wp-json\/wp\/v2\/media?parent=10166"}],"curies":[{"name":"wp","href":"https:\/\/api.w.org\/{rel}","templated":true}]}}