{"id":7717,"date":"2022-03-17T10:23:34","date_gmt":"2022-03-17T10:23:34","guid":{"rendered":"https:\/\/gigroup.draft2017.com\/polska\/?page_id=7717"},"modified":"2025-04-01T14:51:11","modified_gmt":"2025-04-01T14:51:11","slug":"cookie-policy","status":"publish","type":"page","link":"https:\/\/www.gigroupholding.com\/polska\/cookie-policy\/","title":{"rendered":"Cookie Policy"},"content":{"rendered":"\t\t<div data-elementor-type=\"wp-page\" data-elementor-id=\"7717\" class=\"elementor elementor-7717\" data-elementor-post-type=\"page\">\n\t\t\t\t\t\t<section class=\"elementor-section elementor-top-section elementor-element elementor-element-3faee51b elementor-section-boxed elementor-section-height-default elementor-section-height-default\" data-id=\"3faee51b\" data-element_type=\"section\">\n\t\t\t\t\t\t<div class=\"elementor-container elementor-column-gap-default\">\n\t\t\t\t\t<div class=\"elementor-column elementor-col-100 elementor-top-column elementor-element elementor-element-2476fb64\" data-id=\"2476fb64\" data-element_type=\"column\">\n\t\t\t<div class=\"elementor-widget-wrap\">\n\t\t\t\t\t\t\t<\/div>\n\t\t<\/div>\n\t\t\t\t\t<\/div>\n\t\t<\/section>\n\t\t\t\t<section class=\"elementor-section elementor-top-section elementor-element elementor-element-28d71cb elementor-section-boxed elementor-section-height-default elementor-section-height-default\" data-id=\"28d71cb\" data-element_type=\"section\">\n\t\t\t\t\t\t<div class=\"elementor-container elementor-column-gap-default\">\n\t\t\t\t\t<div class=\"elementor-column elementor-col-50 elementor-top-column elementor-element elementor-element-3745d9f\" data-id=\"3745d9f\" data-element_type=\"column\">\n\t\t\t<div class=\"elementor-widget-wrap elementor-element-populated\">\n\t\t\t\t\t\t<div class=\"elementor-element elementor-element-70241f2 elementor-widget elementor-widget-text-editor\" data-id=\"70241f2\" data-element_type=\"widget\" data-widget_type=\"text-editor.default\">\n\t\t\t\t<div class=\"elementor-widget-container\">\n\t\t\t\t\t\t\t<h2><strong>POLITYKA PLIK\u00d3W COOKIES SERWISU GIGROUPHOLDING.COM\/POLSKA<\/strong><\/h2><h3>\u00a0<\/h3><h3>1. Pliki cookies<\/h3><p>W celu udoskonalenia funkcjonalno\u015bci Serwisu, Administrator wykorzystuje mechanizm plik\u00f3w cookies.<\/p><p>Pliki cookies to pliki tekstowe zapisywane przez przegl\u0105dark\u0119 internetow\u0105 na urz\u0105dzeniu (komputer, smartfon, tablet), na kt\u00f3rym zainstalowana jest przegl\u0105darka internetowa za pomoc\u0105, kt\u00f3rej U\u017cytkownik przegl\u0105da strony internetowe.<\/p><p>Pliki cookies wykorzystywane przez Administratora nie przechowuj\u0105 \u017cadnych danych osobowych U\u017cytkownika. To\u017csamo\u015b\u0107 U\u017cytkownika nie jest ujawniana za pomoc\u0105 plik\u00f3w cookies.<\/p><p>Na podstawie gromadzonych informacji Administrator mo\u017ce tworzy\u0107 statystyki. Statystyki tworzone s\u0105 w spos\u00f3b nie pozwalaj\u0105cy na identyfikacj\u0119 poszczeg\u00f3lnych U\u017cytkownik\u00f3w. Informacje zebrane przez Administratora nie b\u0119d\u0105 udost\u0119pniane podmiotom lub osobom innym ni\u017c upowa\u017cnione na podstawie przepis\u00f3w powszechnie obowi\u0105zuj\u0105cego prawa oraz upowa\u017cnionych do administrowania Serwisami.<\/p><p>W ka\u017cdym wypadku U\u017cytkownik mo\u017ce zablokowa\u0107 instalowanie plik\u00f3w cookies lub usun\u0105\u0107 sta\u0142e pliki cookies, wykorzystuj\u0105c stosowne opcje przegl\u0105darki internetowej. W razie problem\u00f3w zaleca si\u0119 skorzystanie z pliku pomocy przegl\u0105darki lub kontakt z producentem przegl\u0105darki.<\/p><p>Ka\u017cdy U\u017cytkownik, kt\u00f3ry nie wyra\u017ca zgody na korzystanie z plik\u00f3w cookies obowi\u0105zany jest do zmodyfikowania ustawie\u0144 przegl\u0105darki internetowej.<\/p><h3>2. Analityka internetowa<\/h3><p>Administrator realizuje funkcje pozyskiwania informacji o U\u017cytkownikach i ich zachowaniach w nast\u0119puj\u0105cy spos\u00f3b:<\/p><ul><li>poprzez gromadzenie plik\u00f3w cookies;<\/li><li>poprzez korzystanie z Google Analytics.<\/li><\/ul><p>Administrator o\u015bwiadcza, \u017ce korzysta z Google Analytics, serwisu analityki internetowej udost\u0119pnionego przez Google Inc. (dalej: \u201eGoogle\u201d). Google Analytics przetwarza pliki cookies zawieraj\u0105ce informacje dotycz\u0105ce ogl\u0105dalno\u015bci stron internetowych, a tak\u017ce profilu systemowego U\u017cytkownika (w tym jego adresie IP).<\/p><p>Wspomniane wy\u017cej informacje s\u0105 przekazywane Google i przechowywane na serwerach zlokalizowanych w Stanach Zjednoczonych. Google wykorzystuje te informacje w celu oceny korzystania z Serwis\u00f3w przez U\u017cytkownika, tworzenia raport\u00f3w dotycz\u0105cych ruchu na Serwisach oraz \u015bwiadczenia innych us\u0142ug zwi\u0105zanych z ruchem na Serwisach i korzystaniem z sieci Internet.<\/p><p>Google mo\u017ce r\u00f3wnie\u017c przekazywa\u0107 powy\u017csze informacje osobom trzecim, o ile jest to wymagane prawnie lub je\u015bli osoby trzecie przetwarzaj\u0105 te informacje na zlecenie Google.<\/p><h3><strong>3. Profilowanie<\/strong><\/h3><p>Administrator realizuje funkcje pozyskiwania informacji o U\u017cytkownikach oraz zestawiania podawanych przez U\u017cytkownik\u00f3w informacji w spos\u00f3b automatyczny w celu automatycznego dopasowania profilu U\u017cytkownika do ofert pracy w celu realizacji us\u0142ug w oparciu o najnowsze rozwi\u0105zania technologiczne korzystaj\u0105c z danych dobrowolnie podanych przez U\u017cytkownik\u00f3w.<\/p><p>Dane osobowe b\u0119d\u0105 przetwarzane w tym celu do czasu wycofania przez U\u017cytkownika zgody na takie przetwarzanie. U\u017cytkownikowi ka\u017cdym czasie przys\u0142uguje prawo sprzeciwu do obj\u0119cia go mechanizmem profilowania. Administrator o\u015bwiadcza, i\u017c posiada techniczne narz\u0119dzia, umo\u017cliwiaj\u0105ce U\u017cytkownikowi wyra\u017cenie takiego sprzeciwu.<\/p>\t\t\t\t\t\t<\/div>\n\t\t\t\t<\/div>\n\t\t\t\t\t<\/div>\n\t\t<\/div>\n\t\t\t\t<div class=\"elementor-column elementor-col-50 elementor-top-column elementor-element elementor-element-1fe026c\" data-id=\"1fe026c\" data-element_type=\"column\">\n\t\t\t<div class=\"elementor-widget-wrap elementor-element-populated\">\n\t\t\t\t\t\t<div class=\"elementor-element elementor-element-ea11525 elementor-widget__width-initial elementor-widget elementor-widget-text-editor\" data-id=\"ea11525\" data-element_type=\"widget\" data-widget_type=\"text-editor.default\">\n\t\t\t\t<div class=\"elementor-widget-container\">\n\t\t\t\t\t\t\t<h2><strong>COOKIES POLICY GIGROUPHOLDING.COM\/POLSKA SERVICE<\/strong><\/h2><p>\u00a0<\/p><h3>1. <strong>Cookies<\/strong><\/h3><p>In order to improve the functionality of the Service, the Administrator declares that he uses the mechanism of cookies.<\/p><p>Cookies are files saved on the device (computer, smartphone, tablet) on which the web browser is installed, with which the user browses websites.<\/p><p>Cookies used by the Administrator do not store any personal data of the User. The User&#8217;s identity is not disclosed by means of cookies.<\/p><p>Based on the collected information, the Administrator may create statistics. Statistics are created in a way that does not allow identification of individual Users. Information collected by the Administrator will not be made available to entities or persons other than those authorized under generally applicable law and authorized to administer the Services.<\/p><p>In any case, the User may block the installation of cookies or delete permanent cookies using the appropriate options of the web browser. In case of problems, it is recommended to use the browser&#8217;s help file or contact the browser manufacturer.<\/p><p>Each User who does not agree to the use of cookies is obliged to modify the settings of the web browser.<\/p><h3>2.\u00a0<strong>Web analytics<\/strong><\/h3><p>The Administrator performs the functions of obtaining information about Users and their behaviors in the following way:<\/p><ul><li>by collecting cookies;<\/li><li>through the use of Google Analytics.<\/li><\/ul><p>The Administrator declares that he uses Google Analytics, a web analytics service provided by Google Inc. (hereinafter: \u201cGoogle\u201d). Google Analytics processes cookies containing information about the viewership of websites, as well as the User\u2019s system profile (including his IP address).<\/p><p>The aforementioned information is transmitted to Google and stored on servers located in the United States. Google uses this information for the purpose of evaluating your use of the Services, compiling reports on website activity and providing other services relating to website activity and internet usage.<\/p><p>Google may also transfer the above information to third parties where required to do so by law or if such third parties process this information on Google\u2019s behalf.<\/p><h3>3.\u00a0<strong>Profiling<\/strong><\/h3><p>The Administrator performs the functions of obtaining information about Users and compiling information provided by Users in an automatic manner in order to automatically match the User\u2019s profile to job offers in order to provide services based on the latest technological solutions, using data voluntarily provided by Users.<\/p><p>Personal data will be processed for this purpose until the User withdraws consent to such processing. The User has the right to object to the profiling mechanism at any time. The Administrator declares that he has technical tools enabling the User to express such an objection.<\/p>\t\t\t\t\t\t<\/div>\n\t\t\t\t<\/div>\n\t\t\t\t\t<\/div>\n\t\t<\/div>\n\t\t\t\t\t<\/div>\n\t\t<\/section>\n\t\t\t\t<section class=\"elementor-section elementor-top-section elementor-element elementor-element-0faeba9 elementor-section-boxed elementor-section-height-default elementor-section-height-default\" data-id=\"0faeba9\" data-element_type=\"section\">\n\t\t\t\t\t\t<div class=\"elementor-container elementor-column-gap-default\">\n\t\t\t\t\t<div class=\"elementor-column elementor-col-100 elementor-top-column elementor-element elementor-element-d4b9ac3\" data-id=\"d4b9ac3\" data-element_type=\"column\">\n\t\t\t<div class=\"elementor-widget-wrap elementor-element-populated\">\n\t\t\t\t\t\t<div class=\"elementor-element elementor-element-e965bec elementor-widget elementor-widget-text-editor\" data-id=\"e965bec\" data-element_type=\"widget\" data-widget_type=\"text-editor.default\">\n\t\t\t\t<div class=\"elementor-widget-container\">\n\t\t\t\t\t\t\t<div id=\"ot-sdk-cookie-policy\">\u00a0<\/div>\t\t\t\t\t\t<\/div>\n\t\t\t\t<\/div>\n\t\t\t\t\t<\/div>\n\t\t<\/div>\n\t\t\t\t\t<\/div>\n\t\t<\/section>\n\t\t\t\t<\/div>\n\t\t","protected":false},"excerpt":{"rendered":"<p>POLITYKA PLIK\u00d3W COOKIES SERWISU GIGROUPHOLDING.COM\/POLSKA \u00a0 1. Pliki cookies W celu udoskonalenia funkcjonalno\u015bci Serwisu, Administrator wykorzystuje mechanizm plik\u00f3w cookies. Pliki cookies to pliki tekstowe zapisywane przez przegl\u0105dark\u0119 internetow\u0105 na urz\u0105dzeniu (komputer, smartfon, tablet), na kt\u00f3rym zainstalowana jest przegl\u0105darka internetowa za pomoc\u0105, kt\u00f3rej U\u017cytkownik przegl\u0105da strony internetowe. Pliki cookies wykorzystywane przez Administratora nie przechowuj\u0105 \u017cadnych danych [&hellip;]<\/p>\n","protected":false},"author":1,"featured_media":0,"parent":0,"menu_order":0,"comment_status":"closed","ping_status":"closed","template":"","meta":{"_acf_changed":false,"footnotes":"","_links_to":"","_links_to_target":""},"class_list":["post-7717","page","type-page","status-publish","hentry"],"acf":[],"yoast_head":"<!-- This site is optimized with the Yoast SEO plugin v23.9 - https:\/\/yoast.com\/wordpress\/plugins\/seo\/ -->\n<title>Cookie Policy - Gi Group Holding Polska<\/title>\n<meta name=\"robots\" content=\"index, follow, max-snippet:-1, max-image-preview:large, max-video-preview:-1\" \/>\n<link rel=\"canonical\" href=\"https:\/\/www.gigroupholding.com\/polska\/cookie-policy\/\" \/>\n<meta property=\"og:locale\" content=\"pl_PL\" \/>\n<meta property=\"og:type\" content=\"article\" \/>\n<meta property=\"og:title\" content=\"Cookie Policy - Gi Group Holding Polska\" \/>\n<meta property=\"og:description\" content=\"POLITYKA PLIK\u00d3W COOKIES SERWISU GIGROUPHOLDING.COM\/POLSKA \u00a0 1. Pliki cookies W celu udoskonalenia funkcjonalno\u015bci Serwisu, Administrator wykorzystuje mechanizm plik\u00f3w cookies. Pliki cookies to pliki tekstowe zapisywane przez przegl\u0105dark\u0119 internetow\u0105 na urz\u0105dzeniu (komputer, smartfon, tablet), na kt\u00f3rym zainstalowana jest przegl\u0105darka internetowa za pomoc\u0105, kt\u00f3rej U\u017cytkownik przegl\u0105da strony internetowe. Pliki cookies wykorzystywane przez Administratora nie przechowuj\u0105 \u017cadnych danych [&hellip;]\" \/>\n<meta property=\"og:url\" content=\"https:\/\/www.gigroupholding.com\/polska\/cookie-policy\/\" \/>\n<meta property=\"og:site_name\" content=\"Gi Group Holding Polska\" \/>\n<meta property=\"article:modified_time\" content=\"2025-04-01T14:51:11+00:00\" \/>\n<meta name=\"twitter:card\" content=\"summary_large_image\" \/>\n<meta name=\"twitter:label1\" content=\"Est. reading time\" \/>\n\t<meta name=\"twitter:data1\" content=\"5 minutes\" \/>\n<script type=\"application\/ld+json\" class=\"yoast-schema-graph\">{\"@context\":\"https:\/\/schema.org\",\"@graph\":[{\"@type\":\"WebPage\",\"@id\":\"https:\/\/www.gigroupholding.com\/polska\/cookie-policy\/\",\"url\":\"https:\/\/www.gigroupholding.com\/polska\/cookie-policy\/\",\"name\":\"Cookie Policy - Gi Group Holding Polska\",\"isPartOf\":{\"@id\":\"https:\/\/www.gigroupholding.com\/polska\/#website\"},\"datePublished\":\"2022-03-17T10:23:34+00:00\",\"dateModified\":\"2025-04-01T14:51:11+00:00\",\"inLanguage\":\"pl-PL\",\"potentialAction\":[{\"@type\":\"ReadAction\",\"target\":[\"https:\/\/www.gigroupholding.com\/polska\/cookie-policy\/\"]}]},{\"@type\":\"WebSite\",\"@id\":\"https:\/\/www.gigroupholding.com\/polska\/#website\",\"url\":\"https:\/\/www.gigroupholding.com\/polska\/\",\"name\":\"Gi Group Holding Polska\",\"description\":\"\",\"potentialAction\":[{\"@type\":\"SearchAction\",\"target\":{\"@type\":\"EntryPoint\",\"urlTemplate\":\"https:\/\/www.gigroupholding.com\/polska\/?s={search_term_string}\"},\"query-input\":{\"@type\":\"PropertyValueSpecification\",\"valueRequired\":true,\"valueName\":\"search_term_string\"}}],\"inLanguage\":\"pl-PL\"}]}<\/script>\n<!-- \/ Yoast SEO plugin. -->","yoast_head_json":{"title":"Cookie Policy - Gi Group Holding Polska","robots":{"index":"index","follow":"follow","max-snippet":"max-snippet:-1","max-image-preview":"max-image-preview:large","max-video-preview":"max-video-preview:-1"},"canonical":"https:\/\/www.gigroupholding.com\/polska\/cookie-policy\/","og_locale":"pl_PL","og_type":"article","og_title":"Cookie Policy - Gi Group Holding Polska","og_description":"POLITYKA PLIK\u00d3W COOKIES SERWISU GIGROUPHOLDING.COM\/POLSKA \u00a0 1. Pliki cookies W celu udoskonalenia funkcjonalno\u015bci Serwisu, Administrator wykorzystuje mechanizm plik\u00f3w cookies. Pliki cookies to pliki tekstowe zapisywane przez przegl\u0105dark\u0119 internetow\u0105 na urz\u0105dzeniu (komputer, smartfon, tablet), na kt\u00f3rym zainstalowana jest przegl\u0105darka internetowa za pomoc\u0105, kt\u00f3rej U\u017cytkownik przegl\u0105da strony internetowe. Pliki cookies wykorzystywane przez Administratora nie przechowuj\u0105 \u017cadnych danych [&hellip;]","og_url":"https:\/\/www.gigroupholding.com\/polska\/cookie-policy\/","og_site_name":"Gi Group Holding Polska","article_modified_time":"2025-04-01T14:51:11+00:00","twitter_card":"summary_large_image","twitter_misc":{"Est. reading time":"5 minutes"},"schema":{"@context":"https:\/\/schema.org","@graph":[{"@type":"WebPage","@id":"https:\/\/www.gigroupholding.com\/polska\/cookie-policy\/","url":"https:\/\/www.gigroupholding.com\/polska\/cookie-policy\/","name":"Cookie Policy - Gi Group Holding Polska","isPartOf":{"@id":"https:\/\/www.gigroupholding.com\/polska\/#website"},"datePublished":"2022-03-17T10:23:34+00:00","dateModified":"2025-04-01T14:51:11+00:00","inLanguage":"pl-PL","potentialAction":[{"@type":"ReadAction","target":["https:\/\/www.gigroupholding.com\/polska\/cookie-policy\/"]}]},{"@type":"WebSite","@id":"https:\/\/www.gigroupholding.com\/polska\/#website","url":"https:\/\/www.gigroupholding.com\/polska\/","name":"Gi Group Holding Polska","description":"","potentialAction":[{"@type":"SearchAction","target":{"@type":"EntryPoint","urlTemplate":"https:\/\/www.gigroupholding.com\/polska\/?s={search_term_string}"},"query-input":{"@type":"PropertyValueSpecification","valueRequired":true,"valueName":"search_term_string"}}],"inLanguage":"pl-PL"}]}},"_links":{"self":[{"href":"https:\/\/www.gigroupholding.com\/polska\/wp-json\/wp\/v2\/pages\/7717","targetHints":{"allow":["GET"]}}],"collection":[{"href":"https:\/\/www.gigroupholding.com\/polska\/wp-json\/wp\/v2\/pages"}],"about":[{"href":"https:\/\/www.gigroupholding.com\/polska\/wp-json\/wp\/v2\/types\/page"}],"author":[{"embeddable":true,"href":"https:\/\/www.gigroupholding.com\/polska\/wp-json\/wp\/v2\/users\/1"}],"replies":[{"embeddable":true,"href":"https:\/\/www.gigroupholding.com\/polska\/wp-json\/wp\/v2\/comments?post=7717"}],"version-history":[{"count":45,"href":"https:\/\/www.gigroupholding.com\/polska\/wp-json\/wp\/v2\/pages\/7717\/revisions"}],"predecessor-version":[{"id":33816,"href":"https:\/\/www.gigroupholding.com\/polska\/wp-json\/wp\/v2\/pages\/7717\/revisions\/33816"}],"wp:attachment":[{"href":"https:\/\/www.gigroupholding.com\/polska\/wp-json\/wp\/v2\/media?parent=7717"}],"curies":[{"name":"wp","href":"https:\/\/api.w.org\/{rel}","templated":true}]}}