{"id":36655,"date":"2025-11-19T17:16:54","date_gmt":"2025-11-19T17:16:54","guid":{"rendered":"https:\/\/www.gigroupholding.com\/polska\/?page_id=36655"},"modified":"2026-04-17T18:52:34","modified_gmt":"2026-04-17T18:52:34","slug":"zapytania-biznesowe","status":"publish","type":"page","link":"https:\/\/www.gigroupholding.com\/polska\/zapytania-biznesowe\/","title":{"rendered":"Zapytania biznesowe"},"content":{"rendered":"\t\t<div data-elementor-type=\"wp-page\" data-elementor-id=\"36655\" class=\"elementor elementor-36655\" data-elementor-post-type=\"page\">\n\t\t\t\t\t\t<section class=\"elementor-section elementor-top-section elementor-element elementor-element-0643e80 header_line_left elementor-section-boxed elementor-section-height-default elementor-section-height-default\" data-id=\"0643e80\" data-element_type=\"section\" data-settings=\"{&quot;background_background&quot;:&quot;classic&quot;}\">\n\t\t\t\t\t\t<div class=\"elementor-container elementor-column-gap-default\">\n\t\t\t\t\t<div class=\"elementor-column elementor-col-100 elementor-top-column elementor-element elementor-element-0d8323f\" data-id=\"0d8323f\" data-element_type=\"column\">\n\t\t\t<div class=\"elementor-widget-wrap elementor-element-populated\">\n\t\t\t\t\t\t<div class=\"elementor-element elementor-element-9c9deb2 elementor-hidden-tablet elementor-hidden-mobile elementor-widget elementor-widget-spacer\" data-id=\"9c9deb2\" data-element_type=\"widget\" data-widget_type=\"spacer.default\">\n\t\t\t\t<div class=\"elementor-widget-container\">\n\t\t\t\t\t<div class=\"elementor-spacer\">\n\t\t\t<div class=\"elementor-spacer-inner\"><\/div>\n\t\t<\/div>\n\t\t\t\t<\/div>\n\t\t\t\t<\/div>\n\t\t\t\t<div class=\"elementor-element elementor-element-fd30aed elementor-widget elementor-widget-heading\" data-id=\"fd30aed\" data-element_type=\"widget\" data-widget_type=\"heading.default\">\n\t\t\t\t<div class=\"elementor-widget-container\">\n\t\t\t<h1 class=\"elementor-heading-title elementor-size-default\">Zapytania biznesowe <\/h1>\t\t<\/div>\n\t\t\t\t<\/div>\n\t\t\t\t<div class=\"elementor-element elementor-element-2e94ac9 elementor-hidden-tablet elementor-hidden-mobile elementor-widget elementor-widget-spacer\" data-id=\"2e94ac9\" data-element_type=\"widget\" data-widget_type=\"spacer.default\">\n\t\t\t\t<div class=\"elementor-widget-container\">\n\t\t\t\t\t<div class=\"elementor-spacer\">\n\t\t\t<div class=\"elementor-spacer-inner\"><\/div>\n\t\t<\/div>\n\t\t\t\t<\/div>\n\t\t\t\t<\/div>\n\t\t\t\t<div class=\"elementor-element elementor-element-b2e32ec elementor-widget elementor-widget-heading\" data-id=\"b2e32ec\" data-element_type=\"widget\" data-widget_type=\"heading.default\">\n\t\t\t\t<div class=\"elementor-widget-container\">\n\t\t\t<span class=\"elementor-heading-title elementor-size-default\">Porozmawiajmy o rozwi\u0105zaniach HR dla Twojej firmy<\/span>\t\t<\/div>\n\t\t\t\t<\/div>\n\t\t\t\t\t<\/div>\n\t\t<\/div>\n\t\t\t\t\t<\/div>\n\t\t<\/section>\n\t\t\t\t<section class=\"elementor-section elementor-top-section elementor-element elementor-element-620ce2c elementor-section-boxed elementor-section-height-default elementor-section-height-default\" data-id=\"620ce2c\" data-element_type=\"section\">\n\t\t\t\t\t\t<div class=\"elementor-container elementor-column-gap-default\">\n\t\t\t\t\t<div class=\"elementor-column elementor-col-100 elementor-top-column elementor-element elementor-element-70a5a4d\" data-id=\"70a5a4d\" data-element_type=\"column\">\n\t\t\t<div class=\"elementor-widget-wrap elementor-element-populated\">\n\t\t\t\t\t\t<div class=\"elementor-element elementor-element-c60ccfb elementor-widget elementor-widget-heading\" data-id=\"c60ccfb\" data-element_type=\"widget\" data-widget_type=\"heading.default\">\n\t\t\t\t<div class=\"elementor-widget-container\">\n\t\t\t<h2 class=\"elementor-heading-title elementor-size-default\">Masz pytanie w sprawie us\u0142ug Gi Group Holding Polska? <br><\/h2>\t\t<\/div>\n\t\t\t\t<\/div>\n\t\t\t\t\t<\/div>\n\t\t<\/div>\n\t\t\t\t\t<\/div>\n\t\t<\/section>\n\t\t\t\t<section class=\"elementor-section elementor-top-section elementor-element elementor-element-1acd72b elementor-section-boxed elementor-section-height-default elementor-section-height-default\" data-id=\"1acd72b\" data-element_type=\"section\">\n\t\t\t\t\t\t<div class=\"elementor-container elementor-column-gap-default\">\n\t\t\t\t\t<div class=\"elementor-column elementor-col-100 elementor-top-column elementor-element elementor-element-5f333b1\" data-id=\"5f333b1\" data-element_type=\"column\">\n\t\t\t<div class=\"elementor-widget-wrap elementor-element-populated\">\n\t\t\t\t\t\t<div class=\"elementor-element elementor-element-42419ac elementor-widget elementor-widget-text-editor\" data-id=\"42419ac\" data-element_type=\"widget\" data-widget_type=\"text-editor.default\">\n\t\t\t\t<div class=\"elementor-widget-container\">\n\t\t\t\t\t\t\t<p>Wype\u0142nij formularz, a szybko skontaktujemy Ci\u0119 z w\u0142a\u015bciwym ekspertem ds. HR, rekrutacji i rozwi\u0105za\u0144 kadrowych.<\/p>\t\t\t\t\t\t<\/div>\n\t\t\t\t<\/div>\n\t\t\t\t\t<\/div>\n\t\t<\/div>\n\t\t\t\t\t<\/div>\n\t\t<\/section>\n\t\t\t\t<section class=\"elementor-section elementor-top-section elementor-element elementor-element-2f7f193 elementor-section-boxed elementor-section-height-default elementor-section-height-default\" data-id=\"2f7f193\" data-element_type=\"section\">\n\t\t\t\t\t\t<div class=\"elementor-container elementor-column-gap-default\">\n\t\t\t\t\t<div class=\"elementor-column elementor-col-100 elementor-top-column elementor-element elementor-element-c2c5625\" data-id=\"c2c5625\" data-element_type=\"column\">\n\t\t\t<div class=\"elementor-widget-wrap elementor-element-populated\">\n\t\t\t\t\t\t<div class=\"elementor-element elementor-element-4541cff elementor-widget elementor-widget-shortcode\" data-id=\"4541cff\" data-element_type=\"widget\" data-widget_type=\"shortcode.default\">\n\t\t\t\t<div class=\"elementor-widget-container\">\n\t\t\t\t\t<div class=\"elementor-shortcode\"><script charset=\"utf-8\" type=\"text\/javascript\" src=\"\/\/js-eu1.hsforms.net\/forms\/embed\/v2.js\"><\/script>\r\n<script>\r\n  hbspt.forms.create({\r\n    portalId: \"25919326\",\r\n    formId: \"5625df87-f4db-48c4-8220-2b6869e605fb\",\r\n    region: \"eu1\"\r\n  });\r\n<\/script><\/div>\n\t\t\t\t<\/div>\n\t\t\t\t<\/div>\n\t\t\t\t\t<\/div>\n\t\t<\/div>\n\t\t\t\t\t<\/div>\n\t\t<\/section>\n\t\t\t\t<\/div>\n\t\t","protected":false},"excerpt":{"rendered":"<p>Zapytania biznesowe Porozmawiajmy o rozwi\u0105zaniach HR dla Twojej firmy Masz pytanie w sprawie us\u0142ug Gi Group Holding Polska? Wype\u0142nij formularz, a szybko skontaktujemy Ci\u0119 z w\u0142a\u015bciwym ekspertem ds. HR, rekrutacji i rozwi\u0105za\u0144 kadrowych.<\/p>\n","protected":false},"author":55,"featured_media":0,"parent":0,"menu_order":0,"comment_status":"closed","ping_status":"closed","template":"","meta":{"_acf_changed":false,"footnotes":"","_links_to":"","_links_to_target":""},"class_list":["post-36655","page","type-page","status-publish","hentry"],"acf":[],"yoast_head":"<!-- This site is optimized with the Yoast SEO plugin v23.9 - https:\/\/yoast.com\/wordpress\/plugins\/seo\/ -->\n<title>Zapytania biznesowe - Gi Group Holding Polska<\/title>\n<meta name=\"robots\" content=\"index, follow, max-snippet:-1, max-image-preview:large, max-video-preview:-1\" \/>\n<link rel=\"canonical\" href=\"https:\/\/www.gigroupholding.com\/polska\/zapytania-biznesowe\/\" \/>\n<meta property=\"og:locale\" content=\"pl_PL\" \/>\n<meta property=\"og:type\" content=\"article\" \/>\n<meta property=\"og:title\" content=\"Zapytania biznesowe - Gi Group Holding Polska\" \/>\n<meta property=\"og:description\" content=\"Zapytania biznesowe Porozmawiajmy o rozwi\u0105zaniach HR dla Twojej firmy Masz pytanie w sprawie us\u0142ug Gi Group Holding Polska? Wype\u0142nij formularz, a szybko skontaktujemy Ci\u0119 z w\u0142a\u015bciwym ekspertem ds. HR, rekrutacji i rozwi\u0105za\u0144 kadrowych.\" \/>\n<meta property=\"og:url\" content=\"https:\/\/www.gigroupholding.com\/polska\/zapytania-biznesowe\/\" \/>\n<meta property=\"og:site_name\" content=\"Gi Group Holding Polska\" \/>\n<meta property=\"article:modified_time\" content=\"2026-04-17T18:52:34+00:00\" \/>\n<meta name=\"twitter:card\" content=\"summary_large_image\" \/>\n<meta name=\"twitter:label1\" content=\"Est. reading time\" \/>\n\t<meta name=\"twitter:data1\" content=\"1 minute\" \/>\n<script type=\"application\/ld+json\" class=\"yoast-schema-graph\">{\"@context\":\"https:\/\/schema.org\",\"@graph\":[{\"@type\":\"WebPage\",\"@id\":\"https:\/\/www.gigroupholding.com\/polska\/zapytania-biznesowe\/\",\"url\":\"https:\/\/www.gigroupholding.com\/polska\/zapytania-biznesowe\/\",\"name\":\"Zapytania biznesowe - Gi Group Holding Polska\",\"isPartOf\":{\"@id\":\"https:\/\/www.gigroupholding.com\/polska\/#website\"},\"datePublished\":\"2025-11-19T17:16:54+00:00\",\"dateModified\":\"2026-04-17T18:52:34+00:00\",\"inLanguage\":\"pl-PL\",\"potentialAction\":[{\"@type\":\"ReadAction\",\"target\":[\"https:\/\/www.gigroupholding.com\/polska\/zapytania-biznesowe\/\"]}]},{\"@type\":\"WebSite\",\"@id\":\"https:\/\/www.gigroupholding.com\/polska\/#website\",\"url\":\"https:\/\/www.gigroupholding.com\/polska\/\",\"name\":\"Gi Group Holding Polska\",\"description\":\"\",\"potentialAction\":[{\"@type\":\"SearchAction\",\"target\":{\"@type\":\"EntryPoint\",\"urlTemplate\":\"https:\/\/www.gigroupholding.com\/polska\/?s={search_term_string}\"},\"query-input\":{\"@type\":\"PropertyValueSpecification\",\"valueRequired\":true,\"valueName\":\"search_term_string\"}}],\"inLanguage\":\"pl-PL\"}]}<\/script>\n<!-- \/ Yoast SEO plugin. -->","yoast_head_json":{"title":"Zapytania biznesowe - Gi Group Holding Polska","robots":{"index":"index","follow":"follow","max-snippet":"max-snippet:-1","max-image-preview":"max-image-preview:large","max-video-preview":"max-video-preview:-1"},"canonical":"https:\/\/www.gigroupholding.com\/polska\/zapytania-biznesowe\/","og_locale":"pl_PL","og_type":"article","og_title":"Zapytania biznesowe - Gi Group Holding Polska","og_description":"Zapytania biznesowe Porozmawiajmy o rozwi\u0105zaniach HR dla Twojej firmy Masz pytanie w sprawie us\u0142ug Gi Group Holding Polska? Wype\u0142nij formularz, a szybko skontaktujemy Ci\u0119 z w\u0142a\u015bciwym ekspertem ds. HR, rekrutacji i rozwi\u0105za\u0144 kadrowych.","og_url":"https:\/\/www.gigroupholding.com\/polska\/zapytania-biznesowe\/","og_site_name":"Gi Group Holding Polska","article_modified_time":"2026-04-17T18:52:34+00:00","twitter_card":"summary_large_image","twitter_misc":{"Est. reading time":"1 minute"},"schema":{"@context":"https:\/\/schema.org","@graph":[{"@type":"WebPage","@id":"https:\/\/www.gigroupholding.com\/polska\/zapytania-biznesowe\/","url":"https:\/\/www.gigroupholding.com\/polska\/zapytania-biznesowe\/","name":"Zapytania biznesowe - Gi Group Holding Polska","isPartOf":{"@id":"https:\/\/www.gigroupholding.com\/polska\/#website"},"datePublished":"2025-11-19T17:16:54+00:00","dateModified":"2026-04-17T18:52:34+00:00","inLanguage":"pl-PL","potentialAction":[{"@type":"ReadAction","target":["https:\/\/www.gigroupholding.com\/polska\/zapytania-biznesowe\/"]}]},{"@type":"WebSite","@id":"https:\/\/www.gigroupholding.com\/polska\/#website","url":"https:\/\/www.gigroupholding.com\/polska\/","name":"Gi Group Holding Polska","description":"","potentialAction":[{"@type":"SearchAction","target":{"@type":"EntryPoint","urlTemplate":"https:\/\/www.gigroupholding.com\/polska\/?s={search_term_string}"},"query-input":{"@type":"PropertyValueSpecification","valueRequired":true,"valueName":"search_term_string"}}],"inLanguage":"pl-PL"}]}},"_links":{"self":[{"href":"https:\/\/www.gigroupholding.com\/polska\/wp-json\/wp\/v2\/pages\/36655","targetHints":{"allow":["GET"]}}],"collection":[{"href":"https:\/\/www.gigroupholding.com\/polska\/wp-json\/wp\/v2\/pages"}],"about":[{"href":"https:\/\/www.gigroupholding.com\/polska\/wp-json\/wp\/v2\/types\/page"}],"author":[{"embeddable":true,"href":"https:\/\/www.gigroupholding.com\/polska\/wp-json\/wp\/v2\/users\/55"}],"replies":[{"embeddable":true,"href":"https:\/\/www.gigroupholding.com\/polska\/wp-json\/wp\/v2\/comments?post=36655"}],"version-history":[{"count":34,"href":"https:\/\/www.gigroupholding.com\/polska\/wp-json\/wp\/v2\/pages\/36655\/revisions"}],"predecessor-version":[{"id":41034,"href":"https:\/\/www.gigroupholding.com\/polska\/wp-json\/wp\/v2\/pages\/36655\/revisions\/41034"}],"wp:attachment":[{"href":"https:\/\/www.gigroupholding.com\/polska\/wp-json\/wp\/v2\/media?parent=36655"}],"curies":[{"name":"wp","href":"https:\/\/api.w.org\/{rel}","templated":true}]}}