{"id":36651,"date":"2026-04-19T15:39:53","date_gmt":"2026-04-19T15:39:53","guid":{"rendered":"https:\/\/www.gigroupholding.com\/polska\/thank-you-page-barometr-2025-2\/"},"modified":"2026-04-20T10:00:56","modified_gmt":"2026-04-20T10:00:56","slug":"thank-you-page-barometr-2026","status":"publish","type":"page","link":"https:\/\/www.gigroupholding.com\/polska\/thank-you-page-barometr-2026\/","title":{"rendered":"Thank you page Barometr 2026"},"content":{"rendered":"\t\t<div data-elementor-type=\"wp-page\" data-elementor-id=\"36651\" class=\"elementor elementor-36651\" data-elementor-post-type=\"page\">\n\t\t\t\t\t\t<section class=\"elementor-section elementor-top-section elementor-element elementor-element-02b6e63 elementor-section-boxed elementor-section-height-default elementor-section-height-default\" data-id=\"02b6e63\" data-element_type=\"section\">\n\t\t\t\t\t\t<div class=\"elementor-container elementor-column-gap-default\">\n\t\t\t\t\t<div class=\"elementor-column elementor-col-100 elementor-top-column elementor-element elementor-element-b13e751\" data-id=\"b13e751\" data-element_type=\"column\">\n\t\t\t<div class=\"elementor-widget-wrap\">\n\t\t\t\t\t\t\t<\/div>\n\t\t<\/div>\n\t\t\t\t\t<\/div>\n\t\t<\/section>\n\t\t\t\t<section class=\"elementor-section elementor-top-section elementor-element elementor-element-8f15b21 elementor-section-boxed elementor-section-height-default elementor-section-height-default\" data-id=\"8f15b21\" data-element_type=\"section\">\n\t\t\t\t\t\t<div class=\"elementor-container elementor-column-gap-default\">\n\t\t\t\t\t<div class=\"elementor-column elementor-col-100 elementor-top-column elementor-element elementor-element-b238b61\" data-id=\"b238b61\" data-element_type=\"column\">\n\t\t\t<div class=\"elementor-widget-wrap\">\n\t\t\t\t\t\t\t<\/div>\n\t\t<\/div>\n\t\t\t\t\t<\/div>\n\t\t<\/section>\n\t\t\t\t<section class=\"elementor-section elementor-top-section elementor-element elementor-element-69de309 elementor-section-boxed elementor-section-height-default elementor-section-height-default\" data-id=\"69de309\" data-element_type=\"section\">\n\t\t\t\t\t\t<div class=\"elementor-container elementor-column-gap-default\">\n\t\t\t\t\t<div class=\"elementor-column elementor-col-100 elementor-top-column elementor-element elementor-element-cfcc9f9\" data-id=\"cfcc9f9\" data-element_type=\"column\">\n\t\t\t<div class=\"elementor-widget-wrap elementor-element-populated\">\n\t\t\t\t\t\t<div class=\"elementor-element elementor-element-05adf50 elementor-widget elementor-widget-text-editor\" data-id=\"05adf50\" data-element_type=\"widget\" data-widget_type=\"text-editor.default\">\n\t\t\t\t<div class=\"elementor-widget-container\">\n\t\t\t\t\t\t\t<p>Dzi\u0119kujemy za wype\u0142nienie formularza! Pobierz raport w wybranej wersji j\u0119zykowej.<\/p>\t\t\t\t\t\t<\/div>\n\t\t\t\t<\/div>\n\t\t\t\t\t<\/div>\n\t\t<\/div>\n\t\t\t\t\t<\/div>\n\t\t<\/section>\n\t\t\t\t<section class=\"elementor-section elementor-top-section elementor-element elementor-element-f266b4c elementor-section-boxed elementor-section-height-default elementor-section-height-default\" data-id=\"f266b4c\" data-element_type=\"section\">\n\t\t\t\t\t\t<div class=\"elementor-container elementor-column-gap-default\">\n\t\t\t\t\t<div class=\"elementor-column elementor-col-100 elementor-top-column elementor-element elementor-element-a81537e\" data-id=\"a81537e\" data-element_type=\"column\">\n\t\t\t<div class=\"elementor-widget-wrap elementor-element-populated\">\n\t\t\t\t\t\t<div class=\"elementor-element elementor-element-922ab7f elementor-widget elementor-widget-text-editor\" data-id=\"922ab7f\" data-element_type=\"widget\" data-widget_type=\"text-editor.default\">\n\t\t\t\t<div class=\"elementor-widget-container\">\n\t\t\t\t\t\t\t<p>Raport w wersji polskoj\u0119zycznej<\/p>\t\t\t\t\t\t<\/div>\n\t\t\t\t<\/div>\n\t\t\t\t\t<\/div>\n\t\t<\/div>\n\t\t\t\t\t<\/div>\n\t\t<\/section>\n\t\t\t\t<section class=\"elementor-section elementor-top-section elementor-element elementor-element-4e58f8e elementor-section-boxed elementor-section-height-default elementor-section-height-default\" data-id=\"4e58f8e\" data-element_type=\"section\">\n\t\t\t\t\t\t<div class=\"elementor-container elementor-column-gap-default\">\n\t\t\t\t\t<div class=\"elementor-column elementor-col-100 elementor-top-column elementor-element elementor-element-68c3dfe\" data-id=\"68c3dfe\" data-element_type=\"column\">\n\t\t\t<div class=\"elementor-widget-wrap elementor-element-populated\">\n\t\t\t\t\t\t<div class=\"elementor-element elementor-element-00ca3fe elementor-widget elementor-widget-button\" data-id=\"00ca3fe\" data-element_type=\"widget\" data-widget_type=\"button.default\">\n\t\t\t\t<div class=\"elementor-widget-container\">\n\t\t\t\t\t\t\t<div class=\"elementor-button-wrapper\">\n\t\t\t\t\t<a class=\"elementor-button elementor-button-link elementor-size-sm\" href=\"https:\/\/www.gigroupholding.com\/polska\/wp-content\/uploads\/sites\/9\/2026\/04\/Barometr-rynku-pracy-2026-20-edycja-Gi-Group-Holding.pdf\">\n\t\t\t\t\t\t<span class=\"elementor-button-content-wrapper\">\n\t\t\t\t\t\t\t\t\t<span class=\"elementor-button-text\">Pobierz raport<\/span>\n\t\t\t\t\t<\/span>\n\t\t\t\t\t<\/a>\n\t\t\t\t<\/div>\n\t\t\t\t\t\t<\/div>\n\t\t\t\t<\/div>\n\t\t\t\t\t<\/div>\n\t\t<\/div>\n\t\t\t\t\t<\/div>\n\t\t<\/section>\n\t\t\t\t<section class=\"elementor-section elementor-top-section elementor-element elementor-element-08daa22 elementor-section-boxed elementor-section-height-default elementor-section-height-default\" data-id=\"08daa22\" data-element_type=\"section\">\n\t\t\t\t\t\t<div class=\"elementor-container elementor-column-gap-default\">\n\t\t\t\t\t<div class=\"elementor-column elementor-col-100 elementor-top-column elementor-element elementor-element-0440cf0\" data-id=\"0440cf0\" data-element_type=\"column\">\n\t\t\t<div class=\"elementor-widget-wrap elementor-element-populated\">\n\t\t\t\t\t\t<div class=\"elementor-element elementor-element-ace726f elementor-widget elementor-widget-text-editor\" data-id=\"ace726f\" data-element_type=\"widget\" data-widget_type=\"text-editor.default\">\n\t\t\t\t<div class=\"elementor-widget-container\">\n\t\t\t\t\t\t\t<p><span style=\"font-family: Lato, sans-serif\">Report in English<\/span><\/p>\t\t\t\t\t\t<\/div>\n\t\t\t\t<\/div>\n\t\t\t\t\t<\/div>\n\t\t<\/div>\n\t\t\t\t\t<\/div>\n\t\t<\/section>\n\t\t\t\t<section class=\"elementor-section elementor-top-section elementor-element elementor-element-44ac845 elementor-section-boxed elementor-section-height-default elementor-section-height-default\" data-id=\"44ac845\" data-element_type=\"section\">\n\t\t\t\t\t\t<div class=\"elementor-container elementor-column-gap-default\">\n\t\t\t\t\t<div class=\"elementor-column elementor-col-100 elementor-top-column elementor-element elementor-element-ee51655\" data-id=\"ee51655\" data-element_type=\"column\">\n\t\t\t<div class=\"elementor-widget-wrap elementor-element-populated\">\n\t\t\t\t\t\t<div class=\"elementor-element elementor-element-c5f151c elementor-widget elementor-widget-button\" data-id=\"c5f151c\" data-element_type=\"widget\" data-widget_type=\"button.default\">\n\t\t\t\t<div class=\"elementor-widget-container\">\n\t\t\t\t\t\t\t<div class=\"elementor-button-wrapper\">\n\t\t\t\t\t<a class=\"elementor-button elementor-button-link elementor-size-sm\" href=\"https:\/\/www.gigroupholding.com\/polska\/wp-content\/uploads\/sites\/9\/2026\/04\/Labour-Market-Barometer-2026-20th-edition-Gi-Group-Holding.pdf\">\n\t\t\t\t\t\t<span class=\"elementor-button-content-wrapper\">\n\t\t\t\t\t\t\t\t\t<span class=\"elementor-button-text\">Download report<\/span>\n\t\t\t\t\t<\/span>\n\t\t\t\t\t<\/a>\n\t\t\t\t<\/div>\n\t\t\t\t\t\t<\/div>\n\t\t\t\t<\/div>\n\t\t\t\t\t<\/div>\n\t\t<\/div>\n\t\t\t\t\t<\/div>\n\t\t<\/section>\n\t\t\t\t<\/div>\n\t\t","protected":false},"excerpt":{"rendered":"<p>Dzi\u0119kujemy za wype\u0142nienie formularza! Pobierz raport w wybranej wersji j\u0119zykowej. Raport w wersji polskoj\u0119zycznej Pobierz raport Report in English Download report<\/p>\n","protected":false},"author":55,"featured_media":0,"parent":0,"menu_order":0,"comment_status":"closed","ping_status":"closed","template":"","meta":{"_acf_changed":false,"footnotes":"","_links_to":"","_links_to_target":""},"class_list":["post-36651","page","type-page","status-publish","hentry"],"acf":[],"yoast_head":"<!-- This site is optimized with the Yoast SEO plugin v23.9 - https:\/\/yoast.com\/wordpress\/plugins\/seo\/ -->\n<title>Thank you page Barometr 2026 - Gi Group Holding Polska<\/title>\n<meta name=\"robots\" content=\"index, nofollow, max-snippet:-1, max-image-preview:large, max-video-preview:-1\" \/>\n<link rel=\"canonical\" href=\"https:\/\/www.gigroupholding.com\/polska\/thank-you-page-barometr-2026\/\" \/>\n<meta property=\"og:locale\" content=\"pl_PL\" \/>\n<meta property=\"og:type\" content=\"article\" \/>\n<meta property=\"og:title\" content=\"Thank you page Barometr 2026 - Gi Group Holding Polska\" \/>\n<meta property=\"og:description\" content=\"Dzi\u0119kujemy za wype\u0142nienie formularza! Pobierz raport w wybranej wersji j\u0119zykowej. Raport w wersji polskoj\u0119zycznej Pobierz raport Report in English Download report\" \/>\n<meta property=\"og:url\" content=\"https:\/\/www.gigroupholding.com\/polska\/thank-you-page-barometr-2026\/\" \/>\n<meta property=\"og:site_name\" content=\"Gi Group Holding Polska\" \/>\n<meta property=\"article:modified_time\" content=\"2026-04-20T10:00:56+00:00\" \/>\n<meta name=\"twitter:card\" content=\"summary_large_image\" \/>\n<meta name=\"twitter:label1\" content=\"Est. reading time\" \/>\n\t<meta name=\"twitter:data1\" content=\"1 minute\" \/>\n<script type=\"application\/ld+json\" class=\"yoast-schema-graph\">{\"@context\":\"https:\/\/schema.org\",\"@graph\":[{\"@type\":\"WebPage\",\"@id\":\"https:\/\/www.gigroupholding.com\/polska\/thank-you-page-barometr-2026\/\",\"url\":\"https:\/\/www.gigroupholding.com\/polska\/thank-you-page-barometr-2026\/\",\"name\":\"Thank you page Barometr 2026 - Gi Group Holding Polska\",\"isPartOf\":{\"@id\":\"https:\/\/www.gigroupholding.com\/polska\/#website\"},\"datePublished\":\"2026-04-19T15:39:53+00:00\",\"dateModified\":\"2026-04-20T10:00:56+00:00\",\"inLanguage\":\"pl-PL\",\"potentialAction\":[{\"@type\":\"ReadAction\",\"target\":[\"https:\/\/www.gigroupholding.com\/polska\/thank-you-page-barometr-2026\/\"]}]},{\"@type\":\"WebSite\",\"@id\":\"https:\/\/www.gigroupholding.com\/polska\/#website\",\"url\":\"https:\/\/www.gigroupholding.com\/polska\/\",\"name\":\"Gi Group Holding Polska\",\"description\":\"\",\"potentialAction\":[{\"@type\":\"SearchAction\",\"target\":{\"@type\":\"EntryPoint\",\"urlTemplate\":\"https:\/\/www.gigroupholding.com\/polska\/?s={search_term_string}\"},\"query-input\":{\"@type\":\"PropertyValueSpecification\",\"valueRequired\":true,\"valueName\":\"search_term_string\"}}],\"inLanguage\":\"pl-PL\"}]}<\/script>\n<!-- \/ Yoast SEO plugin. -->","yoast_head_json":{"title":"Thank you page Barometr 2026 - Gi Group Holding Polska","robots":{"index":"index","follow":"nofollow","max-snippet":"max-snippet:-1","max-image-preview":"max-image-preview:large","max-video-preview":"max-video-preview:-1"},"canonical":"https:\/\/www.gigroupholding.com\/polska\/thank-you-page-barometr-2026\/","og_locale":"pl_PL","og_type":"article","og_title":"Thank you page Barometr 2026 - Gi Group Holding Polska","og_description":"Dzi\u0119kujemy za wype\u0142nienie formularza! Pobierz raport w wybranej wersji j\u0119zykowej. Raport w wersji polskoj\u0119zycznej Pobierz raport Report in English Download report","og_url":"https:\/\/www.gigroupholding.com\/polska\/thank-you-page-barometr-2026\/","og_site_name":"Gi Group Holding Polska","article_modified_time":"2026-04-20T10:00:56+00:00","twitter_card":"summary_large_image","twitter_misc":{"Est. reading time":"1 minute"},"schema":{"@context":"https:\/\/schema.org","@graph":[{"@type":"WebPage","@id":"https:\/\/www.gigroupholding.com\/polska\/thank-you-page-barometr-2026\/","url":"https:\/\/www.gigroupholding.com\/polska\/thank-you-page-barometr-2026\/","name":"Thank you page Barometr 2026 - Gi Group Holding Polska","isPartOf":{"@id":"https:\/\/www.gigroupholding.com\/polska\/#website"},"datePublished":"2026-04-19T15:39:53+00:00","dateModified":"2026-04-20T10:00:56+00:00","inLanguage":"pl-PL","potentialAction":[{"@type":"ReadAction","target":["https:\/\/www.gigroupholding.com\/polska\/thank-you-page-barometr-2026\/"]}]},{"@type":"WebSite","@id":"https:\/\/www.gigroupholding.com\/polska\/#website","url":"https:\/\/www.gigroupholding.com\/polska\/","name":"Gi Group Holding Polska","description":"","potentialAction":[{"@type":"SearchAction","target":{"@type":"EntryPoint","urlTemplate":"https:\/\/www.gigroupholding.com\/polska\/?s={search_term_string}"},"query-input":{"@type":"PropertyValueSpecification","valueRequired":true,"valueName":"search_term_string"}}],"inLanguage":"pl-PL"}]}},"_links":{"self":[{"href":"https:\/\/www.gigroupholding.com\/polska\/wp-json\/wp\/v2\/pages\/36651","targetHints":{"allow":["GET"]}}],"collection":[{"href":"https:\/\/www.gigroupholding.com\/polska\/wp-json\/wp\/v2\/pages"}],"about":[{"href":"https:\/\/www.gigroupholding.com\/polska\/wp-json\/wp\/v2\/types\/page"}],"author":[{"embeddable":true,"href":"https:\/\/www.gigroupholding.com\/polska\/wp-json\/wp\/v2\/users\/55"}],"replies":[{"embeddable":true,"href":"https:\/\/www.gigroupholding.com\/polska\/wp-json\/wp\/v2\/comments?post=36651"}],"version-history":[{"count":4,"href":"https:\/\/www.gigroupholding.com\/polska\/wp-json\/wp\/v2\/pages\/36651\/revisions"}],"predecessor-version":[{"id":41043,"href":"https:\/\/www.gigroupholding.com\/polska\/wp-json\/wp\/v2\/pages\/36651\/revisions\/41043"}],"wp:attachment":[{"href":"https:\/\/www.gigroupholding.com\/polska\/wp-json\/wp\/v2\/media?parent=36651"}],"curies":[{"name":"wp","href":"https:\/\/api.w.org\/{rel}","templated":true}]}}