{"id":17887,"date":"2024-09-25T08:16:24","date_gmt":"2024-09-25T08:16:24","guid":{"rendered":"https:\/\/www.gigroupholding.com\/polska\/?page_id=17887"},"modified":"2024-10-02T11:24:31","modified_gmt":"2024-10-02T11:24:31","slug":"sygnalisci","status":"publish","type":"page","link":"https:\/\/www.gigroupholding.com\/polska\/sygnalisci\/","title":{"rendered":"Dla Sygnalist\u00f3w"},"content":{"rendered":"\t\t<div data-elementor-type=\"wp-page\" data-elementor-id=\"17887\" class=\"elementor elementor-17887\" data-elementor-post-type=\"page\">\n\t\t\t\t\t\t<section class=\"elementor-section elementor-top-section elementor-element elementor-element-7879476 elementor-section-boxed elementor-section-height-default elementor-section-height-default\" data-id=\"7879476\" data-element_type=\"section\">\n\t\t\t\t\t\t<div class=\"elementor-container elementor-column-gap-default\">\n\t\t\t\t\t<div class=\"elementor-column elementor-col-16 elementor-top-column elementor-element elementor-element-179e282\" data-id=\"179e282\" data-element_type=\"column\">\n\t\t\t<div class=\"elementor-widget-wrap\">\n\t\t\t\t\t\t\t<\/div>\n\t\t<\/div>\n\t\t\t\t<div class=\"elementor-column elementor-col-66 elementor-top-column elementor-element elementor-element-591f038\" data-id=\"591f038\" data-element_type=\"column\">\n\t\t\t<div class=\"elementor-widget-wrap\">\n\t\t\t\t\t\t\t<\/div>\n\t\t<\/div>\n\t\t\t\t<div class=\"elementor-column elementor-col-16 elementor-top-column elementor-element elementor-element-6c14c41\" data-id=\"6c14c41\" data-element_type=\"column\">\n\t\t\t<div class=\"elementor-widget-wrap\">\n\t\t\t\t\t\t\t<\/div>\n\t\t<\/div>\n\t\t\t\t\t<\/div>\n\t\t<\/section>\n\t\t\t\t<section class=\"elementor-section elementor-top-section elementor-element elementor-element-0e77448 elementor-section-boxed elementor-section-height-default elementor-section-height-default\" data-id=\"0e77448\" data-element_type=\"section\">\n\t\t\t\t\t\t<div class=\"elementor-container elementor-column-gap-default\">\n\t\t\t\t\t<div class=\"elementor-column elementor-col-16 elementor-top-column elementor-element elementor-element-b36e793\" data-id=\"b36e793\" data-element_type=\"column\">\n\t\t\t<div class=\"elementor-widget-wrap\">\n\t\t\t\t\t\t\t<\/div>\n\t\t<\/div>\n\t\t\t\t<div class=\"elementor-column elementor-col-66 elementor-top-column elementor-element elementor-element-5c04752\" data-id=\"5c04752\" data-element_type=\"column\">\n\t\t\t<div class=\"elementor-widget-wrap elementor-element-populated\">\n\t\t\t\t\t\t<div class=\"elementor-element elementor-element-cda41d9 elementor-widget elementor-widget-text-editor\" data-id=\"cda41d9\" data-element_type=\"widget\" data-widget_type=\"text-editor.default\">\n\t\t\t\t<div class=\"elementor-widget-container\">\n\t\t\t\t\t\t\t<h1>Procedura dotycz\u0105ca zg\u0142osze\u0144 sygnalist\u00f3w<\/h1>\t\t\t\t\t\t<\/div>\n\t\t\t\t<\/div>\n\t\t\t\t<div class=\"elementor-element elementor-element-2d39553 elementor-widget elementor-widget-text-editor\" data-id=\"2d39553\" data-element_type=\"widget\" data-widget_type=\"text-editor.default\">\n\t\t\t\t<div class=\"elementor-widget-container\">\n\t\t\t\t\t\t\t<p>Informujemy, \u017ce wewn\u0119trzna procedura dokonywania zg\u0142osze\u0144 narusze\u0144 prawa i podejmowania dzia\u0142a\u0144 nast\u0119pczych (Procedura dot. zg\u0142osze\u0144 sygnalist\u00f3w):<\/p><ul><li>dla Grupy Gi Group jest dost\u0119pna do pobrania <a href=\"https:\/\/www.gigroupholding.com\/polska\/wp-content\/uploads\/sites\/9\/2024\/10\/Gi-Group-Poland_procedura-zgloszen-wewnetrznych.pdf\">tutaj<\/a>;<\/li><li>dla sp\u00f3\u0142ki Grafton Recruitment Sp. z o.o. jest dost\u0119pna do pobrania\u00a0<a id=\"menur2qq\" class=\"fui-Link ___1q1shib f2hkw1w f3rmtva f1ewtqcl fyind8e f1k6fduh f1w7gpdv fk6fouc fjoy568 figsok6 f1s184ao f1mk8lai fnbmjn9 f1o700av f13mvf36 f1cmlufx f9n3di6 f1ids18y f1tx3yz7 f1deo86v f1eh06m1 f1iescvh fhgqx19 f1olyrje f1p93eir f1nev41a f1h8hb77 f1lqvz6u f10aw75t fsle3fq f17ae5zn\" title=\"https:\/\/pl.grafton.com\/sites\/default\/files\/2024-09\/grafton%20recruitment%20sp.%20z%20o.o._procedura%20zg%c5%82osze%c5%84%20wewn%c4%99trznych_0.pdf\" href=\"https:\/\/pl.grafton.com\/sites\/default\/files\/2024-09\/Grafton%20Recruitment%20Sp.%20z%20o.o._procedura%20zg%C5%82osze%C5%84%20wewn%C4%99trznych_0.pdf\" target=\"_blank\" rel=\"noreferrer noopener\" aria-label=\"Link tutaj\">tutaj<\/a>;<\/li><li>dla sp\u00f3\u0142ki Grafton Outsourcing Services Sp. z o.o. jest dost\u0119pna do pobrania\u00a0<a id=\"menur2qs\" class=\"fui-Link ___1q1shib f2hkw1w f3rmtva f1ewtqcl fyind8e f1k6fduh f1w7gpdv fk6fouc fjoy568 figsok6 f1s184ao f1mk8lai fnbmjn9 f1o700av f13mvf36 f1cmlufx f9n3di6 f1ids18y f1tx3yz7 f1deo86v f1eh06m1 f1iescvh fhgqx19 f1olyrje f1p93eir f1nev41a f1h8hb77 f1lqvz6u f10aw75t fsle3fq f17ae5zn\" title=\"https:\/\/pl.grafton.com\/sites\/default\/files\/2024-09\/grafton%20outsourcing%20services%20sp.%20z%20o.o._procedura%20zg%c5%82osze%c5%84%20wewn%c4%99trznych_0.pdf\" href=\"https:\/\/pl.grafton.com\/sites\/default\/files\/2024-09\/Grafton%20Outsourcing%20Services%20Sp.%20z%20o.o._procedura%20zg%C5%82osze%C5%84%20wewn%C4%99trznych_0.pdf\" target=\"_blank\" rel=\"noreferrer noopener\" aria-label=\"Link tutaj\">tutaj<\/a>;<\/li><li>dla sp\u00f3\u0142ki Grafton Recruitment Services Sp. z o.o. jest dost\u0119pna do pobrania\u00a0<a id=\"menur2qu\" class=\"fui-Link ___1q1shib f2hkw1w f3rmtva f1ewtqcl fyind8e f1k6fduh f1w7gpdv fk6fouc fjoy568 figsok6 f1s184ao f1mk8lai fnbmjn9 f1o700av f13mvf36 f1cmlufx f9n3di6 f1ids18y f1tx3yz7 f1deo86v f1eh06m1 f1iescvh fhgqx19 f1olyrje f1p93eir f1nev41a f1h8hb77 f1lqvz6u f10aw75t fsle3fq f17ae5zn\" title=\"https:\/\/pl.grafton.com\/sites\/default\/files\/2024-09\/grafton%20recruitment%20services%20sp.%20z%20o.o._procedura%20zg%c5%82osze%c5%84%20wewn%c4%99trznych_0.pdf\" href=\"https:\/\/pl.grafton.com\/sites\/default\/files\/2024-09\/Grafton%20Recruitment%20Services%20Sp.%20z%20o.o._procedura%20zg%C5%82osze%C5%84%20wewn%C4%99trznych_0.pdf\" target=\"_blank\" rel=\"noreferrer noopener\" aria-label=\"Link tutaj\">tutaj<\/a>.<\/li><\/ul><p>Zg\u0142osze\u0144 w trybie przewidzianym w powy\u017cszych Procedurach dot. zg\u0142osze\u0144 sygnalist\u00f3w mo\u017cna dokona\u0107 pod nast\u0119puj\u0105cym adresem:\u00a0<a id=\"menur2r0\" class=\"fui-Link ___1q1shib f2hkw1w f3rmtva f1ewtqcl fyind8e f1k6fduh f1w7gpdv fk6fouc fjoy568 figsok6 f1s184ao f1mk8lai fnbmjn9 f1o700av f13mvf36 f1cmlufx f9n3di6 f1ids18y f1tx3yz7 f1deo86v f1eh06m1 f1iescvh fhgqx19 f1olyrje f1p93eir f1nev41a f1h8hb77 f1lqvz6u f10aw75t fsle3fq f17ae5zn\" title=\"https:\/\/gigroupholding.vco.ey.com\/\" href=\"https:\/\/gigroupholding.vco.ey.com\/\" target=\"_blank\" rel=\"noreferrer noopener\" aria-label=\"Link https:\/\/gigroupholding.vco.ey.com\/\">https:\/\/gigroupholding.vco.ey.com\/<\/a>.<\/p>\t\t\t\t\t\t<\/div>\n\t\t\t\t<\/div>\n\t\t\t\t<div class=\"elementor-element elementor-element-79e3261 elementor-widget elementor-widget-spacer\" data-id=\"79e3261\" data-element_type=\"widget\" data-widget_type=\"spacer.default\">\n\t\t\t\t<div class=\"elementor-widget-container\">\n\t\t\t\t\t<div class=\"elementor-spacer\">\n\t\t\t<div class=\"elementor-spacer-inner\"><\/div>\n\t\t<\/div>\n\t\t\t\t<\/div>\n\t\t\t\t<\/div>\n\t\t\t\t\t<\/div>\n\t\t<\/div>\n\t\t\t\t<div class=\"elementor-column elementor-col-16 elementor-top-column elementor-element elementor-element-dd9433b\" data-id=\"dd9433b\" data-element_type=\"column\">\n\t\t\t<div class=\"elementor-widget-wrap\">\n\t\t\t\t\t\t\t<\/div>\n\t\t<\/div>\n\t\t\t\t\t<\/div>\n\t\t<\/section>\n\t\t\t\t<\/div>\n\t\t","protected":false},"excerpt":{"rendered":"<p>Procedura dotycz\u0105ca zg\u0142osze\u0144 sygnalist\u00f3w Informujemy, \u017ce wewn\u0119trzna procedura dokonywania zg\u0142osze\u0144 narusze\u0144 prawa i podejmowania dzia\u0142a\u0144 nast\u0119pczych (Procedura dot. zg\u0142osze\u0144 sygnalist\u00f3w): dla Grupy Gi Group jest dost\u0119pna do pobrania tutaj; dla sp\u00f3\u0142ki Grafton Recruitment Sp. z o.o. jest dost\u0119pna do pobrania\u00a0tutaj; dla sp\u00f3\u0142ki Grafton Outsourcing Services Sp. z o.o. jest dost\u0119pna do pobrania\u00a0tutaj; dla sp\u00f3\u0142ki Grafton [&hellip;]<\/p>\n","protected":false},"author":25,"featured_media":0,"parent":0,"menu_order":0,"comment_status":"closed","ping_status":"closed","template":"","meta":{"_acf_changed":false,"footnotes":"","_links_to":"","_links_to_target":""},"class_list":["post-17887","page","type-page","status-publish","hentry"],"acf":[],"yoast_head":"<!-- This site is optimized with the Yoast SEO plugin v23.9 - https:\/\/yoast.com\/wordpress\/plugins\/seo\/ -->\n<title>Dla Sygnalist\u00f3w - Gi Group Holding Polska<\/title>\n<meta name=\"robots\" content=\"index, follow, max-snippet:-1, max-image-preview:large, max-video-preview:-1\" \/>\n<link rel=\"canonical\" href=\"https:\/\/www.gigroupholding.com\/polska\/sygnalisci\/\" \/>\n<meta property=\"og:locale\" content=\"pl_PL\" \/>\n<meta property=\"og:type\" content=\"article\" \/>\n<meta property=\"og:title\" content=\"Dla Sygnalist\u00f3w - Gi Group Holding Polska\" \/>\n<meta property=\"og:description\" content=\"Procedura dotycz\u0105ca zg\u0142osze\u0144 sygnalist\u00f3w Informujemy, \u017ce wewn\u0119trzna procedura dokonywania zg\u0142osze\u0144 narusze\u0144 prawa i podejmowania dzia\u0142a\u0144 nast\u0119pczych (Procedura dot. zg\u0142osze\u0144 sygnalist\u00f3w): dla Grupy Gi Group jest dost\u0119pna do pobrania tutaj; dla sp\u00f3\u0142ki Grafton Recruitment Sp. z o.o. jest dost\u0119pna do pobrania\u00a0tutaj; dla sp\u00f3\u0142ki Grafton Outsourcing Services Sp. z o.o. jest dost\u0119pna do pobrania\u00a0tutaj; dla sp\u00f3\u0142ki Grafton [&hellip;]\" \/>\n<meta property=\"og:url\" content=\"https:\/\/www.gigroupholding.com\/polska\/sygnalisci\/\" \/>\n<meta property=\"og:site_name\" content=\"Gi Group Holding Polska\" \/>\n<meta property=\"article:modified_time\" content=\"2024-10-02T11:24:31+00:00\" \/>\n<meta name=\"twitter:card\" content=\"summary_large_image\" \/>\n<meta name=\"twitter:label1\" content=\"Est. reading time\" \/>\n\t<meta name=\"twitter:data1\" content=\"1 minute\" \/>\n<script type=\"application\/ld+json\" class=\"yoast-schema-graph\">{\"@context\":\"https:\/\/schema.org\",\"@graph\":[{\"@type\":\"WebPage\",\"@id\":\"https:\/\/www.gigroupholding.com\/polska\/sygnalisci\/\",\"url\":\"https:\/\/www.gigroupholding.com\/polska\/sygnalisci\/\",\"name\":\"Dla Sygnalist\u00f3w - Gi Group Holding Polska\",\"isPartOf\":{\"@id\":\"https:\/\/www.gigroupholding.com\/polska\/#website\"},\"datePublished\":\"2024-09-25T08:16:24+00:00\",\"dateModified\":\"2024-10-02T11:24:31+00:00\",\"inLanguage\":\"pl-PL\",\"potentialAction\":[{\"@type\":\"ReadAction\",\"target\":[\"https:\/\/www.gigroupholding.com\/polska\/sygnalisci\/\"]}]},{\"@type\":\"WebSite\",\"@id\":\"https:\/\/www.gigroupholding.com\/polska\/#website\",\"url\":\"https:\/\/www.gigroupholding.com\/polska\/\",\"name\":\"Gi Group Holding Polska\",\"description\":\"\",\"potentialAction\":[{\"@type\":\"SearchAction\",\"target\":{\"@type\":\"EntryPoint\",\"urlTemplate\":\"https:\/\/www.gigroupholding.com\/polska\/?s={search_term_string}\"},\"query-input\":{\"@type\":\"PropertyValueSpecification\",\"valueRequired\":true,\"valueName\":\"search_term_string\"}}],\"inLanguage\":\"pl-PL\"}]}<\/script>\n<!-- \/ Yoast SEO plugin. -->","yoast_head_json":{"title":"Dla Sygnalist\u00f3w - Gi Group Holding Polska","robots":{"index":"index","follow":"follow","max-snippet":"max-snippet:-1","max-image-preview":"max-image-preview:large","max-video-preview":"max-video-preview:-1"},"canonical":"https:\/\/www.gigroupholding.com\/polska\/sygnalisci\/","og_locale":"pl_PL","og_type":"article","og_title":"Dla Sygnalist\u00f3w - Gi Group Holding Polska","og_description":"Procedura dotycz\u0105ca zg\u0142osze\u0144 sygnalist\u00f3w Informujemy, \u017ce wewn\u0119trzna procedura dokonywania zg\u0142osze\u0144 narusze\u0144 prawa i podejmowania dzia\u0142a\u0144 nast\u0119pczych (Procedura dot. zg\u0142osze\u0144 sygnalist\u00f3w): dla Grupy Gi Group jest dost\u0119pna do pobrania tutaj; dla sp\u00f3\u0142ki Grafton Recruitment Sp. z o.o. jest dost\u0119pna do pobrania\u00a0tutaj; dla sp\u00f3\u0142ki Grafton Outsourcing Services Sp. z o.o. jest dost\u0119pna do pobrania\u00a0tutaj; dla sp\u00f3\u0142ki Grafton [&hellip;]","og_url":"https:\/\/www.gigroupholding.com\/polska\/sygnalisci\/","og_site_name":"Gi Group Holding Polska","article_modified_time":"2024-10-02T11:24:31+00:00","twitter_card":"summary_large_image","twitter_misc":{"Est. reading time":"1 minute"},"schema":{"@context":"https:\/\/schema.org","@graph":[{"@type":"WebPage","@id":"https:\/\/www.gigroupholding.com\/polska\/sygnalisci\/","url":"https:\/\/www.gigroupholding.com\/polska\/sygnalisci\/","name":"Dla Sygnalist\u00f3w - Gi Group Holding Polska","isPartOf":{"@id":"https:\/\/www.gigroupholding.com\/polska\/#website"},"datePublished":"2024-09-25T08:16:24+00:00","dateModified":"2024-10-02T11:24:31+00:00","inLanguage":"pl-PL","potentialAction":[{"@type":"ReadAction","target":["https:\/\/www.gigroupholding.com\/polska\/sygnalisci\/"]}]},{"@type":"WebSite","@id":"https:\/\/www.gigroupholding.com\/polska\/#website","url":"https:\/\/www.gigroupholding.com\/polska\/","name":"Gi Group Holding Polska","description":"","potentialAction":[{"@type":"SearchAction","target":{"@type":"EntryPoint","urlTemplate":"https:\/\/www.gigroupholding.com\/polska\/?s={search_term_string}"},"query-input":{"@type":"PropertyValueSpecification","valueRequired":true,"valueName":"search_term_string"}}],"inLanguage":"pl-PL"}]}},"_links":{"self":[{"href":"https:\/\/www.gigroupholding.com\/polska\/wp-json\/wp\/v2\/pages\/17887","targetHints":{"allow":["GET"]}}],"collection":[{"href":"https:\/\/www.gigroupholding.com\/polska\/wp-json\/wp\/v2\/pages"}],"about":[{"href":"https:\/\/www.gigroupholding.com\/polska\/wp-json\/wp\/v2\/types\/page"}],"author":[{"embeddable":true,"href":"https:\/\/www.gigroupholding.com\/polska\/wp-json\/wp\/v2\/users\/25"}],"replies":[{"embeddable":true,"href":"https:\/\/www.gigroupholding.com\/polska\/wp-json\/wp\/v2\/comments?post=17887"}],"version-history":[{"count":10,"href":"https:\/\/www.gigroupholding.com\/polska\/wp-json\/wp\/v2\/pages\/17887\/revisions"}],"predecessor-version":[{"id":17926,"href":"https:\/\/www.gigroupholding.com\/polska\/wp-json\/wp\/v2\/pages\/17887\/revisions\/17926"}],"wp:attachment":[{"href":"https:\/\/www.gigroupholding.com\/polska\/wp-json\/wp\/v2\/media?parent=17887"}],"curies":[{"name":"wp","href":"https:\/\/api.w.org\/{rel}","templated":true}]}}