{"id":304,"date":"2021-12-29T09:40:15","date_gmt":"2021-12-29T09:40:15","guid":{"rendered":"https:\/\/gigroup.draft2017.com\/italia\/?page_id=304"},"modified":"2022-04-20T11:18:19","modified_gmt":"2022-04-20T09:18:19","slug":"come-vogliamo-fare-la-differenza","status":"publish","type":"page","link":"https:\/\/www.gigroupholding.com\/italia\/entra-nel-nostro-team\/come-vogliamo-fare-la-differenza\/","title":{"rendered":"Come Vogliamo Fare La Differenza"},"content":{"rendered":"\t\t<div data-elementor-type=\"wp-page\" data-elementor-id=\"304\" class=\"elementor elementor-304\" data-elementor-post-type=\"page\">\n\t\t\t\t\t\t<section class=\"elementor-section elementor-top-section elementor-element elementor-element-b616d00 mobile_bg_last_row_140 header_line_right elementor-section-boxed elementor-section-height-default elementor-section-height-default\" data-id=\"b616d00\" data-element_type=\"section\" data-settings=\"{&quot;background_background&quot;:&quot;classic&quot;}\">\n\t\t\t\t\t\t<div class=\"elementor-container elementor-column-gap-default\">\n\t\t\t\t\t<div class=\"elementor-column elementor-col-100 elementor-top-column elementor-element elementor-element-0283e43\" data-id=\"0283e43\" data-element_type=\"column\">\n\t\t\t<div class=\"elementor-widget-wrap elementor-element-populated\">\n\t\t\t\t\t\t<div class=\"elementor-element elementor-element-653e1ba elementor-hidden-desktop elementor-hidden-tablet elementor-hidden-mobile elementor-widget elementor-widget-heading\" data-id=\"653e1ba\" data-element_type=\"widget\" data-widget_type=\"heading.default\">\n\t\t\t\t<div class=\"elementor-widget-container\">\n\t\t\t<span class=\"elementor-heading-title elementor-size-default\">Lavora con noi - <strong>Il Nostro Impatto<\/strong><\/span>\t\t<\/div>\n\t\t\t\t<\/div>\n\t\t\t\t<div class=\"elementor-element elementor-element-826cffc elementor-widget elementor-widget-spacer\" data-id=\"826cffc\" data-element_type=\"widget\" data-widget_type=\"spacer.default\">\n\t\t\t\t<div class=\"elementor-widget-container\">\n\t\t\t\t\t<div class=\"elementor-spacer\">\n\t\t\t<div class=\"elementor-spacer-inner\"><\/div>\n\t\t<\/div>\n\t\t\t\t<\/div>\n\t\t\t\t<\/div>\n\t\t\t\t<div class=\"elementor-element elementor-element-e9ee761 elementor-widget elementor-widget-heading\" data-id=\"e9ee761\" data-element_type=\"widget\" data-widget_type=\"heading.default\">\n\t\t\t\t<div class=\"elementor-widget-container\">\n\t\t\t<h1 class=\"elementor-heading-title elementor-size-default\">Come vogliamo \n <br>\n<span class=\"dark_color\"><strong>fare la differenza<\/strong><\/span><\/h1>\t\t<\/div>\n\t\t\t\t<\/div>\n\t\t\t\t<div class=\"elementor-element elementor-element-936aabf elementor-widget elementor-widget-spacer\" data-id=\"936aabf\" data-element_type=\"widget\" data-widget_type=\"spacer.default\">\n\t\t\t\t<div class=\"elementor-widget-container\">\n\t\t\t\t\t<div class=\"elementor-spacer\">\n\t\t\t<div class=\"elementor-spacer-inner\"><\/div>\n\t\t<\/div>\n\t\t\t\t<\/div>\n\t\t\t\t<\/div>\n\t\t\t\t<div class=\"elementor-element elementor-element-6e21505 elementor-widget elementor-widget-spacer\" data-id=\"6e21505\" data-element_type=\"widget\" data-widget_type=\"spacer.default\">\n\t\t\t\t<div class=\"elementor-widget-container\">\n\t\t\t\t\t<div class=\"elementor-spacer\">\n\t\t\t<div class=\"elementor-spacer-inner\"><\/div>\n\t\t<\/div>\n\t\t\t\t<\/div>\n\t\t\t\t<\/div>\n\t\t\t\t\t<\/div>\n\t\t<\/div>\n\t\t\t\t\t<\/div>\n\t\t<\/section>\n\t\t\t\t<section class=\"elementor-section elementor-top-section elementor-element elementor-element-4647067 elementor-section-boxed elementor-section-height-default elementor-section-height-default\" data-id=\"4647067\" data-element_type=\"section\">\n\t\t\t\t\t\t<div class=\"elementor-container elementor-column-gap-default\">\n\t\t\t\t\t<div class=\"elementor-column elementor-col-100 elementor-top-column elementor-element elementor-element-9569c2c\" data-id=\"9569c2c\" data-element_type=\"column\">\n\t\t\t<div class=\"elementor-widget-wrap elementor-element-populated\">\n\t\t\t\t\t\t<div class=\"elementor-element elementor-element-617067c elementor-widget elementor-widget-spacer\" data-id=\"617067c\" data-element_type=\"widget\" data-widget_type=\"spacer.default\">\n\t\t\t\t<div class=\"elementor-widget-container\">\n\t\t\t\t\t<div class=\"elementor-spacer\">\n\t\t\t<div class=\"elementor-spacer-inner\"><\/div>\n\t\t<\/div>\n\t\t\t\t<\/div>\n\t\t\t\t<\/div>\n\t\t\t\t<div class=\"elementor-element elementor-element-26b4c58 max-width-1200 elementor-widget elementor-widget-text-editor\" data-id=\"26b4c58\" data-element_type=\"widget\" data-widget_type=\"text-editor.default\">\n\t\t\t\t<div class=\"elementor-widget-container\">\n\t\t\t\t\t\t\t<p>Gi Group Holding \u00e8 una realt\u00e0 globale la cui mission \u00e8 trasformare il mercato del lavoro e rendere il futuro del lavoro migliore per tutti i suoi stakeholder. <br \/><br \/>Attraverso i nostri servizi ci impegniamo a sviluppare la consapevolezza del valore personale e sociale del lavoro e migliorare la qualit\u00e0 di vita delle persone.<br \/><br \/><a href=\"\/italia\/chi-siamo\/#lanostramission\">Scopri la nostra missione e i nostri valori.<\/a><\/p><p>\u00a0<\/p>\t\t\t\t\t\t<\/div>\n\t\t\t\t<\/div>\n\t\t\t\t<div class=\"elementor-element elementor-element-c57b489 elementor-widget elementor-widget-spacer\" data-id=\"c57b489\" data-element_type=\"widget\" data-widget_type=\"spacer.default\">\n\t\t\t\t<div class=\"elementor-widget-container\">\n\t\t\t\t\t<div class=\"elementor-spacer\">\n\t\t\t<div class=\"elementor-spacer-inner\"><\/div>\n\t\t<\/div>\n\t\t\t\t<\/div>\n\t\t\t\t<\/div>\n\t\t\t\t<div class=\"elementor-element elementor-element-ade89fd elementor-align-left elementor-mobile-align-justify elementor-widget elementor-widget-button\" data-id=\"ade89fd\" data-element_type=\"widget\" data-widget_type=\"button.default\">\n\t\t\t\t<div class=\"elementor-widget-container\">\n\t\t\t\t\t\t\t<div class=\"elementor-button-wrapper\">\n\t\t\t\t\t<a class=\"elementor-button elementor-button-link elementor-size-sm\" href=\"https:\/\/www.gigroupholding.com\/about-gigroup\/about-gigroup#experiences\" target=\"_blank\">\n\t\t\t\t\t\t<span class=\"elementor-button-content-wrapper\">\n\t\t\t\t\t\t\t\t\t<span class=\"elementor-button-text\">Scopri le testimonianze<\/span>\n\t\t\t\t\t<\/span>\n\t\t\t\t\t<\/a>\n\t\t\t\t<\/div>\n\t\t\t\t\t\t<\/div>\n\t\t\t\t<\/div>\n\t\t\t\t\t<\/div>\n\t\t<\/div>\n\t\t\t\t\t<\/div>\n\t\t<\/section>\n\t\t\t\t<section class=\"elementor-section elementor-top-section elementor-element elementor-element-2bb46c3 elementor-section-boxed elementor-section-height-default elementor-section-height-default\" data-id=\"2bb46c3\" data-element_type=\"section\">\n\t\t\t\t\t\t<div class=\"elementor-container elementor-column-gap-default\">\n\t\t\t\t\t<div class=\"elementor-column elementor-col-100 elementor-top-column elementor-element elementor-element-6f10423\" data-id=\"6f10423\" data-element_type=\"column\">\n\t\t\t<div class=\"elementor-widget-wrap elementor-element-populated\">\n\t\t\t\t\t\t<div class=\"elementor-element elementor-element-e9e408e elementor-widget elementor-widget-heading\" data-id=\"e9e408e\" data-element_type=\"widget\" data-widget_type=\"heading.default\">\n\t\t\t\t<div class=\"elementor-widget-container\">\n\t\t\t<h2 class=\"elementor-heading-title elementor-size-default\">Vieni A Conoscere \n\n<span class=\"header_span\"> <br>Le Facce Da Gi Group!<\/span><\/h2>\t\t<\/div>\n\t\t\t\t<\/div>\n\t\t\t\t<div class=\"elementor-element elementor-element-75c7125 max-width-1200 elementor-widget elementor-widget-text-editor\" data-id=\"75c7125\" data-element_type=\"widget\" data-widget_type=\"text-editor.default\">\n\t\t\t\t<div class=\"elementor-widget-container\">\n\t\t\t\t\t\t\tDa oltre 20 anni contribuiamo, da protagonisti, allo sviluppo del mondo del lavoro.\t\t\t\t\t\t<\/div>\n\t\t\t\t<\/div>\n\t\t\t\t\t<\/div>\n\t\t<\/div>\n\t\t\t\t\t<\/div>\n\t\t<\/section>\n\t\t\t\t<section class=\"elementor-section elementor-top-section elementor-element elementor-element-86ff0b5 elementor-hidden-desktop elementor-hidden-tablet elementor-hidden-mobile elementor-section-boxed elementor-section-height-default elementor-section-height-default\" data-id=\"86ff0b5\" data-element_type=\"section\">\n\t\t\t\t\t\t<div class=\"elementor-container elementor-column-gap-default\">\n\t\t\t\t\t<div class=\"elementor-column elementor-col-50 elementor-top-column elementor-element elementor-element-4b50157\" data-id=\"4b50157\" data-element_type=\"column\">\n\t\t\t<div class=\"elementor-widget-wrap elementor-element-populated\">\n\t\t\t\t\t\t<div class=\"elementor-element elementor-element-22f85c0 elementor-widget elementor-widget-video\" data-id=\"22f85c0\" data-element_type=\"widget\" data-settings=\"{&quot;youtube_url&quot;:&quot;https:\\\/\\\/youtu.be\\\/JWrOjMjmi1c&quot;,&quot;video_type&quot;:&quot;youtube&quot;,&quot;controls&quot;:&quot;yes&quot;}\" data-widget_type=\"video.default\">\n\t\t\t\t<div class=\"elementor-widget-container\">\n\t\t\t\t\t<div class=\"elementor-wrapper elementor-open-inline\">\n\t\t\t<div class=\"elementor-video\"><\/div>\t\t<\/div>\n\t\t\t\t<\/div>\n\t\t\t\t<\/div>\n\t\t\t\t\t<\/div>\n\t\t<\/div>\n\t\t\t\t<div class=\"elementor-column elementor-col-50 elementor-top-column elementor-element elementor-element-02265f9\" data-id=\"02265f9\" data-element_type=\"column\">\n\t\t\t<div class=\"elementor-widget-wrap\">\n\t\t\t\t\t\t\t<\/div>\n\t\t<\/div>\n\t\t\t\t\t<\/div>\n\t\t<\/section>\n\t\t\t\t<section class=\"elementor-section elementor-top-section elementor-element elementor-element-96c663d elementor-section-boxed elementor-section-height-default elementor-section-height-default\" data-id=\"96c663d\" data-element_type=\"section\">\n\t\t\t\t\t\t<div class=\"elementor-container elementor-column-gap-default\">\n\t\t\t\t\t<div class=\"elementor-column elementor-col-100 elementor-top-column elementor-element elementor-element-7767e87\" data-id=\"7767e87\" data-element_type=\"column\">\n\t\t\t<div class=\"elementor-widget-wrap elementor-element-populated\">\n\t\t\t\t\t\t<div class=\"elementor-element elementor-element-7e60846 elementor-hidden-desktop elementor-hidden-tablet elementor-hidden-mobile elementor-widget elementor-widget-spacer\" data-id=\"7e60846\" data-element_type=\"widget\" data-widget_type=\"spacer.default\">\n\t\t\t\t<div class=\"elementor-widget-container\">\n\t\t\t\t\t<div class=\"elementor-spacer\">\n\t\t\t<div class=\"elementor-spacer-inner\"><\/div>\n\t\t<\/div>\n\t\t\t\t<\/div>\n\t\t\t\t<\/div>\n\t\t\t\t<div class=\"elementor-element elementor-element-5e54aa6 elementor-align-left elementor-mobile-align-justify elementor-widget elementor-widget-button\" data-id=\"5e54aa6\" data-element_type=\"widget\" data-widget_type=\"button.default\">\n\t\t\t\t<div class=\"elementor-widget-container\">\n\t\t\t\t\t\t\t<div class=\"elementor-button-wrapper\">\n\t\t\t\t\t<a class=\"elementor-button elementor-button-link elementor-size-sm\" href=\"https:\/\/www.youtube.com\/watch?v=AOfjsUAkfS8&#038;list=PLjbAUgXZu9GVo6HbFM9vWW0bgtk96v4K4&#038;index=3\" target=\"_blank\">\n\t\t\t\t\t\t<span class=\"elementor-button-content-wrapper\">\n\t\t\t\t\t\t\t\t\t<span class=\"elementor-button-text\">Vieni a conoscerci meglio<\/span>\n\t\t\t\t\t<\/span>\n\t\t\t\t\t<\/a>\n\t\t\t\t<\/div>\n\t\t\t\t\t\t<\/div>\n\t\t\t\t<\/div>\n\t\t\t\t<div class=\"elementor-element elementor-element-5ba3b14 elementor-widget elementor-widget-spacer\" data-id=\"5ba3b14\" data-element_type=\"widget\" data-widget_type=\"spacer.default\">\n\t\t\t\t<div class=\"elementor-widget-container\">\n\t\t\t\t\t<div class=\"elementor-spacer\">\n\t\t\t<div class=\"elementor-spacer-inner\"><\/div>\n\t\t<\/div>\n\t\t\t\t<\/div>\n\t\t\t\t<\/div>\n\t\t\t\t\t<\/div>\n\t\t<\/div>\n\t\t\t\t\t<\/div>\n\t\t<\/section>\n\t\t\t\t<\/div>\n\t\t","protected":false},"excerpt":{"rendered":"<p>Lavora con noi &#8211; Il Nostro Impatto Come vogliamo fare la differenza Gi Group Holding \u00e8 una realt\u00e0 globale la cui mission \u00e8 trasformare il mercato del lavoro e rendere il futuro del lavoro migliore per tutti i suoi stakeholder. Attraverso i nostri servizi ci impegniamo a sviluppare la consapevolezza del valore personale e sociale [&hellip;]<\/p>\n","protected":false},"author":1,"featured_media":0,"parent":52,"menu_order":0,"comment_status":"closed","ping_status":"closed","template":"","meta":{"_acf_changed":false,"footnotes":"","_links_to":"","_links_to_target":""},"class_list":["post-304","page","type-page","status-publish","hentry"],"acf":[],"yoast_head":"<!-- This site is optimized with the Yoast SEO plugin v23.9 - https:\/\/yoast.com\/wordpress\/plugins\/seo\/ -->\n<title>Come Vogliamo Fare La Differenza - Gi Group Holding Italia<\/title>\n<meta name=\"description\" content=\"Gi Group Holding \u00e8 una realt\u00e0 globale la cui mission \u00e8 trasformare il mercato del lavoro e rendere il futuro del lavoro migliore per tutti i suoi stakeholder.Attraverso i nostri servizi ci impegniamo a sviluppare la consapevolezza del valore personale e sociale del lavoro e migliorare la qualit\u00e0 di vita delle persone.\" \/>\n<meta name=\"robots\" content=\"index, follow, max-snippet:-1, max-image-preview:large, max-video-preview:-1\" \/>\n<link rel=\"canonical\" href=\"https:\/\/www.gigroupholding.com\/italia\/entra-nel-nostro-team\/come-vogliamo-fare-la-differenza\/\" \/>\n<meta property=\"og:locale\" content=\"it_IT\" \/>\n<meta property=\"og:type\" content=\"article\" \/>\n<meta property=\"og:title\" content=\"Gi Group Holding Italia - Come vogliamo fare la differenza\" \/>\n<meta property=\"og:description\" content=\"Gi Group Holding \u00e8 una realt\u00e0 globale la cui mission \u00e8 trasformare il mercato del lavoro e rendere il futuro del lavoro migliore per tutti i suoi stakeholder.\" \/>\n<meta property=\"og:url\" content=\"https:\/\/www.gigroupholding.com\/italia\/entra-nel-nostro-team\/come-vogliamo-fare-la-differenza\/\" \/>\n<meta property=\"og:site_name\" content=\"Gi Group Holding Italia\" \/>\n<meta property=\"article:modified_time\" content=\"2022-04-20T09:18:19+00:00\" \/>\n<meta property=\"og:image\" content=\"https:\/\/www.gigroupholding.com\/italia\/wp-content\/uploads\/sites\/2\/2022\/04\/Featured-Image-social-media-1.png\" \/>\n\t<meta property=\"og:image:width\" content=\"1200\" \/>\n\t<meta property=\"og:image:height\" content=\"628\" \/>\n\t<meta property=\"og:image:type\" content=\"image\/png\" \/>\n<meta name=\"twitter:card\" content=\"summary_large_image\" \/>\n<meta name=\"twitter:title\" content=\"Gi Group Holding Italia - Come vogliamo fare la differenza\" \/>\n<meta name=\"twitter:description\" content=\"Gi Group Holding \u00e8 una realt\u00e0 globale la cui mission \u00e8 trasformare il mercato del lavoro e rendere il futuro del lavoro migliore per tutti i suoi stakeholder.\" \/>\n<meta name=\"twitter:image\" content=\"https:\/\/www.gigroupholding.com\/italia\/wp-content\/uploads\/sites\/2\/2022\/04\/Featured-Image-social-media-1.png\" \/>\n<meta name=\"twitter:label1\" content=\"Tempo di lettura stimato\" \/>\n\t<meta name=\"twitter:data1\" content=\"1 minuto\" \/>\n<script type=\"application\/ld+json\" class=\"yoast-schema-graph\">{\"@context\":\"https:\/\/schema.org\",\"@graph\":[{\"@type\":\"WebPage\",\"@id\":\"https:\/\/www.gigroupholding.com\/italia\/entra-nel-nostro-team\/come-vogliamo-fare-la-differenza\/\",\"url\":\"https:\/\/www.gigroupholding.com\/italia\/entra-nel-nostro-team\/come-vogliamo-fare-la-differenza\/\",\"name\":\"Come Vogliamo Fare La Differenza - Gi Group Holding Italia\",\"isPartOf\":{\"@id\":\"https:\/\/www.gigroupholding.com\/italia\/#website\"},\"datePublished\":\"2021-12-29T09:40:15+00:00\",\"dateModified\":\"2022-04-20T09:18:19+00:00\",\"description\":\"Gi Group Holding \u00e8 una realt\u00e0 globale la cui mission \u00e8 trasformare il mercato del lavoro e rendere il futuro del lavoro migliore per tutti i suoi stakeholder.Attraverso i nostri servizi ci impegniamo a sviluppare la consapevolezza del valore personale e sociale del lavoro e migliorare la qualit\u00e0 di vita delle persone.\",\"breadcrumb\":{\"@id\":\"https:\/\/www.gigroupholding.com\/italia\/entra-nel-nostro-team\/come-vogliamo-fare-la-differenza\/#breadcrumb\"},\"inLanguage\":\"it-IT\",\"potentialAction\":[{\"@type\":\"ReadAction\",\"target\":[\"https:\/\/www.gigroupholding.com\/italia\/entra-nel-nostro-team\/come-vogliamo-fare-la-differenza\/\"]}]},{\"@type\":\"BreadcrumbList\",\"@id\":\"https:\/\/www.gigroupholding.com\/italia\/entra-nel-nostro-team\/come-vogliamo-fare-la-differenza\/#breadcrumb\",\"itemListElement\":[{\"@type\":\"ListItem\",\"position\":1,\"name\":\"Entra nel nostro team\",\"item\":\"https:\/\/www.gigroupholding.com\/italia\/entra-nel-nostro-team\/\"},{\"@type\":\"ListItem\",\"position\":2,\"name\":\"Come Vogliamo Fare La Differenza\"}]},{\"@type\":\"WebSite\",\"@id\":\"https:\/\/www.gigroupholding.com\/italia\/#website\",\"url\":\"https:\/\/www.gigroupholding.com\/italia\/\",\"name\":\"Gi Group Holding Italia\",\"description\":\"\",\"potentialAction\":[{\"@type\":\"SearchAction\",\"target\":{\"@type\":\"EntryPoint\",\"urlTemplate\":\"https:\/\/www.gigroupholding.com\/italia\/?s={search_term_string}\"},\"query-input\":{\"@type\":\"PropertyValueSpecification\",\"valueRequired\":true,\"valueName\":\"search_term_string\"}}],\"inLanguage\":\"it-IT\"}]}<\/script>\n<!-- \/ Yoast SEO plugin. -->","yoast_head_json":{"title":"Come Vogliamo Fare La Differenza - Gi Group Holding Italia","description":"Gi Group Holding \u00e8 una realt\u00e0 globale la cui mission \u00e8 trasformare il mercato del lavoro e rendere il futuro del lavoro migliore per tutti i suoi stakeholder.Attraverso i nostri servizi ci impegniamo a sviluppare la consapevolezza del valore personale e sociale del lavoro e migliorare la qualit\u00e0 di vita delle persone.","robots":{"index":"index","follow":"follow","max-snippet":"max-snippet:-1","max-image-preview":"max-image-preview:large","max-video-preview":"max-video-preview:-1"},"canonical":"https:\/\/www.gigroupholding.com\/italia\/entra-nel-nostro-team\/come-vogliamo-fare-la-differenza\/","og_locale":"it_IT","og_type":"article","og_title":"Gi Group Holding Italia - Come vogliamo fare la differenza","og_description":"Gi Group Holding \u00e8 una realt\u00e0 globale la cui mission \u00e8 trasformare il mercato del lavoro e rendere il futuro del lavoro migliore per tutti i suoi stakeholder.","og_url":"https:\/\/www.gigroupholding.com\/italia\/entra-nel-nostro-team\/come-vogliamo-fare-la-differenza\/","og_site_name":"Gi Group Holding Italia","article_modified_time":"2022-04-20T09:18:19+00:00","og_image":[{"width":1200,"height":628,"url":"https:\/\/www.gigroupholding.com\/italia\/wp-content\/uploads\/sites\/2\/2022\/04\/Featured-Image-social-media-1.png","type":"image\/png"}],"twitter_card":"summary_large_image","twitter_title":"Gi Group Holding Italia - Come vogliamo fare la differenza","twitter_description":"Gi Group Holding \u00e8 una realt\u00e0 globale la cui mission \u00e8 trasformare il mercato del lavoro e rendere il futuro del lavoro migliore per tutti i suoi stakeholder.","twitter_image":"https:\/\/www.gigroupholding.com\/italia\/wp-content\/uploads\/sites\/2\/2022\/04\/Featured-Image-social-media-1.png","twitter_misc":{"Tempo di lettura stimato":"1 minuto"},"schema":{"@context":"https:\/\/schema.org","@graph":[{"@type":"WebPage","@id":"https:\/\/www.gigroupholding.com\/italia\/entra-nel-nostro-team\/come-vogliamo-fare-la-differenza\/","url":"https:\/\/www.gigroupholding.com\/italia\/entra-nel-nostro-team\/come-vogliamo-fare-la-differenza\/","name":"Come Vogliamo Fare La Differenza - Gi Group Holding Italia","isPartOf":{"@id":"https:\/\/www.gigroupholding.com\/italia\/#website"},"datePublished":"2021-12-29T09:40:15+00:00","dateModified":"2022-04-20T09:18:19+00:00","description":"Gi Group Holding \u00e8 una realt\u00e0 globale la cui mission \u00e8 trasformare il mercato del lavoro e rendere il futuro del lavoro migliore per tutti i suoi stakeholder.Attraverso i nostri servizi ci impegniamo a sviluppare la consapevolezza del valore personale e sociale del lavoro e migliorare la qualit\u00e0 di vita delle persone.","breadcrumb":{"@id":"https:\/\/www.gigroupholding.com\/italia\/entra-nel-nostro-team\/come-vogliamo-fare-la-differenza\/#breadcrumb"},"inLanguage":"it-IT","potentialAction":[{"@type":"ReadAction","target":["https:\/\/www.gigroupholding.com\/italia\/entra-nel-nostro-team\/come-vogliamo-fare-la-differenza\/"]}]},{"@type":"BreadcrumbList","@id":"https:\/\/www.gigroupholding.com\/italia\/entra-nel-nostro-team\/come-vogliamo-fare-la-differenza\/#breadcrumb","itemListElement":[{"@type":"ListItem","position":1,"name":"Entra nel nostro team","item":"https:\/\/www.gigroupholding.com\/italia\/entra-nel-nostro-team\/"},{"@type":"ListItem","position":2,"name":"Come Vogliamo Fare La Differenza"}]},{"@type":"WebSite","@id":"https:\/\/www.gigroupholding.com\/italia\/#website","url":"https:\/\/www.gigroupholding.com\/italia\/","name":"Gi Group Holding Italia","description":"","potentialAction":[{"@type":"SearchAction","target":{"@type":"EntryPoint","urlTemplate":"https:\/\/www.gigroupholding.com\/italia\/?s={search_term_string}"},"query-input":{"@type":"PropertyValueSpecification","valueRequired":true,"valueName":"search_term_string"}}],"inLanguage":"it-IT"}]}},"_links":{"self":[{"href":"https:\/\/www.gigroupholding.com\/italia\/wp-json\/wp\/v2\/pages\/304","targetHints":{"allow":["GET"]}}],"collection":[{"href":"https:\/\/www.gigroupholding.com\/italia\/wp-json\/wp\/v2\/pages"}],"about":[{"href":"https:\/\/www.gigroupholding.com\/italia\/wp-json\/wp\/v2\/types\/page"}],"author":[{"embeddable":true,"href":"https:\/\/www.gigroupholding.com\/italia\/wp-json\/wp\/v2\/users\/1"}],"replies":[{"embeddable":true,"href":"https:\/\/www.gigroupholding.com\/italia\/wp-json\/wp\/v2\/comments?post=304"}],"version-history":[{"count":287,"href":"https:\/\/www.gigroupholding.com\/italia\/wp-json\/wp\/v2\/pages\/304\/revisions"}],"predecessor-version":[{"id":11754,"href":"https:\/\/www.gigroupholding.com\/italia\/wp-json\/wp\/v2\/pages\/304\/revisions\/11754"}],"up":[{"embeddable":true,"href":"https:\/\/www.gigroupholding.com\/italia\/wp-json\/wp\/v2\/pages\/52"}],"wp:attachment":[{"href":"https:\/\/www.gigroupholding.com\/italia\/wp-json\/wp\/v2\/media?parent=304"}],"curies":[{"name":"wp","href":"https:\/\/api.w.org\/{rel}","templated":true}]}}