{"id":4835,"date":"2022-03-10T09:49:34","date_gmt":"2022-03-10T07:49:34","guid":{"rendered":"https:\/\/gigroup.draft2017.com\/italia\/privacy-policy\/"},"modified":"2022-03-10T09:52:14","modified_gmt":"2022-03-10T09:52:14","slug":"privacy-policy","status":"publish","type":"page","link":"https:\/\/www.gigroupholding.com\/italia\/en\/privacy-policy\/","title":{"rendered":"Privacy Policy"},"content":{"rendered":"\t\t<div data-elementor-type=\"wp-page\" data-elementor-id=\"4835\" class=\"elementor elementor-4835 elementor-4833\" data-elementor-post-type=\"page\">\n\t\t\t\t\t\t<section class=\"elementor-section elementor-top-section elementor-element elementor-element-77a63e6 header_line_left elementor-section-boxed elementor-section-height-default elementor-section-height-default\" data-id=\"77a63e6\" data-element_type=\"section\" data-settings=\"{&quot;background_background&quot;:&quot;classic&quot;}\">\n\t\t\t\t\t\t<div class=\"elementor-container elementor-column-gap-default\">\n\t\t\t\t\t<div class=\"elementor-column elementor-col-100 elementor-top-column elementor-element elementor-element-13e61dc\" data-id=\"13e61dc\" data-element_type=\"column\">\n\t\t\t<div class=\"elementor-widget-wrap elementor-element-populated\">\n\t\t\t\t\t\t<div class=\"elementor-element elementor-element-6e928a1 elementor-widget elementor-widget-heading\" data-id=\"6e928a1\" data-element_type=\"widget\" data-widget_type=\"heading.default\">\n\t\t\t\t<div class=\"elementor-widget-container\">\n\t\t\t<h1 class=\"elementor-heading-title elementor-size-default\">Privacy Policy<\/h1>\t\t<\/div>\n\t\t\t\t<\/div>\n\t\t\t\t<div class=\"elementor-element elementor-element-0a0ebee elementor-widget elementor-widget-spacer\" data-id=\"0a0ebee\" data-element_type=\"widget\" data-widget_type=\"spacer.default\">\n\t\t\t\t<div class=\"elementor-widget-container\">\n\t\t\t\t\t<div class=\"elementor-spacer\">\n\t\t\t<div class=\"elementor-spacer-inner\"><\/div>\n\t\t<\/div>\n\t\t\t\t<\/div>\n\t\t\t\t<\/div>\n\t\t\t\t\t<\/div>\n\t\t<\/div>\n\t\t\t\t\t<\/div>\n\t\t<\/section>\n\t\t\t\t<section class=\"elementor-section elementor-top-section elementor-element elementor-element-e8a79bb elementor-section-boxed elementor-section-height-default elementor-section-height-default\" data-id=\"e8a79bb\" data-element_type=\"section\">\n\t\t\t\t\t\t<div class=\"elementor-container elementor-column-gap-default\">\n\t\t\t\t\t<div class=\"elementor-column elementor-col-100 elementor-top-column elementor-element elementor-element-4d7763a max-width-940\" data-id=\"4d7763a\" data-element_type=\"column\">\n\t\t\t<div class=\"elementor-widget-wrap elementor-element-populated\">\n\t\t\t\t\t\t<div class=\"elementor-element elementor-element-c041bec elementor-widget elementor-widget-text-editor\" data-id=\"c041bec\" data-element_type=\"widget\" data-widget_type=\"text-editor.default\">\n\t\t\t\t<div class=\"elementor-widget-container\">\n\t\t\t\t\t\t\t<h3 class=\"testo22nero\">Titolare del trattamento dei dati personali<\/h3><div class=\"ColonnaUnica\"><p>Gi Group S.p.A.<br \/>con sede in Piazza IV Novembre 5, 20124 Milano<br \/>numero di telefono 02-444111, indirizzo e-mail\u00a0<a href=\"mailto:it.privacy@gigroup.com\"><u>it.privacy@gigroup.com<\/u><\/a>\u00a0(\u201cGi Group\u201d)<\/p><p>\u00a0<\/p><h3 class=\"testo22nero\">Data Protection Officer (<em>DPO<\/em>)<\/h3><p>Il responsabile della protezione dei dati personali \u00e8 contattabile al recapito seguente: Piazza IV Novembre 5, 20124 Milano, all\u2019attenzione del\u00a0<em>Data Protection Officer<\/em>,\u00a0<a href=\"mailto:dpo@gigroup.com\"><u>dpo@gigroup.com<\/u><\/a><\/p><p>\u00a0<\/p><h3 class=\"testo22nero\">Modalit\u00e0 del trattamento<\/h3><p>Il trattamento dei dati \u00e8 improntato ai principi di correttezza, liceit\u00e0, trasparenza e minimizzazione dei dati. \u00c8 effettuato sia manualmente che attraverso modalit\u00e0 automatizzate atte a memorizzarli, elaborarli e trasmetterli ed avverr\u00e0 mediante misure tecniche e organizzative adeguate, per quanto di ragione e allo stato della tecnica, a garantire, fra l\u2019altro, la sicurezza, la riservatezza, l\u2019integrit\u00e0, la disponibilit\u00e0 e la resilienza dei sistemi e dei servizi, evitando il rischio di perdita, distruzione, accesso o divulgazione non autorizzati o, comunque, uso illecito, nonch\u00e9 mediante misure ragionevoli per cancellare o rettificare tempestivamente i dati inesatti rispetto alle finalit\u00e0 per le quali sono trattati.<\/p><p>\u00a0<\/p><h3 class=\"testo22nero\">Diritti dell\u2019interessato<\/h3><p>Agli interessati sono riconosciuti i diritti di cui agli artt. 15 al 22 del GDPR, laddove applicabili. In particolare, gli interessati possono chiedere ai titolari l\u2019accesso ai dati, la loro cancellazione, la rettifica dei dati inesatti, l\u2019integrazione dei dati incompleti, nonch\u00e9 la limitazione del trattamento nei casi previsti dall\u2019art. 18 del GDPR.<br \/>Gli interessati hanno il diritto di opporsi, in qualsiasi momento, in tutto od in parte, al trattamento dei dati necessari per il perseguimento legittimo dell\u2019interesse dei titolari.<br \/>Gli interessati, inoltre, nel caso in cui siano presenti le condizioni per l\u2019esercizio del diritto alla portabilit\u00e0 di cui all\u2019art. 20 del GDPR, hanno il diritto di ricevere in un formato strutturato, di uso comune e leggibile da dispositivo automatico i dati forniti ai titolari, nonch\u00e9, se tecnicamente fattibile, di trasmetterli ad altro titolare senza impedimenti. Gli interessati hanno il diritto di proporre reclamo all\u2019Autorit\u00e0 di controllo competente (in particolare nello Stato membro in cui risiedono abitualmente o lavorano o dello Stato in cui si \u00e8 verificata la presunta violazione).<br \/>Tali diritti possono essere esercitati scrivendo a mezzo posta, all\u2019indirizzo sotto indicato, oppure tramite posta elettronica al seguente indirizzo e-mail:\u00a0<a href=\"mailto:it.privacy@gigroup.com\"><u>it.privacy@gigroup.com<\/u><\/a>.<\/p><p>\u00a0<\/p><h3 class=\"testo22nero\">Revoca del consenso<\/h3><p>Gli interessati hanno il diritto di revocare i consensi prestati in qualsiasi momento inviando una comunicazione e-mail a\u00a0<a href=\"mailto:it.privacy@gigroup.com\"><u>it.privacy@gigroup.com<\/u><\/a><br \/>La revoca del consenso non pregiudica la liceit\u00e0 dei trattamenti basati sul consenso prestato prima della revoca.<\/p><br \/><h3 class=\"testo22nero\">Dati raccolti durante la navigazione sul nostro sito Intenet<\/h3><p><u>Cookie<\/u><\/p><p>Quando si visita il sito web, pu\u00f2 memorizzare o recuperare informazioni sul tuo browser, in gran parte sotto forma di cookie. Clicca sul pulsante in basso a sinistra dello schermo per attivare il banner per saperne di pi\u00f9 e cambiare le tue impostazioni.<\/p><br \/><p><u>Sezione Contatti<\/u><\/p><p>Durante la navigazione sul sito internet possiamo raccogliere alcuni dati anagrafici e di contatto inseriti in apposito\u00a0<em>form<\/em>\u00a0nella sezione \u201cContatti\u201d.<\/p><p>\u00a0<\/p><h3 class=\"testo22nero\">Finalit\u00e0 del trattamento<\/h3><p>L\u2019interessato pu\u00f2 chiedere informazioni sui servizi offerti dalle societ\u00e0 del Gruppo.<\/p><p>\u00a0<\/p><h3 class=\"testo22nero\">Durata della conservazione<\/h3><p>Per il tempo necessario ad evadere le richieste di informazione.<\/p><\/div>\t\t\t\t\t\t<\/div>\n\t\t\t\t<\/div>\n\t\t\t\t\t<\/div>\n\t\t<\/div>\n\t\t\t\t\t<\/div>\n\t\t<\/section>\n\t\t\t\t<\/div>\n\t\t","protected":false},"excerpt":{"rendered":"<p>Privacy Policy Titolare del trattamento dei dati personali Gi Group S.p.A.con sede in Piazza IV Novembre 5, 20124 Milanonumero di telefono 02-444111, indirizzo e-mail\u00a0it.privacy@gigroup.com\u00a0(\u201cGi Group\u201d) \u00a0 Data Protection Officer (DPO) Il responsabile della protezione dei dati personali \u00e8 contattabile al recapito seguente: Piazza IV Novembre 5, 20124 Milano, all\u2019attenzione del\u00a0Data Protection Officer,\u00a0dpo@gigroup.com \u00a0 Modalit\u00e0 del [&hellip;]<\/p>\n","protected":false},"author":1,"featured_media":0,"parent":0,"menu_order":0,"comment_status":"closed","ping_status":"closed","template":"","meta":{"_acf_changed":false,"footnotes":"","_links_to":"","_links_to_target":""},"class_list":["post-4835","page","type-page","status-publish","hentry"],"acf":[],"yoast_head":"<!-- This site is optimized with the Yoast SEO plugin v23.9 - https:\/\/yoast.com\/wordpress\/plugins\/seo\/ -->\n<title>Privacy Policy - Gi Group Holding Italia<\/title>\n<meta name=\"robots\" content=\"index, follow, max-snippet:-1, max-image-preview:large, max-video-preview:-1\" \/>\n<link rel=\"canonical\" href=\"https:\/\/www.gigroupholding.com\/italia\/en\/privacy-policy\/\" \/>\n<meta property=\"og:locale\" content=\"en_US\" \/>\n<meta property=\"og:type\" content=\"article\" \/>\n<meta property=\"og:title\" content=\"Privacy Policy - Gi Group Holding Italia\" \/>\n<meta property=\"og:description\" content=\"Privacy Policy Titolare del trattamento dei dati personali Gi Group S.p.A.con sede in Piazza IV Novembre 5, 20124 Milanonumero di telefono 02-444111, indirizzo e-mail\u00a0it.privacy@gigroup.com\u00a0(\u201cGi Group\u201d) \u00a0 Data Protection Officer (DPO) Il responsabile della protezione dei dati personali \u00e8 contattabile al recapito seguente: Piazza IV Novembre 5, 20124 Milano, all\u2019attenzione del\u00a0Data Protection Officer,\u00a0dpo@gigroup.com \u00a0 Modalit\u00e0 del [&hellip;]\" \/>\n<meta property=\"og:url\" content=\"https:\/\/www.gigroupholding.com\/italia\/en\/privacy-policy\/\" \/>\n<meta property=\"og:site_name\" content=\"Gi Group Holding Italia\" \/>\n<meta property=\"article:modified_time\" content=\"2022-03-10T09:52:14+00:00\" \/>\n<meta name=\"twitter:card\" content=\"summary_large_image\" \/>\n<meta name=\"twitter:label1\" content=\"Est. reading time\" \/>\n\t<meta name=\"twitter:data1\" content=\"3 minutes\" \/>\n<script type=\"application\/ld+json\" class=\"yoast-schema-graph\">{\"@context\":\"https:\/\/schema.org\",\"@graph\":[{\"@type\":\"WebPage\",\"@id\":\"https:\/\/www.gigroupholding.com\/italia\/en\/privacy-policy\/\",\"url\":\"https:\/\/www.gigroupholding.com\/italia\/en\/privacy-policy\/\",\"name\":\"Privacy Policy - Gi Group Holding Italia\",\"isPartOf\":{\"@id\":\"https:\/\/www.gigroupholding.com\/italia\/#website\"},\"datePublished\":\"2022-03-10T07:49:34+00:00\",\"dateModified\":\"2022-03-10T09:52:14+00:00\",\"inLanguage\":\"en-US\",\"potentialAction\":[{\"@type\":\"ReadAction\",\"target\":[\"https:\/\/www.gigroupholding.com\/italia\/en\/privacy-policy\/\"]}]},{\"@type\":\"WebSite\",\"@id\":\"https:\/\/www.gigroupholding.com\/italia\/#website\",\"url\":\"https:\/\/www.gigroupholding.com\/italia\/\",\"name\":\"Gi Group Holding Italia\",\"description\":\"\",\"potentialAction\":[{\"@type\":\"SearchAction\",\"target\":{\"@type\":\"EntryPoint\",\"urlTemplate\":\"https:\/\/www.gigroupholding.com\/italia\/?s={search_term_string}\"},\"query-input\":{\"@type\":\"PropertyValueSpecification\",\"valueRequired\":true,\"valueName\":\"search_term_string\"}}],\"inLanguage\":\"en-US\"}]}<\/script>\n<!-- \/ Yoast SEO plugin. -->","yoast_head_json":{"title":"Privacy Policy - Gi Group Holding Italia","robots":{"index":"index","follow":"follow","max-snippet":"max-snippet:-1","max-image-preview":"max-image-preview:large","max-video-preview":"max-video-preview:-1"},"canonical":"https:\/\/www.gigroupholding.com\/italia\/en\/privacy-policy\/","og_locale":"en_US","og_type":"article","og_title":"Privacy Policy - Gi Group Holding Italia","og_description":"Privacy Policy Titolare del trattamento dei dati personali Gi Group S.p.A.con sede in Piazza IV Novembre 5, 20124 Milanonumero di telefono 02-444111, indirizzo e-mail\u00a0it.privacy@gigroup.com\u00a0(\u201cGi Group\u201d) \u00a0 Data Protection Officer (DPO) Il responsabile della protezione dei dati personali \u00e8 contattabile al recapito seguente: Piazza IV Novembre 5, 20124 Milano, all\u2019attenzione del\u00a0Data Protection Officer,\u00a0dpo@gigroup.com \u00a0 Modalit\u00e0 del [&hellip;]","og_url":"https:\/\/www.gigroupholding.com\/italia\/en\/privacy-policy\/","og_site_name":"Gi Group Holding Italia","article_modified_time":"2022-03-10T09:52:14+00:00","twitter_card":"summary_large_image","twitter_misc":{"Est. reading time":"3 minutes"},"schema":{"@context":"https:\/\/schema.org","@graph":[{"@type":"WebPage","@id":"https:\/\/www.gigroupholding.com\/italia\/en\/privacy-policy\/","url":"https:\/\/www.gigroupholding.com\/italia\/en\/privacy-policy\/","name":"Privacy Policy - Gi Group Holding Italia","isPartOf":{"@id":"https:\/\/www.gigroupholding.com\/italia\/#website"},"datePublished":"2022-03-10T07:49:34+00:00","dateModified":"2022-03-10T09:52:14+00:00","inLanguage":"en-US","potentialAction":[{"@type":"ReadAction","target":["https:\/\/www.gigroupholding.com\/italia\/en\/privacy-policy\/"]}]},{"@type":"WebSite","@id":"https:\/\/www.gigroupholding.com\/italia\/#website","url":"https:\/\/www.gigroupholding.com\/italia\/","name":"Gi Group Holding Italia","description":"","potentialAction":[{"@type":"SearchAction","target":{"@type":"EntryPoint","urlTemplate":"https:\/\/www.gigroupholding.com\/italia\/?s={search_term_string}"},"query-input":{"@type":"PropertyValueSpecification","valueRequired":true,"valueName":"search_term_string"}}],"inLanguage":"en-US"}]}},"_links":{"self":[{"href":"https:\/\/www.gigroupholding.com\/italia\/en\/wp-json\/wp\/v2\/pages\/4835","targetHints":{"allow":["GET"]}}],"collection":[{"href":"https:\/\/www.gigroupholding.com\/italia\/en\/wp-json\/wp\/v2\/pages"}],"about":[{"href":"https:\/\/www.gigroupholding.com\/italia\/en\/wp-json\/wp\/v2\/types\/page"}],"author":[{"embeddable":true,"href":"https:\/\/www.gigroupholding.com\/italia\/en\/wp-json\/wp\/v2\/users\/1"}],"replies":[{"embeddable":true,"href":"https:\/\/www.gigroupholding.com\/italia\/en\/wp-json\/wp\/v2\/comments?post=4835"}],"version-history":[{"count":4,"href":"https:\/\/www.gigroupholding.com\/italia\/en\/wp-json\/wp\/v2\/pages\/4835\/revisions"}],"predecessor-version":[{"id":4842,"href":"https:\/\/www.gigroupholding.com\/italia\/en\/wp-json\/wp\/v2\/pages\/4835\/revisions\/4842"}],"wp:attachment":[{"href":"https:\/\/www.gigroupholding.com\/italia\/en\/wp-json\/wp\/v2\/media?parent=4835"}],"curies":[{"name":"wp","href":"https:\/\/api.w.org\/{rel}","templated":true}]}}