{"id":1952,"date":"2022-03-10T10:34:15","date_gmt":"2022-03-10T10:34:15","guid":{"rendered":"https:\/\/gigroup.draft2017.com\/france\/?page_id=1952"},"modified":"2025-01-31T15:00:02","modified_gmt":"2025-01-31T15:00:02","slug":"privacy-policy","status":"publish","type":"page","link":"https:\/\/www.gigroupholding.com\/france\/privacy-policy\/","title":{"rendered":"Privacy Policy"},"content":{"rendered":"\t\t<div data-elementor-type=\"wp-page\" data-elementor-id=\"1952\" class=\"elementor elementor-1952\" data-elementor-post-type=\"page\">\n\t\t\t\t\t\t<section class=\"elementor-section elementor-top-section elementor-element elementor-element-f30ea06 header_line_left elementor-section-boxed elementor-section-height-default elementor-section-height-default\" data-id=\"f30ea06\" data-element_type=\"section\" data-settings=\"{&quot;background_background&quot;:&quot;classic&quot;}\">\n\t\t\t\t\t\t<div class=\"elementor-container elementor-column-gap-default\">\n\t\t\t\t\t<div class=\"elementor-column elementor-col-100 elementor-top-column elementor-element elementor-element-825e323\" data-id=\"825e323\" data-element_type=\"column\">\n\t\t\t<div class=\"elementor-widget-wrap elementor-element-populated\">\n\t\t\t\t\t\t<div class=\"elementor-element elementor-element-6858783 elementor-widget elementor-widget-heading\" data-id=\"6858783\" data-element_type=\"widget\" data-widget_type=\"heading.default\">\n\t\t\t\t<div class=\"elementor-widget-container\">\n\t\t\t<h1 class=\"elementor-heading-title elementor-size-default\">Politique de Confidentialit\u00e9<\/h1>\t\t<\/div>\n\t\t\t\t<\/div>\n\t\t\t\t<div class=\"elementor-element elementor-element-a736909 elementor-widget elementor-widget-spacer\" data-id=\"a736909\" data-element_type=\"widget\" data-widget_type=\"spacer.default\">\n\t\t\t\t<div class=\"elementor-widget-container\">\n\t\t\t\t\t<div class=\"elementor-spacer\">\n\t\t\t<div class=\"elementor-spacer-inner\"><\/div>\n\t\t<\/div>\n\t\t\t\t<\/div>\n\t\t\t\t<\/div>\n\t\t\t\t\t<\/div>\n\t\t<\/div>\n\t\t\t\t\t<\/div>\n\t\t<\/section>\n\t\t\t\t<section class=\"elementor-section elementor-top-section elementor-element elementor-element-fe03479 elementor-section-boxed elementor-section-height-default elementor-section-height-default\" data-id=\"fe03479\" data-element_type=\"section\">\n\t\t\t\t\t\t<div class=\"elementor-container elementor-column-gap-default\">\n\t\t\t\t\t<div class=\"elementor-column elementor-col-100 elementor-top-column elementor-element elementor-element-b414b35\" data-id=\"b414b35\" data-element_type=\"column\">\n\t\t\t<div class=\"elementor-widget-wrap elementor-element-populated\">\n\t\t\t\t\t\t<div class=\"elementor-element elementor-element-c2f29d2 elementor-widget elementor-widget-heading\" data-id=\"c2f29d2\" data-element_type=\"widget\" data-widget_type=\"heading.default\">\n\t\t\t\t<div class=\"elementor-widget-container\">\n\t\t\t<h2 class=\"elementor-heading-title elementor-size-default\"><strong>Informations sur le traitement des donn\u00e9es personnelles - <\/strong><br><strong>art. 13 du R\u00e8glement (UE) 2016\/679 (\u00ab RGPD \u00bb)<\/strong><\/h2>\t\t<\/div>\n\t\t\t\t<\/div>\n\t\t\t\t\t<\/div>\n\t\t<\/div>\n\t\t\t\t\t<\/div>\n\t\t<\/section>\n\t\t\t\t<section class=\"elementor-section elementor-top-section elementor-element elementor-element-76d7664 elementor-section-boxed elementor-section-height-default elementor-section-height-default\" data-id=\"76d7664\" data-element_type=\"section\">\n\t\t\t\t\t\t<div class=\"elementor-container elementor-column-gap-default\">\n\t\t\t\t\t<div class=\"elementor-column elementor-col-100 elementor-top-column elementor-element elementor-element-12464ef\" data-id=\"12464ef\" data-element_type=\"column\">\n\t\t\t<div class=\"elementor-widget-wrap elementor-element-populated\">\n\t\t\t\t\t\t<div class=\"elementor-element elementor-element-0338f9e elementor-widget elementor-widget-heading\" data-id=\"0338f9e\" data-element_type=\"widget\" data-widget_type=\"heading.default\">\n\t\t\t\t<div class=\"elementor-widget-container\">\n\t\t\t<h4 class=\"elementor-heading-title elementor-size-default\"><strong>RESPONSABLES DU TRAITEMENT DES DONN\u00c9ES <\/strong><\/h4>\t\t<\/div>\n\t\t\t\t<\/div>\n\t\t\t\t<div class=\"elementor-element elementor-element-87bfaa7 elementor-widget elementor-widget-text-editor\" data-id=\"87bfaa7\" data-element_type=\"widget\" data-widget_type=\"text-editor.default\">\n\t\t\t\t<div class=\"elementor-widget-container\">\n\t\t\t\t\t\t\t<p>GI GROUP France SAS, \u00a0dont le si\u00e8ge social est situ\u00e9 124 boulevard Haussmann, 75008, Paris, en la personne de son repr\u00e9sentant l\u00e9gal.<\/p>\t\t\t\t\t\t<\/div>\n\t\t\t\t<\/div>\n\t\t\t\t<div class=\"elementor-element elementor-element-e9bb9c3 elementor-widget elementor-widget-heading\" data-id=\"e9bb9c3\" data-element_type=\"widget\" data-widget_type=\"heading.default\">\n\t\t\t\t<div class=\"elementor-widget-container\">\n\t\t\t<h4 class=\"elementor-heading-title elementor-size-default\"><strong>D\u00c9L\u00c9GU\u00c9 A PROTECTION DES DONN\u00c9ES (DPD)<\/strong><strong> <\/strong><\/h4>\t\t<\/div>\n\t\t\t\t<\/div>\n\t\t\t\t<div class=\"elementor-element elementor-element-debdfd1 elementor-widget elementor-widget-text-editor\" data-id=\"debdfd1\" data-element_type=\"widget\" data-widget_type=\"text-editor.default\">\n\t\t\t\t<div class=\"elementor-widget-container\">\n\t\t\t\t\t\t\t<p><em>Le d\u00e9l\u00e9gu\u00e9 \u00e0 la protection des donn\u00e9es <\/em>peut \u00eatre contact\u00e9 \u00e0 l&rsquo;adresse suivante : <a href=\"mailto:dpo@gigroup.com\">dpo@gigroup.com<\/a><\/p>\t\t\t\t\t\t<\/div>\n\t\t\t\t<\/div>\n\t\t\t\t<div class=\"elementor-element elementor-element-ed204ce elementor-widget elementor-widget-heading\" data-id=\"ed204ce\" data-element_type=\"widget\" data-widget_type=\"heading.default\">\n\t\t\t\t<div class=\"elementor-widget-container\">\n\t\t\t<h4 class=\"elementor-heading-title elementor-size-default\"><strong>TRAITEMENT DES DONN\u00c9ES<\/strong><strong> <\/strong><\/h4>\t\t<\/div>\n\t\t\t\t<\/div>\n\t\t\t\t<div class=\"elementor-element elementor-element-e93aaac elementor-widget elementor-widget-text-editor\" data-id=\"e93aaac\" data-element_type=\"widget\" data-widget_type=\"text-editor.default\">\n\t\t\t\t<div class=\"elementor-widget-container\">\n\t\t\t\t\t\t\t<p>Le traitement des donn\u00e9es est fond\u00e9 sur les principes d&rsquo;exactitude, de l\u00e9galit\u00e9, de transparence et de minimisation des donn\u00e9es. Il est effectu\u00e9 \u00e0 la fois manuellement et par des moyens automatis\u00e9s pour le stockage, le traitement et la transmission des donn\u00e9es et est r\u00e9alis\u00e9 en utilisant des mesures techniques et organisationnelles appropri\u00e9es, dans la mesure o\u00f9 cela est raisonnablement n\u00e9cessaire et conforme \u00e0 l&rsquo;\u00e9tat de l&rsquo;art, pour garantir, entre autres, la s\u00e9curit\u00e9, la confidentialit\u00e9, l&rsquo;int\u00e9grit\u00e9, la disponibilit\u00e9 et la r\u00e9silience des syst\u00e8mes et des services, en \u00e9vitant le risque de perte, de destruction, d&rsquo;acc\u00e8s ou de divulgation non autoris\u00e9s ou d&rsquo;une autre mani\u00e8re, l&rsquo;int\u00e9grit\u00e9, la disponibilit\u00e9 et la r\u00e9silience des syst\u00e8mes et des services, en \u00e9vitant les risques de perte, de destruction, d&rsquo;acc\u00e8s ou de divulgation non autoris\u00e9s ou d&rsquo;utilisation ill\u00e9gale, ainsi que des mesures raisonnables pour supprimer ou rectifier en temps utile les donn\u00e9es inexactes au regard des finalit\u00e9s pour lesquelles elles sont trait\u00e9es.<\/p>\t\t\t\t\t\t<\/div>\n\t\t\t\t<\/div>\n\t\t\t\t<div class=\"elementor-element elementor-element-7dee7bb elementor-widget elementor-widget-heading\" data-id=\"7dee7bb\" data-element_type=\"widget\" data-widget_type=\"heading.default\">\n\t\t\t\t<div class=\"elementor-widget-container\">\n\t\t\t<h4 class=\"elementor-heading-title elementor-size-default\"><strong>DROITS DE LA PERSONNE CONCERN\u00c9E<\/strong><\/h4>\t\t<\/div>\n\t\t\t\t<\/div>\n\t\t\t\t<div class=\"elementor-element elementor-element-f0a50eb elementor-widget elementor-widget-text-editor\" data-id=\"f0a50eb\" data-element_type=\"widget\" data-widget_type=\"text-editor.default\">\n\t\t\t\t<div class=\"elementor-widget-container\">\n\t\t\t\t\t\t\t<p>Les personnes concern\u00e9es peuvent demander au responsable du traitement l&rsquo;acc\u00e8s \u00e0 leurs donn\u00e9es, leur effacement, la rectification des donn\u00e9es inexactes, l&rsquo;int\u00e9gration des donn\u00e9es incompl\u00e8tes et la limitation du traitement de leurs donn\u00e9es.<\/p><p>Les personnes concern\u00e9es ont le droit de s&rsquo;opposer, \u00e0 tout moment, en tout ou en partie, au traitement des donn\u00e9es n\u00e9cessaires \u00e0 des fins de marketing direct ou \u00e0 la poursuite de l&rsquo;int\u00e9r\u00eat l\u00e9gitime du responsable du traitement.<\/p><p>Ces droits peuvent \u00eatre exerc\u00e9s en \u00e9crivant \u00e0 l&rsquo;adresse \u00e9lectronique suivante : <a href=\"mailto:privacy.fr@gigroup.com\">privacy.fr@gigroup.com<\/a>.<\/p><p>Les personnes concern\u00e9es ont le droit d&rsquo;introduire une r\u00e9clamation aupr\u00e8s de l&rsquo;autorit\u00e9 de contr\u00f4le comp\u00e9tente<\/p>\t\t\t\t\t\t<\/div>\n\t\t\t\t<\/div>\n\t\t\t\t<div class=\"elementor-element elementor-element-38fe0a9 elementor-widget elementor-widget-heading\" data-id=\"38fe0a9\" data-element_type=\"widget\" data-widget_type=\"heading.default\">\n\t\t\t\t<div class=\"elementor-widget-container\">\n\t\t\t<h4 class=\"elementor-heading-title elementor-size-default\"><strong>RETRAIT DU CONSENTEMENT<\/strong><\/h4>\t\t<\/div>\n\t\t\t\t<\/div>\n\t\t\t\t<div class=\"elementor-element elementor-element-0bef3b5 elementor-widget elementor-widget-text-editor\" data-id=\"0bef3b5\" data-element_type=\"widget\" data-widget_type=\"text-editor.default\">\n\t\t\t\t<div class=\"elementor-widget-container\">\n\t\t\t\t\t\t\t<p>Les personnes concern\u00e9es ont le droit de retirer leur consentement \u00e0 tout moment en envoyant un courrier \u00e9lectronique \u00e0 <a href=\"mailto:privacy.fr@gigroup.com\">privacy.fr@gigroup.com<\/a> ;<\/p><p>Le retrait du consentement n&rsquo;affecte pas la l\u00e9galit\u00e9 du traitement fond\u00e9 sur le consentement donn\u00e9 avant la r\u00e9vocation.<\/p>\t\t\t\t\t\t<\/div>\n\t\t\t\t<\/div>\n\t\t\t\t<div class=\"elementor-element elementor-element-c8e4433 elementor-widget elementor-widget-heading\" data-id=\"c8e4433\" data-element_type=\"widget\" data-widget_type=\"heading.default\">\n\t\t\t\t<div class=\"elementor-widget-container\">\n\t\t\t<h4 class=\"elementor-heading-title elementor-size-default\"><strong>D<\/strong>ONN\u00c9ES PERSONNELLES COLLECT\u00c9ES SUR LE SITE WEB<\/h4>\t\t<\/div>\n\t\t\t\t<\/div>\n\t\t\t\t<div class=\"elementor-element elementor-element-0018043 elementor-widget elementor-widget-text-editor\" data-id=\"0018043\" data-element_type=\"widget\" data-widget_type=\"text-editor.default\">\n\t\t\t\t<div class=\"elementor-widget-container\">\n\t\t\t\t\t\t\t<p>Nous pouvons collecter certaines donn\u00e9es \u00e0 caract\u00e8re personnel lorsque vous naviguez sur le site web, ainsi que des donn\u00e9es saisies dans un formulaire sp\u00e9cifique (par exemple, cookies, formulaire de contact, etc.). Veuillez cliquer sur les liens ci-dessous pour en savoir plus sur la mani\u00e8re dont nous traitons les donn\u00e9es \u00e0 caract\u00e8re personnel.<\/p>\t\t\t\t\t\t<\/div>\n\t\t\t\t<\/div>\n\t\t\t\t<div class=\"elementor-element elementor-element-237316d elementor-widget elementor-widget-heading\" data-id=\"237316d\" data-element_type=\"widget\" data-widget_type=\"heading.default\">\n\t\t\t\t<div class=\"elementor-widget-container\">\n\t\t\t<h4 class=\"elementor-heading-title elementor-size-default\"><strong>POLITIQUE DE CONFIDENTIALIT\u00c9 DISPONIBLES SUR LE SITE WEB : <\/h4>\t\t<\/div>\n\t\t\t\t<\/div>\n\t\t\t\t<div class=\"elementor-element elementor-element-0d87339 elementor-widget elementor-widget-spacer\" data-id=\"0d87339\" data-element_type=\"widget\" data-widget_type=\"spacer.default\">\n\t\t\t\t<div class=\"elementor-widget-container\">\n\t\t\t\t\t<div class=\"elementor-spacer\">\n\t\t\t<div class=\"elementor-spacer-inner\"><\/div>\n\t\t<\/div>\n\t\t\t\t<\/div>\n\t\t\t\t<\/div>\n\t\t\t\t\t<\/div>\n\t\t<\/div>\n\t\t\t\t\t<\/div>\n\t\t<\/section>\n\t\t\t\t<section class=\"elementor-section elementor-top-section elementor-element elementor-element-7751aad elementor-section-boxed elementor-section-height-default elementor-section-height-default\" data-id=\"7751aad\" data-element_type=\"section\">\n\t\t\t\t\t\t<div class=\"elementor-container elementor-column-gap-default\">\n\t\t\t\t\t<div class=\"elementor-column elementor-col-33 elementor-top-column elementor-element elementor-element-b69e49b\" data-id=\"b69e49b\" data-element_type=\"column\">\n\t\t\t<div class=\"elementor-widget-wrap elementor-element-populated\">\n\t\t\t\t\t\t<div class=\"elementor-element elementor-element-e683671 elementor-align-center elementor-widget__width-initial elementor-widget elementor-widget-button\" data-id=\"e683671\" data-element_type=\"widget\" data-widget_type=\"button.default\">\n\t\t\t\t<div class=\"elementor-widget-container\">\n\t\t\t\t\t\t\t<div class=\"elementor-button-wrapper\">\n\t\t\t\t\t<a class=\"elementor-button elementor-button-link elementor-size-md\" href=\"https:\/\/www.gigroupholding.com\/france\/cookie-policy\/\">\n\t\t\t\t\t\t<span class=\"elementor-button-content-wrapper\">\n\t\t\t\t\t\t\t\t\t<span class=\"elementor-button-text\">Politique en mati\u00e8re de  cookies<\/span>\n\t\t\t\t\t<\/span>\n\t\t\t\t\t<\/a>\n\t\t\t\t<\/div>\n\t\t\t\t\t\t<\/div>\n\t\t\t\t<\/div>\n\t\t\t\t\t<\/div>\n\t\t<\/div>\n\t\t\t\t<div class=\"elementor-column elementor-col-33 elementor-top-column elementor-element elementor-element-f27d96d\" data-id=\"f27d96d\" data-element_type=\"column\">\n\t\t\t<div class=\"elementor-widget-wrap\">\n\t\t\t\t\t\t\t<\/div>\n\t\t<\/div>\n\t\t\t\t<div class=\"elementor-column elementor-col-33 elementor-top-column elementor-element elementor-element-bd9c6fb\" data-id=\"bd9c6fb\" data-element_type=\"column\">\n\t\t\t<div class=\"elementor-widget-wrap elementor-element-populated\">\n\t\t\t\t\t\t<div class=\"elementor-element elementor-element-89bd582 elementor-align-center elementor-widget elementor-widget-button\" data-id=\"89bd582\" data-element_type=\"widget\" data-widget_type=\"button.default\">\n\t\t\t\t<div class=\"elementor-widget-container\">\n\t\t\t\t\t\t\t<div class=\"elementor-button-wrapper\">\n\t\t\t\t\t<a class=\"elementor-button elementor-button-link elementor-size-md\" href=\"https:\/\/www.gigroupholding.com\/france\/politique-confidentialite-pour-nous-contactez\/\">\n\t\t\t\t\t\t<span class=\"elementor-button-content-wrapper\">\n\t\t\t\t\t\t\t\t\t<span class=\"elementor-button-text\">Politique de Confidentialit\u00e9\u200b Contacts<\/span>\n\t\t\t\t\t<\/span>\n\t\t\t\t\t<\/a>\n\t\t\t\t<\/div>\n\t\t\t\t\t\t<\/div>\n\t\t\t\t<\/div>\n\t\t\t\t\t<\/div>\n\t\t<\/div>\n\t\t\t\t\t<\/div>\n\t\t<\/section>\n\t\t\t\t<section class=\"elementor-section elementor-top-section elementor-element elementor-element-46e440e elementor-section-boxed elementor-section-height-default elementor-section-height-default\" data-id=\"46e440e\" data-element_type=\"section\">\n\t\t\t\t\t\t<div class=\"elementor-container elementor-column-gap-default\">\n\t\t\t\t\t<div class=\"elementor-column elementor-col-50 elementor-top-column elementor-element elementor-element-7c4151a\" data-id=\"7c4151a\" data-element_type=\"column\">\n\t\t\t<div class=\"elementor-widget-wrap\">\n\t\t\t\t\t\t\t<\/div>\n\t\t<\/div>\n\t\t\t\t<div class=\"elementor-column elementor-col-50 elementor-top-column elementor-element elementor-element-43f3527\" data-id=\"43f3527\" data-element_type=\"column\">\n\t\t\t<div class=\"elementor-widget-wrap\">\n\t\t\t\t\t\t\t<\/div>\n\t\t<\/div>\n\t\t\t\t\t<\/div>\n\t\t<\/section>\n\t\t\t\t<section class=\"elementor-section elementor-top-section elementor-element elementor-element-41648c6 elementor-section-boxed elementor-section-height-default elementor-section-height-default\" data-id=\"41648c6\" data-element_type=\"section\">\n\t\t\t\t\t\t<div class=\"elementor-container elementor-column-gap-default\">\n\t\t\t\t\t<div class=\"elementor-column elementor-col-100 elementor-top-column elementor-element elementor-element-d660110\" data-id=\"d660110\" data-element_type=\"column\">\n\t\t\t<div class=\"elementor-widget-wrap\">\n\t\t\t\t\t\t\t<\/div>\n\t\t<\/div>\n\t\t\t\t\t<\/div>\n\t\t<\/section>\n\t\t\t\t<\/div>\n\t\t","protected":false},"excerpt":{"rendered":"<p>Politique de Confidentialit\u00e9 Informations sur le traitement des donn\u00e9es personnelles &#8211; art. 13 du R\u00e8glement (UE) 2016\/679 (\u00ab RGPD \u00bb) RESPONSABLES DU TRAITEMENT DES DONN\u00c9ES GI GROUP France SAS, \u00a0dont le si\u00e8ge social est situ\u00e9 124 boulevard Haussmann, 75008, Paris, en la personne de son repr\u00e9sentant l\u00e9gal. D\u00c9L\u00c9GU\u00c9 A PROTECTION DES DONN\u00c9ES (DPD) Le d\u00e9l\u00e9gu\u00e9 [&hellip;]<\/p>\n","protected":false},"author":1,"featured_media":0,"parent":0,"menu_order":0,"comment_status":"closed","ping_status":"closed","template":"","meta":{"_acf_changed":false,"footnotes":"","_links_to":"","_links_to_target":""},"class_list":["post-1952","page","type-page","status-publish","hentry"],"acf":[],"yoast_head":"<!-- This site is optimized with the Yoast SEO plugin v23.9 - https:\/\/yoast.com\/wordpress\/plugins\/seo\/ -->\n<title>Privacy Policy - Gi Group Holding France<\/title>\n<meta name=\"description\" content=\"D\u00e9couvrez notre politique de confidentialit\u00e9, garantissant la protection de vos donn\u00e9es personnelles et la transparence de notre utilisation.\" \/>\n<meta name=\"robots\" content=\"index, follow, max-snippet:-1, max-image-preview:large, max-video-preview:-1\" \/>\n<link rel=\"canonical\" href=\"https:\/\/www.gigroupholding.com\/france\/privacy-policy\/\" \/>\n<meta property=\"og:locale\" content=\"fr_FR\" \/>\n<meta property=\"og:type\" content=\"article\" \/>\n<meta property=\"og:title\" content=\"Privacy Policy - Gi Group Holding France\" \/>\n<meta property=\"og:description\" content=\"D\u00e9couvrez notre politique de confidentialit\u00e9, garantissant la protection de vos donn\u00e9es personnelles et la transparence de notre utilisation.\" \/>\n<meta property=\"og:url\" content=\"https:\/\/www.gigroupholding.com\/france\/privacy-policy\/\" \/>\n<meta property=\"og:site_name\" content=\"Gi Group Holding France\" \/>\n<meta property=\"article:modified_time\" content=\"2025-01-31T15:00:02+00:00\" \/>\n<meta name=\"twitter:card\" content=\"summary_large_image\" \/>\n<meta name=\"twitter:label1\" content=\"Dur\u00e9e de lecture estim\u00e9e\" \/>\n\t<meta name=\"twitter:data1\" content=\"3 minutes\" \/>\n<script type=\"application\/ld+json\" class=\"yoast-schema-graph\">{\"@context\":\"https:\/\/schema.org\",\"@graph\":[{\"@type\":\"WebPage\",\"@id\":\"https:\/\/www.gigroupholding.com\/france\/privacy-policy\/\",\"url\":\"https:\/\/www.gigroupholding.com\/france\/privacy-policy\/\",\"name\":\"Privacy Policy - Gi Group Holding France\",\"isPartOf\":{\"@id\":\"https:\/\/www.gigroupholding.com\/france\/#website\"},\"datePublished\":\"2022-03-10T10:34:15+00:00\",\"dateModified\":\"2025-01-31T15:00:02+00:00\",\"description\":\"D\u00e9couvrez notre politique de confidentialit\u00e9, garantissant la protection de vos donn\u00e9es personnelles et la transparence de notre utilisation.\",\"inLanguage\":\"fr-FR\",\"potentialAction\":[{\"@type\":\"ReadAction\",\"target\":[\"https:\/\/www.gigroupholding.com\/france\/privacy-policy\/\"]}]},{\"@type\":\"WebSite\",\"@id\":\"https:\/\/www.gigroupholding.com\/france\/#website\",\"url\":\"https:\/\/www.gigroupholding.com\/france\/\",\"name\":\"Gi Group Holding France\",\"description\":\"\",\"potentialAction\":[{\"@type\":\"SearchAction\",\"target\":{\"@type\":\"EntryPoint\",\"urlTemplate\":\"https:\/\/www.gigroupholding.com\/france\/?s={search_term_string}\"},\"query-input\":{\"@type\":\"PropertyValueSpecification\",\"valueRequired\":true,\"valueName\":\"search_term_string\"}}],\"inLanguage\":\"fr-FR\"}]}<\/script>\n<!-- \/ Yoast SEO plugin. -->","yoast_head_json":{"title":"Privacy Policy - Gi Group Holding France","description":"D\u00e9couvrez notre politique de confidentialit\u00e9, garantissant la protection de vos donn\u00e9es personnelles et la transparence de notre utilisation.","robots":{"index":"index","follow":"follow","max-snippet":"max-snippet:-1","max-image-preview":"max-image-preview:large","max-video-preview":"max-video-preview:-1"},"canonical":"https:\/\/www.gigroupholding.com\/france\/privacy-policy\/","og_locale":"fr_FR","og_type":"article","og_title":"Privacy Policy - Gi Group Holding France","og_description":"D\u00e9couvrez notre politique de confidentialit\u00e9, garantissant la protection de vos donn\u00e9es personnelles et la transparence de notre utilisation.","og_url":"https:\/\/www.gigroupholding.com\/france\/privacy-policy\/","og_site_name":"Gi Group Holding France","article_modified_time":"2025-01-31T15:00:02+00:00","twitter_card":"summary_large_image","twitter_misc":{"Dur\u00e9e de lecture estim\u00e9e":"3 minutes"},"schema":{"@context":"https:\/\/schema.org","@graph":[{"@type":"WebPage","@id":"https:\/\/www.gigroupholding.com\/france\/privacy-policy\/","url":"https:\/\/www.gigroupholding.com\/france\/privacy-policy\/","name":"Privacy Policy - Gi Group Holding France","isPartOf":{"@id":"https:\/\/www.gigroupholding.com\/france\/#website"},"datePublished":"2022-03-10T10:34:15+00:00","dateModified":"2025-01-31T15:00:02+00:00","description":"D\u00e9couvrez notre politique de confidentialit\u00e9, garantissant la protection de vos donn\u00e9es personnelles et la transparence de notre utilisation.","inLanguage":"fr-FR","potentialAction":[{"@type":"ReadAction","target":["https:\/\/www.gigroupholding.com\/france\/privacy-policy\/"]}]},{"@type":"WebSite","@id":"https:\/\/www.gigroupholding.com\/france\/#website","url":"https:\/\/www.gigroupholding.com\/france\/","name":"Gi Group Holding France","description":"","potentialAction":[{"@type":"SearchAction","target":{"@type":"EntryPoint","urlTemplate":"https:\/\/www.gigroupholding.com\/france\/?s={search_term_string}"},"query-input":{"@type":"PropertyValueSpecification","valueRequired":true,"valueName":"search_term_string"}}],"inLanguage":"fr-FR"}]}},"_links":{"self":[{"href":"https:\/\/www.gigroupholding.com\/france\/wp-json\/wp\/v2\/pages\/1952","targetHints":{"allow":["GET"]}}],"collection":[{"href":"https:\/\/www.gigroupholding.com\/france\/wp-json\/wp\/v2\/pages"}],"about":[{"href":"https:\/\/www.gigroupholding.com\/france\/wp-json\/wp\/v2\/types\/page"}],"author":[{"embeddable":true,"href":"https:\/\/www.gigroupholding.com\/france\/wp-json\/wp\/v2\/users\/1"}],"replies":[{"embeddable":true,"href":"https:\/\/www.gigroupholding.com\/france\/wp-json\/wp\/v2\/comments?post=1952"}],"version-history":[{"count":45,"href":"https:\/\/www.gigroupholding.com\/france\/wp-json\/wp\/v2\/pages\/1952\/revisions"}],"predecessor-version":[{"id":25191,"href":"https:\/\/www.gigroupholding.com\/france\/wp-json\/wp\/v2\/pages\/1952\/revisions\/25191"}],"wp:attachment":[{"href":"https:\/\/www.gigroupholding.com\/france\/wp-json\/wp\/v2\/media?parent=1952"}],"curies":[{"name":"wp","href":"https:\/\/api.w.org\/{rel}","templated":true}]}}