{"id":9059,"date":"2022-03-12T13:26:47","date_gmt":"2022-03-12T13:26:47","guid":{"rendered":"https:\/\/gigroup.draft2017.com\/espana\/?page_id=9059"},"modified":"2025-04-29T11:39:45","modified_gmt":"2025-04-29T11:39:45","slug":"cookie-policy","status":"publish","type":"page","link":"https:\/\/www.gigroupholding.com\/espana\/cookie-policy\/","title":{"rendered":"Cookie Policy"},"content":{"rendered":"\t\t<div data-elementor-type=\"wp-page\" data-elementor-id=\"9059\" class=\"elementor elementor-9059\" data-elementor-post-type=\"page\">\n\t\t\t\t\t\t<section class=\"elementor-section elementor-top-section elementor-element elementor-element-dbffe51 header_line_left elementor-section-boxed elementor-section-height-default elementor-section-height-default\" data-id=\"dbffe51\" data-element_type=\"section\" data-settings=\"{&quot;background_background&quot;:&quot;classic&quot;}\">\n\t\t\t\t\t\t<div class=\"elementor-container elementor-column-gap-default\">\n\t\t\t\t\t<div class=\"elementor-column elementor-col-100 elementor-top-column elementor-element elementor-element-896be11\" data-id=\"896be11\" data-element_type=\"column\">\n\t\t\t<div class=\"elementor-widget-wrap elementor-element-populated\">\n\t\t\t\t\t\t<div class=\"elementor-element elementor-element-31ea5ec elementor-widget elementor-widget-heading\" data-id=\"31ea5ec\" data-element_type=\"widget\" data-widget_type=\"heading.default\">\n\t\t\t\t<div class=\"elementor-widget-container\">\n\t\t\t<h1 class=\"elementor-heading-title elementor-size-default\">Pol\u00edtica de Cookies<\/h1>\t\t<\/div>\n\t\t\t\t<\/div>\n\t\t\t\t<div class=\"elementor-element elementor-element-b5df7c1 elementor-widget elementor-widget-spacer\" data-id=\"b5df7c1\" data-element_type=\"widget\" data-widget_type=\"spacer.default\">\n\t\t\t\t<div class=\"elementor-widget-container\">\n\t\t\t\t\t<div class=\"elementor-spacer\">\n\t\t\t<div class=\"elementor-spacer-inner\"><\/div>\n\t\t<\/div>\n\t\t\t\t<\/div>\n\t\t\t\t<\/div>\n\t\t\t\t\t<\/div>\n\t\t<\/div>\n\t\t\t\t\t<\/div>\n\t\t<\/section>\n\t\t\t\t<section class=\"elementor-section elementor-top-section elementor-element elementor-element-cfa2113 elementor-section-boxed elementor-section-height-default elementor-section-height-default\" data-id=\"cfa2113\" data-element_type=\"section\">\n\t\t\t\t\t\t<div class=\"elementor-container elementor-column-gap-default\">\n\t\t\t\t\t<div class=\"elementor-column elementor-col-100 elementor-top-column elementor-element elementor-element-4feffbd max-width-940\" data-id=\"4feffbd\" data-element_type=\"column\">\n\t\t\t<div class=\"elementor-widget-wrap elementor-element-populated\">\n\t\t\t\t\t\t<div class=\"elementor-element elementor-element-0c14491 elementor-widget elementor-widget-text-editor\" data-id=\"0c14491\" data-element_type=\"widget\" data-widget_type=\"text-editor.default\">\n\t\t\t\t<div class=\"elementor-widget-container\">\n\t\t\t\t\t\t\t<p>Tal y como exige el Reglamento (UE) 2016\/679 y la legislaci\u00f3n de protecci\u00f3n de datos en general, el usuario (en adelante tambi\u00e9n el \u00abInteresado\u00bb) dispone de informaci\u00f3n sobre el uso de cookies.<\/p><p><strong style=\"color: var( --e-global-color-text );\">\u00bfQui\u00e9n es el responsable del tratamiento? <\/strong><\/p><p><strong style=\"color: var( --e-global-color-text );\">\u00bfC\u00f3mo se puede contactar con el DPO?<\/strong><\/p><p>El sitio gigroupholding.com\/espana (en adelante, el \u00ab<strong>Sitio<\/strong>\u00ab) utiliza cookies. Los datos recopilados mediante cookies son procesados por <strong>Gi Group Spain Empresa de Trabajo Temporal, S.L.,\u00a0 <\/strong>(\u00bb <strong>Empresa <\/strong>\u00ab) con sede en Paseo de la Castellana 89, planta 5, 28046 Madrid (Madrid), en la persona del Representante Legal (direcci\u00f3n de correo electr\u00f3nico <a id=\"menurofg\" class=\"fui-Link ___1q1shib f2hkw1w f3rmtva f1ewtqcl fyind8e f1k6fduh f1w7gpdv fk6fouc fjoy568 figsok6 f1s184ao f1mk8lai fnbmjn9 f1o700av f13mvf36 f1cmlufx f9n3di6 f1ids18y f1tx3yz7 f1deo86v f1eh06m1 f1iescvh fhgqx19 f1olyrje f1p93eir f1nev41a f1h8hb77 f1lqvz6u f10aw75t fsle3fq f17ae5zn\" title=\"mailto:es.privacy@gigroup.com\" href=\"mailto:es.privacy@gigroup.com\" target=\"_blank\" rel=\"noreferrer noopener\" aria-label=\"V\u00ednculo es.privacy@gigroup.com\">es.privacy@gigroup.com<\/a>).<\/p><p>El Delegado de Protecci\u00f3n de Datos (DPO) puede ser contactado en C\/ Marque\u0301s de Cubas, n.\u00ba 12, 5\u00baC Madrid, a la atenci\u00f3n del Delegado de Protecci\u00f3n de Datos, y en el correo electr\u00f3nico <a id=\"menurofj\" class=\"fui-Link ___1q1shib f2hkw1w f3rmtva f1ewtqcl fyind8e f1k6fduh f1w7gpdv fk6fouc fjoy568 figsok6 f1s184ao f1mk8lai fnbmjn9 f1o700av f13mvf36 f1cmlufx f9n3di6 f1ids18y f1tx3yz7 f1deo86v f1eh06m1 f1iescvh fhgqx19 f1olyrje f1p93eir f1nev41a f1h8hb77 f1lqvz6u f10aw75t fsle3fq f17ae5zn\" title=\"mailto:es.dpo@gigroup.com\" href=\"mailto:es.dpo@gigroup.com\" target=\"_blank\" rel=\"noreferrer noopener\" aria-label=\"V\u00ednculo es.dpo@gigroup.com\">es.dpo@gigroup.com<\/a>.<\/p><p><strong>\u00bfQu\u00e9 datos personales se tratan?<\/strong><\/p><p>El sitio procesa datos de navegaci\u00f3n. A modo de ejemplo, esta categor\u00eda de datos incluye: las direcciones IP o los nombres de las computadoras utilizadas por los usuarios que se conectan al Sitio, las direcciones URI (Uniform Resource Identifier) de los recursos solicitados, la hora de las solicitudes, el m\u00e9todo utilizado al enviar solicitudes al servidor, el tama\u00f1o del archivo obtenido en respuesta, el c\u00f3digo num\u00e9rico que indica el estado de la respuesta proporcionada por el servidor (correcto, error, etc.) y otros par\u00e1metros relacionados con el sistema operativo y el entorno inform\u00e1tico del usuario .<\/p><p><strong>\u00bfQu\u00e9 es un cookie?<\/strong><\/p><p>Cookies son peque\u00f1as cadenas de texto. Son creadas por un servidor y almacenadas en el disco duro de la computadora o en cualquier otro dispositivo utilizado por el usuario para acceder a un sitio web (tel\u00e9fono inteligente, tableta , etc.) y luego ser retransmitido al sitio en la pr\u00f3xima visita del usuario. Las cookies permiten , por ejemplo, activar funciones y personalizaciones destinadas a facilitar la interacci\u00f3n del usuario con un sitio web, realizar un seguimiento de los art\u00edculos en un carrito de compras o informaci\u00f3n para completar un formulario inform\u00e1tico.<\/p><p>Con respecto a <strong>duraci\u00f3n, <\/strong>las cookies se pueden clasificar en cookies de sesi\u00f3n y cookies persistentes.<\/p><p><strong>Cookies de sesi\u00f3n <\/strong>desaparecen cuando se cierra el navegador o tienen una duraci\u00f3n limitada. <strong>Cookies persistentes<\/strong> se almacenan permanentemente en su computadora u otro dispositivo usuario y tienen una duraci\u00f3n variable. Las cookies que caducan al final de una sesi\u00f3n (normalmente cuando un usuario cierra su navegador) son \u00fatiles, por ejemplo, por motivos de seguridad, como cuando el usuario accede a su casilla de correo electr\u00f3nico o a un \u00e1rea reservada de un sitio. En cambio, las cookies que se almacenan durante un per\u00edodo m\u00e1s largo (entre una sesi\u00f3n y otra) se utilizan, por ejemplo, para recordar las preferencias del usuario (como el idioma de navegaci\u00f3n en el sitio) o para ofrecer publicidad dirigida.<\/p><p>En referencia al <strong>origen, las <\/strong>cookies se pueden clasificar en cookies propias o cookies de terceros. <strong>Primero<\/strong> <strong>-Las cookies propias <\/strong>se instalan directamente desde el sitio web que visita el usuario, mientras que <strong>las cookies de terceros <\/strong>las instala un dominio distinto al que visita el usuario, por ejemplo, si el sitio web incorpora elementos de otros sitios, como im\u00e1genes o complementos de redes sociales.<\/p><p><strong>\u00bfQu\u00e9 cookies utiliza este sitio y con qu\u00e9 fines?<\/strong><\/p><div id=\"ot-sdk-cookie-policy\">\u00a0<\/div><p>El uso de cookies de terceros se rige por las normas establecidas por los propios terceros, por lo que se invita al usuario a leer la informaci\u00f3n sobre el tratamiento de datos personales de terceros indicada en los cuadros ilustrativos de las cookies utilizadas por el Sitio.<\/p><p>El Sitio utiliza Google Analytics para recopilar informaci\u00f3n de forma agregada sobre el n\u00famero de usuarios que visitan el Sitio y sobre los m\u00e9todos de uso del mismo, con el fin de elaborar estad\u00edsticas generales sobre el servicio y su uso, sin posibilidad de rastrear la identificaci\u00f3n. del usuario \u00fanico. La configuraci\u00f3n de Google Analytics permite compartir datos con Google para utilizar los siguientes servicios: i ) Benchmarking, es decir , participaci\u00f3n en la recopilaci\u00f3n de datos an\u00f3nimos que ayuden a comprender mejor la tendencia de los datos; ii) Asistencia t\u00e9cnica, para habilitar Google<em>\u00a0<\/em>para brindar asistencia y iii) Expertos en cuentas, para permitir que los expertos en marketing de Google brinden sugerencias para mejorar la configuraci\u00f3n y el an\u00e1lisis.<\/p><p>Para obtener m\u00e1s informaci\u00f3n, puede visitar la p\u00e1gina del proveedor <a href=\"https:\/\/support.google.com\/analytics\/answer\/1011397\"><strong>aqu\u00ed<\/strong><\/a><\/p><p>El usuario puede deshabilitar las cookies de Google Analytics descargando un complemento de navegador espec\u00edfico disponible <a href=\"https:\/\/tools.google.com\/dlpage\/gaoptout\"><strong>aqu\u00ed<\/strong><\/a><\/p><p><strong>\u00bfC\u00f3mo gestiona sus preferencias de cookies?<\/strong><\/p><p>En el momento del primer acceso a cualquier p\u00e1gina del Sitio, aparece un banner que contiene una breve informaci\u00f3n y el panel de gesti\u00f3n de preferencias de cookies. El usuario tiene la posibilidad de seleccionar y deseleccionar las cookies agrupadas por categor\u00edas homog\u00e9neas.<\/p><p>El consentimiento para el uso de cookies se registra con una \u00abcookie t\u00e9cnica\u00bb espec\u00edfica. Al cerrar el banner seleccionando un bot\u00f3n marcado con una X, ubicado dentro del banner en la parte superior derecha, el usuario mantendr\u00e1 la configuraci\u00f3n predeterminada y, por lo tanto, continuar\u00e1 la navegaci\u00f3n sin m\u00e1s cookies que las t\u00e9cnicas estrictamente necesarias. Tambi\u00e9n est\u00e1 disponible un comando especial a trav\u00e9s del cual el usuario puede expresar su consentimiento aceptando la colocaci\u00f3n de todas las cookies.<\/p><p>En cualquier caso, es posible cambiar f\u00e1cilmente las elecciones realizadas en relaci\u00f3n con las cookies utilizadas por el Sitio en cualquier momento haciendo clic en el bot\u00f3n que aparece en cada p\u00e1gina del Sitio en la parte inferior izquierda.<\/p><p>En cualquier caso, el usuario puede expresar sus preferencias sobre las cookies tambi\u00e9n a trav\u00e9s de la configuraci\u00f3n del navegador utilizado. La mayor\u00eda de los navegadores aceptan autom\u00e1ticamente las cookies por defecto, sin embargo, si configura las preferencias de su navegador de forma adecuada, puede rechazarlas o aceptarlas de forma selectiva (los m\u00e9todos que ofrecen algunos navegadores se muestran a continuaci\u00f3n: <strong><u>Cromo,<\/u><\/strong> <a href=\"https:\/\/support.mozilla.org\/it\/kb\/Gestione%20dei%20cookie\"><strong>Firefox <\/strong><\/a><strong><u>,<\/u><\/strong> <a href=\"https:\/\/support.apple.com\/it-it\/HT201265\"><strong>safari <\/strong><\/a><strong><u>,<\/u><\/strong> <a href=\"https:\/\/help.opera.com\/en\/latest\/web-preferences\/#cookies\"><strong>\u00f3pera <\/strong><\/a><strong><u>,<\/u><\/strong> <a href=\"https:\/\/support.microsoft.com\/en-us\/windows\/delete-and-manage-cookies-168dab11-0753-043d-7c16-ede5947fc64d\"><strong>borde <\/strong><\/a><strong><u>,<\/u><\/strong><strong> <u>Explorador de Internet)<\/u><\/strong><\/p><p>Deshabilitar, bloquear o eliminar las cookies podr\u00eda comprometer el uso \u00f3ptimo de algunas \u00e1reas del Sitio o impedir algunas funciones, as\u00ed como afectar el funcionamiento de los servicios de terceros.<\/p><p>Para obtener informaci\u00f3n relacionada con el uso de cookies por parte de Facebook , Instagram, YouTube , Twitter y LinkedIn , consulte los <a href=\"https:\/\/help.twitter.com\/it\/rules-and-policies\/twitter-cookies\">sitios <\/a><a href=\"https:\/\/help.twitter.com\/it\/rules-and-policies\/twitter-cookies\">web de <\/a><a href=\"https:\/\/it-it.facebook.com\/policies\/cookies\/\"><strong>Facebook <\/strong><\/a>, <a href=\"https:\/\/help.instagram.com\/1896641480634370\"><strong>Instagram <\/strong><\/a>, <a href=\"https:\/\/www.google.it\/intl\/it\/policies\/privacy\/\"><strong>Google <\/strong><\/a>, <a href=\"https:\/\/help.twitter.com\/it\/rules-and-policies\/twitter-cookies\"><strong>Twitter <\/strong><\/a><a href=\"https:\/\/help.twitter.com\/it\/rules-and-policies\/twitter-cookies\">y <\/a><a href=\"https:\/\/help.twitter.com\/it\/rules-and-policies\/twitter-cookies\"><strong>LinkedIn <\/strong><\/a><a href=\"https:\/\/help.twitter.com\/it\/rules-and-policies\/twitter-cookies\">respectivamente.<\/a><\/p><p>Para realizar un seguimiento de la recopilaci\u00f3n de datos con fines de an\u00e1lisis realizados por las cookies de an\u00e1lisis de Google , se invita al usuario a visitar la p\u00e1gina del <a href=\"https:\/\/tools.google.com\/dlpage\/gaoptout\"><strong>complemento del navegador para la desactivaci\u00f3n de Google Analytics <\/strong><\/a>donde, si lo desea, puede proceder a deshabilitar estas cookies . , descargando el complemento de navegador espec\u00edfico disponible all\u00ed.<\/p><p><strong>\u00bfEs obligatoria la aceptaci\u00f3n de cookies?<\/strong><\/p><p>Las cookies t\u00e9cnicas estrictamente necesarias se utilizan para garantizar la correcta navegaci\u00f3n dentro del Sitio y prestar el servicio solicitado por el usuario, por lo que no se requiere el consentimiento previo del usuario para su instalaci\u00f3n, tal y como se indica en el p\u00e1rrafo correspondiente.<\/p><p>En cuanto al resto de tipos de cookies, estas se instalan \u00fanicamente tras obtener el consentimiento del usuario. Este consentimiento es opcional. Sin embargo, la denegaci\u00f3n del consentimiento puede dar lugar a que partes del Sitio no funcionen correctamente.<\/p><p><strong>\u00bfQui\u00e9nes son los sujetos autorizados al tratamiento? \u00bfQui\u00e9nes son los destinatarios de los datos?<\/strong><\/p><p>Los datos pueden ser tratados por empleados de las funciones corporativas responsables de perseguir los fines antes mencionados , que hayan sido expresamente autorizados para tratarlos y que hayan recibido las instrucciones operativas adecuadas.<\/p><p>Los datos de los usuarios pueden ser tratados por terceros que act\u00faen como responsables del tratamiento, tales como autoridades y \u00f3rganos de control de supervisi\u00f3n y, en general, por sujetos, incluidos los particulares, con derecho a solicitar datos, Autoridades P\u00fablicas que expresen solicitudes al Responsable del tratamiento con fines administrativos o institucionales, en de conformidad con lo dispuesto en la legislaci\u00f3n nacional y de la Uni\u00f3n, as\u00ed como a las personas, empresas, asociaciones o despachos profesionales que presten asistencia y asesoramiento.<\/p><p>Los datos tambi\u00e9n podr\u00e1n ser tratados, por cuenta del Responsable del tratamiento, por terceros designados como encargados, a los que se imparten las instrucciones operativas adecuadas. Estas materias se engloban esencialmente en las siguientes categor\u00edas:<\/p><ol><li><strong>a) <\/strong>empresas que presten servicios de env\u00edo de comunicaciones ;<\/li><li><strong>b) <\/strong>empresas que presten servicios de mantenimiento de sitios web y sistemas de informaci\u00f3n ;<\/li><li><strong>c) <\/strong>empresas que ofrecen apoyo en la implementaci\u00f3n de iniciativas de marketing y estudios de mercado.<\/li><\/ol><p>Los datos personales del usuario podr\u00e1n ser tratados, en caso de su consentimiento, por terceros a los que les sean comunicados.<\/p><p><strong>\u00bfSe transfieren datos personales a pa\u00edses fuera del Espacio Econ\u00f3mico Europeo?<\/strong><\/p><p>Los datos recopilados mediante cookies pueden transferirse a pa\u00edses fuera del Espacio Econ\u00f3mico Europeo (EEE) cuyo nivel de protecci\u00f3n de datos haya sido considerado adecuado por la Comisi\u00f3n Europea de conformidad con el art. 45 del RGPD.<\/p><p>Adem\u00e1s, los datos personales pueden transferirse al extranjero a pa\u00edses no pertenecientes al EEE, y en particular a los Estados Unidos (por ejemplo, Google, redes sociales, etc.), despu\u00e9s de firmar las cl\u00e1usulas contractuales tipo (Standard Contractual Clauses) adoptadas y aprobadas por la Comisi\u00f3n Europea. de conformidad con el art. 46 del RGPD.<\/p><p>Se puede obtener una copia de las garant\u00edas adoptadas poni\u00e9ndose en contacto con el Controlador de datos en <a href=\"mailto:it.privacy@gigroup.com\">es.privacy@gigroup.com<\/a><\/p><p><strong>\u00bfCu\u00e1les son los derechos de los interesados?<\/strong><\/p><p>Los Interesados pueden solicitar al Responsable del Tratamiento el acceso a sus datos personales, su correcci\u00f3n o cancelaci\u00f3n, la integraci\u00f3n de datos incompletos, la limitaci\u00f3n del tratamiento en los casos previstos por el art. 18 RGPD, as\u00ed como la oposici\u00f3n al tratamiento en caso de datos tratados con fines de marketing directo o intereses leg\u00edtimos.<\/p><p>Adem\u00e1s, en los casos en que el tratamiento se base en el consentimiento o el contrato y se lleve a cabo con herramientas automatizadas, los interesados tienen derecho a ejercer el derecho a la portabilidad de los datos recibiendo sus datos personales en un formato estructurado, de uso com\u00fan y legible por dispositivo. formato, as\u00ed como, si es t\u00e9cnicamente factible, transmitirlos a otro responsable del tratamiento sin impedimentos.<\/p><p>Estos derechos se pueden ejercer enviando un correo electr\u00f3nico a es.privacy@gigroup.com.<\/p><p>Los interesados tienen derecho a presentar una reclamaci\u00f3n ante la Autoridad de control competente (en particular, en el Estado miembro en el que residen o trabajan habitualmente o en el Estado en el que se ha producido la supuesta violaci\u00f3n).<\/p><p>\u00daltima actualizaci\u00f3n: marzo de 2022<\/p>\t\t\t\t\t\t<\/div>\n\t\t\t\t<\/div>\n\t\t\t\t\t<\/div>\n\t\t<\/div>\n\t\t\t\t\t<\/div>\n\t\t<\/section>\n\t\t\t\t<\/div>\n\t\t","protected":false},"excerpt":{"rendered":"<p>Pol\u00edtica de Cookies Tal y como exige el Reglamento (UE) 2016\/679 y la legislaci\u00f3n de protecci\u00f3n de datos en general, el usuario (en adelante tambi\u00e9n el \u00abInteresado\u00bb) dispone de informaci\u00f3n sobre el uso de cookies. \u00bfQui\u00e9n es el responsable del tratamiento? \u00bfC\u00f3mo se puede contactar con el DPO? El sitio gigroupholding.com\/espana (en adelante, el \u00abSitio\u00ab) [&hellip;]<\/p>\n","protected":false},"author":1,"featured_media":0,"parent":0,"menu_order":0,"comment_status":"closed","ping_status":"closed","template":"","meta":{"_acf_changed":false,"footnotes":"","_links_to":"","_links_to_target":""},"class_list":["post-9059","page","type-page","status-publish","hentry"],"acf":[],"yoast_head":"<!-- This site is optimized with the Yoast SEO plugin v23.9 - https:\/\/yoast.com\/wordpress\/plugins\/seo\/ -->\n<title>Cookie Policy - Gi Group Holding Espa\u00f1a<\/title>\n<meta name=\"robots\" content=\"noindex, nofollow\" \/>\n<meta property=\"og:locale\" content=\"es_ES\" \/>\n<meta property=\"og:type\" content=\"article\" \/>\n<meta property=\"og:title\" content=\"Cookie Policy - Gi Group Holding Espa\u00f1a\" \/>\n<meta property=\"og:description\" content=\"Pol\u00edtica de Cookies Tal y como exige el Reglamento (UE) 2016\/679 y la legislaci\u00f3n de protecci\u00f3n de datos en general, el usuario (en adelante tambi\u00e9n el \u00abInteresado\u00bb) dispone de informaci\u00f3n sobre el uso de cookies. \u00bfQui\u00e9n es el responsable del tratamiento? \u00bfC\u00f3mo se puede contactar con el DPO? El sitio gigroupholding.com\/espana (en adelante, el \u00abSitio\u00ab) [&hellip;]\" \/>\n<meta property=\"og:url\" content=\"https:\/\/www.gigroupholding.com\/espana\/cookie-policy\/\" \/>\n<meta property=\"og:site_name\" content=\"Gi Group Holding Espa\u00f1a\" \/>\n<meta property=\"article:modified_time\" content=\"2025-04-29T11:39:45+00:00\" \/>\n<meta name=\"twitter:card\" content=\"summary_large_image\" \/>\n<meta name=\"twitter:label1\" content=\"Tiempo de lectura\" \/>\n\t<meta name=\"twitter:data1\" content=\"8 minutos\" \/>\n<script type=\"application\/ld+json\" class=\"yoast-schema-graph\">{\"@context\":\"https:\/\/schema.org\",\"@graph\":[{\"@type\":\"WebPage\",\"@id\":\"https:\/\/www.gigroupholding.com\/espana\/cookie-policy\/\",\"url\":\"https:\/\/www.gigroupholding.com\/espana\/cookie-policy\/\",\"name\":\"Cookie Policy - Gi Group Holding Espa\u00f1a\",\"isPartOf\":{\"@id\":\"https:\/\/www.gigroupholding.com\/espana\/#website\"},\"datePublished\":\"2022-03-12T13:26:47+00:00\",\"dateModified\":\"2025-04-29T11:39:45+00:00\",\"inLanguage\":\"es\",\"potentialAction\":[{\"@type\":\"ReadAction\",\"target\":[\"https:\/\/www.gigroupholding.com\/espana\/cookie-policy\/\"]}]},{\"@type\":\"WebSite\",\"@id\":\"https:\/\/www.gigroupholding.com\/espana\/#website\",\"url\":\"https:\/\/www.gigroupholding.com\/espana\/\",\"name\":\"Gi Group Holding Espa\u00f1a\",\"description\":\"Entorno global de servicios integrados de Recursos Humanos\",\"publisher\":{\"@id\":\"https:\/\/www.gigroupholding.com\/espana\/#organization\"},\"potentialAction\":[{\"@type\":\"SearchAction\",\"target\":{\"@type\":\"EntryPoint\",\"urlTemplate\":\"https:\/\/www.gigroupholding.com\/espana\/?s={search_term_string}\"},\"query-input\":{\"@type\":\"PropertyValueSpecification\",\"valueRequired\":true,\"valueName\":\"search_term_string\"}}],\"inLanguage\":\"es\"},{\"@type\":\"Organization\",\"@id\":\"https:\/\/www.gigroupholding.com\/espana\/#organization\",\"name\":\"Gi Group Holding\",\"url\":\"https:\/\/www.gigroupholding.com\/espana\/\",\"logo\":{\"@type\":\"ImageObject\",\"inLanguage\":\"es\",\"@id\":\"https:\/\/www.gigroupholding.com\/espana\/#\/schema\/logo\/image\/\",\"url\":\"https:\/\/www.gigroupholding.com\/espana\/wp-content\/uploads\/sites\/4\/2022\/04\/GIGROUPHOLDING-LOGO-RGB-e1649316299235.png\",\"contentUrl\":\"https:\/\/www.gigroupholding.com\/espana\/wp-content\/uploads\/sites\/4\/2022\/04\/GIGROUPHOLDING-LOGO-RGB-e1649316299235.png\",\"width\":900,\"height\":456,\"caption\":\"Gi Group Holding\"},\"image\":{\"@id\":\"https:\/\/www.gigroupholding.com\/espana\/#\/schema\/logo\/image\/\"}}]}<\/script>\n<!-- \/ Yoast SEO plugin. -->","yoast_head_json":{"title":"Cookie Policy - Gi Group Holding Espa\u00f1a","robots":{"index":"noindex","follow":"nofollow"},"og_locale":"es_ES","og_type":"article","og_title":"Cookie Policy - Gi Group Holding Espa\u00f1a","og_description":"Pol\u00edtica de Cookies Tal y como exige el Reglamento (UE) 2016\/679 y la legislaci\u00f3n de protecci\u00f3n de datos en general, el usuario (en adelante tambi\u00e9n el \u00abInteresado\u00bb) dispone de informaci\u00f3n sobre el uso de cookies. \u00bfQui\u00e9n es el responsable del tratamiento? \u00bfC\u00f3mo se puede contactar con el DPO? El sitio gigroupholding.com\/espana (en adelante, el \u00abSitio\u00ab) [&hellip;]","og_url":"https:\/\/www.gigroupholding.com\/espana\/cookie-policy\/","og_site_name":"Gi Group Holding Espa\u00f1a","article_modified_time":"2025-04-29T11:39:45+00:00","twitter_card":"summary_large_image","twitter_misc":{"Tiempo de lectura":"8 minutos"},"schema":{"@context":"https:\/\/schema.org","@graph":[{"@type":"WebPage","@id":"https:\/\/www.gigroupholding.com\/espana\/cookie-policy\/","url":"https:\/\/www.gigroupholding.com\/espana\/cookie-policy\/","name":"Cookie Policy - Gi Group Holding Espa\u00f1a","isPartOf":{"@id":"https:\/\/www.gigroupholding.com\/espana\/#website"},"datePublished":"2022-03-12T13:26:47+00:00","dateModified":"2025-04-29T11:39:45+00:00","inLanguage":"es","potentialAction":[{"@type":"ReadAction","target":["https:\/\/www.gigroupholding.com\/espana\/cookie-policy\/"]}]},{"@type":"WebSite","@id":"https:\/\/www.gigroupholding.com\/espana\/#website","url":"https:\/\/www.gigroupholding.com\/espana\/","name":"Gi Group Holding Espa\u00f1a","description":"Entorno global de servicios integrados de Recursos Humanos","publisher":{"@id":"https:\/\/www.gigroupholding.com\/espana\/#organization"},"potentialAction":[{"@type":"SearchAction","target":{"@type":"EntryPoint","urlTemplate":"https:\/\/www.gigroupholding.com\/espana\/?s={search_term_string}"},"query-input":{"@type":"PropertyValueSpecification","valueRequired":true,"valueName":"search_term_string"}}],"inLanguage":"es"},{"@type":"Organization","@id":"https:\/\/www.gigroupholding.com\/espana\/#organization","name":"Gi Group Holding","url":"https:\/\/www.gigroupholding.com\/espana\/","logo":{"@type":"ImageObject","inLanguage":"es","@id":"https:\/\/www.gigroupholding.com\/espana\/#\/schema\/logo\/image\/","url":"https:\/\/www.gigroupholding.com\/espana\/wp-content\/uploads\/sites\/4\/2022\/04\/GIGROUPHOLDING-LOGO-RGB-e1649316299235.png","contentUrl":"https:\/\/www.gigroupholding.com\/espana\/wp-content\/uploads\/sites\/4\/2022\/04\/GIGROUPHOLDING-LOGO-RGB-e1649316299235.png","width":900,"height":456,"caption":"Gi Group Holding"},"image":{"@id":"https:\/\/www.gigroupholding.com\/espana\/#\/schema\/logo\/image\/"}}]}},"_links":{"self":[{"href":"https:\/\/www.gigroupholding.com\/espana\/wp-json\/wp\/v2\/pages\/9059","targetHints":{"allow":["GET"]}}],"collection":[{"href":"https:\/\/www.gigroupholding.com\/espana\/wp-json\/wp\/v2\/pages"}],"about":[{"href":"https:\/\/www.gigroupholding.com\/espana\/wp-json\/wp\/v2\/types\/page"}],"author":[{"embeddable":true,"href":"https:\/\/www.gigroupholding.com\/espana\/wp-json\/wp\/v2\/users\/1"}],"replies":[{"embeddable":true,"href":"https:\/\/www.gigroupholding.com\/espana\/wp-json\/wp\/v2\/comments?post=9059"}],"version-history":[{"count":23,"href":"https:\/\/www.gigroupholding.com\/espana\/wp-json\/wp\/v2\/pages\/9059\/revisions"}],"predecessor-version":[{"id":132295,"href":"https:\/\/www.gigroupholding.com\/espana\/wp-json\/wp\/v2\/pages\/9059\/revisions\/132295"}],"wp:attachment":[{"href":"https:\/\/www.gigroupholding.com\/espana\/wp-json\/wp\/v2\/media?parent=9059"}],"curies":[{"name":"wp","href":"https:\/\/api.w.org\/{rel}","templated":true}]}}