{"id":9045,"date":"2022-03-11T16:12:21","date_gmt":"2022-03-11T16:12:21","guid":{"rendered":"https:\/\/gigroup.draft2017.com\/espana\/?page_id=9045"},"modified":"2024-07-10T09:25:51","modified_gmt":"2024-07-10T09:25:51","slug":"privacy-policy","status":"publish","type":"page","link":"https:\/\/www.gigroupholding.com\/espana\/privacy-policy\/","title":{"rendered":"Privacy Policy"},"content":{"rendered":"\t\t<div data-elementor-type=\"wp-page\" data-elementor-id=\"9045\" class=\"elementor elementor-9045\" data-elementor-post-type=\"page\">\n\t\t\t\t\t\t<section class=\"elementor-section elementor-top-section elementor-element elementor-element-dbffe51 header_line_left elementor-section-boxed elementor-section-height-default elementor-section-height-default\" data-id=\"dbffe51\" data-element_type=\"section\" data-settings=\"{&quot;background_background&quot;:&quot;classic&quot;}\">\n\t\t\t\t\t\t<div class=\"elementor-container elementor-column-gap-default\">\n\t\t\t\t\t<div class=\"elementor-column elementor-col-100 elementor-top-column elementor-element elementor-element-896be11\" data-id=\"896be11\" data-element_type=\"column\">\n\t\t\t<div class=\"elementor-widget-wrap elementor-element-populated\">\n\t\t\t\t\t\t<div class=\"elementor-element elementor-element-31ea5ec elementor-widget elementor-widget-heading\" data-id=\"31ea5ec\" data-element_type=\"widget\" data-widget_type=\"heading.default\">\n\t\t\t\t<div class=\"elementor-widget-container\">\n\t\t\t<h1 class=\"elementor-heading-title elementor-size-default\">Pol\u00edtica de Privacidad<\/h1>\t\t<\/div>\n\t\t\t\t<\/div>\n\t\t\t\t<div class=\"elementor-element elementor-element-b5df7c1 elementor-widget elementor-widget-spacer\" data-id=\"b5df7c1\" data-element_type=\"widget\" data-widget_type=\"spacer.default\">\n\t\t\t\t<div class=\"elementor-widget-container\">\n\t\t\t\t\t<div class=\"elementor-spacer\">\n\t\t\t<div class=\"elementor-spacer-inner\"><\/div>\n\t\t<\/div>\n\t\t\t\t<\/div>\n\t\t\t\t<\/div>\n\t\t\t\t\t<\/div>\n\t\t<\/div>\n\t\t\t\t\t<\/div>\n\t\t<\/section>\n\t\t\t\t<section class=\"elementor-section elementor-top-section elementor-element elementor-element-9ea2f70 elementor-section-boxed elementor-section-height-default elementor-section-height-default\" data-id=\"9ea2f70\" data-element_type=\"section\">\n\t\t\t\t\t\t<div class=\"elementor-container elementor-column-gap-default\">\n\t\t\t\t\t<div class=\"elementor-column elementor-col-100 elementor-top-column elementor-element elementor-element-ef3b3c0 max-width-940\" data-id=\"ef3b3c0\" data-element_type=\"column\">\n\t\t\t<div class=\"elementor-widget-wrap elementor-element-populated\">\n\t\t\t\t\t\t<div class=\"elementor-element elementor-element-8813eff elementor-widget elementor-widget-text-editor\" data-id=\"8813eff\" data-element_type=\"widget\" data-widget_type=\"text-editor.default\">\n\t\t\t\t<div class=\"elementor-widget-container\">\n\t\t\t\t\t\t\t<p><strong>POL\u00cdTICA DE PRIVACIDAD<\/strong><\/p>\n<h1>Responsable del tratamiento de datos<\/h1>\n<p>Gi Group Spain Empresa de Trabajo Temporal, S.L., con domicilio social en Paseo de la Castellana 89, planta 5, 28046 Madrid (Madrid), en la persona de su Representante Legal.<\/p>\n<h2>Delegado de Protecci\u00f3n de Datos (<em>DPO<\/em>)<\/h2>\n<p>Puede contactar con el<em> Delegado de Protecci\u00f3n de Datos <\/em>en la siguiente direcci\u00f3n:&nbsp;<\/p><p>A\/A AUDENS LEGAL, S.L.P.<br>\nC\/ Marque\u0301s de Cubas, n.\u00ba 12, 5\u00baC Madrid<br>\ntele\u0301fono 910 099 875<br>\ndireccio\u0301n de correo electro\u0301nico: es.dpo@gigroup.com <\/p>\n<p><strong>&nbsp;<\/strong><\/p>\n<h2>M\u00e9todos de tratamiento<\/h2>\n<p>El tratamiento de datos se basa en los principios de exactitud, licitud, transparencia y minimizaci\u00f3n de datos. Se llevar\u00e1 a cabo tanto manualmente como por medios automatizados para almacenar, procesar y transmitir los datos y se realizar\u00e1 utilizando medidas t\u00e9cnicas y organizativas que sean apropiadas, en la medida en que sea razonablemente necesario y de acuerdo con el estado de la t\u00e9cnica, para garantizar, entre otras cosas, la seguridad, confidencialidad, integridad, disponibilidad y resiliencia de los sistemas y servicios, evitando el riesgo de p\u00e9rdida, destrucci\u00f3n, acceso o divulgaci\u00f3n no autorizados o cualquier otro uso il\u00edcito, as\u00ed como medidas razonables para suprimir o rectificar oportunamente los datos que sean inexactos en relaci\u00f3n con los fines para los que se traten.<\/p>\n<p><strong>&nbsp; <\/strong><\/p>\n<h1>Derechos del interesado<\/h1>\n<p>Los interesados pueden solicitar al responsable del tratamiento el acceso a sus datos, su supresi\u00f3n, la rectificaci\u00f3n de los datos inexactos, la integraci\u00f3n de los datos incompletos y la limitaci\u00f3n del tratamiento de sus datos.<\/p>\n<p>Los interesados tienen derecho a oponerse, en cualquier momento, total o parcialmente, al tratamiento de los datos necesarios para fines de marketing directo o para la consecuci\u00f3n del inter\u00e9s leg\u00edtimo del responsable del tratamiento.<\/p>\n<p>Estos derechos podr\u00e1n ejercerse escribiendo a la siguiente direcci\u00f3n de correo electr\u00f3nico: <a href=\"mailto:es.privacy@gigroup.com\">es.privacy@gigroup.com<\/a>.<\/p>\n<p>Los interesados tienen derecho a presentar una reclamaci\u00f3n ante la autoridad de control competente.<\/p>\n<p><strong>&nbsp; <\/strong><\/p>\n<h1>Retirada del consentimiento<\/h1>\n<p>Los interesados tienen derecho a retirar su consentimiento en cualquier momento enviando un correo electr\u00f3nico a <a href=\"mailto:es.privacy@gigroup.com\">es.privacy@gigroup.com<\/a>; la retirada del consentimiento no afecta a la legalidad del tratamiento basado en el consentimiento dado antes de la revocaci\u00f3n.<\/p>\n<h1>Datos personales recogidos en el sitio web<\/h1>\n<p>Es posible que recopilemos determinados datos personales cuando navegue por el sitio web, as\u00ed como los que introduzca en un formulario espec\u00edfico (por ejemplo, cookies, formulario de contacto, etc.). Haga clic en los enlaces que aparecen a continuaci\u00f3n para obtener m\u00e1s informaci\u00f3n sobre c\u00f3mo tratamos los datos personales.<\/p>\n<p><strong>&nbsp;<\/strong><\/p>\n<p><strong>Informaci\u00f3n de privacidad disponibles en el sitio web: <\/strong><\/p>\t\t\t\t\t\t<\/div>\n\t\t\t\t<\/div>\n\t\t\t\t\t<\/div>\n\t\t<\/div>\n\t\t\t\t\t<\/div>\n\t\t<\/section>\n\t\t\t\t<section class=\"elementor-section elementor-top-section elementor-element elementor-element-862adac elementor-section-boxed elementor-section-height-default elementor-section-height-default\" data-id=\"862adac\" data-element_type=\"section\">\n\t\t\t\t\t\t<div class=\"elementor-container elementor-column-gap-default\">\n\t\t\t\t\t<div class=\"elementor-column elementor-col-100 elementor-top-column elementor-element elementor-element-6f277d3\" data-id=\"6f277d3\" data-element_type=\"column\">\n\t\t\t<div class=\"elementor-widget-wrap\">\n\t\t\t\t\t\t\t<\/div>\n\t\t<\/div>\n\t\t\t\t\t<\/div>\n\t\t<\/section>\n\t\t\t\t<section class=\"elementor-section elementor-top-section elementor-element elementor-element-3e42a9b elementor-section-boxed elementor-section-height-default elementor-section-height-default\" data-id=\"3e42a9b\" data-element_type=\"section\">\n\t\t\t\t\t\t<div class=\"elementor-container elementor-column-gap-default\">\n\t\t\t\t\t<div class=\"elementor-column elementor-col-25 elementor-top-column elementor-element elementor-element-c496cd3\" data-id=\"c496cd3\" data-element_type=\"column\">\n\t\t\t<div class=\"elementor-widget-wrap elementor-element-populated\">\n\t\t\t\t\t\t<div class=\"elementor-element elementor-element-c2bb531 elementor-widget elementor-widget-button\" data-id=\"c2bb531\" data-element_type=\"widget\" data-widget_type=\"button.default\">\n\t\t\t\t<div class=\"elementor-widget-container\">\n\t\t\t\t\t\t\t<div class=\"elementor-button-wrapper\">\n\t\t\t\t\t<a class=\"elementor-button elementor-button-link elementor-size-sm\" href=\"https:\/\/www.gigroupholding.com\/privacy-policy\/privacy-policy-es-ett\/\">\n\t\t\t\t\t\t<span class=\"elementor-button-content-wrapper\">\n\t\t\t\t\t\t\t\t\t<span class=\"elementor-button-text\">Pol\u00edtica de candidatos de Gi Group<\/span>\n\t\t\t\t\t<\/span>\n\t\t\t\t\t<\/a>\n\t\t\t\t<\/div>\n\t\t\t\t\t\t<\/div>\n\t\t\t\t<\/div>\n\t\t\t\t\t<\/div>\n\t\t<\/div>\n\t\t\t\t<div class=\"elementor-column elementor-col-25 elementor-top-column elementor-element elementor-element-6f689f6\" data-id=\"6f689f6\" data-element_type=\"column\">\n\t\t\t<div class=\"elementor-widget-wrap elementor-element-populated\">\n\t\t\t\t\t\t<div class=\"elementor-element elementor-element-d56bd8e elementor-widget elementor-widget-button\" data-id=\"d56bd8e\" data-element_type=\"widget\" data-widget_type=\"button.default\">\n\t\t\t\t<div class=\"elementor-widget-container\">\n\t\t\t\t\t\t\t<div class=\"elementor-button-wrapper\">\n\t\t\t\t\t<a class=\"elementor-button elementor-button-link elementor-size-sm\" href=\"https:\/\/www.gigroupholding.com\/privacy-policy\/privacy-policy-es-wyser\/\">\n\t\t\t\t\t\t<span class=\"elementor-button-content-wrapper\">\n\t\t\t\t\t\t\t\t\t<span class=\"elementor-button-text\">Pol\u00edtica de candidatos de Wyser<\/span>\n\t\t\t\t\t<\/span>\n\t\t\t\t\t<\/a>\n\t\t\t\t<\/div>\n\t\t\t\t\t\t<\/div>\n\t\t\t\t<\/div>\n\t\t\t\t\t<\/div>\n\t\t<\/div>\n\t\t\t\t<div class=\"elementor-column elementor-col-25 elementor-top-column elementor-element elementor-element-5b26a25\" data-id=\"5b26a25\" data-element_type=\"column\">\n\t\t\t<div class=\"elementor-widget-wrap elementor-element-populated\">\n\t\t\t\t\t\t<div class=\"elementor-element elementor-element-0bdb65c elementor-widget elementor-widget-button\" data-id=\"0bdb65c\" data-element_type=\"widget\" data-widget_type=\"button.default\">\n\t\t\t\t<div class=\"elementor-widget-container\">\n\t\t\t\t\t\t\t<div class=\"elementor-button-wrapper\">\n\t\t\t\t\t<a class=\"elementor-button elementor-button-link elementor-size-sm\" href=\"https:\/\/www.gigroupholding.com\/privacy-policy\/privacy-policy-es-grafton\/\">\n\t\t\t\t\t\t<span class=\"elementor-button-content-wrapper\">\n\t\t\t\t\t\t\t\t\t<span class=\"elementor-button-text\">Pol\u00edtica de candidatos de Grafton<\/span>\n\t\t\t\t\t<\/span>\n\t\t\t\t\t<\/a>\n\t\t\t\t<\/div>\n\t\t\t\t\t\t<\/div>\n\t\t\t\t<\/div>\n\t\t\t\t\t<\/div>\n\t\t<\/div>\n\t\t\t\t<div class=\"elementor-column elementor-col-25 elementor-top-column elementor-element elementor-element-fedf661\" data-id=\"fedf661\" data-element_type=\"column\">\n\t\t\t<div class=\"elementor-widget-wrap elementor-element-populated\">\n\t\t\t\t\t\t<div class=\"elementor-element elementor-element-57585c7 elementor-widget elementor-widget-button\" data-id=\"57585c7\" data-element_type=\"widget\" data-widget_type=\"button.default\">\n\t\t\t\t<div class=\"elementor-widget-container\">\n\t\t\t\t\t\t\t<div class=\"elementor-button-wrapper\">\n\t\t\t\t\t<a class=\"elementor-button elementor-button-link elementor-size-sm\" href=\"https:\/\/www.gigroupholding.com\/privacy-policy\/privacy-policy-es-bpo\/\">\n\t\t\t\t\t\t<span class=\"elementor-button-content-wrapper\">\n\t\t\t\t\t\t\t\t\t<span class=\"elementor-button-text\">Pol\u00edtica de candidatos de Gi BPO<\/span>\n\t\t\t\t\t<\/span>\n\t\t\t\t\t<\/a>\n\t\t\t\t<\/div>\n\t\t\t\t\t\t<\/div>\n\t\t\t\t<\/div>\n\t\t\t\t\t<\/div>\n\t\t<\/div>\n\t\t\t\t\t<\/div>\n\t\t<\/section>\n\t\t\t\t<section class=\"elementor-section elementor-top-section elementor-element elementor-element-22cdd23 elementor-section-boxed elementor-section-height-default elementor-section-height-default\" data-id=\"22cdd23\" data-element_type=\"section\">\n\t\t\t\t\t\t<div class=\"elementor-container elementor-column-gap-default\">\n\t\t\t\t\t<div class=\"elementor-column elementor-col-50 elementor-top-column elementor-element elementor-element-6d2ba4d\" data-id=\"6d2ba4d\" data-element_type=\"column\">\n\t\t\t<div class=\"elementor-widget-wrap elementor-element-populated\">\n\t\t\t\t\t\t<div class=\"elementor-element elementor-element-50292f5 elementor-widget elementor-widget-button\" data-id=\"50292f5\" data-element_type=\"widget\" data-widget_type=\"button.default\">\n\t\t\t\t<div class=\"elementor-widget-container\">\n\t\t\t\t\t\t\t<div class=\"elementor-button-wrapper\">\n\t\t\t\t\t<a class=\"elementor-button elementor-button-link elementor-size-sm\" href=\"https:\/\/www.gigroupholding.com\/espana\/en\/?page_id=9060\">\n\t\t\t\t\t\t<span class=\"elementor-button-content-wrapper\">\n\t\t\t\t\t\t\t\t\t<span class=\"elementor-button-text\">Leer Preferencias de Cookies<\/span>\n\t\t\t\t\t<\/span>\n\t\t\t\t\t<\/a>\n\t\t\t\t<\/div>\n\t\t\t\t\t\t<\/div>\n\t\t\t\t<\/div>\n\t\t\t\t\t<\/div>\n\t\t<\/div>\n\t\t\t\t<div class=\"elementor-column elementor-col-50 elementor-top-column elementor-element elementor-element-1e5426a\" data-id=\"1e5426a\" data-element_type=\"column\">\n\t\t\t<div class=\"elementor-widget-wrap elementor-element-populated\">\n\t\t\t\t\t\t<div class=\"elementor-element elementor-element-87c7a4d elementor-widget elementor-widget-button\" data-id=\"87c7a4d\" data-element_type=\"widget\" data-widget_type=\"button.default\">\n\t\t\t\t<div class=\"elementor-widget-container\">\n\t\t\t\t\t\t\t<div class=\"elementor-button-wrapper\">\n\t\t\t\t\t<a class=\"elementor-button elementor-button-link elementor-size-sm\" href=\"https:\/\/www.gigroupholding.com\/espana\/politica-contacto\/\">\n\t\t\t\t\t\t<span class=\"elementor-button-content-wrapper\">\n\t\t\t\t\t\t\t\t\t<span class=\"elementor-button-text\">Pol\u00edtica de contacta con nosotros<\/span>\n\t\t\t\t\t<\/span>\n\t\t\t\t\t<\/a>\n\t\t\t\t<\/div>\n\t\t\t\t\t\t<\/div>\n\t\t\t\t<\/div>\n\t\t\t\t\t<\/div>\n\t\t<\/div>\n\t\t\t\t\t<\/div>\n\t\t<\/section>\n\t\t\t\t<\/div>\n\t\t","protected":false},"excerpt":{"rendered":"<p>Pol\u00edtica de Privacidad POL\u00cdTICA DE PRIVACIDAD Responsable del tratamiento de datos Gi Group Spain Empresa de Trabajo Temporal, S.L., con domicilio social en Paseo de la Castellana 89, planta 5, 28046 Madrid (Madrid), en la persona de su Representante Legal. Delegado de Protecci\u00f3n de Datos (DPO) Puede contactar con el Delegado de Protecci\u00f3n de Datos [&hellip;]<\/p>\n","protected":false},"author":1,"featured_media":0,"parent":0,"menu_order":0,"comment_status":"closed","ping_status":"closed","template":"","meta":{"_acf_changed":false,"footnotes":"","_links_to":"","_links_to_target":""},"class_list":["post-9045","page","type-page","status-publish","hentry"],"acf":[],"yoast_head":"<!-- This site is optimized with the Yoast SEO plugin v23.9 - https:\/\/yoast.com\/wordpress\/plugins\/seo\/ -->\n<title>Privacy Policy - Gi Group Holding Espa\u00f1a<\/title>\n<meta name=\"robots\" content=\"noindex, nofollow\" \/>\n<meta property=\"og:locale\" content=\"es_ES\" \/>\n<meta property=\"og:type\" content=\"article\" \/>\n<meta property=\"og:title\" content=\"Privacy Policy - Gi Group Holding Espa\u00f1a\" \/>\n<meta property=\"og:description\" content=\"Pol\u00edtica de Privacidad POL\u00cdTICA DE PRIVACIDAD Responsable del tratamiento de datos Gi Group Spain Empresa de Trabajo Temporal, S.L., con domicilio social en Paseo de la Castellana 89, planta 5, 28046 Madrid (Madrid), en la persona de su Representante Legal. Delegado de Protecci\u00f3n de Datos (DPO) Puede contactar con el Delegado de Protecci\u00f3n de Datos [&hellip;]\" \/>\n<meta property=\"og:url\" content=\"https:\/\/www.gigroupholding.com\/espana\/privacy-policy\/\" \/>\n<meta property=\"og:site_name\" content=\"Gi Group Holding Espa\u00f1a\" \/>\n<meta property=\"article:modified_time\" content=\"2024-07-10T09:25:51+00:00\" \/>\n<meta name=\"twitter:card\" content=\"summary_large_image\" \/>\n<meta name=\"twitter:label1\" content=\"Tiempo de lectura\" \/>\n\t<meta name=\"twitter:data1\" content=\"2 minutos\" \/>\n<script type=\"application\/ld+json\" class=\"yoast-schema-graph\">{\"@context\":\"https:\/\/schema.org\",\"@graph\":[{\"@type\":\"WebPage\",\"@id\":\"https:\/\/www.gigroupholding.com\/espana\/privacy-policy\/\",\"url\":\"https:\/\/www.gigroupholding.com\/espana\/privacy-policy\/\",\"name\":\"Privacy Policy - Gi Group Holding Espa\u00f1a\",\"isPartOf\":{\"@id\":\"https:\/\/www.gigroupholding.com\/espana\/#website\"},\"datePublished\":\"2022-03-11T16:12:21+00:00\",\"dateModified\":\"2024-07-10T09:25:51+00:00\",\"inLanguage\":\"es\",\"potentialAction\":[{\"@type\":\"ReadAction\",\"target\":[\"https:\/\/www.gigroupholding.com\/espana\/privacy-policy\/\"]}]},{\"@type\":\"WebSite\",\"@id\":\"https:\/\/www.gigroupholding.com\/espana\/#website\",\"url\":\"https:\/\/www.gigroupholding.com\/espana\/\",\"name\":\"Gi Group Holding Espa\u00f1a\",\"description\":\"Entorno global de servicios integrados de Recursos Humanos\",\"publisher\":{\"@id\":\"https:\/\/www.gigroupholding.com\/espana\/#organization\"},\"potentialAction\":[{\"@type\":\"SearchAction\",\"target\":{\"@type\":\"EntryPoint\",\"urlTemplate\":\"https:\/\/www.gigroupholding.com\/espana\/?s={search_term_string}\"},\"query-input\":{\"@type\":\"PropertyValueSpecification\",\"valueRequired\":true,\"valueName\":\"search_term_string\"}}],\"inLanguage\":\"es\"},{\"@type\":\"Organization\",\"@id\":\"https:\/\/www.gigroupholding.com\/espana\/#organization\",\"name\":\"Gi Group Holding\",\"url\":\"https:\/\/www.gigroupholding.com\/espana\/\",\"logo\":{\"@type\":\"ImageObject\",\"inLanguage\":\"es\",\"@id\":\"https:\/\/www.gigroupholding.com\/espana\/#\/schema\/logo\/image\/\",\"url\":\"https:\/\/www.gigroupholding.com\/espana\/wp-content\/uploads\/sites\/4\/2022\/04\/GIGROUPHOLDING-LOGO-RGB-e1649316299235.png\",\"contentUrl\":\"https:\/\/www.gigroupholding.com\/espana\/wp-content\/uploads\/sites\/4\/2022\/04\/GIGROUPHOLDING-LOGO-RGB-e1649316299235.png\",\"width\":900,\"height\":456,\"caption\":\"Gi Group Holding\"},\"image\":{\"@id\":\"https:\/\/www.gigroupholding.com\/espana\/#\/schema\/logo\/image\/\"}}]}<\/script>\n<!-- \/ Yoast SEO plugin. -->","yoast_head_json":{"title":"Privacy Policy - Gi Group Holding Espa\u00f1a","robots":{"index":"noindex","follow":"nofollow"},"og_locale":"es_ES","og_type":"article","og_title":"Privacy Policy - Gi Group Holding Espa\u00f1a","og_description":"Pol\u00edtica de Privacidad POL\u00cdTICA DE PRIVACIDAD Responsable del tratamiento de datos Gi Group Spain Empresa de Trabajo Temporal, S.L., con domicilio social en Paseo de la Castellana 89, planta 5, 28046 Madrid (Madrid), en la persona de su Representante Legal. Delegado de Protecci\u00f3n de Datos (DPO) Puede contactar con el Delegado de Protecci\u00f3n de Datos [&hellip;]","og_url":"https:\/\/www.gigroupholding.com\/espana\/privacy-policy\/","og_site_name":"Gi Group Holding Espa\u00f1a","article_modified_time":"2024-07-10T09:25:51+00:00","twitter_card":"summary_large_image","twitter_misc":{"Tiempo de lectura":"2 minutos"},"schema":{"@context":"https:\/\/schema.org","@graph":[{"@type":"WebPage","@id":"https:\/\/www.gigroupholding.com\/espana\/privacy-policy\/","url":"https:\/\/www.gigroupholding.com\/espana\/privacy-policy\/","name":"Privacy Policy - Gi Group Holding Espa\u00f1a","isPartOf":{"@id":"https:\/\/www.gigroupholding.com\/espana\/#website"},"datePublished":"2022-03-11T16:12:21+00:00","dateModified":"2024-07-10T09:25:51+00:00","inLanguage":"es","potentialAction":[{"@type":"ReadAction","target":["https:\/\/www.gigroupholding.com\/espana\/privacy-policy\/"]}]},{"@type":"WebSite","@id":"https:\/\/www.gigroupholding.com\/espana\/#website","url":"https:\/\/www.gigroupholding.com\/espana\/","name":"Gi Group Holding Espa\u00f1a","description":"Entorno global de servicios integrados de Recursos Humanos","publisher":{"@id":"https:\/\/www.gigroupholding.com\/espana\/#organization"},"potentialAction":[{"@type":"SearchAction","target":{"@type":"EntryPoint","urlTemplate":"https:\/\/www.gigroupholding.com\/espana\/?s={search_term_string}"},"query-input":{"@type":"PropertyValueSpecification","valueRequired":true,"valueName":"search_term_string"}}],"inLanguage":"es"},{"@type":"Organization","@id":"https:\/\/www.gigroupholding.com\/espana\/#organization","name":"Gi Group Holding","url":"https:\/\/www.gigroupholding.com\/espana\/","logo":{"@type":"ImageObject","inLanguage":"es","@id":"https:\/\/www.gigroupholding.com\/espana\/#\/schema\/logo\/image\/","url":"https:\/\/www.gigroupholding.com\/espana\/wp-content\/uploads\/sites\/4\/2022\/04\/GIGROUPHOLDING-LOGO-RGB-e1649316299235.png","contentUrl":"https:\/\/www.gigroupholding.com\/espana\/wp-content\/uploads\/sites\/4\/2022\/04\/GIGROUPHOLDING-LOGO-RGB-e1649316299235.png","width":900,"height":456,"caption":"Gi Group Holding"},"image":{"@id":"https:\/\/www.gigroupholding.com\/espana\/#\/schema\/logo\/image\/"}}]}},"_links":{"self":[{"href":"https:\/\/www.gigroupholding.com\/espana\/wp-json\/wp\/v2\/pages\/9045","targetHints":{"allow":["GET"]}}],"collection":[{"href":"https:\/\/www.gigroupholding.com\/espana\/wp-json\/wp\/v2\/pages"}],"about":[{"href":"https:\/\/www.gigroupholding.com\/espana\/wp-json\/wp\/v2\/types\/page"}],"author":[{"embeddable":true,"href":"https:\/\/www.gigroupholding.com\/espana\/wp-json\/wp\/v2\/users\/1"}],"replies":[{"embeddable":true,"href":"https:\/\/www.gigroupholding.com\/espana\/wp-json\/wp\/v2\/comments?post=9045"}],"version-history":[{"count":60,"href":"https:\/\/www.gigroupholding.com\/espana\/wp-json\/wp\/v2\/pages\/9045\/revisions"}],"predecessor-version":[{"id":70813,"href":"https:\/\/www.gigroupholding.com\/espana\/wp-json\/wp\/v2\/pages\/9045\/revisions\/70813"}],"wp:attachment":[{"href":"https:\/\/www.gigroupholding.com\/espana\/wp-json\/wp\/v2\/media?parent=9045"}],"curies":[{"name":"wp","href":"https:\/\/api.w.org\/{rel}","templated":true}]}}