{"id":66732,"date":"2023-07-10T13:49:58","date_gmt":"2023-07-10T13:49:58","guid":{"rendered":"https:\/\/www.gigroupholding.com\/espana\/gibus-tour-2\/"},"modified":"2024-07-17T12:27:06","modified_gmt":"2024-07-17T12:27:06","slug":"zevra-festival-patrocinadores","status":"publish","type":"page","link":"https:\/\/www.gigroupholding.com\/espana\/zevra-festival-patrocinadores\/","title":{"rendered":"ZEVRA"},"content":{"rendered":"\t\t<div data-elementor-type=\"wp-page\" data-elementor-id=\"66732\" class=\"elementor elementor-66732\" data-elementor-post-type=\"page\">\n\t\t\t\t\t\t<section class=\"elementor-section elementor-top-section elementor-element elementor-element-6f39467 elementor-hidden-mobile elementor-section-boxed elementor-section-height-default elementor-section-height-default\" data-id=\"6f39467\" data-element_type=\"section\">\n\t\t\t\t\t\t<div class=\"elementor-container elementor-column-gap-default\">\n\t\t\t\t\t<div class=\"elementor-column elementor-col-100 elementor-top-column elementor-element elementor-element-10771d0\" data-id=\"10771d0\" data-element_type=\"column\">\n\t\t\t<div class=\"elementor-widget-wrap elementor-element-populated\">\n\t\t\t\t\t\t<div class=\"elementor-element elementor-element-3bd2ba8 elementor-widget__width-initial elementor-widget elementor-widget-image\" data-id=\"3bd2ba8\" data-element_type=\"widget\" data-widget_type=\"image.default\">\n\t\t\t\t<div class=\"elementor-widget-container\">\n\t\t\t\t\t\t\t\t\t\t\t\t\t<img fetchpriority=\"high\" decoding=\"async\" width=\"5208\" height=\"2682\" src=\"https:\/\/www.gigroupholding.com\/espana\/wp-content\/uploads\/sites\/4\/2024\/07\/Cabecera-Zevra_R.png\" class=\"attachment-full size-full wp-image-74334\" alt=\"\" srcset=\"https:\/\/www.gigroupholding.com\/espana\/wp-content\/uploads\/sites\/4\/2024\/07\/Cabecera-Zevra_R.png 5208w, https:\/\/www.gigroupholding.com\/espana\/wp-content\/uploads\/sites\/4\/2024\/07\/Cabecera-Zevra_R-300x154.png 300w, https:\/\/www.gigroupholding.com\/espana\/wp-content\/uploads\/sites\/4\/2024\/07\/Cabecera-Zevra_R-1024x527.png 1024w, https:\/\/www.gigroupholding.com\/espana\/wp-content\/uploads\/sites\/4\/2024\/07\/Cabecera-Zevra_R-768x396.png 768w, https:\/\/www.gigroupholding.com\/espana\/wp-content\/uploads\/sites\/4\/2024\/07\/Cabecera-Zevra_R-1536x791.png 1536w, https:\/\/www.gigroupholding.com\/espana\/wp-content\/uploads\/sites\/4\/2024\/07\/Cabecera-Zevra_R-2048x1055.png 2048w\" sizes=\"(max-width: 5208px) 100vw, 5208px\" \/>\t\t\t\t\t\t\t\t\t\t\t\t\t<\/div>\n\t\t\t\t<\/div>\n\t\t\t\t\t<\/div>\n\t\t<\/div>\n\t\t\t\t\t<\/div>\n\t\t<\/section>\n\t\t\t\t<section class=\"elementor-section elementor-top-section elementor-element elementor-element-6645f88 elementor-hidden-desktop elementor-hidden-tablet elementor-section-boxed elementor-section-height-default elementor-section-height-default\" data-id=\"6645f88\" data-element_type=\"section\">\n\t\t\t\t\t\t<div class=\"elementor-container elementor-column-gap-default\">\n\t\t\t\t\t<div class=\"elementor-column elementor-col-100 elementor-top-column elementor-element elementor-element-8bc3e0e\" data-id=\"8bc3e0e\" data-element_type=\"column\">\n\t\t\t<div class=\"elementor-widget-wrap elementor-element-populated\">\n\t\t\t\t\t\t<div class=\"elementor-element elementor-element-94c584f elementor-widget__width-initial elementor-widget elementor-widget-image\" data-id=\"94c584f\" data-element_type=\"widget\" data-widget_type=\"image.default\">\n\t\t\t\t<div class=\"elementor-widget-container\">\n\t\t\t\t\t\t\t\t\t\t\t\t\t<img decoding=\"async\" width=\"1725\" height=\"2859\" src=\"https:\/\/www.gigroupholding.com\/espana\/wp-content\/uploads\/sites\/4\/2024\/07\/Cabeceza-Zevra_Reponsive.png\" class=\"attachment-full size-full wp-image-74491\" alt=\"zevra festival\" srcset=\"https:\/\/www.gigroupholding.com\/espana\/wp-content\/uploads\/sites\/4\/2024\/07\/Cabeceza-Zevra_Reponsive.png 1725w, https:\/\/www.gigroupholding.com\/espana\/wp-content\/uploads\/sites\/4\/2024\/07\/Cabeceza-Zevra_Reponsive-181x300.png 181w, https:\/\/www.gigroupholding.com\/espana\/wp-content\/uploads\/sites\/4\/2024\/07\/Cabeceza-Zevra_Reponsive-618x1024.png 618w, https:\/\/www.gigroupholding.com\/espana\/wp-content\/uploads\/sites\/4\/2024\/07\/Cabeceza-Zevra_Reponsive-768x1273.png 768w, https:\/\/www.gigroupholding.com\/espana\/wp-content\/uploads\/sites\/4\/2024\/07\/Cabeceza-Zevra_Reponsive-927x1536.png 927w, https:\/\/www.gigroupholding.com\/espana\/wp-content\/uploads\/sites\/4\/2024\/07\/Cabeceza-Zevra_Reponsive-1236x2048.png 1236w\" sizes=\"(max-width: 1725px) 100vw, 1725px\" \/>\t\t\t\t\t\t\t\t\t\t\t\t\t<\/div>\n\t\t\t\t<\/div>\n\t\t\t\t\t<\/div>\n\t\t<\/div>\n\t\t\t\t\t<\/div>\n\t\t<\/section>\n\t\t\t\t<section class=\"elementor-section elementor-top-section elementor-element elementor-element-95be30b elementor-section-boxed elementor-section-height-default elementor-section-height-default\" data-id=\"95be30b\" data-element_type=\"section\" data-settings=\"{&quot;background_background&quot;:&quot;classic&quot;}\">\n\t\t\t\t\t\t<div class=\"elementor-container elementor-column-gap-default\">\n\t\t\t\t\t<div class=\"elementor-column elementor-col-100 elementor-top-column elementor-element elementor-element-0a4ed51\" data-id=\"0a4ed51\" data-element_type=\"column\">\n\t\t\t<div class=\"elementor-widget-wrap elementor-element-populated\">\n\t\t\t\t\t\t<div class=\"elementor-element elementor-element-8cae52b elementor-widget elementor-widget-heading\" data-id=\"8cae52b\" data-element_type=\"widget\" data-widget_type=\"heading.default\">\n\t\t\t\t<div class=\"elementor-widget-container\">\n\t\t\t<h2 class=\"elementor-heading-title elementor-size-default\">\u00bfEn un festival? Nosotros decimos s\u00ed.<\/h2>\t\t<\/div>\n\t\t\t\t<\/div>\n\t\t\t\t<div class=\"elementor-element elementor-element-8c155dc elementor-widget elementor-widget-heading\" data-id=\"8c155dc\" data-element_type=\"widget\" data-widget_type=\"heading.default\">\n\t\t\t\t<div class=\"elementor-widget-container\">\n\t\t\t<h3 class=\"elementor-heading-title elementor-size-default\">P\u00e1sate a visitar nuestro GiBus en el Zevra, participa en nuestra ruleta, consigue tu kit festivalero, un flash fresquito y termina tu GiExperience con un buen chapuz\u00f3n.<\/h3>\t\t<\/div>\n\t\t\t\t<\/div>\n\t\t\t\t\t<\/div>\n\t\t<\/div>\n\t\t\t\t\t<\/div>\n\t\t<\/section>\n\t\t\t\t<section class=\"elementor-section elementor-top-section elementor-element elementor-element-06c82a7 elementor-section-boxed elementor-section-height-default elementor-section-height-default\" data-id=\"06c82a7\" data-element_type=\"section\">\n\t\t\t\t\t\t<div class=\"elementor-container elementor-column-gap-default\">\n\t\t\t\t\t<div class=\"elementor-column elementor-col-100 elementor-top-column elementor-element elementor-element-9222576\" data-id=\"9222576\" data-element_type=\"column\">\n\t\t\t<div class=\"elementor-widget-wrap elementor-element-populated\">\n\t\t\t\t\t\t<div class=\"elementor-element elementor-element-8ded6fe elementor-widget__width-inherit elementor-widget elementor-widget-text-editor\" data-id=\"8ded6fe\" data-element_type=\"widget\" data-widget_type=\"text-editor.default\">\n\t\t\t\t<div class=\"elementor-widget-container\">\n\t\t\t\t\t\t\t<p>Te invitamos a revivir tu experiencia en el festi siempre que quieras, s\u00fabete a nuestra <strong>c\u00e1mara 360\u00b0<\/strong>, gr\u00e1bate con tus amig@s y ll\u00e9vate un recuerdo inolvidable<span style=\"color: var( --e-global-color-text ); font-family: var( --e-global-typography-text-font-family ), Sans-serif; font-size: 1rem; font-weight: var( --e-global-typography-text-font-weight );\">.<\/span><\/p>\t\t\t\t\t\t<\/div>\n\t\t\t\t<\/div>\n\t\t\t\t<div class=\"elementor-element elementor-element-2b77a87 elementor-widget__width-initial elementor-widget elementor-widget-text-editor\" data-id=\"2b77a87\" data-element_type=\"widget\" data-widget_type=\"text-editor.default\">\n\t\t\t\t<div class=\"elementor-widget-container\">\n\t\t\t\t\t\t\t<p><span style=\"color: var( --e-global-color-text ); font-family: var( --e-global-typography-text-font-family ), Sans-serif; font-weight: var( --e-global-typography-text-font-weight ); font-size: 1rem;\">No est\u00e1 nada mal, \u00bfno? Ah! Y como queremos conocer tu lado m\u00e1s Gi, tu lado m\u00e1s aut\u00e9ntico y divertido, te invitamos a concursar en una <\/span><strong style=\"color: var( --e-global-color-text ); font-family: var( --e-global-typography-text-font-family ), Sans-serif; font-size: 1rem;\">batalla de karaoke!<\/strong><br><\/p>\n<p>Somos especialistas en Recursos Humanos y estamos convencidos de que tu pr\u00f3ximo empleo puede ser tan incre\u00edble como el mejor de los conciertos.<\/p>\n<p>Haz que tu futuro profesional suene mejor con Gi Group Holding.<\/p>\t\t\t\t\t\t<\/div>\n\t\t\t\t<\/div>\n\t\t\t\t<div class=\"elementor-element elementor-element-8c74bee elementor-widget elementor-widget-heading\" data-id=\"8c74bee\" data-element_type=\"widget\" data-widget_type=\"heading.default\">\n\t\t\t\t<div class=\"elementor-widget-container\">\n\t\t\t<h3 class=\"elementor-heading-title elementor-size-default\">Nosotros hemos sentido el feeling. \u00bfY t\u00fa?<\/h3>\t\t<\/div>\n\t\t\t\t<\/div>\n\t\t\t\t\t<\/div>\n\t\t<\/div>\n\t\t\t\t\t<\/div>\n\t\t<\/section>\n\t\t\t\t<section class=\"elementor-section elementor-top-section elementor-element elementor-element-f46adb3 elementor-section-boxed elementor-section-height-default elementor-section-height-default\" data-id=\"f46adb3\" data-element_type=\"section\" data-settings=\"{&quot;background_background&quot;:&quot;classic&quot;}\">\n\t\t\t\t\t\t<div class=\"elementor-container elementor-column-gap-default\">\n\t\t\t\t\t<div class=\"elementor-column elementor-col-100 elementor-top-column elementor-element elementor-element-2beba93\" data-id=\"2beba93\" data-element_type=\"column\">\n\t\t\t<div class=\"elementor-widget-wrap elementor-element-populated\">\n\t\t\t\t\t\t<div class=\"elementor-element elementor-element-7ccb3e9 elementor-widget elementor-widget-html\" data-id=\"7ccb3e9\" data-element_type=\"widget\" id=\"form\" data-widget_type=\"html.default\">\n\t\t\t\t<div class=\"elementor-widget-container\">\n\t\t\t<p id=\"form\"><iframe id=\"digital-form-gi\" src=\"\" width=\"100%\" height=\"1000\"><\/iframe><\/p>\r\n<p><script type=\"text\/javascript\">\r\nconst queryString = window.location.search;\r\nconst urlParams = new URLSearchParams(queryString);\r\nconst utm_source = urlParams.get('utm_source');\r\nconst utm_medium = urlParams.get('utm_medium');\r\nconst utm_content = urlParams.get('utm_content');\r\nconst utm_campaign = urlParams.get('utm_campaign');\r\nconst fullPath = 'https:\/\/gigroupsp.magnews.net\/zevra_2024?utm_source=' + utm_source + '&utm_medium=' + utm_medium + '&utm_content=' + utm_content + '&utm_campaign=' + utm_campaign;\r\ndocument.getElementById('digital-form-gi').setAttribute(\"src\", fullPath);<\/script><\/p>\t\t<\/div>\n\t\t\t\t<\/div>\n\t\t\t\t\t<\/div>\n\t\t<\/div>\n\t\t\t\t\t<\/div>\n\t\t<\/section>\n\t\t\t\t<\/div>\n\t\t","protected":false},"excerpt":{"rendered":"<p>\u00bfEn un festival? Nosotros decimos s\u00ed. P\u00e1sate a visitar nuestro GiBus en el Zevra, participa en nuestra ruleta, consigue tu kit festivalero, un flash fresquito y termina tu GiExperience con un buen chapuz\u00f3n. Te invitamos a revivir tu experiencia en el festi siempre que quieras, s\u00fabete a nuestra c\u00e1mara 360\u00b0, gr\u00e1bate con tus amig@s y [&hellip;]<\/p>\n","protected":false},"author":1,"featured_media":67854,"parent":0,"menu_order":0,"comment_status":"closed","ping_status":"closed","template":"","meta":{"_acf_changed":false,"footnotes":"","_links_to":"","_links_to_target":""},"class_list":["post-66732","page","type-page","status-publish","has-post-thumbnail","hentry"],"acf":[],"yoast_head":"<!-- This site is optimized with the Yoast SEO plugin v23.9 - https:\/\/yoast.com\/wordpress\/plugins\/seo\/ -->\n<title>Zevra Festival 2024 - S\u00fabete al GiBus y participa en sorteos<\/title>\n<meta name=\"description\" content=\"\u00bfNos acompa\u00f1as al Zevra Festival? Nuestro GiBus Tour finaliza en el festival m\u00e1s esperado en Cullera del 19 al 22 de julio. \u00a1Hay sorpresas!\" \/>\n<meta name=\"robots\" content=\"index, follow, max-snippet:-1, max-image-preview:large, max-video-preview:-1\" \/>\n<link rel=\"canonical\" href=\"https:\/\/www.gigroupholding.com\/espana\/zevra-festival-patrocinadores\/\" \/>\n<meta property=\"og:locale\" content=\"es_ES\" \/>\n<meta property=\"og:type\" content=\"article\" \/>\n<meta property=\"og:title\" content=\"Zevra Festival 2024 - S\u00fabete al GiBus y participa en sorteos\" \/>\n<meta property=\"og:description\" content=\"\u00bfNos acompa\u00f1as al Zevra Festival? Nuestro GiBus Tour finaliza en el festival m\u00e1s esperado en Cullera del 19 al 22 de julio. \u00a1Hay sorpresas!\" \/>\n<meta property=\"og:url\" content=\"https:\/\/www.gigroupholding.com\/espana\/zevra-festival-patrocinadores\/\" \/>\n<meta property=\"og:site_name\" content=\"Gi Group Holding Espa\u00f1a\" \/>\n<meta property=\"article:modified_time\" content=\"2024-07-17T12:27:06+00:00\" \/>\n<meta property=\"og:image\" content=\"https:\/\/www.gigroupholding.com\/espana\/wp-content\/uploads\/sites\/4\/2023\/04\/cabecera-ok-email-clientes-5.jpg\" \/>\n\t<meta property=\"og:image:width\" content=\"1440\" \/>\n\t<meta property=\"og:image:height\" content=\"810\" \/>\n\t<meta property=\"og:image:type\" content=\"image\/jpeg\" \/>\n<meta name=\"twitter:card\" content=\"summary_large_image\" \/>\n<meta name=\"twitter:label1\" content=\"Tiempo de lectura\" \/>\n\t<meta name=\"twitter:data1\" content=\"2 minutos\" \/>\n<script type=\"application\/ld+json\" class=\"yoast-schema-graph\">{\"@context\":\"https:\/\/schema.org\",\"@graph\":[{\"@type\":\"WebPage\",\"@id\":\"https:\/\/www.gigroupholding.com\/espana\/zevra-festival-patrocinadores\/\",\"url\":\"https:\/\/www.gigroupholding.com\/espana\/zevra-festival-patrocinadores\/\",\"name\":\"Zevra Festival 2024 - S\u00fabete al GiBus y participa en sorteos\",\"isPartOf\":{\"@id\":\"https:\/\/www.gigroupholding.com\/espana\/#website\"},\"primaryImageOfPage\":{\"@id\":\"https:\/\/www.gigroupholding.com\/espana\/zevra-festival-patrocinadores\/#primaryimage\"},\"image\":{\"@id\":\"https:\/\/www.gigroupholding.com\/espana\/zevra-festival-patrocinadores\/#primaryimage\"},\"thumbnailUrl\":\"https:\/\/www.gigroupholding.com\/espana\/wp-content\/uploads\/sites\/4\/2023\/04\/cabecera-ok-email-clientes-5.jpg\",\"datePublished\":\"2023-07-10T13:49:58+00:00\",\"dateModified\":\"2024-07-17T12:27:06+00:00\",\"description\":\"\u00bfNos acompa\u00f1as al Zevra Festival? Nuestro GiBus Tour finaliza en el festival m\u00e1s esperado en Cullera del 19 al 22 de julio. \u00a1Hay sorpresas!\",\"inLanguage\":\"es\",\"potentialAction\":[{\"@type\":\"ReadAction\",\"target\":[\"https:\/\/www.gigroupholding.com\/espana\/zevra-festival-patrocinadores\/\"]}]},{\"@type\":\"ImageObject\",\"inLanguage\":\"es\",\"@id\":\"https:\/\/www.gigroupholding.com\/espana\/zevra-festival-patrocinadores\/#primaryimage\",\"url\":\"https:\/\/www.gigroupholding.com\/espana\/wp-content\/uploads\/sites\/4\/2023\/04\/cabecera-ok-email-clientes-5.jpg\",\"contentUrl\":\"https:\/\/www.gigroupholding.com\/espana\/wp-content\/uploads\/sites\/4\/2023\/04\/cabecera-ok-email-clientes-5.jpg\",\"width\":1440,\"height\":810,\"caption\":\"gibus tour 2.0\"},{\"@type\":\"WebSite\",\"@id\":\"https:\/\/www.gigroupholding.com\/espana\/#website\",\"url\":\"https:\/\/www.gigroupholding.com\/espana\/\",\"name\":\"Gi Group Holding Espa\u00f1a\",\"description\":\"Entorno global de servicios integrados de Recursos Humanos\",\"publisher\":{\"@id\":\"https:\/\/www.gigroupholding.com\/espana\/#organization\"},\"potentialAction\":[{\"@type\":\"SearchAction\",\"target\":{\"@type\":\"EntryPoint\",\"urlTemplate\":\"https:\/\/www.gigroupholding.com\/espana\/?s={search_term_string}\"},\"query-input\":{\"@type\":\"PropertyValueSpecification\",\"valueRequired\":true,\"valueName\":\"search_term_string\"}}],\"inLanguage\":\"es\"},{\"@type\":\"Organization\",\"@id\":\"https:\/\/www.gigroupholding.com\/espana\/#organization\",\"name\":\"Gi Group Holding\",\"url\":\"https:\/\/www.gigroupholding.com\/espana\/\",\"logo\":{\"@type\":\"ImageObject\",\"inLanguage\":\"es\",\"@id\":\"https:\/\/www.gigroupholding.com\/espana\/#\/schema\/logo\/image\/\",\"url\":\"https:\/\/www.gigroupholding.com\/espana\/wp-content\/uploads\/sites\/4\/2022\/04\/GIGROUPHOLDING-LOGO-RGB-e1649316299235.png\",\"contentUrl\":\"https:\/\/www.gigroupholding.com\/espana\/wp-content\/uploads\/sites\/4\/2022\/04\/GIGROUPHOLDING-LOGO-RGB-e1649316299235.png\",\"width\":900,\"height\":456,\"caption\":\"Gi Group Holding\"},\"image\":{\"@id\":\"https:\/\/www.gigroupholding.com\/espana\/#\/schema\/logo\/image\/\"}}]}<\/script>\n<!-- \/ Yoast SEO plugin. -->","yoast_head_json":{"title":"Zevra Festival 2024 - S\u00fabete al GiBus y participa en sorteos","description":"\u00bfNos acompa\u00f1as al Zevra Festival? Nuestro GiBus Tour finaliza en el festival m\u00e1s esperado en Cullera del 19 al 22 de julio. \u00a1Hay sorpresas!","robots":{"index":"index","follow":"follow","max-snippet":"max-snippet:-1","max-image-preview":"max-image-preview:large","max-video-preview":"max-video-preview:-1"},"canonical":"https:\/\/www.gigroupholding.com\/espana\/zevra-festival-patrocinadores\/","og_locale":"es_ES","og_type":"article","og_title":"Zevra Festival 2024 - S\u00fabete al GiBus y participa en sorteos","og_description":"\u00bfNos acompa\u00f1as al Zevra Festival? Nuestro GiBus Tour finaliza en el festival m\u00e1s esperado en Cullera del 19 al 22 de julio. \u00a1Hay sorpresas!","og_url":"https:\/\/www.gigroupholding.com\/espana\/zevra-festival-patrocinadores\/","og_site_name":"Gi Group Holding Espa\u00f1a","article_modified_time":"2024-07-17T12:27:06+00:00","og_image":[{"width":1440,"height":810,"url":"https:\/\/www.gigroupholding.com\/espana\/wp-content\/uploads\/sites\/4\/2023\/04\/cabecera-ok-email-clientes-5.jpg","type":"image\/jpeg"}],"twitter_card":"summary_large_image","twitter_misc":{"Tiempo de lectura":"2 minutos"},"schema":{"@context":"https:\/\/schema.org","@graph":[{"@type":"WebPage","@id":"https:\/\/www.gigroupholding.com\/espana\/zevra-festival-patrocinadores\/","url":"https:\/\/www.gigroupholding.com\/espana\/zevra-festival-patrocinadores\/","name":"Zevra Festival 2024 - S\u00fabete al GiBus y participa en sorteos","isPartOf":{"@id":"https:\/\/www.gigroupholding.com\/espana\/#website"},"primaryImageOfPage":{"@id":"https:\/\/www.gigroupholding.com\/espana\/zevra-festival-patrocinadores\/#primaryimage"},"image":{"@id":"https:\/\/www.gigroupholding.com\/espana\/zevra-festival-patrocinadores\/#primaryimage"},"thumbnailUrl":"https:\/\/www.gigroupholding.com\/espana\/wp-content\/uploads\/sites\/4\/2023\/04\/cabecera-ok-email-clientes-5.jpg","datePublished":"2023-07-10T13:49:58+00:00","dateModified":"2024-07-17T12:27:06+00:00","description":"\u00bfNos acompa\u00f1as al Zevra Festival? Nuestro GiBus Tour finaliza en el festival m\u00e1s esperado en Cullera del 19 al 22 de julio. \u00a1Hay sorpresas!","inLanguage":"es","potentialAction":[{"@type":"ReadAction","target":["https:\/\/www.gigroupholding.com\/espana\/zevra-festival-patrocinadores\/"]}]},{"@type":"ImageObject","inLanguage":"es","@id":"https:\/\/www.gigroupholding.com\/espana\/zevra-festival-patrocinadores\/#primaryimage","url":"https:\/\/www.gigroupholding.com\/espana\/wp-content\/uploads\/sites\/4\/2023\/04\/cabecera-ok-email-clientes-5.jpg","contentUrl":"https:\/\/www.gigroupholding.com\/espana\/wp-content\/uploads\/sites\/4\/2023\/04\/cabecera-ok-email-clientes-5.jpg","width":1440,"height":810,"caption":"gibus tour 2.0"},{"@type":"WebSite","@id":"https:\/\/www.gigroupholding.com\/espana\/#website","url":"https:\/\/www.gigroupholding.com\/espana\/","name":"Gi Group Holding Espa\u00f1a","description":"Entorno global de servicios integrados de Recursos Humanos","publisher":{"@id":"https:\/\/www.gigroupholding.com\/espana\/#organization"},"potentialAction":[{"@type":"SearchAction","target":{"@type":"EntryPoint","urlTemplate":"https:\/\/www.gigroupholding.com\/espana\/?s={search_term_string}"},"query-input":{"@type":"PropertyValueSpecification","valueRequired":true,"valueName":"search_term_string"}}],"inLanguage":"es"},{"@type":"Organization","@id":"https:\/\/www.gigroupholding.com\/espana\/#organization","name":"Gi Group Holding","url":"https:\/\/www.gigroupholding.com\/espana\/","logo":{"@type":"ImageObject","inLanguage":"es","@id":"https:\/\/www.gigroupholding.com\/espana\/#\/schema\/logo\/image\/","url":"https:\/\/www.gigroupholding.com\/espana\/wp-content\/uploads\/sites\/4\/2022\/04\/GIGROUPHOLDING-LOGO-RGB-e1649316299235.png","contentUrl":"https:\/\/www.gigroupholding.com\/espana\/wp-content\/uploads\/sites\/4\/2022\/04\/GIGROUPHOLDING-LOGO-RGB-e1649316299235.png","width":900,"height":456,"caption":"Gi Group Holding"},"image":{"@id":"https:\/\/www.gigroupholding.com\/espana\/#\/schema\/logo\/image\/"}}]}},"_links":{"self":[{"href":"https:\/\/www.gigroupholding.com\/espana\/wp-json\/wp\/v2\/pages\/66732","targetHints":{"allow":["GET"]}}],"collection":[{"href":"https:\/\/www.gigroupholding.com\/espana\/wp-json\/wp\/v2\/pages"}],"about":[{"href":"https:\/\/www.gigroupholding.com\/espana\/wp-json\/wp\/v2\/types\/page"}],"author":[{"embeddable":true,"href":"https:\/\/www.gigroupholding.com\/espana\/wp-json\/wp\/v2\/users\/1"}],"replies":[{"embeddable":true,"href":"https:\/\/www.gigroupholding.com\/espana\/wp-json\/wp\/v2\/comments?post=66732"}],"version-history":[{"count":191,"href":"https:\/\/www.gigroupholding.com\/espana\/wp-json\/wp\/v2\/pages\/66732\/revisions"}],"predecessor-version":[{"id":74504,"href":"https:\/\/www.gigroupholding.com\/espana\/wp-json\/wp\/v2\/pages\/66732\/revisions\/74504"}],"wp:featuredmedia":[{"embeddable":true,"href":"https:\/\/www.gigroupholding.com\/espana\/wp-json\/wp\/v2\/media\/67854"}],"wp:attachment":[{"href":"https:\/\/www.gigroupholding.com\/espana\/wp-json\/wp\/v2\/media?parent=66732"}],"curies":[{"name":"wp","href":"https:\/\/api.w.org\/{rel}","templated":true}]}}