{"id":32068,"date":"2022-03-11T16:12:21","date_gmt":"2022-03-11T16:12:21","guid":{"rendered":"https:\/\/www.gigroupholding.com\/espana\/privacy-policy-2\/"},"modified":"2023-11-06T17:03:06","modified_gmt":"2023-11-06T17:03:06","slug":"politica-contacto","status":"publish","type":"page","link":"https:\/\/www.gigroupholding.com\/espana\/politica-contacto\/","title":{"rendered":"Politica de contacto"},"content":{"rendered":"\t\t<div data-elementor-type=\"wp-page\" data-elementor-id=\"32068\" class=\"elementor elementor-32068\" data-elementor-post-type=\"page\">\n\t\t\t\t\t\t<section class=\"elementor-section elementor-top-section elementor-element elementor-element-dbffe51 header_line_left elementor-section-boxed elementor-section-height-default elementor-section-height-default\" data-id=\"dbffe51\" data-element_type=\"section\" data-settings=\"{&quot;background_background&quot;:&quot;classic&quot;}\">\n\t\t\t\t\t\t<div class=\"elementor-container elementor-column-gap-default\">\n\t\t\t\t\t<div class=\"elementor-column elementor-col-100 elementor-top-column elementor-element elementor-element-896be11\" data-id=\"896be11\" data-element_type=\"column\">\n\t\t\t<div class=\"elementor-widget-wrap elementor-element-populated\">\n\t\t\t\t\t\t<div class=\"elementor-element elementor-element-31ea5ec elementor-widget elementor-widget-heading\" data-id=\"31ea5ec\" data-element_type=\"widget\" data-widget_type=\"heading.default\">\n\t\t\t\t<div class=\"elementor-widget-container\">\n\t\t\t<h1 class=\"elementor-heading-title elementor-size-default\">Pol\u00edtica de Contacto<\/h1>\t\t<\/div>\n\t\t\t\t<\/div>\n\t\t\t\t<div class=\"elementor-element elementor-element-b5df7c1 elementor-widget elementor-widget-spacer\" data-id=\"b5df7c1\" data-element_type=\"widget\" data-widget_type=\"spacer.default\">\n\t\t\t\t<div class=\"elementor-widget-container\">\n\t\t\t\t\t<div class=\"elementor-spacer\">\n\t\t\t<div class=\"elementor-spacer-inner\"><\/div>\n\t\t<\/div>\n\t\t\t\t<\/div>\n\t\t\t\t<\/div>\n\t\t\t\t\t<\/div>\n\t\t<\/div>\n\t\t\t\t\t<\/div>\n\t\t<\/section>\n\t\t\t\t<section class=\"elementor-section elementor-top-section elementor-element elementor-element-9ea2f70 elementor-section-boxed elementor-section-height-default elementor-section-height-default\" data-id=\"9ea2f70\" data-element_type=\"section\">\n\t\t\t\t\t\t<div class=\"elementor-container elementor-column-gap-default\">\n\t\t\t\t\t<div class=\"elementor-column elementor-col-100 elementor-top-column elementor-element elementor-element-ef3b3c0 max-width-940\" data-id=\"ef3b3c0\" data-element_type=\"column\">\n\t\t\t<div class=\"elementor-widget-wrap elementor-element-populated\">\n\t\t\t\t\t\t<div class=\"elementor-element elementor-element-8813eff elementor-widget elementor-widget-text-editor\" data-id=\"8813eff\" data-element_type=\"widget\" data-widget_type=\"text-editor.default\">\n\t\t\t\t<div class=\"elementor-widget-container\">\n\t\t\t\t\t\t\t<p><strong>INFORMACI\u00d3N SOBRE EL TRATAMIENTO DE DATOS PERSONALES \u2013 CONTACTA CON NOSOTROS<\/strong><\/p><p>\u00a0<\/p><p><strong>RESPONSABLE DEL TRATAMIENTO<\/strong><\/p><p>Gi Group Spain Empresa de Trabajo Temporal, S.L., con domicilio social en Paseo de la Castellana 89, planta 5, 28046 Madrid (Madrid), en la persona de su Representante Legal, direcci\u00f3n de correo electr\u00f3nico <a href=\"mailto:es.privacy@gigroup.com\">es.privacy@gigroup.com<\/a> (\u00abGi Group\u00bb).<\/p><p>\u00a0<\/p><p><strong>\u00bfPOR QU\u00c9 SE TRATAN SUS DATOS PERSONALES Y CU\u00c1L ES LA CONDICI\u00d3N QUE HACE QUE EL TRATAMIENTO SEA L\u00cdCITO?<\/strong><\/p><p>Los datos personales se tratan con el fin de procesar las solicitudes de informaci\u00f3n sobre los servicios ofrecidos por Gi Group o las empresas de Gi Group (\u00abGrupo\u00bb). En particular, si la solicitud de informaci\u00f3n se refiere a servicios ofrecidos por otras empresas del Grupo, Gi Group podr\u00e1 acusar recibo de la misma indicando los datos de contacto o podr\u00e1 remitirla directamente a la empresa interesada para recibir de ella una respuesta adecuada y oportuna.<\/p><p>El tratamiento es necesario para la ejecuci\u00f3n de un contrato en el que el interesado es parte o para la ejecuci\u00f3n de medidas precontractuales adoptadas a petici\u00f3n del interesado.<\/p><p>\u00a0<\/p><p><strong>\u00bfCU\u00c1NTO TIEMPO CONSERVAMOS SUS DATOS PERSONALES?<\/strong><\/p><p>Los datos se tratar\u00e1n mientras sea necesario para tramitar las solicitudes de informaci\u00f3n.<\/p><p>Una vez transcurridos los periodos de conservaci\u00f3n mencionados, los datos personales se destruir\u00e1n, suprimir\u00e1n o anonimizar\u00e1n, considerando los procedimientos t\u00e9cnicos de supresi\u00f3n y copia de seguridad.<\/p><p>\u00a0<\/p><p><strong>SUMINISTRO OBLIGATORIO DE DATOS PERSONALES<\/strong><\/p><p>El suministro de los datos personales marcados con un asterisco en el formulario de recogida de datos es obligatorio: la negativa a proporcionar dichos datos personales no permite a Gi Group tramitar las solicitudes de informaci\u00f3n.<\/p><p>\u00a0<\/p><p><strong>DESTINATARIOS DE LOS DATOS<\/strong><\/p><p>Los datos personales s\u00f3lo podr\u00e1n ser tratados por los empleados de la empresa autorizados a tratarlos por ser responsables de la consecuci\u00f3n de los fines antes mencionados, que hayan sido expresamente autorizados para ello y hayan recibido las instrucciones operativas adecuadas.<\/p><p>Los datos personales podr\u00e1n ser comunicados a las siguientes entidades o categor\u00edas de entidades que act\u00faen como responsables aut\u00f3nomos del tratamiento:<\/p><ul><li>Empresas del Grupo en Espa\u00f1a o en el extranjero, incluso fuera del Espacio Econ\u00f3mico Europeo, si la solicitud de informaci\u00f3n se refiere a servicios ofrecidos por otras empresas del Grupo.<\/li><\/ul><p>Los datos personales tambi\u00e9n podr\u00e1n ser tratados por cuenta de la Sociedad por personas designadas como Encargados del Tratamiento. Estos sujetos se incluyen en las siguientes categor\u00edas<\/p><ul><li>Servicios de explotaci\u00f3n y mantenimiento del sitio web;<\/li><li>Servicios de gesti\u00f3n y mantenimiento de bases de datos de clientes;<\/li><li>Servicios de archivo;<\/li><li>Servicios de env\u00edo de comunicaciones;<\/li><\/ul><p>Sus datos pueden ser transferidos a empresas que no est\u00e9n radicadas en Espa\u00f1a o en un estado perteneciente al Espacio Econ\u00f3mico Europeo (EEE), es decir, en pa\u00edses que, por tanto, no gozan del mismo nivel normalizado de protecci\u00f3n dentro del EEE. Por este motivo, Gi Group ha establecido medidas apropiadas para garantizar que las empresas que no tienen su sede en Espa\u00f1a o en el EEE y que procesan sus datos personales proporcionen una protecci\u00f3n adecuada para este tratamiento.<\/p><p>\u00a0<\/p><p><strong>DERECHOS DEL INTERESADO<\/strong><\/p><p>Puede solicitar el acceso a los datos que le conciernen, su rectificaci\u00f3n o supresi\u00f3n, as\u00ed como la limitaci\u00f3n del tratamiento, la oposici\u00f3n al tratamiento y la portabilidad de los datos, dirigi\u00e9ndose al Responsable del Tratamiento por correo ordinario o enviando un correo electr\u00f3nico a: <a href=\"mailto:es.privacy@gigroup.com\">es.privacy@gigroup.com<\/a>.<\/p><p>Podr\u00e1 presentar una reclamaci\u00f3n ante la autoridad de control competente, as\u00ed como ejercer cualquier otro derecho que le reconozca la normativa aplicable.<\/p>\t\t\t\t\t\t<\/div>\n\t\t\t\t<\/div>\n\t\t\t\t\t<\/div>\n\t\t<\/div>\n\t\t\t\t\t<\/div>\n\t\t<\/section>\n\t\t\t\t<\/div>\n\t\t","protected":false},"excerpt":{"rendered":"<p>Pol\u00edtica de Contacto INFORMACI\u00d3N SOBRE EL TRATAMIENTO DE DATOS PERSONALES \u2013 CONTACTA CON NOSOTROS \u00a0 RESPONSABLE DEL TRATAMIENTO Gi Group Spain Empresa de Trabajo Temporal, S.L., con domicilio social en Paseo de la Castellana 89, planta 5, 28046 Madrid (Madrid), en la persona de su Representante Legal, direcci\u00f3n de correo electr\u00f3nico es.privacy@gigroup.com (\u00abGi Group\u00bb). \u00a0 [&hellip;]<\/p>\n","protected":false},"author":1,"featured_media":0,"parent":0,"menu_order":0,"comment_status":"closed","ping_status":"closed","template":"","meta":{"_acf_changed":false,"footnotes":"","_links_to":"","_links_to_target":""},"class_list":["post-32068","page","type-page","status-publish","hentry"],"acf":[],"yoast_head":"<!-- This site is optimized with the Yoast SEO plugin v23.9 - https:\/\/yoast.com\/wordpress\/plugins\/seo\/ -->\n<title>Politica de contacto - Gi Group Holding Espa\u00f1a<\/title>\n<meta name=\"robots\" content=\"noindex, nofollow\" \/>\n<meta property=\"og:locale\" content=\"es_ES\" \/>\n<meta property=\"og:type\" content=\"article\" \/>\n<meta property=\"og:title\" content=\"Politica de contacto - Gi Group Holding Espa\u00f1a\" \/>\n<meta property=\"og:description\" content=\"Pol\u00edtica de Contacto INFORMACI\u00d3N SOBRE EL TRATAMIENTO DE DATOS PERSONALES \u2013 CONTACTA CON NOSOTROS \u00a0 RESPONSABLE DEL TRATAMIENTO Gi Group Spain Empresa de Trabajo Temporal, S.L., con domicilio social en Paseo de la Castellana 89, planta 5, 28046 Madrid (Madrid), en la persona de su Representante Legal, direcci\u00f3n de correo electr\u00f3nico es.privacy@gigroup.com (\u00abGi Group\u00bb). \u00a0 [&hellip;]\" \/>\n<meta property=\"og:url\" content=\"https:\/\/www.gigroupholding.com\/espana\/politica-contacto\/\" \/>\n<meta property=\"og:site_name\" content=\"Gi Group Holding Espa\u00f1a\" \/>\n<meta property=\"article:modified_time\" content=\"2023-11-06T17:03:06+00:00\" \/>\n<meta name=\"twitter:card\" content=\"summary_large_image\" \/>\n<meta name=\"twitter:label1\" content=\"Tiempo de lectura\" \/>\n\t<meta name=\"twitter:data1\" content=\"3 minutos\" \/>\n<script type=\"application\/ld+json\" class=\"yoast-schema-graph\">{\"@context\":\"https:\/\/schema.org\",\"@graph\":[{\"@type\":\"WebPage\",\"@id\":\"https:\/\/www.gigroupholding.com\/espana\/politica-contacto\/\",\"url\":\"https:\/\/www.gigroupholding.com\/espana\/politica-contacto\/\",\"name\":\"Politica de contacto - Gi Group Holding Espa\u00f1a\",\"isPartOf\":{\"@id\":\"https:\/\/www.gigroupholding.com\/espana\/#website\"},\"datePublished\":\"2022-03-11T16:12:21+00:00\",\"dateModified\":\"2023-11-06T17:03:06+00:00\",\"inLanguage\":\"es\",\"potentialAction\":[{\"@type\":\"ReadAction\",\"target\":[\"https:\/\/www.gigroupholding.com\/espana\/politica-contacto\/\"]}]},{\"@type\":\"WebSite\",\"@id\":\"https:\/\/www.gigroupholding.com\/espana\/#website\",\"url\":\"https:\/\/www.gigroupholding.com\/espana\/\",\"name\":\"Gi Group Holding Espa\u00f1a\",\"description\":\"Entorno global de servicios integrados de Recursos Humanos\",\"publisher\":{\"@id\":\"https:\/\/www.gigroupholding.com\/espana\/#organization\"},\"potentialAction\":[{\"@type\":\"SearchAction\",\"target\":{\"@type\":\"EntryPoint\",\"urlTemplate\":\"https:\/\/www.gigroupholding.com\/espana\/?s={search_term_string}\"},\"query-input\":{\"@type\":\"PropertyValueSpecification\",\"valueRequired\":true,\"valueName\":\"search_term_string\"}}],\"inLanguage\":\"es\"},{\"@type\":\"Organization\",\"@id\":\"https:\/\/www.gigroupholding.com\/espana\/#organization\",\"name\":\"Gi Group Holding\",\"url\":\"https:\/\/www.gigroupholding.com\/espana\/\",\"logo\":{\"@type\":\"ImageObject\",\"inLanguage\":\"es\",\"@id\":\"https:\/\/www.gigroupholding.com\/espana\/#\/schema\/logo\/image\/\",\"url\":\"https:\/\/www.gigroupholding.com\/espana\/wp-content\/uploads\/sites\/4\/2022\/04\/GIGROUPHOLDING-LOGO-RGB-e1649316299235.png\",\"contentUrl\":\"https:\/\/www.gigroupholding.com\/espana\/wp-content\/uploads\/sites\/4\/2022\/04\/GIGROUPHOLDING-LOGO-RGB-e1649316299235.png\",\"width\":900,\"height\":456,\"caption\":\"Gi Group Holding\"},\"image\":{\"@id\":\"https:\/\/www.gigroupholding.com\/espana\/#\/schema\/logo\/image\/\"}}]}<\/script>\n<!-- \/ Yoast SEO plugin. -->","yoast_head_json":{"title":"Politica de contacto - Gi Group Holding Espa\u00f1a","robots":{"index":"noindex","follow":"nofollow"},"og_locale":"es_ES","og_type":"article","og_title":"Politica de contacto - Gi Group Holding Espa\u00f1a","og_description":"Pol\u00edtica de Contacto INFORMACI\u00d3N SOBRE EL TRATAMIENTO DE DATOS PERSONALES \u2013 CONTACTA CON NOSOTROS \u00a0 RESPONSABLE DEL TRATAMIENTO Gi Group Spain Empresa de Trabajo Temporal, S.L., con domicilio social en Paseo de la Castellana 89, planta 5, 28046 Madrid (Madrid), en la persona de su Representante Legal, direcci\u00f3n de correo electr\u00f3nico es.privacy@gigroup.com (\u00abGi Group\u00bb). \u00a0 [&hellip;]","og_url":"https:\/\/www.gigroupholding.com\/espana\/politica-contacto\/","og_site_name":"Gi Group Holding Espa\u00f1a","article_modified_time":"2023-11-06T17:03:06+00:00","twitter_card":"summary_large_image","twitter_misc":{"Tiempo de lectura":"3 minutos"},"schema":{"@context":"https:\/\/schema.org","@graph":[{"@type":"WebPage","@id":"https:\/\/www.gigroupholding.com\/espana\/politica-contacto\/","url":"https:\/\/www.gigroupholding.com\/espana\/politica-contacto\/","name":"Politica de contacto - Gi Group Holding Espa\u00f1a","isPartOf":{"@id":"https:\/\/www.gigroupholding.com\/espana\/#website"},"datePublished":"2022-03-11T16:12:21+00:00","dateModified":"2023-11-06T17:03:06+00:00","inLanguage":"es","potentialAction":[{"@type":"ReadAction","target":["https:\/\/www.gigroupholding.com\/espana\/politica-contacto\/"]}]},{"@type":"WebSite","@id":"https:\/\/www.gigroupholding.com\/espana\/#website","url":"https:\/\/www.gigroupholding.com\/espana\/","name":"Gi Group Holding Espa\u00f1a","description":"Entorno global de servicios integrados de Recursos Humanos","publisher":{"@id":"https:\/\/www.gigroupholding.com\/espana\/#organization"},"potentialAction":[{"@type":"SearchAction","target":{"@type":"EntryPoint","urlTemplate":"https:\/\/www.gigroupholding.com\/espana\/?s={search_term_string}"},"query-input":{"@type":"PropertyValueSpecification","valueRequired":true,"valueName":"search_term_string"}}],"inLanguage":"es"},{"@type":"Organization","@id":"https:\/\/www.gigroupholding.com\/espana\/#organization","name":"Gi Group Holding","url":"https:\/\/www.gigroupholding.com\/espana\/","logo":{"@type":"ImageObject","inLanguage":"es","@id":"https:\/\/www.gigroupholding.com\/espana\/#\/schema\/logo\/image\/","url":"https:\/\/www.gigroupholding.com\/espana\/wp-content\/uploads\/sites\/4\/2022\/04\/GIGROUPHOLDING-LOGO-RGB-e1649316299235.png","contentUrl":"https:\/\/www.gigroupholding.com\/espana\/wp-content\/uploads\/sites\/4\/2022\/04\/GIGROUPHOLDING-LOGO-RGB-e1649316299235.png","width":900,"height":456,"caption":"Gi Group Holding"},"image":{"@id":"https:\/\/www.gigroupholding.com\/espana\/#\/schema\/logo\/image\/"}}]}},"_links":{"self":[{"href":"https:\/\/www.gigroupholding.com\/espana\/wp-json\/wp\/v2\/pages\/32068","targetHints":{"allow":["GET"]}}],"collection":[{"href":"https:\/\/www.gigroupholding.com\/espana\/wp-json\/wp\/v2\/pages"}],"about":[{"href":"https:\/\/www.gigroupholding.com\/espana\/wp-json\/wp\/v2\/types\/page"}],"author":[{"embeddable":true,"href":"https:\/\/www.gigroupholding.com\/espana\/wp-json\/wp\/v2\/users\/1"}],"replies":[{"embeddable":true,"href":"https:\/\/www.gigroupholding.com\/espana\/wp-json\/wp\/v2\/comments?post=32068"}],"version-history":[{"count":8,"href":"https:\/\/www.gigroupholding.com\/espana\/wp-json\/wp\/v2\/pages\/32068\/revisions"}],"predecessor-version":[{"id":32086,"href":"https:\/\/www.gigroupholding.com\/espana\/wp-json\/wp\/v2\/pages\/32068\/revisions\/32086"}],"wp:attachment":[{"href":"https:\/\/www.gigroupholding.com\/espana\/wp-json\/wp\/v2\/media?parent=32068"}],"curies":[{"name":"wp","href":"https:\/\/api.w.org\/{rel}","templated":true}]}}