{"id":28121,"date":"2022-06-01T13:26:47","date_gmt":"2022-06-01T13:26:47","guid":{"rendered":"https:\/\/www.gigroupholding.com\/espana\/cookie-policy-2\/"},"modified":"2023-06-29T11:45:25","modified_gmt":"2023-06-29T11:45:25","slug":"canal-interno-comunicacion","status":"publish","type":"page","link":"https:\/\/www.gigroupholding.com\/espana\/canal-interno-comunicacion\/","title":{"rendered":"Canal Interno de comunicaci\u00f3n"},"content":{"rendered":"\t\t<div data-elementor-type=\"wp-page\" data-elementor-id=\"28121\" class=\"elementor elementor-28121\" data-elementor-post-type=\"page\">\n\t\t\t\t\t\t<section class=\"elementor-section elementor-top-section elementor-element elementor-element-dbffe51 header_line_left elementor-section-boxed elementor-section-height-default elementor-section-height-default\" data-id=\"dbffe51\" data-element_type=\"section\" data-settings=\"{&quot;background_background&quot;:&quot;classic&quot;}\">\n\t\t\t\t\t\t<div class=\"elementor-container elementor-column-gap-default\">\n\t\t\t\t\t<div class=\"elementor-column elementor-col-100 elementor-top-column elementor-element elementor-element-896be11\" data-id=\"896be11\" data-element_type=\"column\">\n\t\t\t<div class=\"elementor-widget-wrap elementor-element-populated\">\n\t\t\t\t\t\t<div class=\"elementor-element elementor-element-31ea5ec elementor-widget elementor-widget-heading\" data-id=\"31ea5ec\" data-element_type=\"widget\" data-widget_type=\"heading.default\">\n\t\t\t\t<div class=\"elementor-widget-container\">\n\t\t\t<h1 class=\"elementor-heading-title elementor-size-default\">Canal interno de informaci\u00f3n<\/h1>\t\t<\/div>\n\t\t\t\t<\/div>\n\t\t\t\t<div class=\"elementor-element elementor-element-b5df7c1 elementor-widget elementor-widget-spacer\" data-id=\"b5df7c1\" data-element_type=\"widget\" data-widget_type=\"spacer.default\">\n\t\t\t\t<div class=\"elementor-widget-container\">\n\t\t\t\t\t<div class=\"elementor-spacer\">\n\t\t\t<div class=\"elementor-spacer-inner\"><\/div>\n\t\t<\/div>\n\t\t\t\t<\/div>\n\t\t\t\t<\/div>\n\t\t\t\t\t<\/div>\n\t\t<\/div>\n\t\t\t\t\t<\/div>\n\t\t<\/section>\n\t\t\t\t<section class=\"elementor-section elementor-top-section elementor-element elementor-element-0486c42 elementor-section-boxed elementor-section-height-default elementor-section-height-default\" data-id=\"0486c42\" data-element_type=\"section\">\n\t\t\t\t\t\t<div class=\"elementor-container elementor-column-gap-default\">\n\t\t\t\t\t<div class=\"elementor-column elementor-col-100 elementor-top-column elementor-element elementor-element-1e36341\" data-id=\"1e36341\" data-element_type=\"column\">\n\t\t\t<div class=\"elementor-widget-wrap elementor-element-populated\">\n\t\t\t\t\t\t<div class=\"elementor-element elementor-element-d3d2110 elementor-widget elementor-widget-text-editor\" data-id=\"d3d2110\" data-element_type=\"widget\" data-widget_type=\"text-editor.default\">\n\t\t\t\t<div class=\"elementor-widget-container\">\n\t\t\t\t\t\t\t<p><strong>CANAL INTERNO DE INFORMACIONES<\/strong><\/p><p><em>\u201cTargatis es el \u00fanico canal interno de GI GROUP, por lo que es el cauce preferente para informar sobre acciones u omisiones que puedan ser constitutivas de infracci\u00f3n penal o administrativa grave o muy grave o del Derecho de la Uni\u00f3n Europea tal y como establece la Ley de Protecci\u00f3n al Informante\u201d<\/em><\/p><p>Targatis garantiza el anonimato y la confidencialidad del informante, estableci\u00e9ndose en GI GROUP un procedimiento de gesti\u00f3n cuyos principios esenciales son la objetividad, la imparcialidad, la independencia, la protecci\u00f3n del denunciante, la transparencia y el respeto a la legalidad.<\/p><p><b>Para m\u00e1s informaci\u00f3n relativa a los Principios del Sistema interno de informaci\u00f3n:<\/b><\/p>\t\t\t\t\t\t<\/div>\n\t\t\t\t<\/div>\n\t\t\t\t<div class=\"elementor-element elementor-element-443ba63 elementor-align-left elementor-widget elementor-widget-button\" data-id=\"443ba63\" data-element_type=\"widget\" data-widget_type=\"button.default\">\n\t\t\t\t<div class=\"elementor-widget-container\">\n\t\t\t\t\t\t\t<div class=\"elementor-button-wrapper\">\n\t\t\t\t\t<a class=\"elementor-button elementor-button-link elementor-size-sm\" href=\"https:\/\/www.gigroupholding.com\/espana\/wp-content\/uploads\/sites\/4\/2023\/06\/Politica-del-SII.pdf\">\n\t\t\t\t\t\t<span class=\"elementor-button-content-wrapper\">\n\t\t\t\t\t\t\t\t\t<span class=\"elementor-button-text\">Descarga Pol\u00edtica del Sistema<\/span>\n\t\t\t\t\t<\/span>\n\t\t\t\t\t<\/a>\n\t\t\t\t<\/div>\n\t\t\t\t\t\t<\/div>\n\t\t\t\t<\/div>\n\t\t\t\t<div class=\"elementor-element elementor-element-9bfbbc7 elementor-widget elementor-widget-text-editor\" data-id=\"9bfbbc7\" data-element_type=\"widget\" data-widget_type=\"text-editor.default\">\n\t\t\t\t<div class=\"elementor-widget-container\">\n\t\t\t\t\t\t\t<p><span style=\"color: var( --e-global-color-text )\">Para m\u00e1s informaci\u00f3n sobre el uso del Canal interno de informaci\u00f3n:<\/span><\/p>\t\t\t\t\t\t<\/div>\n\t\t\t\t<\/div>\n\t\t\t\t<div class=\"elementor-element elementor-element-9ea6a1d elementor-widget elementor-widget-button\" data-id=\"9ea6a1d\" data-element_type=\"widget\" data-widget_type=\"button.default\">\n\t\t\t\t<div class=\"elementor-widget-container\">\n\t\t\t\t\t\t\t<div class=\"elementor-button-wrapper\">\n\t\t\t\t\t<a class=\"elementor-button elementor-button-link elementor-size-sm\" href=\"https:\/\/www.gigroupholding.com\/espana\/wp-content\/uploads\/sites\/4\/2023\/06\/Manual-de-uso-del-Canal-003.pdf\">\n\t\t\t\t\t\t<span class=\"elementor-button-content-wrapper\">\n\t\t\t\t\t\t\t\t\t<span class=\"elementor-button-text\">Descarga Manual del Uso<\/span>\n\t\t\t\t\t<\/span>\n\t\t\t\t\t<\/a>\n\t\t\t\t<\/div>\n\t\t\t\t\t\t<\/div>\n\t\t\t\t<\/div>\n\t\t\t\t<div class=\"elementor-element elementor-element-ee66e6a elementor-widget elementor-widget-text-editor\" data-id=\"ee66e6a\" data-element_type=\"widget\" data-widget_type=\"text-editor.default\">\n\t\t\t\t<div class=\"elementor-widget-container\">\n\t\t\t\t\t\t\t<p><span style=\"color: var( --e-global-color-text )\">Haciendo clic en el siguiente enlace est\u00e1 saliendo del sitio web de GI GROUP y ser\u00e1s redirigido a <a href=\"https:\/\/gigroup.targatis.com\">https:\/\/gigroup.targatis.com<\/a> donde podr\u00e1 comunicar la informaci\u00f3n deseada de manera confidencial o an\u00f3nima.<\/span><\/p><p>Le recordamos que sus datos ser\u00e1n tratados por el despacho de abogados Waterwhale Europe, S.L.P. y nunca ser\u00e1n revelados a GI GROUP.<\/p>\t\t\t\t\t\t<\/div>\n\t\t\t\t<\/div>\n\t\t\t\t<div class=\"elementor-element elementor-element-9718101 elementor-widget elementor-widget-button\" data-id=\"9718101\" data-element_type=\"widget\" data-widget_type=\"button.default\">\n\t\t\t\t<div class=\"elementor-widget-container\">\n\t\t\t\t\t\t\t<div class=\"elementor-button-wrapper\">\n\t\t\t\t\t<a class=\"elementor-button elementor-button-link elementor-size-sm\" href=\"https:\/\/gigroup.targatis.com\">\n\t\t\t\t\t\t<span class=\"elementor-button-content-wrapper\">\n\t\t\t\t\t\t\t\t\t<span class=\"elementor-button-text\">Acceso al Canal Interno de Informaciones<\/span>\n\t\t\t\t\t<\/span>\n\t\t\t\t\t<\/a>\n\t\t\t\t<\/div>\n\t\t\t\t\t\t<\/div>\n\t\t\t\t<\/div>\n\t\t\t\t\t<\/div>\n\t\t<\/div>\n\t\t\t\t\t<\/div>\n\t\t<\/section>\n\t\t\t\t<\/div>\n\t\t","protected":false},"excerpt":{"rendered":"<p>Canal interno de informaci\u00f3n CANAL INTERNO DE INFORMACIONES \u201cTargatis es el \u00fanico canal interno de GI GROUP, por lo que es el cauce preferente para informar sobre acciones u omisiones que puedan ser constitutivas de infracci\u00f3n penal o administrativa grave o muy grave o del Derecho de la Uni\u00f3n Europea tal y como establece la [&hellip;]<\/p>\n","protected":false},"author":1,"featured_media":0,"parent":0,"menu_order":0,"comment_status":"closed","ping_status":"closed","template":"","meta":{"_acf_changed":false,"footnotes":"","_links_to":"","_links_to_target":""},"class_list":["post-28121","page","type-page","status-publish","hentry"],"acf":[],"yoast_head":"<!-- This site is optimized with the Yoast SEO plugin v23.9 - https:\/\/yoast.com\/wordpress\/plugins\/seo\/ -->\n<title>Canal Interno de comunicaci\u00f3n<\/title>\n<meta name=\"robots\" content=\"noindex, nofollow\" \/>\n<meta property=\"og:locale\" content=\"es_ES\" \/>\n<meta property=\"og:type\" content=\"article\" \/>\n<meta property=\"og:title\" content=\"Canal Interno de comunicaci\u00f3n\" \/>\n<meta property=\"og:description\" content=\"Canal interno de informaci\u00f3n CANAL INTERNO DE INFORMACIONES \u201cTargatis es el \u00fanico canal interno de GI GROUP, por lo que es el cauce preferente para informar sobre acciones u omisiones que puedan ser constitutivas de infracci\u00f3n penal o administrativa grave o muy grave o del Derecho de la Uni\u00f3n Europea tal y como establece la [&hellip;]\" \/>\n<meta property=\"og:url\" content=\"https:\/\/www.gigroupholding.com\/espana\/canal-interno-comunicacion\/\" \/>\n<meta property=\"og:site_name\" content=\"Gi Group Holding Espa\u00f1a\" \/>\n<meta property=\"article:modified_time\" content=\"2023-06-29T11:45:25+00:00\" \/>\n<meta name=\"twitter:card\" content=\"summary_large_image\" \/>\n<meta name=\"twitter:label1\" content=\"Tiempo de lectura\" \/>\n\t<meta name=\"twitter:data1\" content=\"1 minuto\" \/>\n<script type=\"application\/ld+json\" class=\"yoast-schema-graph\">{\"@context\":\"https:\/\/schema.org\",\"@graph\":[{\"@type\":\"WebPage\",\"@id\":\"https:\/\/www.gigroupholding.com\/espana\/canal-interno-comunicacion\/\",\"url\":\"https:\/\/www.gigroupholding.com\/espana\/canal-interno-comunicacion\/\",\"name\":\"Canal Interno de comunicaci\u00f3n\",\"isPartOf\":{\"@id\":\"https:\/\/www.gigroupholding.com\/espana\/#website\"},\"datePublished\":\"2022-06-01T13:26:47+00:00\",\"dateModified\":\"2023-06-29T11:45:25+00:00\",\"inLanguage\":\"es\",\"potentialAction\":[{\"@type\":\"ReadAction\",\"target\":[\"https:\/\/www.gigroupholding.com\/espana\/canal-interno-comunicacion\/\"]}]},{\"@type\":\"WebSite\",\"@id\":\"https:\/\/www.gigroupholding.com\/espana\/#website\",\"url\":\"https:\/\/www.gigroupholding.com\/espana\/\",\"name\":\"Gi Group Holding Espa\u00f1a\",\"description\":\"Entorno global de servicios integrados de Recursos Humanos\",\"publisher\":{\"@id\":\"https:\/\/www.gigroupholding.com\/espana\/#organization\"},\"potentialAction\":[{\"@type\":\"SearchAction\",\"target\":{\"@type\":\"EntryPoint\",\"urlTemplate\":\"https:\/\/www.gigroupholding.com\/espana\/?s={search_term_string}\"},\"query-input\":{\"@type\":\"PropertyValueSpecification\",\"valueRequired\":true,\"valueName\":\"search_term_string\"}}],\"inLanguage\":\"es\"},{\"@type\":\"Organization\",\"@id\":\"https:\/\/www.gigroupholding.com\/espana\/#organization\",\"name\":\"Gi Group Holding\",\"url\":\"https:\/\/www.gigroupholding.com\/espana\/\",\"logo\":{\"@type\":\"ImageObject\",\"inLanguage\":\"es\",\"@id\":\"https:\/\/www.gigroupholding.com\/espana\/#\/schema\/logo\/image\/\",\"url\":\"https:\/\/www.gigroupholding.com\/espana\/wp-content\/uploads\/sites\/4\/2022\/04\/GIGROUPHOLDING-LOGO-RGB-e1649316299235.png\",\"contentUrl\":\"https:\/\/www.gigroupholding.com\/espana\/wp-content\/uploads\/sites\/4\/2022\/04\/GIGROUPHOLDING-LOGO-RGB-e1649316299235.png\",\"width\":900,\"height\":456,\"caption\":\"Gi Group Holding\"},\"image\":{\"@id\":\"https:\/\/www.gigroupholding.com\/espana\/#\/schema\/logo\/image\/\"}}]}<\/script>\n<!-- \/ Yoast SEO plugin. -->","yoast_head_json":{"title":"Canal Interno de comunicaci\u00f3n","robots":{"index":"noindex","follow":"nofollow"},"og_locale":"es_ES","og_type":"article","og_title":"Canal Interno de comunicaci\u00f3n","og_description":"Canal interno de informaci\u00f3n CANAL INTERNO DE INFORMACIONES \u201cTargatis es el \u00fanico canal interno de GI GROUP, por lo que es el cauce preferente para informar sobre acciones u omisiones que puedan ser constitutivas de infracci\u00f3n penal o administrativa grave o muy grave o del Derecho de la Uni\u00f3n Europea tal y como establece la [&hellip;]","og_url":"https:\/\/www.gigroupholding.com\/espana\/canal-interno-comunicacion\/","og_site_name":"Gi Group Holding Espa\u00f1a","article_modified_time":"2023-06-29T11:45:25+00:00","twitter_card":"summary_large_image","twitter_misc":{"Tiempo de lectura":"1 minuto"},"schema":{"@context":"https:\/\/schema.org","@graph":[{"@type":"WebPage","@id":"https:\/\/www.gigroupholding.com\/espana\/canal-interno-comunicacion\/","url":"https:\/\/www.gigroupholding.com\/espana\/canal-interno-comunicacion\/","name":"Canal Interno de comunicaci\u00f3n","isPartOf":{"@id":"https:\/\/www.gigroupholding.com\/espana\/#website"},"datePublished":"2022-06-01T13:26:47+00:00","dateModified":"2023-06-29T11:45:25+00:00","inLanguage":"es","potentialAction":[{"@type":"ReadAction","target":["https:\/\/www.gigroupholding.com\/espana\/canal-interno-comunicacion\/"]}]},{"@type":"WebSite","@id":"https:\/\/www.gigroupholding.com\/espana\/#website","url":"https:\/\/www.gigroupholding.com\/espana\/","name":"Gi Group Holding Espa\u00f1a","description":"Entorno global de servicios integrados de Recursos Humanos","publisher":{"@id":"https:\/\/www.gigroupholding.com\/espana\/#organization"},"potentialAction":[{"@type":"SearchAction","target":{"@type":"EntryPoint","urlTemplate":"https:\/\/www.gigroupholding.com\/espana\/?s={search_term_string}"},"query-input":{"@type":"PropertyValueSpecification","valueRequired":true,"valueName":"search_term_string"}}],"inLanguage":"es"},{"@type":"Organization","@id":"https:\/\/www.gigroupholding.com\/espana\/#organization","name":"Gi Group Holding","url":"https:\/\/www.gigroupholding.com\/espana\/","logo":{"@type":"ImageObject","inLanguage":"es","@id":"https:\/\/www.gigroupholding.com\/espana\/#\/schema\/logo\/image\/","url":"https:\/\/www.gigroupholding.com\/espana\/wp-content\/uploads\/sites\/4\/2022\/04\/GIGROUPHOLDING-LOGO-RGB-e1649316299235.png","contentUrl":"https:\/\/www.gigroupholding.com\/espana\/wp-content\/uploads\/sites\/4\/2022\/04\/GIGROUPHOLDING-LOGO-RGB-e1649316299235.png","width":900,"height":456,"caption":"Gi Group Holding"},"image":{"@id":"https:\/\/www.gigroupholding.com\/espana\/#\/schema\/logo\/image\/"}}]}},"_links":{"self":[{"href":"https:\/\/www.gigroupholding.com\/espana\/wp-json\/wp\/v2\/pages\/28121","targetHints":{"allow":["GET"]}}],"collection":[{"href":"https:\/\/www.gigroupholding.com\/espana\/wp-json\/wp\/v2\/pages"}],"about":[{"href":"https:\/\/www.gigroupholding.com\/espana\/wp-json\/wp\/v2\/types\/page"}],"author":[{"embeddable":true,"href":"https:\/\/www.gigroupholding.com\/espana\/wp-json\/wp\/v2\/users\/1"}],"replies":[{"embeddable":true,"href":"https:\/\/www.gigroupholding.com\/espana\/wp-json\/wp\/v2\/comments?post=28121"}],"version-history":[{"count":19,"href":"https:\/\/www.gigroupholding.com\/espana\/wp-json\/wp\/v2\/pages\/28121\/revisions"}],"predecessor-version":[{"id":28183,"href":"https:\/\/www.gigroupholding.com\/espana\/wp-json\/wp\/v2\/pages\/28121\/revisions\/28183"}],"wp:attachment":[{"href":"https:\/\/www.gigroupholding.com\/espana\/wp-json\/wp\/v2\/media?parent=28121"}],"curies":[{"name":"wp","href":"https:\/\/api.w.org\/{rel}","templated":true}]}}