{"id":8194,"date":"2022-03-10T13:49:59","date_gmt":"2022-03-10T13:49:59","guid":{"rendered":"https:\/\/gigroup.draft2017.com\/czech\/?page_id=8194"},"modified":"2022-03-30T10:37:27","modified_gmt":"2022-03-30T10:37:27","slug":"cookie-policy","status":"publish","type":"page","link":"https:\/\/www.gigroupholding.com\/czech\/cookie-policy\/","title":{"rendered":"Cookie Policy"},"content":{"rendered":"\t\t<div data-elementor-type=\"wp-page\" data-elementor-id=\"8194\" class=\"elementor elementor-8194\" data-elementor-post-type=\"page\">\n\t\t\t\t\t\t<section class=\"elementor-section elementor-top-section elementor-element elementor-element-91d5fa5 header_line_left elementor-section-boxed elementor-section-height-default elementor-section-height-default\" data-id=\"91d5fa5\" data-element_type=\"section\" data-settings=\"{&quot;background_background&quot;:&quot;classic&quot;}\">\n\t\t\t\t\t\t<div class=\"elementor-container elementor-column-gap-default\">\n\t\t\t\t\t<div class=\"elementor-column elementor-col-100 elementor-top-column elementor-element elementor-element-ca58b17\" data-id=\"ca58b17\" data-element_type=\"column\">\n\t\t\t<div class=\"elementor-widget-wrap elementor-element-populated\">\n\t\t\t\t\t\t<div class=\"elementor-element elementor-element-195c768 elementor-widget elementor-widget-heading\" data-id=\"195c768\" data-element_type=\"widget\" data-widget_type=\"heading.default\">\n\t\t\t\t<div class=\"elementor-widget-container\">\n\t\t\t<h1 class=\"elementor-heading-title elementor-size-default\">Cookie Policy\n<\/h1>\t\t<\/div>\n\t\t\t\t<\/div>\n\t\t\t\t<div class=\"elementor-element elementor-element-7d796d5 elementor-widget elementor-widget-spacer\" data-id=\"7d796d5\" data-element_type=\"widget\" data-widget_type=\"spacer.default\">\n\t\t\t\t<div class=\"elementor-widget-container\">\n\t\t\t\t\t<div class=\"elementor-spacer\">\n\t\t\t<div class=\"elementor-spacer-inner\"><\/div>\n\t\t<\/div>\n\t\t\t\t<\/div>\n\t\t\t\t<\/div>\n\t\t\t\t\t<\/div>\n\t\t<\/div>\n\t\t\t\t\t<\/div>\n\t\t<\/section>\n\t\t\t\t<section class=\"elementor-section elementor-top-section elementor-element elementor-element-6c12cac elementor-section-boxed elementor-section-height-default elementor-section-height-default\" data-id=\"6c12cac\" data-element_type=\"section\">\n\t\t\t\t\t\t<div class=\"elementor-container elementor-column-gap-default\">\n\t\t\t\t\t<div class=\"elementor-column elementor-col-100 elementor-top-column elementor-element elementor-element-d42ad39 max-width-940\" data-id=\"d42ad39\" data-element_type=\"column\">\n\t\t\t<div class=\"elementor-widget-wrap elementor-element-populated\">\n\t\t\t\t\t\t<div class=\"elementor-element elementor-element-74ef379 elementor-widget elementor-widget-text-editor\" data-id=\"74ef379\" data-element_type=\"widget\" data-widget_type=\"text-editor.default\">\n\t\t\t\t<div class=\"elementor-widget-container\">\n\t\t\t\t\t\t\t<p>Na\u0161e internetov\u00e9 str\u00e1nky pou\u017e\u00edvaj\u00ed soubory cookie. Soubor cookie je jednoduch\u00fd textov\u00fd soubor (obvykle o velikosti n\u011bkolika kilobyt\u016f), kter\u00fd internetov\u00e9 str\u00e1nky pos\u00edlaj\u00ed webov\u00e9mu prohl\u00ed\u017ee\u010di u\u017eivatele, kdy\u017e u\u017eivatel nav\u0161t\u00edv\u00ed internetov\u00e9 str\u00e1nky. Cookies pln\u00ed celou \u0159adu n\u00ed\u017ee popsan\u00fdch funkc\u00ed, d\u00edky nim\u017e bude Va\u0161e p\u0159\u00ed\u0161t\u00ed n\u00e1v\u0161t\u011bva na\u0161ich internetov\u00fdch str\u00e1nek jednodu\u0161\u0161\u00ed a produktivn\u011bj\u0161\u00ed. Soubory cookie jsou d\u016fle\u017eit\u00e9. Bez nich by bylo brouzd\u00e1n\u00ed po internetu mnohem slo\u017eit\u011bj\u0161\u00ed. P\u0159i jejich vyu\u017e\u00edv\u00e1n\u00ed z\u00e1rove\u0148 zcela respektujeme soukrom\u00ed ka\u017ed\u00e9ho, kdo na\u0161e internetov\u00e9 str\u00e1nky nav\u0161t\u00edv\u00ed.<\/p><p>Cookies u\u017e\u00edvan\u00e9 na na\u0161ich internetov\u00fdch str\u00e1nk\u00e1ch m\u016f\u017eeme dle funkce rozd\u011blit do n\u00e1sleduj\u00edc\u00edch skupin:<\/p><ol><li><strong>Naprosto nezbytn\u00e9 soubory cookie<\/strong>, kter\u00e9 jsou nutn\u00e9 k technick\u00e9mu\u00a0zaji\u0161t\u011bn\u00ed z\u00e1kladn\u00edch funkc\u00ed internetov\u00fdch str\u00e1nek a bez nich\u017e by internetov\u00e9 str\u00e1nky nemohly spr\u00e1vn\u011b fungovat.<\/li><li><strong>Soubory cookie pro lep\u0161\u00ed funk\u010dnost<\/strong>, kter\u00e9 technicky zaji\u0161\u0165uj\u00ed n\u011bkter\u00e9 funkce internetov\u00fdch str\u00e1nek slou\u017e\u00edc\u00ed zejm\u00e9na k\u00a0jejich personalizaci\u00a0a k v\u00fdrazn\u00e9mu zv\u00fd\u0161en\u00ed u\u017eivatelsk\u00e9ho komfortu p\u0159i jejich vyu\u017e\u00edv\u00e1n\u00ed.<\/li><li><strong>Soubory cookie pro zv\u00fd\u0161en\u00ed v\u00fdkonu<\/strong>, kter\u00e9 sleduj\u00ed, kolik u\u017eivatel\u016f a z\u00a0jak\u00fdch zdroj\u016f na internetov\u00e9 str\u00e1nky p\u0159i\u0161lo, a tak\u00e9 monitoruj\u00ed chov\u00e1n\u00ed u\u017eivatel\u016f na internetov\u00fdch str\u00e1nk\u00e1ch, nap\u0159. jak\u00e9 nab\u00eddky si prohl\u00ed\u017eeli, na jak\u00e9 odkazy klikali nebo jak\u00e9 funkce vyu\u017e\u00edvali. Z\u00edskan\u00e9 informace pot\u00e9 vyu\u017e\u00edv\u00e1me k\u00a0anal\u00fdze provozu a v\u00fdkonu internetov\u00fdch str\u00e1nek s\u00a0c\u00edlem zlep\u0161ovat jejich funk\u010dnost a zajistit u\u017eivatelsky p\u0159\u00edv\u011btivou zku\u0161enost.<\/li><li><strong>C\u00edlen\u00e9 soubory cookie<\/strong>, kter\u00e9 monitoruj\u00ed chov\u00e1n\u00ed u\u017eivatele na internetov\u00fdch str\u00e1nk\u00e1ch a umo\u017e\u0148uj\u00ed jeho anal\u00fdzu za \u00fa\u010delem n\u00e1sledn\u00e9ho zobrazov\u00e1n\u00ed personalizovan\u00fdch nab\u00eddek a reklam p\u0159izp\u016fsoben\u00fdch na m\u00edru z\u00e1jm\u016fm dan\u00e9ho u\u017eivatele, a to i na jin\u00fdch internetov\u00fdch str\u00e1nk\u00e1ch.<\/li><\/ol><p>Bli\u017e\u0161\u00ed informace ke ka\u017ed\u00e9 z\u00a0v\u00fd\u0161e uveden\u00fdch skupin cookies i k\u00a0jednotliv\u00fdm u\u017e\u00edvan\u00fdm typ\u016fm cookies a jejich funkc\u00edm jsou dostupn\u00e9 v\u00a0<strong><em>Nastaven\u00ed soubor\u016f cookie<\/em><\/strong>, kter\u00e9 lze otev\u0159\u00edt pomoc\u00ed p\u0159\u00edslu\u0161n\u00e9ho tla\u010d\u00edtka na spodn\u00ed vyskakovac\u00ed li\u0161t\u011b a kdykoliv pot\u00e9 tak\u00e9 prost\u0159ednictv\u00edm zelen\u00e9ho tla\u010d\u00edtka nach\u00e1zej\u00edc\u00edho se v\u00a0lev\u00e9m doln\u00edm rohu pr\u00e1v\u011b zobrazovan\u00e9 str\u00e1nky.<\/p><p>K\u00a0vyu\u017e\u00edv\u00e1n\u00ed jednotliv\u00fdch skupin cookies (s\u00a0v\u00fdjimkou naprosto nezbytn\u00fdch cookies) doch\u00e1z\u00ed <strong>pouze v\u00a0p\u0159\u00edpad\u011b, \u017ee s\u00a0t\u00edm vyj\u00e1d\u0159\u00edte souhlas<\/strong> zvolen\u00edm mo\u017enosti \u201e<em>P\u0159ijmout v\u0161echny soubory cookie<\/em>\u201c na spodn\u00ed vyskakovac\u00ed li\u0161t\u011b, resp. zvolen\u00edm mo\u017enosti \u201e<em>Povolit v\u0161e<\/em>\u201c, p\u0159\u00edp. za\u0161krtnut\u00edm jednotliv\u00fdch skupin cookies a n\u00e1sledn\u00fdm zvolen\u00edm mo\u017enosti \u201e<em>Potvrdit moje volby<\/em>\u201c v\u00a0Nastaven\u00ed soubor\u016f cookie (viz v\u00fd\u0161e).<\/p><p>V\u00a0Nastaven\u00ed soubor\u016f cookie (viz v\u00fd\u0161e) lze t\u00e9\u017e zru\u0161en\u00edm za\u0161krtnut\u00ed jednotliv\u00fdch skupin cookies a zvolen\u00edm mo\u017enosti \u201e<em>Potvrdit moje volby<\/em>\u201c souhlas odvolat, a vyu\u017e\u00edv\u00e1n\u00ed jednotliv\u00fdch skupin cookies (s\u00a0v\u00fdjimkou naprosto nezbytn\u00fdch cookies) t\u00edm kdykoliv jednodu\u0161e zak\u00e1zat. Z\u00e1kaz je krom\u011b toho mo\u017en\u00e9 prov\u00e9st t\u00e9\u017e v nastaven\u00ed webov\u00e9ho prohl\u00ed\u017ee\u010de, pop\u0159. jeho p\u0159epnut\u00edm do tzv. anonymn\u00edho re\u017eimu. Lze tak\u00e9 ru\u010dn\u011b vymazat cookies, kter\u00e9 ji\u017e byly prohl\u00ed\u017ee\u010dem ulo\u017eeny.<\/p><p>Nevyj\u00e1d\u0159en\u00ed souhlasu, resp. zak\u00e1z\u00e1n\u00ed vyu\u017e\u00edv\u00e1n\u00ed cookies nem\u00e1 za n\u00e1sledek celkovou nemo\u017enost vyu\u017e\u00edvat na\u0161e internetov\u00e9 str\u00e1nky; pokud v\u0161ak jednotliv\u00e9 skupiny cookies zak\u00e1\u017eete, m\u016f\u017eete t\u00edm ztratit mo\u017enost vyu\u017e\u00edvat n\u011bkter\u00e9 sou\u010d\u00e1sti a funkce internetov\u00fdch str\u00e1nek. Nebudete si nap\u0159\u00edklad moci ponechat sv\u00e9 jazykov\u00e9 nastaven\u00ed ani nebudete m\u00edt mo\u017enost ozna\u010dovat pracovn\u00ed inzer\u00e1ty za sv\u00e9 \u201eobl\u00edben\u00e9\u201c.<\/p><p>V\u00fd\u0161e uveden\u00e9 shroma\u017e\u010fov\u00e1n\u00ed a vyu\u017e\u00edv\u00e1n\u00ed cookies m\u016f\u017ee b\u00fdt pova\u017eov\u00e1no za zpracov\u00e1n\u00ed osobn\u00edch \u00fadaj\u016f. Vztahuj\u00ed se na n\u011b proto i na\u0161e obecn\u00e9 informace o zpracov\u00e1n\u00ed osobn\u00edch \u00fadaj\u016f, kter\u00e9 naleznete <a href=\"https:\/\/www.grafton.cz\/cs\/ochrana-osobnich-udaju\"><strong>zde<\/strong><\/a>. Pr\u00e1vn\u00edm z\u00e1kladem pro samotn\u00e9 ukl\u00e1d\u00e1n\u00ed cookies do Va\u0161eho prohl\u00ed\u017ee\u010de je (s v\u00fdjimkou naprosto nezbytn\u00fdch cookies) V\u00e1\u0161 souhlas. N\u00e1sledn\u00e9 zpracov\u00e1n\u00ed osobn\u00edch \u00fadaj\u016f z\u00edskan\u00fdch prost\u0159ednictv\u00edm cookies pak prob\u00edh\u00e1 t\u00e9\u017e na z\u00e1klad\u011b na\u0161ich opr\u00e1vn\u011bn\u00fdch z\u00e1jm\u016f, kter\u00fdmi jsou zejm\u00e9na zaji\u0161t\u011bn\u00ed funk\u010dnosti a bezpe\u010dnosti internetov\u00fdch str\u00e1nek, u\u017eivatelsk\u00e9ho komfortu p\u0159i jejich vyu\u017e\u00edv\u00e1n\u00ed a efektivn\u00ed prezentace nab\u00edzen\u00fdch slu\u017eeb a reklam st\u00e1vaj\u00edc\u00edm i potenci\u00e1ln\u00edm klient\u016fm. V\u016f\u010di zpracov\u00e1n\u00ed Va\u0161ich osobn\u00edch \u00fadaj\u016f na z\u00e1klad\u011b opr\u00e1vn\u011bn\u00e9ho z\u00e1jmu m\u016f\u017eete vzn\u00e9st n\u00e1mitku. P\u0159i zpracov\u00e1n\u00ed z\u00edskan\u00fdch \u00fadaj\u016f o preferenc\u00edch u\u017eivatel\u016f m\u016f\u017ee doch\u00e1zet t\u00e9\u017e k\u00a0automatizovan\u00e9mu rozhodov\u00e1n\u00ed a profilov\u00e1n\u00ed.<\/p><p>Na\u0161e internetov\u00e9 str\u00e1nky pou\u017e\u00edvaj\u00ed Google Analytics, anonymn\u00ed soubory cookie poskytovan\u00e9 spole\u010dnost\u00ed Google Inc. (d\u00e1le jako \u201e<strong>Google<\/strong>\u201c) k monitoringu vyu\u017eit\u00ed a poskytov\u00e1n\u00ed anal\u00fdzy internetov\u00fdch str\u00e1nek (v\u00edce <a href=\"https:\/\/support.google.com\/analytics\/topic\/2919631?hl=cs&amp;ref_topic=1008008\"><strong>zde<\/strong><\/a>). Data generovan\u00e1 t\u011bmito cookies jsou p\u0159en\u00e1\u0161ena spole\u010dnosti Google, kter\u00e1 je pou\u017e\u00edv\u00e1 k anal\u00fdze vyu\u017eit\u00ed na\u0161ich internetov\u00fdch str\u00e1nek a k poskytov\u00e1n\u00ed dal\u0161\u00edch slu\u017eeb vztahuj\u00edc\u00edch se k aktivit\u00e1m u\u017eivatel\u016f na t\u011bchto internetov\u00fdch str\u00e1nk\u00e1ch a na internetu. Google m\u016f\u017ee tyto informace sd\u00edlet s\u00a0dal\u0161\u00edmi t\u0159et\u00edmi stranami, pokud je to vy\u017eadov\u00e1no z\u00e1konem, nebo pokud tyto t\u0159et\u00ed strany zpracov\u00e1vaj\u00ed informace pro spole\u010dnost Google. Data z\u00edskan\u00e1 prost\u0159ednictv\u00edm Google Analytics jsou zpracov\u00e1v\u00e1na pouze v\u00a0anonymizovan\u00e9 podob\u011b a Google je nebude spojovat s \u017e\u00e1dn\u00fdmi jin\u00fdmi \u00fadaji, kter\u00e9 o u\u017eivatel\u00edch zpracov\u00e1v\u00e1.<\/p><p>Cookies jsou ulo\u017eeny po dobu nastavenou pro jednotliv\u00e9 typy cookies, jejich\u017e v\u00fd\u010det naleznete v\u00a0Nastaven\u00ed soubor\u016f cookie (viz v\u00fd\u0161e), resp. do doby, kdy p\u0159\u00edslu\u0161nou skupinu cookies zak\u00e1\u017eete nebo ulo\u017een\u00e9 cookies z\u00a0prohl\u00ed\u017ee\u010de vyma\u017eete.<\/p>\t\t\t\t\t\t<\/div>\n\t\t\t\t<\/div>\n\t\t\t\t\t<\/div>\n\t\t<\/div>\n\t\t\t\t\t<\/div>\n\t\t<\/section>\n\t\t\t\t<\/div>\n\t\t","protected":false},"excerpt":{"rendered":"<p>Cookie Policy Na\u0161e internetov\u00e9 str\u00e1nky pou\u017e\u00edvaj\u00ed soubory cookie. Soubor cookie je jednoduch\u00fd textov\u00fd soubor (obvykle o velikosti n\u011bkolika kilobyt\u016f), kter\u00fd internetov\u00e9 str\u00e1nky pos\u00edlaj\u00ed webov\u00e9mu prohl\u00ed\u017ee\u010di u\u017eivatele, kdy\u017e u\u017eivatel nav\u0161t\u00edv\u00ed internetov\u00e9 str\u00e1nky. Cookies pln\u00ed celou \u0159adu n\u00ed\u017ee popsan\u00fdch funkc\u00ed, d\u00edky nim\u017e bude Va\u0161e p\u0159\u00ed\u0161t\u00ed n\u00e1v\u0161t\u011bva na\u0161ich internetov\u00fdch str\u00e1nek jednodu\u0161\u0161\u00ed a produktivn\u011bj\u0161\u00ed. Soubory cookie jsou d\u016fle\u017eit\u00e9. Bez [&hellip;]<\/p>\n","protected":false},"author":1,"featured_media":0,"parent":0,"menu_order":0,"comment_status":"closed","ping_status":"closed","template":"","meta":{"_acf_changed":false,"footnotes":"","_links_to":"","_links_to_target":""},"class_list":["post-8194","page","type-page","status-publish","hentry"],"acf":[],"yoast_head":"<!-- This site is optimized with the Yoast SEO plugin v23.9 - https:\/\/yoast.com\/wordpress\/plugins\/seo\/ -->\n<title>Cookie Policy - Gi Group Holding Czech<\/title>\n<meta name=\"robots\" content=\"index, follow, max-snippet:-1, max-image-preview:large, max-video-preview:-1\" \/>\n<link rel=\"canonical\" href=\"https:\/\/www.gigroupholding.com\/czech\/cookie-policy\/\" \/>\n<meta property=\"og:locale\" content=\"cs_CZ\" \/>\n<meta property=\"og:type\" content=\"article\" \/>\n<meta property=\"og:title\" content=\"Cookie Policy - Gi Group Holding Czech\" \/>\n<meta property=\"og:description\" content=\"Cookie Policy Na\u0161e internetov\u00e9 str\u00e1nky pou\u017e\u00edvaj\u00ed soubory cookie. Soubor cookie je jednoduch\u00fd textov\u00fd soubor (obvykle o velikosti n\u011bkolika kilobyt\u016f), kter\u00fd internetov\u00e9 str\u00e1nky pos\u00edlaj\u00ed webov\u00e9mu prohl\u00ed\u017ee\u010di u\u017eivatele, kdy\u017e u\u017eivatel nav\u0161t\u00edv\u00ed internetov\u00e9 str\u00e1nky. Cookies pln\u00ed celou \u0159adu n\u00ed\u017ee popsan\u00fdch funkc\u00ed, d\u00edky nim\u017e bude Va\u0161e p\u0159\u00ed\u0161t\u00ed n\u00e1v\u0161t\u011bva na\u0161ich internetov\u00fdch str\u00e1nek jednodu\u0161\u0161\u00ed a produktivn\u011bj\u0161\u00ed. Soubory cookie jsou d\u016fle\u017eit\u00e9. Bez [&hellip;]\" \/>\n<meta property=\"og:url\" content=\"https:\/\/www.gigroupholding.com\/czech\/cookie-policy\/\" \/>\n<meta property=\"og:site_name\" content=\"Gi Group Holding Czech\" \/>\n<meta property=\"article:modified_time\" content=\"2022-03-30T10:37:27+00:00\" \/>\n<meta name=\"twitter:card\" content=\"summary_large_image\" \/>\n<meta name=\"twitter:label1\" content=\"Odhadovan\u00e1 doba \u010dten\u00ed\" \/>\n\t<meta name=\"twitter:data1\" content=\"4 minuty\" \/>\n<script type=\"application\/ld+json\" class=\"yoast-schema-graph\">{\"@context\":\"https:\/\/schema.org\",\"@graph\":[{\"@type\":\"WebPage\",\"@id\":\"https:\/\/www.gigroupholding.com\/czech\/cookie-policy\/\",\"url\":\"https:\/\/www.gigroupholding.com\/czech\/cookie-policy\/\",\"name\":\"Cookie Policy - Gi Group Holding Czech\",\"isPartOf\":{\"@id\":\"https:\/\/www.gigroupholding.com\/czech\/#website\"},\"datePublished\":\"2022-03-10T13:49:59+00:00\",\"dateModified\":\"2022-03-30T10:37:27+00:00\",\"inLanguage\":\"cs\",\"potentialAction\":[{\"@type\":\"ReadAction\",\"target\":[\"https:\/\/www.gigroupholding.com\/czech\/cookie-policy\/\"]}]},{\"@type\":\"WebSite\",\"@id\":\"https:\/\/www.gigroupholding.com\/czech\/#website\",\"url\":\"https:\/\/www.gigroupholding.com\/czech\/\",\"name\":\"Gi Group Holding Czech\",\"description\":\"\",\"potentialAction\":[{\"@type\":\"SearchAction\",\"target\":{\"@type\":\"EntryPoint\",\"urlTemplate\":\"https:\/\/www.gigroupholding.com\/czech\/?s={search_term_string}\"},\"query-input\":{\"@type\":\"PropertyValueSpecification\",\"valueRequired\":true,\"valueName\":\"search_term_string\"}}],\"inLanguage\":\"cs\"}]}<\/script>\n<!-- \/ Yoast SEO plugin. -->","yoast_head_json":{"title":"Cookie Policy - Gi Group Holding Czech","robots":{"index":"index","follow":"follow","max-snippet":"max-snippet:-1","max-image-preview":"max-image-preview:large","max-video-preview":"max-video-preview:-1"},"canonical":"https:\/\/www.gigroupholding.com\/czech\/cookie-policy\/","og_locale":"cs_CZ","og_type":"article","og_title":"Cookie Policy - Gi Group Holding Czech","og_description":"Cookie Policy Na\u0161e internetov\u00e9 str\u00e1nky pou\u017e\u00edvaj\u00ed soubory cookie. Soubor cookie je jednoduch\u00fd textov\u00fd soubor (obvykle o velikosti n\u011bkolika kilobyt\u016f), kter\u00fd internetov\u00e9 str\u00e1nky pos\u00edlaj\u00ed webov\u00e9mu prohl\u00ed\u017ee\u010di u\u017eivatele, kdy\u017e u\u017eivatel nav\u0161t\u00edv\u00ed internetov\u00e9 str\u00e1nky. Cookies pln\u00ed celou \u0159adu n\u00ed\u017ee popsan\u00fdch funkc\u00ed, d\u00edky nim\u017e bude Va\u0161e p\u0159\u00ed\u0161t\u00ed n\u00e1v\u0161t\u011bva na\u0161ich internetov\u00fdch str\u00e1nek jednodu\u0161\u0161\u00ed a produktivn\u011bj\u0161\u00ed. Soubory cookie jsou d\u016fle\u017eit\u00e9. Bez [&hellip;]","og_url":"https:\/\/www.gigroupholding.com\/czech\/cookie-policy\/","og_site_name":"Gi Group Holding Czech","article_modified_time":"2022-03-30T10:37:27+00:00","twitter_card":"summary_large_image","twitter_misc":{"Odhadovan\u00e1 doba \u010dten\u00ed":"4 minuty"},"schema":{"@context":"https:\/\/schema.org","@graph":[{"@type":"WebPage","@id":"https:\/\/www.gigroupholding.com\/czech\/cookie-policy\/","url":"https:\/\/www.gigroupholding.com\/czech\/cookie-policy\/","name":"Cookie Policy - Gi Group Holding Czech","isPartOf":{"@id":"https:\/\/www.gigroupholding.com\/czech\/#website"},"datePublished":"2022-03-10T13:49:59+00:00","dateModified":"2022-03-30T10:37:27+00:00","inLanguage":"cs","potentialAction":[{"@type":"ReadAction","target":["https:\/\/www.gigroupholding.com\/czech\/cookie-policy\/"]}]},{"@type":"WebSite","@id":"https:\/\/www.gigroupholding.com\/czech\/#website","url":"https:\/\/www.gigroupholding.com\/czech\/","name":"Gi Group Holding Czech","description":"","potentialAction":[{"@type":"SearchAction","target":{"@type":"EntryPoint","urlTemplate":"https:\/\/www.gigroupholding.com\/czech\/?s={search_term_string}"},"query-input":{"@type":"PropertyValueSpecification","valueRequired":true,"valueName":"search_term_string"}}],"inLanguage":"cs"}]}},"_links":{"self":[{"href":"https:\/\/www.gigroupholding.com\/czech\/wp-json\/wp\/v2\/pages\/8194","targetHints":{"allow":["GET"]}}],"collection":[{"href":"https:\/\/www.gigroupholding.com\/czech\/wp-json\/wp\/v2\/pages"}],"about":[{"href":"https:\/\/www.gigroupholding.com\/czech\/wp-json\/wp\/v2\/types\/page"}],"author":[{"embeddable":true,"href":"https:\/\/www.gigroupholding.com\/czech\/wp-json\/wp\/v2\/users\/1"}],"replies":[{"embeddable":true,"href":"https:\/\/www.gigroupholding.com\/czech\/wp-json\/wp\/v2\/comments?post=8194"}],"version-history":[{"count":11,"href":"https:\/\/www.gigroupholding.com\/czech\/wp-json\/wp\/v2\/pages\/8194\/revisions"}],"predecessor-version":[{"id":8624,"href":"https:\/\/www.gigroupholding.com\/czech\/wp-json\/wp\/v2\/pages\/8194\/revisions\/8624"}],"wp:attachment":[{"href":"https:\/\/www.gigroupholding.com\/czech\/wp-json\/wp\/v2\/media?parent=8194"}],"curies":[{"name":"wp","href":"https:\/\/api.w.org\/{rel}","templated":true}]}}