{"id":8192,"date":"2022-03-10T13:49:49","date_gmt":"2022-03-10T13:49:49","guid":{"rendered":"https:\/\/gigroup.draft2017.com\/czech\/?page_id=8192"},"modified":"2022-03-30T10:35:14","modified_gmt":"2022-03-30T10:35:14","slug":"privacy-policy","status":"publish","type":"page","link":"https:\/\/www.gigroupholding.com\/czech\/privacy-policy\/","title":{"rendered":"Privacy Policy"},"content":{"rendered":"\t\t<div data-elementor-type=\"wp-page\" data-elementor-id=\"8192\" class=\"elementor elementor-8192\" data-elementor-post-type=\"page\">\n\t\t\t\t\t\t<section class=\"elementor-section elementor-top-section elementor-element elementor-element-18982de header_line_left elementor-section-boxed elementor-section-height-default elementor-section-height-default\" data-id=\"18982de\" data-element_type=\"section\" data-settings=\"{&quot;background_background&quot;:&quot;classic&quot;}\">\n\t\t\t\t\t\t<div class=\"elementor-container elementor-column-gap-default\">\n\t\t\t\t\t<div class=\"elementor-column elementor-col-100 elementor-top-column elementor-element elementor-element-8a0d410\" data-id=\"8a0d410\" data-element_type=\"column\">\n\t\t\t<div class=\"elementor-widget-wrap elementor-element-populated\">\n\t\t\t\t\t\t<div class=\"elementor-element elementor-element-04c2db2 elementor-widget elementor-widget-heading\" data-id=\"04c2db2\" data-element_type=\"widget\" data-widget_type=\"heading.default\">\n\t\t\t\t<div class=\"elementor-widget-container\">\n\t\t\t<h1 class=\"elementor-heading-title elementor-size-default\">Privacy Policy<\/h1>\t\t<\/div>\n\t\t\t\t<\/div>\n\t\t\t\t<div class=\"elementor-element elementor-element-ca80868 elementor-widget elementor-widget-spacer\" data-id=\"ca80868\" data-element_type=\"widget\" data-widget_type=\"spacer.default\">\n\t\t\t\t<div class=\"elementor-widget-container\">\n\t\t\t\t\t<div class=\"elementor-spacer\">\n\t\t\t<div class=\"elementor-spacer-inner\"><\/div>\n\t\t<\/div>\n\t\t\t\t<\/div>\n\t\t\t\t<\/div>\n\t\t\t\t\t<\/div>\n\t\t<\/div>\n\t\t\t\t\t<\/div>\n\t\t<\/section>\n\t\t\t\t<section class=\"elementor-section elementor-top-section elementor-element elementor-element-7c28c01 elementor-section-boxed elementor-section-height-default elementor-section-height-default\" data-id=\"7c28c01\" data-element_type=\"section\">\n\t\t\t\t\t\t<div class=\"elementor-container elementor-column-gap-default\">\n\t\t\t\t\t<div class=\"elementor-column elementor-col-100 elementor-top-column elementor-element elementor-element-5154832 max-width-940\" data-id=\"5154832\" data-element_type=\"column\">\n\t\t\t<div class=\"elementor-widget-wrap elementor-element-populated\">\n\t\t\t\t\t\t<div class=\"elementor-element elementor-element-0f62fc4 elementor-widget elementor-widget-text-editor\" data-id=\"0f62fc4\" data-element_type=\"widget\" data-widget_type=\"text-editor.default\">\n\t\t\t\t<div class=\"elementor-widget-container\">\n\t\t\t\t\t\t\t<h3><strong>dle \u010dl. 13 Na\u0159\u00edzen\u00ed Evropsk\u00e9ho parlamentu a Rady (EU) 2016\/679 ze dne 27. dubna 2016 (obecn\u00e9 na\u0159\u00edzen\u00ed o ohran\u011b osobn\u00edch \u00fadaj\u016f) (d\u00e1le jen \u201eGDPR\u201c),<\/strong><\/h3><p>\u00a0<\/p><p><strong>Kdo je spr\u00e1vce \u00fadaj\u016f?<\/strong><\/p><p>Grafton Recruitment s.r.o., I\u010cO: 62583344, se s\u00eddlem Na Po\u0159\u00ed\u010d\u00ed 1079 \/ 3a, Nov\u00e9 M\u011bsto, 110 00 Praha 1.<\/p><p><strong>Jak m\u016f\u017eete kontaktovat pov\u011b\u0159ence pro ochranu \u00fadaj\u016f (\u201edpo\u201c)?<\/strong><\/p><p>Pokud budete m\u00edt jak\u00e9koliv dotazy t\u00fdkaj\u00edc\u00ed se zpracov\u00e1n\u00ed Va\u0161ich osobn\u00edch \u00fadaj\u016f, kontaktujte pros\u00edm na\u0161eho pov\u011b\u0159ence pro ochranu osobn\u00edch \u00fadaj\u016f na e-mailov\u00e9 adrese: dpo.cz@grafton.cz.<\/p><p>\u00a0<\/p>\t\t\t\t\t\t<\/div>\n\t\t\t\t<\/div>\n\t\t\t\t<div class=\"elementor-element elementor-element-bbce3e9 elementor-widget elementor-widget-accordion\" data-id=\"bbce3e9\" data-element_type=\"widget\" data-widget_type=\"accordion.default\">\n\t\t\t\t<div class=\"elementor-widget-container\">\n\t\t\t\t\t<div class=\"elementor-accordion\">\n\t\t\t\t\t\t\t<div class=\"elementor-accordion-item\">\n\t\t\t\t\t<div id=\"elementor-tab-title-1961\" class=\"elementor-tab-title\" data-tab=\"1\" role=\"button\" aria-controls=\"elementor-tab-content-1961\" aria-expanded=\"false\">\n\t\t\t\t\t\t\t\t\t\t\t\t\t<span class=\"elementor-accordion-icon elementor-accordion-icon-left\" aria-hidden=\"true\">\n\t\t\t\t\t\t\t\t\t\t\t\t\t\t\t<span class=\"elementor-accordion-icon-closed\"><i class=\"fas fa-plus\"><\/i><\/span>\n\t\t\t\t\t\t\t\t<span class=\"elementor-accordion-icon-opened\"><i class=\"fas fa-minus\"><\/i><\/span>\n\t\t\t\t\t\t\t\t\t\t\t\t\t\t<\/span>\n\t\t\t\t\t\t\t\t\t\t\t\t<a class=\"elementor-accordion-title\" tabindex=\"0\">Za jak\u00fdm \u00fa\u010delem zpracov\u00e1v\u00e1me va\u0161e osobn\u00ed \u00fadaje a jak\u00fd je pr\u00e1vn\u00ed r\u00e1mec zpracov\u00e1n\u00ed? <\/a>\n\t\t\t\t\t<\/div>\n\t\t\t\t\t<div id=\"elementor-tab-content-1961\" class=\"elementor-tab-content elementor-clearfix\" data-tab=\"1\" role=\"region\" aria-labelledby=\"elementor-tab-title-1961\"><p><strong>Odpov\u011b\u010f na \u017e\u00e1dost z\u00a0kontaktn\u00edho formul\u00e1\u0159e<\/strong><\/p><p>Zpracov\u00e1n\u00ed osobn\u00edch \u00fadaj\u016f se prov\u00e1d\u00ed za \u00fa\u010delem poskytnout V\u00e1m informace o slu\u017eb\u00e1ch nab\u00edzen\u00fdch spole\u010dnostmi skupiny Gi Group. Spr\u00e1vce m\u016f\u017ee poskytnout Va\u0161e kontaktn\u00ed \u00fadaje partnersk\u00e9 spole\u010dnosti ze skupiny GI Group p\u016fsob\u00edc\u00ed v\u00a0\u010cesk\u00e9 republice za \u00fa\u010delem zaji\u0161t\u011bn\u00ed spr\u00e1vn\u00e9 a \u00fapln\u00e9 odpov\u011bdi na V\u00e1\u0161 dotaz.<\/p><p>V\u00a0souladu s\u00a0ustanoven\u00edm \u010d. 6 odst. 1 p\u00edsm. B) GDPR je zpracov\u00e1n\u00ed nezbytn\u00e9 pro spln\u011bn\u00ed smlouvy, jej\u00ed\u017e smluvn\u00ed stranou je subjekt \u00fadaj\u016f, \u010di pro proveden\u00ed opat\u0159en\u00ed p\u0159ijat\u00fdch p\u0159ed uzav\u0159en\u00edm smlouvy na \u017e\u00e1dost tohoto subjektu \u00fadaj\u016f.<\/p><\/div>\n\t\t\t\t<\/div>\n\t\t\t\t\t\t\t<div class=\"elementor-accordion-item\">\n\t\t\t\t\t<div id=\"elementor-tab-title-1962\" class=\"elementor-tab-title\" data-tab=\"2\" role=\"button\" aria-controls=\"elementor-tab-content-1962\" aria-expanded=\"false\">\n\t\t\t\t\t\t\t\t\t\t\t\t\t<span class=\"elementor-accordion-icon elementor-accordion-icon-left\" aria-hidden=\"true\">\n\t\t\t\t\t\t\t\t\t\t\t\t\t\t\t<span class=\"elementor-accordion-icon-closed\"><i class=\"fas fa-plus\"><\/i><\/span>\n\t\t\t\t\t\t\t\t<span class=\"elementor-accordion-icon-opened\"><i class=\"fas fa-minus\"><\/i><\/span>\n\t\t\t\t\t\t\t\t\t\t\t\t\t\t<\/span>\n\t\t\t\t\t\t\t\t\t\t\t\t<a class=\"elementor-accordion-title\" tabindex=\"0\">Jak dlouho uchov\u00e1v\u00e1me va\u0161e osobn\u00ed \u00fadaje?<\/a>\n\t\t\t\t\t<\/div>\n\t\t\t\t\t<div id=\"elementor-tab-content-1962\" class=\"elementor-tab-content elementor-clearfix\" data-tab=\"2\" role=\"region\" aria-labelledby=\"elementor-tab-title-1962\"><p>\u00dadaje budou uchov\u00e1v\u00e1ny po dobu nezbytnou ke zpracov\u00e1n\u00ed odpov\u011bdi na V\u00e1\u0161 dotaz z\u00a0kontaktn\u00edho formul\u00e1\u0159e.<\/p><p>Jakmile uplynou v\u00fd\u0161e uveden\u00e9 podm\u00ednky uchov\u00e1n\u00ed, osobn\u00ed \u00fadaje budou zlikvidov\u00e1ny.<\/p><\/div>\n\t\t\t\t<\/div>\n\t\t\t\t\t\t\t<div class=\"elementor-accordion-item\">\n\t\t\t\t\t<div id=\"elementor-tab-title-1963\" class=\"elementor-tab-title\" data-tab=\"3\" role=\"button\" aria-controls=\"elementor-tab-content-1963\" aria-expanded=\"false\">\n\t\t\t\t\t\t\t\t\t\t\t\t\t<span class=\"elementor-accordion-icon elementor-accordion-icon-left\" aria-hidden=\"true\">\n\t\t\t\t\t\t\t\t\t\t\t\t\t\t\t<span class=\"elementor-accordion-icon-closed\"><i class=\"fas fa-plus\"><\/i><\/span>\n\t\t\t\t\t\t\t\t<span class=\"elementor-accordion-icon-opened\"><i class=\"fas fa-minus\"><\/i><\/span>\n\t\t\t\t\t\t\t\t\t\t\t\t\t\t<\/span>\n\t\t\t\t\t\t\t\t\t\t\t\t<a class=\"elementor-accordion-title\" tabindex=\"0\">Jste povinni poskytovat osobn\u00ed \u00fadaje?<\/a>\n\t\t\t\t\t<\/div>\n\t\t\t\t\t<div id=\"elementor-tab-content-1963\" class=\"elementor-tab-content elementor-clearfix\" data-tab=\"3\" role=\"region\" aria-labelledby=\"elementor-tab-title-1963\"><p>Poskytnut\u00ed osobn\u00edch \u00fadaj\u016f ozna\u010den\u00fdch ve formul\u00e1\u0159i hv\u011bzdi\u010dkou je povinn\u00e9: odm\u00edtnut\u00ed poskytnut\u00ed t\u011bchto osobn\u00edch \u00fadaj\u016f znemo\u017en\u00ed spole\u010dnosti Grafton Recruitment s.r.o. odpov\u011bd\u011bt na V\u00e1\u0161 dotaz z\u00a0kontaktn\u00edho formul\u00e1\u0159e.<\/p><\/div>\n\t\t\t\t<\/div>\n\t\t\t\t\t\t\t<div class=\"elementor-accordion-item\">\n\t\t\t\t\t<div id=\"elementor-tab-title-1964\" class=\"elementor-tab-title\" data-tab=\"4\" role=\"button\" aria-controls=\"elementor-tab-content-1964\" aria-expanded=\"false\">\n\t\t\t\t\t\t\t\t\t\t\t\t\t<span class=\"elementor-accordion-icon elementor-accordion-icon-left\" aria-hidden=\"true\">\n\t\t\t\t\t\t\t\t\t\t\t\t\t\t\t<span class=\"elementor-accordion-icon-closed\"><i class=\"fas fa-plus\"><\/i><\/span>\n\t\t\t\t\t\t\t\t<span class=\"elementor-accordion-icon-opened\"><i class=\"fas fa-minus\"><\/i><\/span>\n\t\t\t\t\t\t\t\t\t\t\t\t\t\t<\/span>\n\t\t\t\t\t\t\t\t\t\t\t\t<a class=\"elementor-accordion-title\" tabindex=\"0\">Kdo jsou p\u0159\u00edjemci osobn\u00edch \u00fadaj\u016f?<\/a>\n\t\t\t\t\t<\/div>\n\t\t\t\t\t<div id=\"elementor-tab-content-1964\" class=\"elementor-tab-content elementor-clearfix\" data-tab=\"4\" role=\"region\" aria-labelledby=\"elementor-tab-title-1964\"><p>Osobn\u00ed \u00fadaje budou zpracov\u00e1vat v\u00fdhradn\u011b \u0159\u00e1dn\u011b pro\u0161kolen\u00ed zam\u011bstnanci spr\u00e1vce pov\u011b\u0159en\u00ed zpracov\u00e1n\u00edm \u00fadaj\u016f pro v\u00fd\u0161e uveden\u00e9 \u00fa\u010dely.<\/p><p>Osobn\u00ed \u00fadaje mohou b\u00fdt zp\u0159\u00edstupn\u011bny spole\u010dnostem ze skupiny Gi Group p\u016fsob\u00edc\u00ed v\u00a0\u010cesk\u00e9 republice nebo mimo ni, pokud se dotaz t\u00fdk\u00e1 slu\u017eeb nab\u00edzen\u00fdch t\u011bmito spole\u010dnostmi skupiny. Tyto spole\u010dnosti jsou v\u00a0takov\u00e9m p\u0159\u00edpad\u011b nez\u00e1visl\u00fdmi spr\u00e1vci va\u0161ich osobn\u00edch \u00fadaj\u016f.<\/p><p>Va\u0161e osobn\u00ed \u00fadaje mohou b\u00fdt d\u00e1le poskytov\u00e1ny opr\u00e1vn\u011bn\u00fdm st\u00e1tn\u00edm \u00fa\u0159ad\u016fm, instituc\u00edm \u010di dal\u0161\u00edm entit\u00e1m za spln\u011bn\u00ed p\u0159\u00edslu\u0161n\u00fdch z\u00e1konn\u00fdch podm\u00ednek. Tam, kde to vy\u017eaduje \u00fa\u010del zpracov\u00e1n\u00ed, mohou b\u00fdt Va\u0161e osobn\u00ed \u00fadaje p\u0159ed\u00e1ny na\u0161im extern\u00edm dodavatel\u016fm, kte\u0159\u00ed n\u00e1m poskytuj\u00ed podporu b\u011bhem poskytov\u00e1n\u00ed p\u0159edm\u011btn\u00fdch slu\u017eeb. Tito extern\u00ed dodavatel\u00e9 mohou b\u00fdt v pozici zpracovatel\u016f Va\u0161ich osobn\u00edch \u00fadaj\u016f, v kter\u00e9m\u017eto p\u0159\u00edpad\u011b doch\u00e1z\u00ed v\u017edy k uzav\u0159en\u00ed zpracovatelsk\u00e9 smlouvy s t\u011bmito dodavateli<\/p><p>Seznam p\u0159\u00edjemc\u016f \u00fadaj\u016f lze z\u00edskat e-mailem, sv\u016fj dotaz napi\u0161te na adresu <a href=\"mailto:dpo.cz@grafton.cz\">dpo.cz@grafton.cz<\/a>.<\/p><\/div>\n\t\t\t\t<\/div>\n\t\t\t\t\t\t\t<div class=\"elementor-accordion-item\">\n\t\t\t\t\t<div id=\"elementor-tab-title-1965\" class=\"elementor-tab-title\" data-tab=\"5\" role=\"button\" aria-controls=\"elementor-tab-content-1965\" aria-expanded=\"false\">\n\t\t\t\t\t\t\t\t\t\t\t\t\t<span class=\"elementor-accordion-icon elementor-accordion-icon-left\" aria-hidden=\"true\">\n\t\t\t\t\t\t\t\t\t\t\t\t\t\t\t<span class=\"elementor-accordion-icon-closed\"><i class=\"fas fa-plus\"><\/i><\/span>\n\t\t\t\t\t\t\t\t<span class=\"elementor-accordion-icon-opened\"><i class=\"fas fa-minus\"><\/i><\/span>\n\t\t\t\t\t\t\t\t\t\t\t\t\t\t<\/span>\n\t\t\t\t\t\t\t\t\t\t\t\t<a class=\"elementor-accordion-title\" tabindex=\"0\">P\u0159ed\u00e1v\u00e1n\u00ed \u00fadaj\u016f do t\u0159et\u00edch zem\u00ed<\/a>\n\t\t\t\t\t<\/div>\n\t\t\t\t\t<div id=\"elementor-tab-content-1965\" class=\"elementor-tab-content elementor-clearfix\" data-tab=\"5\" role=\"region\" aria-labelledby=\"elementor-tab-title-1965\"><p>\u00dadaje lze p\u0159ed\u00e1vat do zahrani\u010d\u00ed do zem\u00ed, kter\u00e9 nepat\u0159\u00ed do EHP, a to zejm\u00e9na:<\/p><ul><li>Argentina, \u0160v\u00fdcarsko a Spojen\u00e9 kr\u00e1lovstv\u00ed, jejich\u017e \u00farove\u0148 ochrany \u00fadaj\u016f je Evropskou komis\u00ed pova\u017eov\u00e1na za p\u0159im\u011b\u0159enou podle \u010dl. 45 GDPR,<\/li><li>Braz\u00edlie, \u010c\u00edna, Kolumbie, Hong Kong, Indie, \u010cern\u00e1 Hora, Rusko, Srbsko, Turecko, p\u0159i podpisu Standardn\u00edch smluvn\u00edch dolo\u017eek p\u0159ijat\u00fdch \/ schv\u00e1len\u00fdch Evropskou komis\u00ed podle \u010dl. 46 odst. 2 p\u00edsm. c) a d) GDPR.<\/li><\/ul><p>Rozhodnut\u00ed o p\u0159im\u011b\u0159enosti lze konzultovat na n\u00e1sleduj\u00edc\u00edm odkazu: https:\/\/ec.europa.eu\/info\/law\/law-topic\/data-protection\/international-dimension-data-protection\/adequacy-decisions_en<\/p><p>Kopii standardn\u00edch smluvn\u00edch dolo\u017eek podepsan\u00fdch Grafton Recruitment lze z\u00edskat zasl\u00e1n\u00edm e-mailu na <a href=\"mailto:dpo.cz@grafton.cz\">dpo.cz@grafton.cz<\/a><\/p><\/div>\n\t\t\t\t<\/div>\n\t\t\t\t\t\t\t<div class=\"elementor-accordion-item\">\n\t\t\t\t\t<div id=\"elementor-tab-title-1966\" class=\"elementor-tab-title\" data-tab=\"6\" role=\"button\" aria-controls=\"elementor-tab-content-1966\" aria-expanded=\"false\">\n\t\t\t\t\t\t\t\t\t\t\t\t\t<span class=\"elementor-accordion-icon elementor-accordion-icon-left\" aria-hidden=\"true\">\n\t\t\t\t\t\t\t\t\t\t\t\t\t\t\t<span class=\"elementor-accordion-icon-closed\"><i class=\"fas fa-plus\"><\/i><\/span>\n\t\t\t\t\t\t\t\t<span class=\"elementor-accordion-icon-opened\"><i class=\"fas fa-minus\"><\/i><\/span>\n\t\t\t\t\t\t\t\t\t\t\t\t\t\t<\/span>\n\t\t\t\t\t\t\t\t\t\t\t\t<a class=\"elementor-accordion-title\" tabindex=\"0\">Jak\u00e1 jsou pr\u00e1va subjekt\u016f \u00fadaj\u016f?<\/a>\n\t\t\t\t\t<\/div>\n\t\t\t\t\t<div id=\"elementor-tab-content-1966\" class=\"elementor-tab-content elementor-clearfix\" data-tab=\"6\" role=\"region\" aria-labelledby=\"elementor-tab-title-1966\"><p>M\u00e1te pr\u00e1vo po\u017eadovat informace o sv\u00fdch osobn\u00edch \u00fadaj\u00edch a rovn\u011b\u017e pr\u00e1vo na p\u0159\u00edstup k nim. D\u00e1le m\u00e1te pr\u00e1vo po n\u00e1s po\u017eadovat, abychom Va\u0161e osobn\u00ed \u00fadaje opravili nebo smazali nebo omezili jejich zpracov\u00e1v\u00e1n\u00ed. Rovn\u011b\u017e m\u016f\u017eete vzn\u00e1\u0161et n\u00e1mitky v\u016f\u010di zpracov\u00e1v\u00e1n\u00ed sv\u00fdch osobn\u00edch \u00fadaj\u016f nebo po\u017eadovat p\u0159enositelnost t\u011bchto \u00fadaj\u016f. M\u011bjte v\u0161ak pros\u00edm na pam\u011bti, \u017ee ne v\u017edy se mus\u00edme \u0159\u00eddit Va\u0161imi po\u017eadavky, zejm\u00e9na tehdy, bude-li zpracov\u00e1n\u00ed uskute\u010d\u0148ov\u00e1no na z\u00e1klad\u011b z\u00e1kona nebo na\u0161eho opr\u00e1vn\u011bn\u00e9ho z\u00e1jmu.<\/p><p>Va\u0161e pr\u00e1va lze uplatnit zasl\u00e1n\u00edm e-mailu na adresu <a href=\"mailto:dpo.cz@grafton.cz\">dpo.cz@grafton.cz<\/a>.<\/p><p>Rovn\u011b\u017e m\u00e1te pr\u00e1vo adresovat sv\u016fj n\u00e1rok, st\u00ed\u017enost \u010di jin\u00fd dotaz p\u0159\u00edmo na \u00da\u0159ad pro ochranu osobn\u00edch \u00fadaj\u016f.<\/p><\/div>\n\t\t\t\t<\/div>\n\t\t\t\t\t\t\t<div class=\"elementor-accordion-item\">\n\t\t\t\t\t<div id=\"elementor-tab-title-1967\" class=\"elementor-tab-title\" data-tab=\"7\" role=\"button\" aria-controls=\"elementor-tab-content-1967\" aria-expanded=\"false\">\n\t\t\t\t\t\t\t\t\t\t\t\t\t<span class=\"elementor-accordion-icon elementor-accordion-icon-left\" aria-hidden=\"true\">\n\t\t\t\t\t\t\t\t\t\t\t\t\t\t\t<span class=\"elementor-accordion-icon-closed\"><i class=\"fas fa-plus\"><\/i><\/span>\n\t\t\t\t\t\t\t\t<span class=\"elementor-accordion-icon-opened\"><i class=\"fas fa-minus\"><\/i><\/span>\n\t\t\t\t\t\t\t\t\t\t\t\t\t\t<\/span>\n\t\t\t\t\t\t\t\t\t\t\t\t<a class=\"elementor-accordion-title\" tabindex=\"0\">Jak m\u016f\u017eete odvolat sv\u016fj souhlas?<\/a>\n\t\t\t\t\t<\/div>\n\t\t\t\t\t<div id=\"elementor-tab-content-1967\" class=\"elementor-tab-content elementor-clearfix\" data-tab=\"7\" role=\"region\" aria-labelledby=\"elementor-tab-title-1967\"><p>Sv\u016fj souhlas se zpracov\u00e1n\u00edm osobn\u00edch \u00fadaj\u016f prov\u00e1d\u011bn\u00fdm pro \u00fa\u010dely p\u0159\u00edm\u00e9ho marketingu m\u016f\u017eete kdykoli odvolat p\u00edsemn\u00fdm ozn\u00e1men\u00edm na e-mailovou adresu: <a href=\"mailto:dpo.cz@grafton.cz\">dpo.cz@grafton.cz<\/a> a\/nebo kliknut\u00edm na p\u0159\u00edslu\u0161n\u00fd odkaz obsa\u017een\u00fd v\u00a0dan\u00e9m sd\u011blen\u00ed, kter\u00e9 V\u00e1m bude zasl\u00e1no.<\/p><p>Odvol\u00e1n\u00edm souhlasu nen\u00ed dot\u010dena z\u00e1konnost zpracov\u00e1n\u00ed zalo\u017een\u00e9ho na souhlasu p\u0159ed odvol\u00e1n\u00edm.<\/p><\/div>\n\t\t\t\t<\/div>\n\t\t\t\t\t\t\t\t<\/div>\n\t\t\t\t<\/div>\n\t\t\t\t<\/div>\n\t\t\t\t\t<\/div>\n\t\t<\/div>\n\t\t\t\t\t<\/div>\n\t\t<\/section>\n\t\t\t\t<section class=\"elementor-section elementor-top-section elementor-element elementor-element-2b69ad5 elementor-section-boxed elementor-section-height-default elementor-section-height-default\" data-id=\"2b69ad5\" data-element_type=\"section\">\n\t\t\t\t\t\t<div class=\"elementor-container elementor-column-gap-default\">\n\t\t\t\t\t<div class=\"elementor-column elementor-col-50 elementor-top-column elementor-element elementor-element-06f2ce1\" data-id=\"06f2ce1\" data-element_type=\"column\">\n\t\t\t<div class=\"elementor-widget-wrap elementor-element-populated\">\n\t\t\t\t\t\t<div class=\"elementor-element elementor-element-b366bd3 elementor-widget elementor-widget-button\" data-id=\"b366bd3\" data-element_type=\"widget\" data-widget_type=\"button.default\">\n\t\t\t\t<div class=\"elementor-widget-container\">\n\t\t\t\t\t\t\t<div class=\"elementor-button-wrapper\">\n\t\t\t\t\t<a class=\"elementor-button elementor-button-link elementor-size-sm\" href=\"https:\/\/www.gigroupholding.com\/czech\/cookie-policy\/\">\n\t\t\t\t\t\t<span class=\"elementor-button-content-wrapper\">\n\t\t\t\t\t\t\t\t\t<span class=\"elementor-button-text\">Z\u00e1sady pou\u017e\u00edv\u00e1n\u00ed cookies<\/span>\n\t\t\t\t\t<\/span>\n\t\t\t\t\t<\/a>\n\t\t\t\t<\/div>\n\t\t\t\t\t\t<\/div>\n\t\t\t\t<\/div>\n\t\t\t\t\t<\/div>\n\t\t<\/div>\n\t\t\t\t<div class=\"elementor-column elementor-col-50 elementor-top-column elementor-element elementor-element-1fa2846\" data-id=\"1fa2846\" data-element_type=\"column\">\n\t\t\t<div class=\"elementor-widget-wrap\">\n\t\t\t\t\t\t\t<\/div>\n\t\t<\/div>\n\t\t\t\t\t<\/div>\n\t\t<\/section>\n\t\t\t\t<\/div>\n\t\t","protected":false},"excerpt":{"rendered":"<p>Privacy Policy dle \u010dl. 13 Na\u0159\u00edzen\u00ed Evropsk\u00e9ho parlamentu a Rady (EU) 2016\/679 ze dne 27. dubna 2016 (obecn\u00e9 na\u0159\u00edzen\u00ed o ohran\u011b osobn\u00edch \u00fadaj\u016f) (d\u00e1le jen \u201eGDPR\u201c), \u00a0 Kdo je spr\u00e1vce \u00fadaj\u016f? Grafton Recruitment s.r.o., I\u010cO: 62583344, se s\u00eddlem Na Po\u0159\u00ed\u010d\u00ed 1079 \/ 3a, Nov\u00e9 M\u011bsto, 110 00 Praha 1. Jak m\u016f\u017eete kontaktovat pov\u011b\u0159ence pro ochranu [&hellip;]<\/p>\n","protected":false},"author":1,"featured_media":0,"parent":0,"menu_order":0,"comment_status":"closed","ping_status":"closed","template":"","meta":{"_acf_changed":false,"footnotes":"","_links_to":"","_links_to_target":""},"class_list":["post-8192","page","type-page","status-publish","hentry"],"acf":[],"yoast_head":"<!-- This site is optimized with the Yoast SEO plugin v23.9 - https:\/\/yoast.com\/wordpress\/plugins\/seo\/ -->\n<title>Privacy Policy - Gi Group Holding Czech<\/title>\n<meta name=\"robots\" content=\"index, follow, max-snippet:-1, max-image-preview:large, max-video-preview:-1\" \/>\n<link rel=\"canonical\" href=\"https:\/\/www.gigroupholding.com\/czech\/privacy-policy\/\" \/>\n<meta property=\"og:locale\" content=\"cs_CZ\" \/>\n<meta property=\"og:type\" content=\"article\" \/>\n<meta property=\"og:title\" content=\"Privacy Policy - Gi Group Holding Czech\" \/>\n<meta property=\"og:description\" content=\"Privacy Policy dle \u010dl. 13 Na\u0159\u00edzen\u00ed Evropsk\u00e9ho parlamentu a Rady (EU) 2016\/679 ze dne 27. dubna 2016 (obecn\u00e9 na\u0159\u00edzen\u00ed o ohran\u011b osobn\u00edch \u00fadaj\u016f) (d\u00e1le jen \u201eGDPR\u201c), \u00a0 Kdo je spr\u00e1vce \u00fadaj\u016f? Grafton Recruitment s.r.o., I\u010cO: 62583344, se s\u00eddlem Na Po\u0159\u00ed\u010d\u00ed 1079 \/ 3a, Nov\u00e9 M\u011bsto, 110 00 Praha 1. Jak m\u016f\u017eete kontaktovat pov\u011b\u0159ence pro ochranu [&hellip;]\" \/>\n<meta property=\"og:url\" content=\"https:\/\/www.gigroupholding.com\/czech\/privacy-policy\/\" \/>\n<meta property=\"og:site_name\" content=\"Gi Group Holding Czech\" \/>\n<meta property=\"article:modified_time\" content=\"2022-03-30T10:35:14+00:00\" \/>\n<meta name=\"twitter:card\" content=\"summary_large_image\" \/>\n<meta name=\"twitter:label1\" content=\"Odhadovan\u00e1 doba \u010dten\u00ed\" \/>\n\t<meta name=\"twitter:data1\" content=\"3 minuty\" \/>\n<script type=\"application\/ld+json\" class=\"yoast-schema-graph\">{\"@context\":\"https:\/\/schema.org\",\"@graph\":[{\"@type\":\"WebPage\",\"@id\":\"https:\/\/www.gigroupholding.com\/czech\/privacy-policy\/\",\"url\":\"https:\/\/www.gigroupholding.com\/czech\/privacy-policy\/\",\"name\":\"Privacy Policy - Gi Group Holding Czech\",\"isPartOf\":{\"@id\":\"https:\/\/www.gigroupholding.com\/czech\/#website\"},\"datePublished\":\"2022-03-10T13:49:49+00:00\",\"dateModified\":\"2022-03-30T10:35:14+00:00\",\"inLanguage\":\"cs\",\"potentialAction\":[{\"@type\":\"ReadAction\",\"target\":[\"https:\/\/www.gigroupholding.com\/czech\/privacy-policy\/\"]}]},{\"@type\":\"WebSite\",\"@id\":\"https:\/\/www.gigroupholding.com\/czech\/#website\",\"url\":\"https:\/\/www.gigroupholding.com\/czech\/\",\"name\":\"Gi Group Holding Czech\",\"description\":\"\",\"potentialAction\":[{\"@type\":\"SearchAction\",\"target\":{\"@type\":\"EntryPoint\",\"urlTemplate\":\"https:\/\/www.gigroupholding.com\/czech\/?s={search_term_string}\"},\"query-input\":{\"@type\":\"PropertyValueSpecification\",\"valueRequired\":true,\"valueName\":\"search_term_string\"}}],\"inLanguage\":\"cs\"}]}<\/script>\n<!-- \/ Yoast SEO plugin. -->","yoast_head_json":{"title":"Privacy Policy - Gi Group Holding Czech","robots":{"index":"index","follow":"follow","max-snippet":"max-snippet:-1","max-image-preview":"max-image-preview:large","max-video-preview":"max-video-preview:-1"},"canonical":"https:\/\/www.gigroupholding.com\/czech\/privacy-policy\/","og_locale":"cs_CZ","og_type":"article","og_title":"Privacy Policy - Gi Group Holding Czech","og_description":"Privacy Policy dle \u010dl. 13 Na\u0159\u00edzen\u00ed Evropsk\u00e9ho parlamentu a Rady (EU) 2016\/679 ze dne 27. dubna 2016 (obecn\u00e9 na\u0159\u00edzen\u00ed o ohran\u011b osobn\u00edch \u00fadaj\u016f) (d\u00e1le jen \u201eGDPR\u201c), \u00a0 Kdo je spr\u00e1vce \u00fadaj\u016f? Grafton Recruitment s.r.o., I\u010cO: 62583344, se s\u00eddlem Na Po\u0159\u00ed\u010d\u00ed 1079 \/ 3a, Nov\u00e9 M\u011bsto, 110 00 Praha 1. Jak m\u016f\u017eete kontaktovat pov\u011b\u0159ence pro ochranu [&hellip;]","og_url":"https:\/\/www.gigroupholding.com\/czech\/privacy-policy\/","og_site_name":"Gi Group Holding Czech","article_modified_time":"2022-03-30T10:35:14+00:00","twitter_card":"summary_large_image","twitter_misc":{"Odhadovan\u00e1 doba \u010dten\u00ed":"3 minuty"},"schema":{"@context":"https:\/\/schema.org","@graph":[{"@type":"WebPage","@id":"https:\/\/www.gigroupholding.com\/czech\/privacy-policy\/","url":"https:\/\/www.gigroupholding.com\/czech\/privacy-policy\/","name":"Privacy Policy - Gi Group Holding Czech","isPartOf":{"@id":"https:\/\/www.gigroupholding.com\/czech\/#website"},"datePublished":"2022-03-10T13:49:49+00:00","dateModified":"2022-03-30T10:35:14+00:00","inLanguage":"cs","potentialAction":[{"@type":"ReadAction","target":["https:\/\/www.gigroupholding.com\/czech\/privacy-policy\/"]}]},{"@type":"WebSite","@id":"https:\/\/www.gigroupholding.com\/czech\/#website","url":"https:\/\/www.gigroupholding.com\/czech\/","name":"Gi Group Holding Czech","description":"","potentialAction":[{"@type":"SearchAction","target":{"@type":"EntryPoint","urlTemplate":"https:\/\/www.gigroupholding.com\/czech\/?s={search_term_string}"},"query-input":{"@type":"PropertyValueSpecification","valueRequired":true,"valueName":"search_term_string"}}],"inLanguage":"cs"}]}},"_links":{"self":[{"href":"https:\/\/www.gigroupholding.com\/czech\/wp-json\/wp\/v2\/pages\/8192","targetHints":{"allow":["GET"]}}],"collection":[{"href":"https:\/\/www.gigroupholding.com\/czech\/wp-json\/wp\/v2\/pages"}],"about":[{"href":"https:\/\/www.gigroupholding.com\/czech\/wp-json\/wp\/v2\/types\/page"}],"author":[{"embeddable":true,"href":"https:\/\/www.gigroupholding.com\/czech\/wp-json\/wp\/v2\/users\/1"}],"replies":[{"embeddable":true,"href":"https:\/\/www.gigroupholding.com\/czech\/wp-json\/wp\/v2\/comments?post=8192"}],"version-history":[{"count":17,"href":"https:\/\/www.gigroupholding.com\/czech\/wp-json\/wp\/v2\/pages\/8192\/revisions"}],"predecessor-version":[{"id":8621,"href":"https:\/\/www.gigroupholding.com\/czech\/wp-json\/wp\/v2\/pages\/8192\/revisions\/8621"}],"wp:attachment":[{"href":"https:\/\/www.gigroupholding.com\/czech\/wp-json\/wp\/v2\/media?parent=8192"}],"curies":[{"name":"wp","href":"https:\/\/api.w.org\/{rel}","templated":true}]}}