{"id":7322,"date":"2022-02-08T11:36:47","date_gmt":"2022-02-08T11:36:47","guid":{"rendered":"https:\/\/gigroup.draft2017.com\/czech\/?page_id=7322"},"modified":"2022-02-08T11:38:07","modified_gmt":"2022-02-08T11:38:07","slug":"annual-report-2020","status":"publish","type":"page","link":"https:\/\/www.gigroupholding.com\/czech\/annual-report-2020\/","title":{"rendered":"Annual report 2020"},"content":{"rendered":"\t\t<div data-elementor-type=\"wp-page\" data-elementor-id=\"7322\" class=\"elementor elementor-7322\" data-elementor-post-type=\"page\">\n\t\t\t\t\t\t<section class=\"elementor-section elementor-top-section elementor-element elementor-element-af081de header_line_left elementor-section-boxed elementor-section-height-default elementor-section-height-default\" data-id=\"af081de\" data-element_type=\"section\" data-settings=\"{&quot;background_background&quot;:&quot;classic&quot;}\">\n\t\t\t\t\t\t<div class=\"elementor-container elementor-column-gap-default\">\n\t\t\t\t\t<div class=\"elementor-column elementor-col-100 elementor-top-column elementor-element elementor-element-aaf5828\" data-id=\"aaf5828\" data-element_type=\"column\">\n\t\t\t<div class=\"elementor-widget-wrap elementor-element-populated\">\n\t\t\t\t\t\t<div class=\"elementor-element elementor-element-42149c8 elementor-hidden-tablet elementor-hidden-mobile elementor-widget elementor-widget-spacer\" data-id=\"42149c8\" data-element_type=\"widget\" data-widget_type=\"spacer.default\">\n\t\t\t\t<div class=\"elementor-widget-container\">\n\t\t\t\t\t<div class=\"elementor-spacer\">\n\t\t\t<div class=\"elementor-spacer-inner\"><\/div>\n\t\t<\/div>\n\t\t\t\t<\/div>\n\t\t\t\t<\/div>\n\t\t\t\t<div class=\"elementor-element elementor-element-cb76384 elementor-widget elementor-widget-heading\" data-id=\"cb76384\" data-element_type=\"widget\" data-widget_type=\"heading.default\">\n\t\t\t\t<div class=\"elementor-widget-container\">\n\t\t\t<h1 class=\"elementor-heading-title elementor-size-default\">Annual report 2020<\/h1>\t\t<\/div>\n\t\t\t\t<\/div>\n\t\t\t\t<div class=\"elementor-element elementor-element-cfa6668 elementor-hidden-tablet elementor-hidden-mobile elementor-widget elementor-widget-spacer\" data-id=\"cfa6668\" data-element_type=\"widget\" data-widget_type=\"spacer.default\">\n\t\t\t\t<div class=\"elementor-widget-container\">\n\t\t\t\t\t<div class=\"elementor-spacer\">\n\t\t\t<div class=\"elementor-spacer-inner\"><\/div>\n\t\t<\/div>\n\t\t\t\t<\/div>\n\t\t\t\t<\/div>\n\t\t\t\t<div class=\"elementor-element elementor-element-7bbc60f elementor-widget elementor-widget-heading\" data-id=\"7bbc60f\" data-element_type=\"widget\" data-widget_type=\"heading.default\">\n\t\t\t\t<div class=\"elementor-widget-container\">\n\t\t\t<span class=\"elementor-heading-title elementor-size-default\">In order to read the annual report, click on the pictures below.<\/span>\t\t<\/div>\n\t\t\t\t<\/div>\n\t\t\t\t\t<\/div>\n\t\t<\/div>\n\t\t\t\t\t<\/div>\n\t\t<\/section>\n\t\t\t\t<section class=\"elementor-section elementor-top-section elementor-element elementor-element-26e04d2 elementor-section-boxed elementor-section-height-default elementor-section-height-default\" data-id=\"26e04d2\" data-element_type=\"section\">\n\t\t\t\t\t\t<div class=\"elementor-container elementor-column-gap-default\">\n\t\t\t\t\t<div class=\"elementor-column elementor-col-33 elementor-top-column elementor-element elementor-element-6783631\" data-id=\"6783631\" data-element_type=\"column\">\n\t\t\t<div class=\"elementor-widget-wrap elementor-element-populated\">\n\t\t\t\t\t\t<div class=\"elementor-element elementor-element-82ad2b8 elementor-widget elementor-widget-image\" data-id=\"82ad2b8\" data-element_type=\"widget\" data-widget_type=\"image.default\">\n\t\t\t\t<div class=\"elementor-widget-container\">\n\t\t\t\t\t\t\t\t\t\t\t\t\t\t<a href=\"\/wp-content\/uploads\/2022\/02\/Annual-Report-2020-Dossier-A-ENG.pdf\" target=\"_blank\">\n\t\t\t\t\t\t\t<img fetchpriority=\"high\" decoding=\"async\" width=\"424\" height=\"600\" src=\"https:\/\/www.gigroupholding.com\/czech\/wp-content\/uploads\/sites\/7\/2022\/02\/annual-report-2020-1.jpg\" class=\"attachment-large size-large wp-image-7325\" alt=\"\" srcset=\"https:\/\/www.gigroupholding.com\/czech\/wp-content\/uploads\/sites\/7\/2022\/02\/annual-report-2020-1.jpg 424w, https:\/\/www.gigroupholding.com\/czech\/wp-content\/uploads\/sites\/7\/2022\/02\/annual-report-2020-1-212x300.jpg 212w\" sizes=\"(max-width: 424px) 100vw, 424px\" \/>\t\t\t\t\t\t\t\t<\/a>\n\t\t\t\t\t\t\t\t\t\t\t\t\t<\/div>\n\t\t\t\t<\/div>\n\t\t\t\t\t<\/div>\n\t\t<\/div>\n\t\t\t\t<div class=\"elementor-column elementor-col-33 elementor-top-column elementor-element elementor-element-4680594\" data-id=\"4680594\" data-element_type=\"column\">\n\t\t\t<div class=\"elementor-widget-wrap elementor-element-populated\">\n\t\t\t\t\t\t<div class=\"elementor-element elementor-element-f2ad2c6 elementor-widget elementor-widget-image\" data-id=\"f2ad2c6\" data-element_type=\"widget\" data-widget_type=\"image.default\">\n\t\t\t\t<div class=\"elementor-widget-container\">\n\t\t\t\t\t\t\t\t\t\t\t\t\t\t<a href=\"\/wp-content\/uploads\/2022\/02\/Annual-Report-2020-Dossier-B-ENG.pdf\" target=\"_blank\">\n\t\t\t\t\t\t\t<img decoding=\"async\" width=\"424\" height=\"600\" src=\"https:\/\/www.gigroupholding.com\/czech\/wp-content\/uploads\/sites\/7\/2022\/02\/annual-report-2020-2.jpg\" class=\"attachment-large size-large wp-image-7326\" alt=\"\" srcset=\"https:\/\/www.gigroupholding.com\/czech\/wp-content\/uploads\/sites\/7\/2022\/02\/annual-report-2020-2.jpg 424w, https:\/\/www.gigroupholding.com\/czech\/wp-content\/uploads\/sites\/7\/2022\/02\/annual-report-2020-2-212x300.jpg 212w\" sizes=\"(max-width: 424px) 100vw, 424px\" \/>\t\t\t\t\t\t\t\t<\/a>\n\t\t\t\t\t\t\t\t\t\t\t\t\t<\/div>\n\t\t\t\t<\/div>\n\t\t\t\t\t<\/div>\n\t\t<\/div>\n\t\t\t\t<div class=\"elementor-column elementor-col-33 elementor-top-column elementor-element elementor-element-1c6b955\" data-id=\"1c6b955\" data-element_type=\"column\">\n\t\t\t<div class=\"elementor-widget-wrap elementor-element-populated\">\n\t\t\t\t\t\t<div class=\"elementor-element elementor-element-d42c2c7 elementor-widget elementor-widget-image\" data-id=\"d42c2c7\" data-element_type=\"widget\" data-widget_type=\"image.default\">\n\t\t\t\t<div class=\"elementor-widget-container\">\n\t\t\t\t\t\t\t\t\t\t\t\t\t\t<a href=\"\/wp-content\/uploads\/2022\/02\/Annual-Report-2020-Dossier-C-ENG.pdf\" target=\"_blank\">\n\t\t\t\t\t\t\t<img decoding=\"async\" width=\"424\" height=\"600\" src=\"https:\/\/www.gigroupholding.com\/czech\/wp-content\/uploads\/sites\/7\/2022\/02\/annual-report-2020-3.jpg\" class=\"attachment-large size-large wp-image-7327\" alt=\"\" srcset=\"https:\/\/www.gigroupholding.com\/czech\/wp-content\/uploads\/sites\/7\/2022\/02\/annual-report-2020-3.jpg 424w, https:\/\/www.gigroupholding.com\/czech\/wp-content\/uploads\/sites\/7\/2022\/02\/annual-report-2020-3-212x300.jpg 212w\" sizes=\"(max-width: 424px) 100vw, 424px\" \/>\t\t\t\t\t\t\t\t<\/a>\n\t\t\t\t\t\t\t\t\t\t\t\t\t<\/div>\n\t\t\t\t<\/div>\n\t\t\t\t\t<\/div>\n\t\t<\/div>\n\t\t\t\t\t<\/div>\n\t\t<\/section>\n\t\t\t\t<\/div>\n\t\t","protected":false},"excerpt":{"rendered":"<p>Annual report 2020 In order to read the annual report, click on the pictures below.<\/p>\n","protected":false},"author":1,"featured_media":0,"parent":0,"menu_order":0,"comment_status":"closed","ping_status":"closed","template":"","meta":{"_acf_changed":false,"footnotes":"","_links_to":"","_links_to_target":""},"class_list":["post-7322","page","type-page","status-publish","hentry"],"acf":[],"yoast_head":"<!-- This site is optimized with the Yoast SEO plugin v23.9 - https:\/\/yoast.com\/wordpress\/plugins\/seo\/ -->\n<title>Annual report 2020 - Gi Group Holding Czech<\/title>\n<meta name=\"robots\" content=\"index, follow, max-snippet:-1, max-image-preview:large, max-video-preview:-1\" \/>\n<link rel=\"canonical\" href=\"https:\/\/www.gigroupholding.com\/czech\/annual-report-2020\/\" \/>\n<meta property=\"og:locale\" content=\"cs_CZ\" \/>\n<meta property=\"og:type\" content=\"article\" \/>\n<meta property=\"og:title\" content=\"Annual report 2020 - Gi Group Holding Czech\" \/>\n<meta property=\"og:description\" content=\"Annual report 2020 In order to read the annual report, click on the pictures below.\" \/>\n<meta property=\"og:url\" content=\"https:\/\/www.gigroupholding.com\/czech\/annual-report-2020\/\" \/>\n<meta property=\"og:site_name\" content=\"Gi Group Holding Czech\" \/>\n<meta property=\"article:modified_time\" content=\"2022-02-08T11:38:07+00:00\" \/>\n<meta property=\"og:image\" content=\"http:\/\/www.gigroupholding.com\/czech\/wp-content\/uploads\/sites\/7\/2022\/02\/annual-report-2020-1.jpg\" \/>\n<meta name=\"twitter:card\" content=\"summary_large_image\" \/>\n<meta name=\"twitter:label1\" content=\"Odhadovan\u00e1 doba \u010dten\u00ed\" \/>\n\t<meta name=\"twitter:data1\" content=\"1 minuta\" \/>\n<script type=\"application\/ld+json\" class=\"yoast-schema-graph\">{\"@context\":\"https:\/\/schema.org\",\"@graph\":[{\"@type\":\"WebPage\",\"@id\":\"https:\/\/www.gigroupholding.com\/czech\/annual-report-2020\/\",\"url\":\"https:\/\/www.gigroupholding.com\/czech\/annual-report-2020\/\",\"name\":\"Annual report 2020 - Gi Group Holding Czech\",\"isPartOf\":{\"@id\":\"https:\/\/www.gigroupholding.com\/czech\/#website\"},\"primaryImageOfPage\":{\"@id\":\"https:\/\/www.gigroupholding.com\/czech\/annual-report-2020\/#primaryimage\"},\"image\":{\"@id\":\"https:\/\/www.gigroupholding.com\/czech\/annual-report-2020\/#primaryimage\"},\"thumbnailUrl\":\"http:\/\/www.gigroupholding.com\/czech\/wp-content\/uploads\/sites\/7\/2022\/02\/annual-report-2020-1.jpg\",\"datePublished\":\"2022-02-08T11:36:47+00:00\",\"dateModified\":\"2022-02-08T11:38:07+00:00\",\"inLanguage\":\"cs\",\"potentialAction\":[{\"@type\":\"ReadAction\",\"target\":[\"https:\/\/www.gigroupholding.com\/czech\/annual-report-2020\/\"]}]},{\"@type\":\"ImageObject\",\"inLanguage\":\"cs\",\"@id\":\"https:\/\/www.gigroupholding.com\/czech\/annual-report-2020\/#primaryimage\",\"url\":\"http:\/\/www.gigroupholding.com\/czech\/wp-content\/uploads\/sites\/7\/2022\/02\/annual-report-2020-1.jpg\",\"contentUrl\":\"http:\/\/www.gigroupholding.com\/czech\/wp-content\/uploads\/sites\/7\/2022\/02\/annual-report-2020-1.jpg\"},{\"@type\":\"WebSite\",\"@id\":\"https:\/\/www.gigroupholding.com\/czech\/#website\",\"url\":\"https:\/\/www.gigroupholding.com\/czech\/\",\"name\":\"Gi Group Holding Czech\",\"description\":\"\",\"potentialAction\":[{\"@type\":\"SearchAction\",\"target\":{\"@type\":\"EntryPoint\",\"urlTemplate\":\"https:\/\/www.gigroupholding.com\/czech\/?s={search_term_string}\"},\"query-input\":{\"@type\":\"PropertyValueSpecification\",\"valueRequired\":true,\"valueName\":\"search_term_string\"}}],\"inLanguage\":\"cs\"}]}<\/script>\n<!-- \/ Yoast SEO plugin. -->","yoast_head_json":{"title":"Annual report 2020 - Gi Group Holding Czech","robots":{"index":"index","follow":"follow","max-snippet":"max-snippet:-1","max-image-preview":"max-image-preview:large","max-video-preview":"max-video-preview:-1"},"canonical":"https:\/\/www.gigroupholding.com\/czech\/annual-report-2020\/","og_locale":"cs_CZ","og_type":"article","og_title":"Annual report 2020 - Gi Group Holding Czech","og_description":"Annual report 2020 In order to read the annual report, click on the pictures below.","og_url":"https:\/\/www.gigroupholding.com\/czech\/annual-report-2020\/","og_site_name":"Gi Group Holding Czech","article_modified_time":"2022-02-08T11:38:07+00:00","og_image":[{"url":"http:\/\/www.gigroupholding.com\/czech\/wp-content\/uploads\/sites\/7\/2022\/02\/annual-report-2020-1.jpg"}],"twitter_card":"summary_large_image","twitter_misc":{"Odhadovan\u00e1 doba \u010dten\u00ed":"1 minuta"},"schema":{"@context":"https:\/\/schema.org","@graph":[{"@type":"WebPage","@id":"https:\/\/www.gigroupholding.com\/czech\/annual-report-2020\/","url":"https:\/\/www.gigroupholding.com\/czech\/annual-report-2020\/","name":"Annual report 2020 - Gi Group Holding Czech","isPartOf":{"@id":"https:\/\/www.gigroupholding.com\/czech\/#website"},"primaryImageOfPage":{"@id":"https:\/\/www.gigroupholding.com\/czech\/annual-report-2020\/#primaryimage"},"image":{"@id":"https:\/\/www.gigroupholding.com\/czech\/annual-report-2020\/#primaryimage"},"thumbnailUrl":"http:\/\/www.gigroupholding.com\/czech\/wp-content\/uploads\/sites\/7\/2022\/02\/annual-report-2020-1.jpg","datePublished":"2022-02-08T11:36:47+00:00","dateModified":"2022-02-08T11:38:07+00:00","inLanguage":"cs","potentialAction":[{"@type":"ReadAction","target":["https:\/\/www.gigroupholding.com\/czech\/annual-report-2020\/"]}]},{"@type":"ImageObject","inLanguage":"cs","@id":"https:\/\/www.gigroupholding.com\/czech\/annual-report-2020\/#primaryimage","url":"http:\/\/www.gigroupholding.com\/czech\/wp-content\/uploads\/sites\/7\/2022\/02\/annual-report-2020-1.jpg","contentUrl":"http:\/\/www.gigroupholding.com\/czech\/wp-content\/uploads\/sites\/7\/2022\/02\/annual-report-2020-1.jpg"},{"@type":"WebSite","@id":"https:\/\/www.gigroupholding.com\/czech\/#website","url":"https:\/\/www.gigroupholding.com\/czech\/","name":"Gi Group Holding Czech","description":"","potentialAction":[{"@type":"SearchAction","target":{"@type":"EntryPoint","urlTemplate":"https:\/\/www.gigroupholding.com\/czech\/?s={search_term_string}"},"query-input":{"@type":"PropertyValueSpecification","valueRequired":true,"valueName":"search_term_string"}}],"inLanguage":"cs"}]}},"_links":{"self":[{"href":"https:\/\/www.gigroupholding.com\/czech\/wp-json\/wp\/v2\/pages\/7322","targetHints":{"allow":["GET"]}}],"collection":[{"href":"https:\/\/www.gigroupholding.com\/czech\/wp-json\/wp\/v2\/pages"}],"about":[{"href":"https:\/\/www.gigroupholding.com\/czech\/wp-json\/wp\/v2\/types\/page"}],"author":[{"embeddable":true,"href":"https:\/\/www.gigroupholding.com\/czech\/wp-json\/wp\/v2\/users\/1"}],"replies":[{"embeddable":true,"href":"https:\/\/www.gigroupholding.com\/czech\/wp-json\/wp\/v2\/comments?post=7322"}],"version-history":[{"count":4,"href":"https:\/\/www.gigroupholding.com\/czech\/wp-json\/wp\/v2\/pages\/7322\/revisions"}],"predecessor-version":[{"id":7330,"href":"https:\/\/www.gigroupholding.com\/czech\/wp-json\/wp\/v2\/pages\/7322\/revisions\/7330"}],"wp:attachment":[{"href":"https:\/\/www.gigroupholding.com\/czech\/wp-json\/wp\/v2\/media?parent=7322"}],"curies":[{"name":"wp","href":"https:\/\/api.w.org\/{rel}","templated":true}]}}