{"id":1283,"date":"2022-03-10T11:24:38","date_gmt":"2022-03-10T11:24:38","guid":{"rendered":"https:\/\/gigroup.draft2017.com\/china\/?page_id=1283"},"modified":"2022-03-10T11:25:14","modified_gmt":"2022-03-10T11:25:14","slug":"cookie-policy","status":"publish","type":"page","link":"https:\/\/www.gigroupholding.com\/china\/cookie-policy\/","title":{"rendered":"Cookie Policy"},"content":{"rendered":"\t\t<div data-elementor-type=\"wp-page\" data-elementor-id=\"1283\" class=\"elementor elementor-1283\" data-elementor-post-type=\"page\">\n\t\t\t\t\t\t<section class=\"elementor-section elementor-top-section elementor-element elementor-element-ae0ce05 header_line_left elementor-section-boxed elementor-section-height-default elementor-section-height-default\" data-id=\"ae0ce05\" data-element_type=\"section\" data-settings=\"{&quot;background_background&quot;:&quot;classic&quot;}\">\n\t\t\t\t\t\t<div class=\"elementor-container elementor-column-gap-default\">\n\t\t\t\t\t<div class=\"elementor-column elementor-col-100 elementor-top-column elementor-element elementor-element-243afff\" data-id=\"243afff\" data-element_type=\"column\">\n\t\t\t<div class=\"elementor-widget-wrap elementor-element-populated\">\n\t\t\t\t\t\t<div class=\"elementor-element elementor-element-0a240d0 elementor-widget elementor-widget-heading\" data-id=\"0a240d0\" data-element_type=\"widget\" data-widget_type=\"heading.default\">\n\t\t\t\t<div class=\"elementor-widget-container\">\n\t\t\t<h1 class=\"elementor-heading-title elementor-size-default\">Cookie Policy\n<\/h1>\t\t<\/div>\n\t\t\t\t<\/div>\n\t\t\t\t<div class=\"elementor-element elementor-element-17f6ea7 elementor-widget elementor-widget-spacer\" data-id=\"17f6ea7\" data-element_type=\"widget\" data-widget_type=\"spacer.default\">\n\t\t\t\t<div class=\"elementor-widget-container\">\n\t\t\t\t\t<div class=\"elementor-spacer\">\n\t\t\t<div class=\"elementor-spacer-inner\"><\/div>\n\t\t<\/div>\n\t\t\t\t<\/div>\n\t\t\t\t<\/div>\n\t\t\t\t\t<\/div>\n\t\t<\/div>\n\t\t\t\t\t<\/div>\n\t\t<\/section>\n\t\t\t\t<section class=\"elementor-section elementor-top-section elementor-element elementor-element-7849a3d elementor-section-boxed elementor-section-height-default elementor-section-height-default\" data-id=\"7849a3d\" data-element_type=\"section\">\n\t\t\t\t\t\t<div class=\"elementor-container elementor-column-gap-default\">\n\t\t\t\t\t<div class=\"elementor-column elementor-col-100 elementor-top-column elementor-element elementor-element-5eb4754 max-width-940\" data-id=\"5eb4754\" data-element_type=\"column\">\n\t\t\t<div class=\"elementor-widget-wrap elementor-element-populated\">\n\t\t\t\t\t\t<div class=\"elementor-element elementor-element-9d1e5d7 elementor-widget elementor-widget-text-editor\" data-id=\"9d1e5d7\" data-element_type=\"widget\" data-widget_type=\"text-editor.default\">\n\t\t\t\t<div class=\"elementor-widget-container\">\n\t\t\t\t\t\t\t<p>Il sito gigroup.com (da ora in avanti il \u201c<strong>Sito<\/strong>\u201d) utilizza cookie. I\u00a0<em>cookie<\/em>\u00a0sono stringhe di testo create da un\u00a0<em>server<\/em>\u00a0e memorizzati sull\u2019hard disk del computer o su qualsiasi dispositivo utilizzato dall\u2019utente per accedere ad Internet (smartphone, tablet, ecc.) per poi essere ritrasmessi ai successivi accessi ad Internet dell\u2019utente stesso.<\/p><p>I\u00a0<em>cookie<\/em>\u00a0permettono di raccogliere informazioni sulla navigazione effettuata dall\u2019utente sul Sito, per esempio per ricordare le preferenze di lingua o la valuta utilizzata per un acquisto, e proporle alla visita successiva, per facilitare la fruizione del Sito.<\/p><p>I\u00a0<em>cookie<\/em>\u00a0possono essere memorizzati in modo permanente sul computer dell\u2019utente ed avere una durata variabile (c.d.\u00a0<em>cookie<\/em>\u00a0persistenti), ma possono anche svanire con la chiusura del browser o avere una durata limitata (c.d.\u00a0<em>cookie<\/em>\u00a0di sessione).<\/p><p>I\u00a0<em>cookie<\/em>\u00a0possono essere istallati dal Sito che si sta visitando (c.d.\u00a0<em>cookie<\/em>\u00a0di prima parte) o possono essere istallati da altri siti web (c.d.\u00a0<em>cookie<\/em>\u00a0di terze parti).<\/p><p>Il Sito utilizza cookie di prima parte, cookie di terze parti ed altre analoghe tecnologie, come meglio descritto di seguito.<\/p><p>\u00a0<\/p><h3 class=\"testo22nero\">Tipologia di cookie<\/h3><p>\u00a0<\/p><h3 class=\"testo22nero\">Il diritto di opporsi o rifiutare i cookie<\/h3><p>Tipicamente, i cookie sono classificati \u00abtemporanei\u00bb oppure \u00abpermanenti\u00bb.<br \/>I cookie \u00abtemporanei\u00bb non restano sul computer dopo che si lascia il Sito o dopo la chiusura del browser.<\/p><p>Il Sito utilizza cookie \u00abtemporanei\u00bb. Le informazioni aggregate raccolte consentono di analizzare i modelli di traffico del Sito. In tal modo, \u00e8 possibile migliorare il Sito modificandone o personalizzando il contenuto e rendendolo cos\u00ec pi\u00f9 facile da utilizzare.<\/p><p>Il Sito utilizza anche cookie \u00abpermanenti\u00bb che, in ragione della loro natura, restano invece sul computer dei visitatori per essere poi ritrasmessi al Sito alla successiva visita dei medesimi utenti. Tali cookie permettono di facilitare la navigazione e di personalizzare le funzionalit\u00e0 del Sito, tenendo traccia dei servizi richiesti e delle pagine visitate in precedenti sessioni.<\/p><p>La maggior parte dei browser accetta automaticamente in modo predefinito i cookie, tuttavia, se si impostano in modo appropriato le preferenze del browser, \u00e8 possibile rifiutarli oppure accettarli in modo selettivo.<\/p><p><strong>Fare clic sul pulsante sul lato sinistro dello schermo per modificare le impostazioni dei cookie utilizzati dal sito web.<\/strong><\/p><p>Inoltre, di seguito riportiamo le modalit\u00e0 offerte dai principali browser per opporsi alla registrazione di cookie sul proprio hard disk configurando il browser di navigazione in modo da disabilitare i cookie:<\/p><ul><li><a href=\"https:\/\/support.microsoft.com\/en-us\/windows?ui=en-US&amp;rs=en-001&amp;ad=US\" target=\"_blank\" rel=\"noopener\"><u>Internet Explorer<\/u><\/a><\/li><li><a href=\"https:\/\/support.microsoft.com\/it-it\/windows\/eliminare-e-gestire-i-cookie-168dab11-0753-043d-7c16-ede5947fc64d\" target=\"_blank\" rel=\"noopener\"><u>Edge<\/u><\/a><\/li><li><a href=\"https:\/\/support.google.com\/chrome\/answer\/95647?hl=it\" target=\"_blank\" rel=\"noopener\"><u>Chrome<\/u><\/a><\/li><li><a href=\"https:\/\/support.mozilla.org\/it\/kb\/Gestione%20dei%20cookie\" target=\"_blank\" rel=\"noopener\"><u>Firefox<\/u><\/a><\/li><li><a href=\"https:\/\/support.apple.com\/it-it\/HT201265\" target=\"_blank\" rel=\"noopener\"><u>Safari<\/u><\/a><\/li><\/ul><p>Dopo questa operazione, tuttavia, alcune funzioni delle pagine web potrebbero non essere eseguite correttamente.<br \/>Per informazioni relative all\u2019utilizzo di cookie da parte di Facebook, YouTube, Twitter e LinkedIn si invita a consultare rispettivamente il sito\u00a0<a href=\"https:\/\/www.facebook.com\/policies\/cookies\" target=\"_blank\" rel=\"noopener\"><u>Facebook<\/u><\/a>,\u00a0<a href=\"https:\/\/policies.google.com\/privacy\" target=\"_blank\" rel=\"noopener\"><u>Google<\/u><\/a>,\u00a0<a href=\"https:\/\/help.twitter.com\/it\/rules-and-policies\/twitter-cookies\" target=\"_blank\" rel=\"noopener\"><u>Twitter<\/u><\/a>\u00a0e\u00a0<a href=\"https:\/\/www.linkedin.com\/legal\/cookie-policy?_l=it_IT\" target=\"_blank\" rel=\"noopener\"><u>LinkedIn<\/u><\/a>.<br \/>Per qualsiasi altra informazione, contattare\u00a0<a href=\"mailto:it.privacy@gigroup.com\"><u>it.privacy@gigroup.com<\/u><\/a><\/p><p>\u00a0<\/p><h3 class=\"testo22nero\">Dati di contatto<\/h3><p>I dati raccolti utilizzando i cookie sono trattati da Gi Group S.p.A., con sede in Milano, Piazza IV Novembre 5, in persona del Legale Rappresentante.<br \/>Il Responsabile della Protezione Dati (DPO) \u00e8 contattabile all\u2019indirizzo piazza IV Novembre n. 5, 20124 Milano, all\u2019attenzione del Data Protection Officer, ed alla e-mail\u00a0<a href=\"mailto:dpo@gigroup.com\"><u>dpo@gigroup.com<\/u><\/a>.<\/p>\t\t\t\t\t\t<\/div>\n\t\t\t\t<\/div>\n\t\t\t\t\t<\/div>\n\t\t<\/div>\n\t\t\t\t\t<\/div>\n\t\t<\/section>\n\t\t\t\t<\/div>\n\t\t","protected":false},"excerpt":{"rendered":"<p>Cookie Policy Il sito gigroup.com (da ora in avanti il  [&hellip;]<\/p>\n","protected":false},"author":1,"featured_media":0,"parent":0,"menu_order":0,"comment_status":"closed","ping_status":"closed","template":"","meta":{"_acf_changed":false,"footnotes":"","_links_to":"","_links_to_target":""},"class_list":["post-1283","page","type-page","status-publish","hentry"],"acf":[],"yoast_head":"<!-- This site is optimized with the Yoast SEO plugin v23.9 - https:\/\/yoast.com\/wordpress\/plugins\/seo\/ -->\n<title>Cookie Policy - Gi Group China<\/title>\n<meta name=\"robots\" content=\"index, follow, max-snippet:-1, max-image-preview:large, max-video-preview:-1\" \/>\n<link rel=\"canonical\" href=\"https:\/\/www.gigroupholding.com\/china\/cookie-policy\/\" \/>\n<meta property=\"og:locale\" content=\"zh_CN\" \/>\n<meta property=\"og:type\" content=\"article\" \/>\n<meta property=\"og:title\" content=\"Cookie Policy - Gi Group China\" \/>\n<meta property=\"og:description\" content=\"Cookie Policy Il sito gigroup.com (da ora in avanti il [&hellip;]\" \/>\n<meta property=\"og:url\" content=\"https:\/\/www.gigroupholding.com\/china\/cookie-policy\/\" \/>\n<meta property=\"og:site_name\" content=\"Gi Group China\" \/>\n<meta property=\"article:modified_time\" content=\"2022-03-10T11:25:14+00:00\" \/>\n<meta name=\"twitter:card\" content=\"summary_large_image\" \/>\n<meta name=\"twitter:label1\" content=\"\u9884\u8ba1\u9605\u8bfb\u65f6\u95f4\" \/>\n\t<meta name=\"twitter:data1\" content=\"3 \u5206\" \/>\n<script type=\"application\/ld+json\" class=\"yoast-schema-graph\">{\"@context\":\"https:\/\/schema.org\",\"@graph\":[{\"@type\":\"WebPage\",\"@id\":\"https:\/\/www.gigroupholding.com\/china\/cookie-policy\/\",\"url\":\"https:\/\/www.gigroupholding.com\/china\/cookie-policy\/\",\"name\":\"Cookie Policy - Gi Group China\",\"isPartOf\":{\"@id\":\"https:\/\/www.gigroupholding.com\/china\/#website\"},\"datePublished\":\"2022-03-10T11:24:38+00:00\",\"dateModified\":\"2022-03-10T11:25:14+00:00\",\"inLanguage\":\"zh-Hans\",\"potentialAction\":[{\"@type\":\"ReadAction\",\"target\":[\"https:\/\/www.gigroupholding.com\/china\/cookie-policy\/\"]}]},{\"@type\":\"WebSite\",\"@id\":\"https:\/\/www.gigroupholding.com\/china\/#website\",\"url\":\"https:\/\/www.gigroupholding.com\/china\/\",\"name\":\"Gi Group China\",\"description\":\"\",\"potentialAction\":[{\"@type\":\"SearchAction\",\"target\":{\"@type\":\"EntryPoint\",\"urlTemplate\":\"https:\/\/www.gigroupholding.com\/china\/?s={search_term_string}\"},\"query-input\":{\"@type\":\"PropertyValueSpecification\",\"valueRequired\":true,\"valueName\":\"search_term_string\"}}],\"inLanguage\":\"zh-Hans\"}]}<\/script>\n<!-- \/ Yoast SEO plugin. -->","yoast_head_json":{"title":"Cookie Policy - Gi Group China","robots":{"index":"index","follow":"follow","max-snippet":"max-snippet:-1","max-image-preview":"max-image-preview:large","max-video-preview":"max-video-preview:-1"},"canonical":"https:\/\/www.gigroupholding.com\/china\/cookie-policy\/","og_locale":"zh_CN","og_type":"article","og_title":"Cookie Policy - Gi Group China","og_description":"Cookie Policy Il sito gigroup.com (da ora in avanti il [&hellip;]","og_url":"https:\/\/www.gigroupholding.com\/china\/cookie-policy\/","og_site_name":"Gi Group China","article_modified_time":"2022-03-10T11:25:14+00:00","twitter_card":"summary_large_image","twitter_misc":{"\u9884\u8ba1\u9605\u8bfb\u65f6\u95f4":"3 \u5206"},"schema":{"@context":"https:\/\/schema.org","@graph":[{"@type":"WebPage","@id":"https:\/\/www.gigroupholding.com\/china\/cookie-policy\/","url":"https:\/\/www.gigroupholding.com\/china\/cookie-policy\/","name":"Cookie Policy - Gi Group China","isPartOf":{"@id":"https:\/\/www.gigroupholding.com\/china\/#website"},"datePublished":"2022-03-10T11:24:38+00:00","dateModified":"2022-03-10T11:25:14+00:00","inLanguage":"zh-Hans","potentialAction":[{"@type":"ReadAction","target":["https:\/\/www.gigroupholding.com\/china\/cookie-policy\/"]}]},{"@type":"WebSite","@id":"https:\/\/www.gigroupholding.com\/china\/#website","url":"https:\/\/www.gigroupholding.com\/china\/","name":"Gi Group China","description":"","potentialAction":[{"@type":"SearchAction","target":{"@type":"EntryPoint","urlTemplate":"https:\/\/www.gigroupholding.com\/china\/?s={search_term_string}"},"query-input":{"@type":"PropertyValueSpecification","valueRequired":true,"valueName":"search_term_string"}}],"inLanguage":"zh-Hans"}]}},"_links":{"self":[{"href":"https:\/\/www.gigroupholding.com\/china\/wp-json\/wp\/v2\/pages\/1283","targetHints":{"allow":["GET"]}}],"collection":[{"href":"https:\/\/www.gigroupholding.com\/china\/wp-json\/wp\/v2\/pages"}],"about":[{"href":"https:\/\/www.gigroupholding.com\/china\/wp-json\/wp\/v2\/types\/page"}],"author":[{"embeddable":true,"href":"https:\/\/www.gigroupholding.com\/china\/wp-json\/wp\/v2\/users\/1"}],"replies":[{"embeddable":true,"href":"https:\/\/www.gigroupholding.com\/china\/wp-json\/wp\/v2\/comments?post=1283"}],"version-history":[{"count":8,"href":"https:\/\/www.gigroupholding.com\/china\/wp-json\/wp\/v2\/pages\/1283\/revisions"}],"predecessor-version":[{"id":1721,"href":"https:\/\/www.gigroupholding.com\/china\/wp-json\/wp\/v2\/pages\/1283\/revisions\/1721"}],"wp:attachment":[{"href":"https:\/\/www.gigroupholding.com\/china\/wp-json\/wp\/v2\/media?parent=1283"}],"curies":[{"name":"wp","href":"https:\/\/api.w.org\/{rel}","templated":true}]}}