{"id":7992,"date":"2022-03-10T16:57:01","date_gmt":"2022-03-10T16:57:01","guid":{"rendered":"https:\/\/gigroup.draft2017.com\/brasil\/?page_id=7992"},"modified":"2022-04-02T12:15:20","modified_gmt":"2022-04-02T12:15:20","slug":"cookie-policy","status":"publish","type":"page","link":"https:\/\/www.gigroupholding.com\/brasil\/cookie-policy\/","title":{"rendered":"Cookie Policy"},"content":{"rendered":"\t\t<div data-elementor-type=\"wp-page\" data-elementor-id=\"7992\" class=\"elementor elementor-7992\" data-elementor-post-type=\"page\">\n\t\t\t\t\t\t<section class=\"elementor-section elementor-top-section elementor-element elementor-element-f0f8e02 header_line_left elementor-section-boxed elementor-section-height-default elementor-section-height-default\" data-id=\"f0f8e02\" data-element_type=\"section\" data-settings=\"{&quot;background_background&quot;:&quot;classic&quot;}\">\n\t\t\t\t\t\t<div class=\"elementor-container elementor-column-gap-default\">\n\t\t\t\t\t<div class=\"elementor-column elementor-col-100 elementor-top-column elementor-element elementor-element-f163a1d\" data-id=\"f163a1d\" data-element_type=\"column\">\n\t\t\t<div class=\"elementor-widget-wrap elementor-element-populated\">\n\t\t\t\t\t\t<div class=\"elementor-element elementor-element-3f4d367 elementor-widget elementor-widget-heading\" data-id=\"3f4d367\" data-element_type=\"widget\" data-widget_type=\"heading.default\">\n\t\t\t\t<div class=\"elementor-widget-container\">\n\t\t\t<h1 class=\"elementor-heading-title elementor-size-default\">Pol\u00edtica de Cookies<\/h1>\t\t<\/div>\n\t\t\t\t<\/div>\n\t\t\t\t<div class=\"elementor-element elementor-element-0870f18 elementor-widget elementor-widget-spacer\" data-id=\"0870f18\" data-element_type=\"widget\" data-widget_type=\"spacer.default\">\n\t\t\t\t<div class=\"elementor-widget-container\">\n\t\t\t\t\t<div class=\"elementor-spacer\">\n\t\t\t<div class=\"elementor-spacer-inner\"><\/div>\n\t\t<\/div>\n\t\t\t\t<\/div>\n\t\t\t\t<\/div>\n\t\t\t\t\t<\/div>\n\t\t<\/div>\n\t\t\t\t\t<\/div>\n\t\t<\/section>\n\t\t\t\t<section class=\"elementor-section elementor-top-section elementor-element elementor-element-63103dd elementor-section-boxed elementor-section-height-default elementor-section-height-default\" data-id=\"63103dd\" data-element_type=\"section\">\n\t\t\t\t\t\t<div class=\"elementor-container elementor-column-gap-default\">\n\t\t\t\t\t<div class=\"elementor-column elementor-col-100 elementor-top-column elementor-element elementor-element-a861ac9 max-width-940\" data-id=\"a861ac9\" data-element_type=\"column\">\n\t\t\t<div class=\"elementor-widget-wrap elementor-element-populated\">\n\t\t\t\t\t\t<div class=\"elementor-element elementor-element-7ca79d6 elementor-widget elementor-widget-text-editor\" data-id=\"7ca79d6\" data-element_type=\"widget\" data-widget_type=\"text-editor.default\">\n\t\t\t\t<div class=\"elementor-widget-container\">\n\t\t\t\t\t\t\t<p>Um \u201ccookie\u201d \u00e9 um pequeno arquivo de dados transferido de um site para o disco r\u00edgido do computador do visitante. As sociedades do Grupo enviam cookies quando seus sites s\u00e3o usados, quando as informa\u00e7\u00f5es s\u00e3o solicitadas ou personalizadas ou quando se registra para determinados servi\u00e7os. Se o computador do visitante aceita os cookies utilizados pelos sites das empresas do Grupo, o visitante n\u00e3o tem a possibilidade de acessar suas informa\u00e7\u00f5es pessoais, mas pode usar os cookies para identificar o computador. Normalmente, os cookies s\u00e3o classificados como \u00abtempor\u00e1rios\u00bb ou \u00abpermanentes\u00bb. Os cookies \u201ctempor\u00e1rios\u201d n\u00e3o permanecem no computador depois que algu\u00e9m sai do site ou depois que o navegador \u00e9 fechado. As informa\u00e7\u00f5es agregadas coletadas permitem que as empresas do Grupo analisem os padr\u00f5es de tr\u00e1fego do site. Desta forma, \u00e9 poss\u00edvel melhorar o site modificando ou personalizando o conte\u00fado, Cookies \u201cpermanentes\u201d, por outro lado, permanecem no computador do visitante. Eles permitem facilitar os servi\u00e7os de navega\u00e7\u00e3o, personaliza\u00e7\u00e3o e registro. Os cookies, por exemplo, podem rastrear os servi\u00e7os solicitados e as p\u00e1ginas visitadas at\u00e9 aquele momento e permitir que algu\u00e9m coloque a senha apenas uma vez nas p\u00e1ginas da web que solicitam a identifica\u00e7\u00e3o do usu\u00e1rio. O usu\u00e1rio pode remover manualmente os cookies \u201cpermanentes\u201d.<\/p><p>A maioria dos navegadores aceita cookies automaticamente de uma forma predefinida, no entanto, se as prefer\u00eancias do navegador forem definidas de maneira apropriada, geralmente \u00e9 poss\u00edvel recusar cookies ou aceit\u00e1-los de maneira seletiva. Se os cookies estiverem desativados, algumas das fun\u00e7\u00f5es do site podem n\u00e3o estar dispon\u00edveis e algumas p\u00e1ginas da web podem n\u00e3o ser visualizadas corretamente. Para obter mais informa\u00e7\u00f5es sobre os navegadores mais populares e sobre como as prefer\u00eancias devem ser definidas em rela\u00e7\u00e3o aos cookies, visite os seguintes sites:<\/p><p>Microsoft Internet Explorer:\u00a0<a href=\"http:\/\/www.microsoft.com\/info\/cookies.htm\">http:\/\/www.microsoft.com\/info\/cookies.htm\u00a0<\/a><\/p><p>Google Chrome:\u00a0<a href=\"https:\/\/support.google.com\/chrome\/bin\/answer.py?hl=it-IT&amp;answer=95647&amp;p=cpn_cookies\">https:\/\/support.google.com\/chrome\/bin\/answer.py?hl=it-IT&amp;answer=95647&amp;p=cpn_cookies<\/a><\/p><p>Mozilla Firefox:\u00a0<a href=\"http:\/\/support.mozilla.org\/it\/kb\/Bloccare%20i%20cookie?redirectlocale=en-US&amp;redirectslug=Blocking+cookies\">http:\/\/support.mozilla.org\/it\/kb\/Bloccare%20i%20cookie?redirectlocale=en-US&amp;redirectslug=Blocking+cookies<\/a><\/p><p>Apple Safari:\u00a0<a href=\"http:\/\/www.apple.com\/it\/privacy\/use-of-cookies\/\">http:\/\/www.apple.com\/it\/privacy\/use-of-cookies\/<\/a><\/p><p><strong>Web beacon<\/strong><\/p><p>Algumas p\u00e1ginas da web e alguns boletins informativos por e-mail em formato HTML pertencentes \u00e0s empresas do Grupo usam beacons juntamente com cookies para compilar estat\u00edsticas agregadas sobre o uso do site. Um beacon \u00e9 uma imagem eletr\u00f4nica, chamada de GIF vazio ou GIF de um \u00fanico pixel (1\u00d71). Os beacons podem reconhecer alguns tipos de informa\u00e7\u00f5es presentes no computador do visitante, por exemplo, o n\u00famero de cookies, a hora e a data em que a p\u00e1gina foi visualizada e a descri\u00e7\u00e3o da p\u00e1gina de onde o beacon foi encontrado. \u00c9 poss\u00edvel desativar alguns beacons recusando os cookies associados a eles.<\/p><p>\u00a0<\/p>\t\t\t\t\t\t<\/div>\n\t\t\t\t<\/div>\n\t\t\t\t\t<\/div>\n\t\t<\/div>\n\t\t\t\t\t<\/div>\n\t\t<\/section>\n\t\t\t\t<\/div>\n\t\t","protected":false},"excerpt":{"rendered":"<p>Pol\u00edtica de Cookies Um \u201ccookie\u201d \u00e9 um pequeno arquivo de dados transferido de um site para o disco r\u00edgido do computador do visitante. As sociedades do Grupo enviam cookies quando seus sites s\u00e3o usados, quando as informa\u00e7\u00f5es s\u00e3o solicitadas ou personalizadas ou quando se registra para determinados servi\u00e7os. Se o computador do visitante aceita os [&hellip;]<\/p>\n","protected":false},"author":1,"featured_media":0,"parent":0,"menu_order":0,"comment_status":"closed","ping_status":"closed","template":"","meta":{"_acf_changed":false,"footnotes":"","_links_to":"","_links_to_target":""},"class_list":["post-7992","page","type-page","status-publish","hentry"],"acf":[],"yoast_head":"<!-- This site is optimized with the Yoast SEO plugin v23.9 - https:\/\/yoast.com\/wordpress\/plugins\/seo\/ -->\n<title>Cookie Policy - Gi Group Holding Brasil<\/title>\n<meta name=\"robots\" content=\"index, follow, max-snippet:-1, max-image-preview:large, max-video-preview:-1\" \/>\n<link rel=\"canonical\" href=\"https:\/\/www.gigroupholding.com\/brasil\/cookie-policy\/\" \/>\n<meta property=\"og:locale\" content=\"pt_BR\" \/>\n<meta property=\"og:type\" content=\"article\" \/>\n<meta property=\"og:title\" content=\"Cookie Policy - Gi Group Holding Brasil\" \/>\n<meta property=\"og:description\" content=\"Pol\u00edtica de Cookies Um \u201ccookie\u201d \u00e9 um pequeno arquivo de dados transferido de um site para o disco r\u00edgido do computador do visitante. As sociedades do Grupo enviam cookies quando seus sites s\u00e3o usados, quando as informa\u00e7\u00f5es s\u00e3o solicitadas ou personalizadas ou quando se registra para determinados servi\u00e7os. Se o computador do visitante aceita os [&hellip;]\" \/>\n<meta property=\"og:url\" content=\"https:\/\/www.gigroupholding.com\/brasil\/cookie-policy\/\" \/>\n<meta property=\"og:site_name\" content=\"Gi Group Holding Brasil\" \/>\n<meta property=\"article:modified_time\" content=\"2022-04-02T12:15:20+00:00\" \/>\n<meta name=\"twitter:card\" content=\"summary_large_image\" \/>\n<meta name=\"twitter:label1\" content=\"Est. tempo de leitura\" \/>\n\t<meta name=\"twitter:data1\" content=\"3 minutos\" \/>\n<script type=\"application\/ld+json\" class=\"yoast-schema-graph\">{\"@context\":\"https:\/\/schema.org\",\"@graph\":[{\"@type\":\"WebPage\",\"@id\":\"https:\/\/www.gigroupholding.com\/brasil\/cookie-policy\/\",\"url\":\"https:\/\/www.gigroupholding.com\/brasil\/cookie-policy\/\",\"name\":\"Cookie Policy - Gi Group Holding Brasil\",\"isPartOf\":{\"@id\":\"https:\/\/www.gigroupholding.com\/brasil\/#website\"},\"datePublished\":\"2022-03-10T16:57:01+00:00\",\"dateModified\":\"2022-04-02T12:15:20+00:00\",\"inLanguage\":\"pt-BR\",\"potentialAction\":[{\"@type\":\"ReadAction\",\"target\":[\"https:\/\/www.gigroupholding.com\/brasil\/cookie-policy\/\"]}]},{\"@type\":\"WebSite\",\"@id\":\"https:\/\/www.gigroupholding.com\/brasil\/#website\",\"url\":\"https:\/\/www.gigroupholding.com\/brasil\/\",\"name\":\"Gi Group Holding Brasil\",\"description\":\"\",\"potentialAction\":[{\"@type\":\"SearchAction\",\"target\":{\"@type\":\"EntryPoint\",\"urlTemplate\":\"https:\/\/www.gigroupholding.com\/brasil\/?s={search_term_string}\"},\"query-input\":{\"@type\":\"PropertyValueSpecification\",\"valueRequired\":true,\"valueName\":\"search_term_string\"}}],\"inLanguage\":\"pt-BR\"}]}<\/script>\n<!-- \/ Yoast SEO plugin. -->","yoast_head_json":{"title":"Cookie Policy - Gi Group Holding Brasil","robots":{"index":"index","follow":"follow","max-snippet":"max-snippet:-1","max-image-preview":"max-image-preview:large","max-video-preview":"max-video-preview:-1"},"canonical":"https:\/\/www.gigroupholding.com\/brasil\/cookie-policy\/","og_locale":"pt_BR","og_type":"article","og_title":"Cookie Policy - Gi Group Holding Brasil","og_description":"Pol\u00edtica de Cookies Um \u201ccookie\u201d \u00e9 um pequeno arquivo de dados transferido de um site para o disco r\u00edgido do computador do visitante. As sociedades do Grupo enviam cookies quando seus sites s\u00e3o usados, quando as informa\u00e7\u00f5es s\u00e3o solicitadas ou personalizadas ou quando se registra para determinados servi\u00e7os. Se o computador do visitante aceita os [&hellip;]","og_url":"https:\/\/www.gigroupholding.com\/brasil\/cookie-policy\/","og_site_name":"Gi Group Holding Brasil","article_modified_time":"2022-04-02T12:15:20+00:00","twitter_card":"summary_large_image","twitter_misc":{"Est. tempo de leitura":"3 minutos"},"schema":{"@context":"https:\/\/schema.org","@graph":[{"@type":"WebPage","@id":"https:\/\/www.gigroupholding.com\/brasil\/cookie-policy\/","url":"https:\/\/www.gigroupholding.com\/brasil\/cookie-policy\/","name":"Cookie Policy - Gi Group Holding Brasil","isPartOf":{"@id":"https:\/\/www.gigroupholding.com\/brasil\/#website"},"datePublished":"2022-03-10T16:57:01+00:00","dateModified":"2022-04-02T12:15:20+00:00","inLanguage":"pt-BR","potentialAction":[{"@type":"ReadAction","target":["https:\/\/www.gigroupholding.com\/brasil\/cookie-policy\/"]}]},{"@type":"WebSite","@id":"https:\/\/www.gigroupholding.com\/brasil\/#website","url":"https:\/\/www.gigroupholding.com\/brasil\/","name":"Gi Group Holding Brasil","description":"","potentialAction":[{"@type":"SearchAction","target":{"@type":"EntryPoint","urlTemplate":"https:\/\/www.gigroupholding.com\/brasil\/?s={search_term_string}"},"query-input":{"@type":"PropertyValueSpecification","valueRequired":true,"valueName":"search_term_string"}}],"inLanguage":"pt-BR"}]}},"_links":{"self":[{"href":"https:\/\/www.gigroupholding.com\/brasil\/wp-json\/wp\/v2\/pages\/7992","targetHints":{"allow":["GET"]}}],"collection":[{"href":"https:\/\/www.gigroupholding.com\/brasil\/wp-json\/wp\/v2\/pages"}],"about":[{"href":"https:\/\/www.gigroupholding.com\/brasil\/wp-json\/wp\/v2\/types\/page"}],"author":[{"embeddable":true,"href":"https:\/\/www.gigroupholding.com\/brasil\/wp-json\/wp\/v2\/users\/1"}],"replies":[{"embeddable":true,"href":"https:\/\/www.gigroupholding.com\/brasil\/wp-json\/wp\/v2\/comments?post=7992"}],"version-history":[{"count":7,"href":"https:\/\/www.gigroupholding.com\/brasil\/wp-json\/wp\/v2\/pages\/7992\/revisions"}],"predecessor-version":[{"id":8758,"href":"https:\/\/www.gigroupholding.com\/brasil\/wp-json\/wp\/v2\/pages\/7992\/revisions\/8758"}],"wp:attachment":[{"href":"https:\/\/www.gigroupholding.com\/brasil\/wp-json\/wp\/v2\/media?parent=7992"}],"curies":[{"name":"wp","href":"https:\/\/api.w.org\/{rel}","templated":true}]}}