{"id":41,"date":"2021-12-28T17:01:58","date_gmt":"2021-12-28T17:01:58","guid":{"rendered":"https:\/\/gigroup.draft2017.com\/brasil\/?page_id=41"},"modified":"2023-04-13T21:46:35","modified_gmt":"2023-04-13T21:46:35","slug":"privacy-policy","status":"publish","type":"page","link":"https:\/\/www.gigroupholding.com\/brasil\/privacy-policy\/","title":{"rendered":"Privacy Policy"},"content":{"rendered":"\t\t<div data-elementor-type=\"wp-page\" data-elementor-id=\"41\" class=\"elementor elementor-41\" data-elementor-post-type=\"page\">\n\t\t\t\t\t\t<section class=\"elementor-section elementor-top-section elementor-element elementor-element-9b10493 header_line_left elementor-section-boxed elementor-section-height-default elementor-section-height-default\" data-id=\"9b10493\" data-element_type=\"section\" data-settings=\"{&quot;background_background&quot;:&quot;classic&quot;}\">\n\t\t\t\t\t\t<div class=\"elementor-container elementor-column-gap-default\">\n\t\t\t\t\t<div class=\"elementor-column elementor-col-100 elementor-top-column elementor-element elementor-element-14da6e3\" data-id=\"14da6e3\" data-element_type=\"column\">\n\t\t\t<div class=\"elementor-widget-wrap elementor-element-populated\">\n\t\t\t\t\t\t<div class=\"elementor-element elementor-element-918a743 elementor-widget elementor-widget-heading\" data-id=\"918a743\" data-element_type=\"widget\" data-widget_type=\"heading.default\">\n\t\t\t\t<div class=\"elementor-widget-container\">\n\t\t\t<h1 class=\"elementor-heading-title elementor-size-default\">Pol\u00edtica de Privacidade<\/h1>\t\t<\/div>\n\t\t\t\t<\/div>\n\t\t\t\t<div class=\"elementor-element elementor-element-bf7f447 elementor-widget elementor-widget-spacer\" data-id=\"bf7f447\" data-element_type=\"widget\" data-widget_type=\"spacer.default\">\n\t\t\t\t<div class=\"elementor-widget-container\">\n\t\t\t\t\t<div class=\"elementor-spacer\">\n\t\t\t<div class=\"elementor-spacer-inner\"><\/div>\n\t\t<\/div>\n\t\t\t\t<\/div>\n\t\t\t\t<\/div>\n\t\t\t\t\t<\/div>\n\t\t<\/div>\n\t\t\t\t\t<\/div>\n\t\t<\/section>\n\t\t\t\t<section class=\"elementor-section elementor-top-section elementor-element elementor-element-d790265 elementor-section-boxed elementor-section-height-default elementor-section-height-default\" data-id=\"d790265\" data-element_type=\"section\">\n\t\t\t\t\t\t<div class=\"elementor-container elementor-column-gap-default\">\n\t\t\t\t\t<div class=\"elementor-column elementor-col-100 elementor-top-column elementor-element elementor-element-fd58a8d max-width-940\" data-id=\"fd58a8d\" data-element_type=\"column\">\n\t\t\t<div class=\"elementor-widget-wrap elementor-element-populated\">\n\t\t\t\t\t\t<div class=\"elementor-element elementor-element-dc4961e elementor-widget elementor-widget-text-editor\" data-id=\"dc4961e\" data-element_type=\"widget\" data-widget_type=\"text-editor.default\">\n\t\t\t\t<div class=\"elementor-widget-container\">\n\t\t\t\t\t\t\t<p>POL\u00cdTICA DE PRIVACIDADE<\/p><p>Privacidade e prote\u00e7\u00e3o de dados s\u00e3o temas extremamente relevantes para a GI Group Brasil Recursos Humanos Ltda. (referida tamb\u00e9m como \u201cGI Group\u201d e \u201cN\u00f3s\u201d). Assim, considerando as exig\u00eancias da Lei n\u00ba 13.709\/18 (Lei Geral de Prote\u00e7\u00e3o Dados \u2013 LGPD) e da legisla\u00e7\u00e3o correlata, elaboramos a presente Pol\u00edtica de Privacidade (referida tamb\u00e9m apenas como \u201cPol\u00edtica\u201d). <br \/>A Pol\u00edtica se aplica a todos os indiv\u00edduos (pessoas naturais) que interagem com servi\u00e7os da GI Group, como, por exemplo, clientes, candidatos a vagas, trabalhadores tempor\u00e1rios, funcion\u00e1rios e usu\u00e1rios do nosso site (referidos nesta Pol\u00edtica como \u201cvoc\u00ea\u201d, \u201cseu\u201d e express\u00f5es similares).<br \/>A Pol\u00edtica descreve os tipos de dados pessoais que coletamos e regula a forma como eles s\u00e3o coletados, utilizados, divulgados, transferidos e armazenados. Al\u00e9m disso, ela tamb\u00e9m descreve: (i) as medidas de seguran\u00e7a tomadas por n\u00f3s para proteger os seus dados; (ii) os seus direitos como titulares de dados; (iii) como utilizamos cookies; e (iv) como entrar em contato conosco para sobre nossas pr\u00e1ticas de privacidade.<br \/>Ao visitar e usufruir do site, voc\u00ea automaticamente aceita as condi\u00e7\u00f5es descritas a seguir, que comp\u00f5em a Pol\u00edtica. Desta forma, pedimos que voc\u00ea realize uma leitura cuidadosa da nossa Pol\u00edtica.<\/p><p>1. PRINC\u00cdPIOS E FUNDAMENTOS<\/p><p>1.1. A GI Group realiza o tratamento dos seus dados pessoais de acordo com os princ\u00edpios da boa-f\u00e9, finalidade, adequa\u00e7\u00e3o, necessidade, livre acesso, qualidade de dados, seguran\u00e7a, preven\u00e7\u00e3o, n\u00e3o discrimina\u00e7\u00e3o e, mais importante, transpar\u00eancia.<\/p><p>1.2. Todo tratamento de dados realizado pela GI Group estar\u00e1 baseado em fundamento legal e se dar\u00e1 de forma adequada com a finalidade da sua coleta.<\/p><p>2. DADOS COLETADOS<\/p><p>2.1. A GI Group pode coletar certos dados pessoais a seu respeito, incluindo informa\u00e7\u00f5es de contato (como nome, n\u00famero de telefone, endere\u00e7o postal e endere\u00e7o de e-mail) e outras informa\u00e7\u00f5es pessoais contidas no conte\u00fado que voc\u00ea escolher enviar no site (como informa\u00e7\u00f5es enviadas no formul\u00e1rio de inscri\u00e7\u00e3o, curr\u00edculo ou carta de apresenta\u00e7\u00e3o).<\/p><p>2.2. Quando voc\u00ea visita o site, podemos obter certas informa\u00e7\u00f5es por meios automatizados, como cookies, registros do servidor da web e web beacons. As informa\u00e7\u00f5es coletadas dessa maneira podem incluir endere\u00e7os IP, tipo de sistemas operacionais, tipo de navegador, dom\u00ednio e outras configura\u00e7\u00f5es do sistema. Ainda, coletamos, por exemplo, padr\u00f5es de navega\u00e7\u00e3o, dados demogr\u00e1ficos, localiza\u00e7\u00e3o, navegador e dispositivos usados, p\u00e1ginas visitadas, tempo gasto em p\u00e1ginas visitadas, fonte de refer\u00eancia. Contudo, frisamos que esses dados s\u00e3o usados apenas de forma an\u00f4nima; nenhum indiv\u00edduo \u00e9 identificado.<\/p><p>3. USO DE SEUS DADOS PESSOAIS<\/p><p>3.1. Sempre que a GI Group trata dados pessoais, esse tratamento estar\u00e1 baseado em fundamento legal e se dar\u00e1 de forma adequada com a finalidade da sua coleta. O tratamento de seus dados pessoais poder\u00e1 ocorrer para:<br \/>-Cumprimento de obriga\u00e7\u00f5es legais ou regulat\u00f3rias;<br \/>-Exerc\u00edcio regular de direitos em processos;<br \/>-Quando necess\u00e1rios para execu\u00e7\u00e3o de contrato firmado com voc\u00ea, ou de procedimentos necess\u00e1rios para celebra\u00e7\u00e3o deste; <br \/>-Para prote\u00e7\u00e3o de cr\u00e9dito; ou <br \/>-Atender interesses leg\u00edtimos da GI Group ou de terceiros.<\/p><p>3.2. Em outros casos, o tratamento de dados pessoais ser\u00e1 condicionado ao seu consentimento livre e expresso.<\/p><p>3.3. O tratamento de seus dados pessoais poder\u00e1, por exemplo, atender \u00e0s seguintes finalidades:<br \/>-Responder, processar e nos comunicar com voc\u00ea sobre suas solicita\u00e7\u00f5es, d\u00favidas e coment\u00e1rios;<br \/>-Enviar atualiza\u00e7\u00f5es de not\u00edcias, materiais promocionais e outras comunica\u00e7\u00f5es; <br \/>-Operar, avaliar e melhorar nossas atividades (incluindo aprimorar e melhorar nossos servi\u00e7os, gerenciar nossas comunica\u00e7\u00f5es, realizar an\u00e1lises de dados e executar outras fun\u00e7\u00f5es internas); <br \/>-Proteger, identificar e prevenir fraudes e outras atividades ilegais, reclama\u00e7\u00f5es e outras responsabilidades; <br \/>-Cumprir os requisitos legais aplic\u00e1veis, os padr\u00f5es do setor e nossas pr\u00f3prias pol\u00edticas e termos; <br \/>-Tamb\u00e9m podemos usar as informa\u00e7\u00f5es de outras formas para as quais fornecemos aviso espec\u00edfico no momento da coleta.<\/p><p>4. COMPARTILHAMENTO DE INFORMA\u00c7\u00d5ES COM TERCEIROS<\/p><p>4.1. A GI Group n\u00e3o ir\u00e1 compartilhar, repassar, alugar ou vender suas informa\u00e7\u00f5es pessoais, exceto conforme descrito nesta Pol\u00edtica. N\u00e3o compartilharemos suas informa\u00e7\u00f5es pessoais com outras empresas, salvo para o exerc\u00edcio de nossas atividades, com sua expressa autoriza\u00e7\u00e3o ou em caso de ordem judicial.<\/p><p>4.1.1. Seus dados pessoais tamb\u00e9m podem ser divulgados:<br \/>-Se formos obrigados a faz\u00ea-lo por lei, regulamento ou processo legal (como uma ordem judicial ou intima\u00e7\u00e3o); <br \/>-Em resposta a solicita\u00e7\u00f5es de ag\u00eancias governamentais, como autoridades policiais; ou <br \/>-Quando acreditarmos que a divulga\u00e7\u00e3o \u00e9 necess\u00e1ria ou apropriada para evitar danos f\u00edsicos ou perdas financeiras, ou em conex\u00e3o com uma investiga\u00e7\u00e3o de atividade fraudulenta ou ilegal suspeita ou real.<\/p><p>4.2. O site da GI Group, incluindo seus servi\u00e7os online podem conter links para sites de propriedade de terceiros. Esses sites de terceiros possuem suas pr\u00f3prias Pol\u00edticas de Privacidade. Eles governar\u00e3o o uso das informa\u00e7\u00f5es pessoais que voc\u00ea enviar, que tamb\u00e9m podem ser coletadas por cookies enquanto visitam esses sites. Assim, se, por quaisquer raz\u00f5es, voc\u00ea acessar links de outras empresas em nosso site, voc\u00ea o faz por sua pr\u00f3pria conta e risco. N\u00f3s n\u00e3o nos responsabilizamos pela forma com que terceiros coletam, usam, protegem ou revelam as informa\u00e7\u00f5es que voc\u00ea possa vir a fornec\u00ea-los.<\/p><p>4.3. Somente transferimos dados para fora do \u00e2mbito nacional se estiverem em conformidade com a legisla\u00e7\u00e3o de prote\u00e7\u00e3o de dados e os meios de transfer\u00eancia fornecerem garantias adequadas em rela\u00e7\u00e3o a seus dados.<\/p><p>5. SEGURAN\u00c7A DOS SEUS DADOS<\/p><p>5.1. A GI Group leva a seguran\u00e7a de seus dados a s\u00e9rio. Por isso, os dados coletados ser\u00e3o armazenados e manipulados em ambiente seguro e \u00edntegro, de acordo com pol\u00edticas e controles internos, que objetivam garantir a prote\u00e7\u00e3o de seus dados. Ainda, utilizamos medidas t\u00e9cnicas e administrativas aptas a proteger os seus dados pessoais de acessos n\u00e3o autorizados e de situa\u00e7\u00f5es acidentais ou il\u00edcitas de destrui\u00e7\u00e3o, perda, altera\u00e7\u00e3o, comunica\u00e7\u00e3o ou difus\u00e3o, com padr\u00e3o de seguran\u00e7a usualmente adotado pelo mercado para prote\u00e7\u00e3o de dados pessoais.<\/p><p>5.2. Quando a GI Group contrata terceiros para processar dados pessoais em seu nome, eles o fazem com base em instru\u00e7\u00f5es escritas, t\u00eam o dever de confidencialidade e s\u00e3o obrigados a implementar medidas t\u00e9cnicas e organizacionais apropriadas para garantir a seguran\u00e7a dos dados.<\/p><p>5.3. \u00c9 de livre e espont\u00e2nea vontade do usu\u00e1rio do site o fornecimento das informa\u00e7\u00f5es solicitadas. Todas as informa\u00e7\u00f5es coletadas dos usu\u00e1rios trafegam de forma segura, utilizando processo de criptografia padr\u00e3o da Internet. Igualmente, as informa\u00e7\u00f5es pessoais de clientes e visitantes s\u00e3o de acesso restrito apenas \u00e0queles colaboradores ou outras partes que precisarem do dado para a execu\u00e7\u00e3o e o desempenho de suas fun\u00e7\u00f5es.<\/p><p>6. PRAZO DE ARMAZENAMENTO DE DADOS<\/p><p>6.1. Seus dados ser\u00e3o armazenados pelo tempo que voc\u00ea possuir v\u00ednculo com a GI Group.<\/p><p>6.2. Ap\u00f3s o encerramento do seu v\u00ednculo com a GI Group, poderemos continuar mantendo os seus dados em raz\u00e3o do de obriga\u00e7\u00f5es legais ou do interesse leg\u00edtimo da GI Group, para ajudar a responder demandas legais e\/ou auditorias, e por demais causas, como combater fraude e responder a requisi\u00e7\u00f5es de \u00f3rg\u00e3os regulat\u00f3rios.<\/p><p>7. SEUS DIREITOS<\/p><p>7.1. Como titular de dados, voc\u00ea tem v\u00e1rios direitos previsto na lei aplic\u00e1vel, dentre eles:<br \/>-A confirma\u00e7\u00e3o da exist\u00eancia de tratamento de seus dados pessoais;<br \/>-O acesso a esses dados;<br \/>-A corre\u00e7\u00e3o de dados incompletos, inexatos ou desatualizados;<br \/>-A anonimiza\u00e7\u00e3o, bloqueio ou elimina\u00e7\u00e3o de dados desnecess\u00e1rios, excessivos ou tratados em desconformidade com a LGPD;<br \/>-A portabilidade de seus dados pessoais, mediante requisi\u00e7\u00e3o expressa;<br \/>-A elimina\u00e7\u00e3o de dados tratados com consentimento do autor, em observ\u00e2ncia aos prazos de guarda aplic\u00e1veis;<br \/>-A obten\u00e7\u00e3o de informa\u00e7\u00f5es sobre entidades p\u00fablicas e privadas com os quais a GI Group compartilhou seus dados;<br \/>-Informa\u00e7\u00f5es sobre a possibilidade de n\u00e3o fornecer o consentimento e sobre as consequ\u00eancias da negativa;<br \/>-Revoga\u00e7\u00e3o do consentimento, nos termos da LGPD.<\/p><p>8. COOKIES: O QUE S\u00c3O E PARA QUE SERVEM<\/p><p>8.1. Ao navegar em nosso site, suas prefer\u00eancias ser\u00e3o lembradas atrav\u00e9s do uso tempor\u00e1rio de cookies. Cookies s\u00e3o partes do texto que s\u00e3o colocadas no disco r\u00edgido dos computadores quando h\u00e1 visita a determinados sites. Podemos usar cookies para nos informar, por exemplo, se o usu\u00e1rio j\u00e1 nos visitou antes ou se \u00e9 um novo visitante e para nos ajudar a identificar recursos de maior interesse. Os cookies podem aprimorar a experi\u00eancia online, salvando prefer\u00eancias enquanto visita um site.<\/p><p>8.2. Ao visitar o nosso site voc\u00ea ser\u00e1 informado sobre os tipos de cookies que usamos e como desabilit\u00e1-los, no entanto, se voc\u00ea escolher por desativar os cookies, \u00e9 poss\u00edvel que sua experi\u00eancia como usu\u00e1rio do site fique limitada.<\/p><p>9. ALTERA\u00c7\u00d5ES NA POL\u00cdTICA DE PRIVACIDADE<\/p><p>9.1. Reservamo-nos o direito de alterar essa Pol\u00edtica a qualquer momento, sem necessidade de aviso pr\u00e9vio.<\/p><p>9.2. Todas as altera\u00e7\u00f5es e atualiza\u00e7\u00f5es ser\u00e3o redigidas nesta \u00e1rea do site. Publicaremos uma not\u00edcia acerca de tais altera\u00e7\u00f5es em nosso site e notificaremos voc\u00eas sobre esta situa\u00e7\u00e3o pelo endere\u00e7o de e-mail fornecido por voc\u00ea.<\/p><p>9.3. Manteremos as vers\u00f5es anteriores desta Pol\u00edtica de Privacidade arquivadas para voc\u00ea compar\u00e1-las.<\/p><p>10. CONTATO DO ENCARREGADO DE DADOS<\/p><p>10.1. \u201cEm caso de d\u00favida ou coment\u00e1rio sobre esta Pol\u00edtica de Privacidade, ou se desejar exercitar seus direitos e ter acesso a mais informa\u00e7\u00f5es sobre o tratamento dos seus dados pessoais, entre em contato com nosso Encarregado de Dados (DPO), a CLRA Consultoria &amp; Compliance, na pessoa da s\u00f3cia Fl\u00e1via Co\u00ealho Leite, atrav\u00e9s do e-mail: <a href=\"mailto:brazil.lgpd@gigroup.com\">brazil.lgpd@gigroup.com<\/a>\u201d.<\/p>\t\t\t\t\t\t<\/div>\n\t\t\t\t<\/div>\n\t\t\t\t\t<\/div>\n\t\t<\/div>\n\t\t\t\t\t<\/div>\n\t\t<\/section>\n\t\t\t\t<section class=\"elementor-section elementor-top-section elementor-element elementor-element-afd194c elementor-section-boxed elementor-section-height-default elementor-section-height-default\" data-id=\"afd194c\" data-element_type=\"section\">\n\t\t\t\t\t\t<div class=\"elementor-container elementor-column-gap-default\">\n\t\t\t\t\t<div class=\"elementor-column elementor-col-50 elementor-top-column elementor-element elementor-element-e50c308\" data-id=\"e50c308\" data-element_type=\"column\">\n\t\t\t<div class=\"elementor-widget-wrap elementor-element-populated\">\n\t\t\t\t\t\t<div class=\"elementor-element elementor-element-2961dbd elementor-widget elementor-widget-button\" data-id=\"2961dbd\" data-element_type=\"widget\" data-widget_type=\"button.default\">\n\t\t\t\t<div class=\"elementor-widget-container\">\n\t\t\t\t\t\t\t<div class=\"elementor-button-wrapper\">\n\t\t\t\t\t<a class=\"elementor-button elementor-button-link elementor-size-sm\" href=\"https:\/\/www.gigroupholding.com\/brasil\/cookie-policy\/\">\n\t\t\t\t\t\t<span class=\"elementor-button-content-wrapper\">\n\t\t\t\t\t\t\t\t\t<span class=\"elementor-button-text\">Ler Pol\u00edtica de Cookies<\/span>\n\t\t\t\t\t<\/span>\n\t\t\t\t\t<\/a>\n\t\t\t\t<\/div>\n\t\t\t\t\t\t<\/div>\n\t\t\t\t<\/div>\n\t\t\t\t\t<\/div>\n\t\t<\/div>\n\t\t\t\t<div class=\"elementor-column elementor-col-50 elementor-top-column elementor-element elementor-element-2858b8c\" data-id=\"2858b8c\" data-element_type=\"column\">\n\t\t\t<div class=\"elementor-widget-wrap\">\n\t\t\t\t\t\t\t<\/div>\n\t\t<\/div>\n\t\t\t\t\t<\/div>\n\t\t<\/section>\n\t\t\t\t<\/div>\n\t\t","protected":false},"excerpt":{"rendered":"<p>Pol\u00edtica de Privacidade POL\u00cdTICA DE PRIVACIDADE Privacidade e prote\u00e7\u00e3o de dados s\u00e3o temas extremamente relevantes para a GI Group Brasil Recursos Humanos Ltda. (referida tamb\u00e9m como \u201cGI Group\u201d e \u201cN\u00f3s\u201d). Assim, considerando as exig\u00eancias da Lei n\u00ba 13.709\/18 (Lei Geral de Prote\u00e7\u00e3o Dados \u2013 LGPD) e da legisla\u00e7\u00e3o correlata, elaboramos a presente Pol\u00edtica de Privacidade [&hellip;]<\/p>\n","protected":false},"author":1,"featured_media":0,"parent":0,"menu_order":0,"comment_status":"closed","ping_status":"closed","template":"","meta":{"_acf_changed":false,"footnotes":"","_links_to":"","_links_to_target":""},"class_list":["post-41","page","type-page","status-publish","hentry"],"acf":[],"yoast_head":"<!-- This site is optimized with the Yoast SEO plugin v23.9 - https:\/\/yoast.com\/wordpress\/plugins\/seo\/ -->\n<title>Privacy Policy - Gi Group Holding Brasil<\/title>\n<meta name=\"robots\" content=\"index, follow, max-snippet:-1, max-image-preview:large, max-video-preview:-1\" \/>\n<link rel=\"canonical\" href=\"https:\/\/www.gigroupholding.com\/brasil\/privacy-policy\/\" \/>\n<meta property=\"og:locale\" content=\"pt_BR\" \/>\n<meta property=\"og:type\" content=\"article\" \/>\n<meta property=\"og:title\" content=\"Privacy Policy - Gi Group Holding Brasil\" \/>\n<meta property=\"og:description\" content=\"Pol\u00edtica de Privacidade POL\u00cdTICA DE PRIVACIDADE Privacidade e prote\u00e7\u00e3o de dados s\u00e3o temas extremamente relevantes para a GI Group Brasil Recursos Humanos Ltda. (referida tamb\u00e9m como \u201cGI Group\u201d e \u201cN\u00f3s\u201d). Assim, considerando as exig\u00eancias da Lei n\u00ba 13.709\/18 (Lei Geral de Prote\u00e7\u00e3o Dados \u2013 LGPD) e da legisla\u00e7\u00e3o correlata, elaboramos a presente Pol\u00edtica de Privacidade [&hellip;]\" \/>\n<meta property=\"og:url\" content=\"https:\/\/www.gigroupholding.com\/brasil\/privacy-policy\/\" \/>\n<meta property=\"og:site_name\" content=\"Gi Group Holding Brasil\" \/>\n<meta property=\"article:modified_time\" content=\"2023-04-13T21:46:35+00:00\" \/>\n<meta name=\"twitter:card\" content=\"summary_large_image\" \/>\n<meta name=\"twitter:label1\" content=\"Est. tempo de leitura\" \/>\n\t<meta name=\"twitter:data1\" content=\"3 minutos\" \/>\n<script type=\"application\/ld+json\" class=\"yoast-schema-graph\">{\"@context\":\"https:\/\/schema.org\",\"@graph\":[{\"@type\":\"WebPage\",\"@id\":\"https:\/\/www.gigroupholding.com\/brasil\/privacy-policy\/\",\"url\":\"https:\/\/www.gigroupholding.com\/brasil\/privacy-policy\/\",\"name\":\"Privacy Policy - Gi Group Holding Brasil\",\"isPartOf\":{\"@id\":\"https:\/\/www.gigroupholding.com\/brasil\/#website\"},\"datePublished\":\"2021-12-28T17:01:58+00:00\",\"dateModified\":\"2023-04-13T21:46:35+00:00\",\"inLanguage\":\"pt-BR\",\"potentialAction\":[{\"@type\":\"ReadAction\",\"target\":[\"https:\/\/www.gigroupholding.com\/brasil\/privacy-policy\/\"]}]},{\"@type\":\"WebSite\",\"@id\":\"https:\/\/www.gigroupholding.com\/brasil\/#website\",\"url\":\"https:\/\/www.gigroupholding.com\/brasil\/\",\"name\":\"Gi Group Holding Brasil\",\"description\":\"\",\"potentialAction\":[{\"@type\":\"SearchAction\",\"target\":{\"@type\":\"EntryPoint\",\"urlTemplate\":\"https:\/\/www.gigroupholding.com\/brasil\/?s={search_term_string}\"},\"query-input\":{\"@type\":\"PropertyValueSpecification\",\"valueRequired\":true,\"valueName\":\"search_term_string\"}}],\"inLanguage\":\"pt-BR\"}]}<\/script>\n<!-- \/ Yoast SEO plugin. -->","yoast_head_json":{"title":"Privacy Policy - Gi Group Holding Brasil","robots":{"index":"index","follow":"follow","max-snippet":"max-snippet:-1","max-image-preview":"max-image-preview:large","max-video-preview":"max-video-preview:-1"},"canonical":"https:\/\/www.gigroupholding.com\/brasil\/privacy-policy\/","og_locale":"pt_BR","og_type":"article","og_title":"Privacy Policy - Gi Group Holding Brasil","og_description":"Pol\u00edtica de Privacidade POL\u00cdTICA DE PRIVACIDADE Privacidade e prote\u00e7\u00e3o de dados s\u00e3o temas extremamente relevantes para a GI Group Brasil Recursos Humanos Ltda. (referida tamb\u00e9m como \u201cGI Group\u201d e \u201cN\u00f3s\u201d). Assim, considerando as exig\u00eancias da Lei n\u00ba 13.709\/18 (Lei Geral de Prote\u00e7\u00e3o Dados \u2013 LGPD) e da legisla\u00e7\u00e3o correlata, elaboramos a presente Pol\u00edtica de Privacidade [&hellip;]","og_url":"https:\/\/www.gigroupholding.com\/brasil\/privacy-policy\/","og_site_name":"Gi Group Holding Brasil","article_modified_time":"2023-04-13T21:46:35+00:00","twitter_card":"summary_large_image","twitter_misc":{"Est. tempo de leitura":"3 minutos"},"schema":{"@context":"https:\/\/schema.org","@graph":[{"@type":"WebPage","@id":"https:\/\/www.gigroupholding.com\/brasil\/privacy-policy\/","url":"https:\/\/www.gigroupholding.com\/brasil\/privacy-policy\/","name":"Privacy Policy - Gi Group Holding Brasil","isPartOf":{"@id":"https:\/\/www.gigroupholding.com\/brasil\/#website"},"datePublished":"2021-12-28T17:01:58+00:00","dateModified":"2023-04-13T21:46:35+00:00","inLanguage":"pt-BR","potentialAction":[{"@type":"ReadAction","target":["https:\/\/www.gigroupholding.com\/brasil\/privacy-policy\/"]}]},{"@type":"WebSite","@id":"https:\/\/www.gigroupholding.com\/brasil\/#website","url":"https:\/\/www.gigroupholding.com\/brasil\/","name":"Gi Group Holding Brasil","description":"","potentialAction":[{"@type":"SearchAction","target":{"@type":"EntryPoint","urlTemplate":"https:\/\/www.gigroupholding.com\/brasil\/?s={search_term_string}"},"query-input":{"@type":"PropertyValueSpecification","valueRequired":true,"valueName":"search_term_string"}}],"inLanguage":"pt-BR"}]}},"_links":{"self":[{"href":"https:\/\/www.gigroupholding.com\/brasil\/wp-json\/wp\/v2\/pages\/41","targetHints":{"allow":["GET"]}}],"collection":[{"href":"https:\/\/www.gigroupholding.com\/brasil\/wp-json\/wp\/v2\/pages"}],"about":[{"href":"https:\/\/www.gigroupholding.com\/brasil\/wp-json\/wp\/v2\/types\/page"}],"author":[{"embeddable":true,"href":"https:\/\/www.gigroupholding.com\/brasil\/wp-json\/wp\/v2\/users\/1"}],"replies":[{"embeddable":true,"href":"https:\/\/www.gigroupholding.com\/brasil\/wp-json\/wp\/v2\/comments?post=41"}],"version-history":[{"count":18,"href":"https:\/\/www.gigroupholding.com\/brasil\/wp-json\/wp\/v2\/pages\/41\/revisions"}],"predecessor-version":[{"id":9303,"href":"https:\/\/www.gigroupholding.com\/brasil\/wp-json\/wp\/v2\/pages\/41\/revisions\/9303"}],"wp:attachment":[{"href":"https:\/\/www.gigroupholding.com\/brasil\/wp-json\/wp\/v2\/media?parent=41"}],"curies":[{"name":"wp","href":"https:\/\/api.w.org\/{rel}","templated":true}]}}