{"id":27,"date":"2021-12-28T16:56:03","date_gmt":"2021-12-28T16:56:03","guid":{"rendered":"https:\/\/gigroup.draft2017.com\/brasil\/?page_id=27"},"modified":"2024-02-20T19:25:00","modified_gmt":"2024-02-20T19:25:00","slug":"relatorio-de-rsc","status":"publish","type":"page","link":"https:\/\/www.gigroupholding.com\/brasil\/compromisso-social\/relatorio-de-rsc\/","title":{"rendered":"Relat\u00f3rio de RSC"},"content":{"rendered":"<h1>Nossa ferramenta de<br \/>\nrelat\u00f3rios de sustentabilidade<\/h1>\n<p>Formal and measurable commitments L at meeting the needs of our Stakeholders.<\/p>\n<p>Nossa decis\u00e3o de implementar uma estrat\u00e9gia de RSC integrada \u00e0 governan\u00e7a corporativa significa que:<\/p>\n<p>\u2022 Refor\u00e7ar o nosso compromisso com todas as partes interessadas: colaboradores, candidatos e trabalhadores, clientes, institui\u00e7\u00f5es, comunidades locais, fornecedores, concorrentes e todas as outras contrapartes sociais e econ\u00f4micas<br \/>\n\u2022 Traduzir este compromisso em indicadores objetivos, concretos e mensur\u00e1veis, para responder \u00e0s necessidades dos nossas partes interessadas<br \/>\n\u2022 Comunique esses conte\u00fados (iniciativas, planos, conquistas\u2026) de forma transparente atrav\u00e9s de ferramentas estruturadas de relat\u00f3rios sociais<\/p>\n<p>Por meio do nosso rascunho do Relat\u00f3rio de RSC, nosso objetivo \u00e9 cobrir todos os pontos anteriores.<br \/>\nEste processo de relat\u00f3rio social representa uma ferramenta que nos permite renovar a consci\u00eancia de nossos colaboradores sobre a import\u00e2ncia de nossa miss\u00e3o corporativa. Todos os dias, por meio de nossas atividades di\u00e1rias, criamos valor para a comunidade e todas as outras partes interessadas.<\/p>\n<p>Al\u00e9m disso, esta implementa\u00e7\u00e3o de processos traz um incentivo constante para evoluir a estrutura organizacional da nossa empresa, seus processos e seus canais de comunica\u00e7\u00e3o internos\/externos. Para todos n\u00f3s, isso representa uma ocasi\u00e3o privilegiada para entender a import\u00e2ncia da contribui\u00e7\u00e3o individual e ver a evolu\u00e7\u00e3o de nossa empresa como um todo.<\/p>\n<p>A seguir, apresentamos a vers\u00e3o mais recente do nosso Relat\u00f3rio de RSC ou arquivos contendo todas as vers\u00f5es anteriores, para ajud\u00e1-lo a entender nossa evolu\u00e7\u00e3o nesse assunto.<\/p>\n<p>Relat\u00f3rio de 2020<\/p>\n<p><a href=\"\/wp-content\/uploads\/2022\/03\/2021-Gi-Group-CSR-2020-ENG.pdf\" target=\"_blank\" role=\"button\" rel=\"noopener\"><br \/>\nDownload<br \/>\n<\/a><\/p>\n<p>Arquivo<\/p>\n<p>Baixe todos os Relat\u00f3rios de RSC divulgados pelo Gi Group:<br \/>\n<a href=\"#\">2014<\/a>, <a href=\"\/wp-content\/uploads\/2022\/03\/gi-group-report-csr-2015-eng.pdf\">2015<\/a>, <a href=\"\/wp-content\/uploads\/2022\/03\/Gi-Group-CSR-Report-2016-EN.pdf\">2016<\/a>, <a href=\"\/wp-content\/uploads\/2022\/03\/Gi-Group-CSR-Report-2017-Eng.pdf\">2017<\/a>, <a href=\"\/wp-content\/uploads\/2022\/03\/2019-11-29-Gi-Group-Report-CSR-2018-ENG.pdf\">2018<\/a>, <a href=\"\/wp-content\/uploads\/2022\/03\/2020-10-29-Gi-Group-CSR-2019-ENG.pdf\">2019 <\/a> , <a href=\"\/wp-content\/uploads\/2022\/03\/2021-Gi-Group-CSR-2020-ENG.pdf\">2020<\/a><\/p>\n<p>Baixe todos os Relat\u00f3rios de RSC divulgados pelo Gi Group:&nbsp;<br \/>\n<a href=\"\/brasil\/annual-report-2014\/\">2014<\/a>, <a href=\"\/brasil\/annual-report-2015\/\">2015<\/a>, <a href=\"\/brasil\/annual-report-2016\/\">2016<\/a>, <a href=\"\/brasil\/annual-report-2017\/\">2017<\/a>, <a href=\"\/brasil\/annual-report-2018\/\">2018<\/a>, <a href=\"\/brasil\/annual-report-2019\/\">2019<\/a><\/p>\n<p><a href=\"https:\/\/www.gigroupholding.com\/brasil\/wp-content\/uploads\/2021\/12\/IT-ICT-Tech-Fintech-White-Paper_Co-Brand-3.pdf\" target=\"_blank\" role=\"button\" rel=\"noopener\"><br \/>\nDownload Archive<br \/>\n<\/a><br \/>\n<img loading=\"lazy\" decoding=\"async\" width=\"784\" height=\"523\" src=\"https:\/\/www.gigroupholding.com\/brasil\/wp-content\/uploads\/sites\/3\/2022\/01\/shutterstock_1199960701-copy-1-1.jpg\" alt=\"\" loading=\"lazy\"><br \/>\n<img loading=\"lazy\" decoding=\"async\" width=\"188\" height=\"256\" src=\"https:\/\/www.gigroupholding.com\/brasil\/wp-content\/uploads\/sites\/3\/2022\/01\/Our-role-icon@2x.png\" alt=\"\" loading=\"lazy\"><\/p>\n<h2>Nosso Papel na Sociedade<\/h2>\n<p><a href=\"\/brasil\/compromisso-social\/nosso-papel-na-sociedade\/\" role=\"button\"><br \/>\nDiscover<br \/>\n<\/a><br \/>\n<a href=\"\/brasil\/compromisso-social\/nosso-papel-na-sociedade\/\"><br \/>\n<img decoding=\"async\" src=\"https:\/\/www.gigroupholding.com\/wp-content\/uploads\/2021\/09\/circle-arrow.svg\" title=\"\" alt=\"\">\t\t\t\t\t\t\t\t<\/a><br \/>\n<img decoding=\"async\" src=\"https:\/\/www.gigroupholding.com\/brasil\/wp-content\/uploads\/sites\/3\/elementor\/thumbs\/icon_initiatives-pmoesnnarwt65fqj6ooxxky4e68av5rcvafcj2zbg0.png\" title=\"\" alt=\"\"><\/p>\n<h2>Matriz de Materialidade<\/h2>\n<p><a href=\"\/brasil\/compromisso-social\/matriz-de-materialidade\/\" role=\"button\"><br \/>\nDiscover<br \/>\n<\/a><br \/>\n<a href=\"\/brasil\/compromisso-social\/matriz-de-materialidade\/\"><br \/>\n<img decoding=\"async\" src=\"https:\/\/www.gigroupholding.com\/wp-content\/uploads\/2021\/09\/circle-arrow.svg\" title=\"\" alt=\"\">\t\t\t\t\t\t\t\t<\/a><br \/>\n<img decoding=\"async\" src=\"https:\/\/www.gigroupholding.com\/brasil\/wp-content\/uploads\/sites\/3\/elementor\/thumbs\/value-creation-icon@2x-pmoeuyd3dtnk22mljamba62f15kz539f5qj042pw48.png\" title=\"\" alt=\"\"><\/p>\n<h2>Cria\u00e7\u00e3o de Valor<\/h2>\n<p><a href=\"\/brasil\/compromisso-social\/criacao-de-valor\/\" role=\"button\"><br \/>\nDiscover<br \/>\n<\/a><br \/>\n<a href=\"\/brasil\/compromisso-social\/criacao-de-valor\/\"><br \/>\n<img decoding=\"async\" src=\"https:\/\/www.gigroupholding.com\/wp-content\/uploads\/2021\/09\/circle-arrow.svg\" title=\"\" alt=\"\">\t\t\t\t\t\t\t\t<\/a><br \/>\n<img decoding=\"async\" src=\"https:\/\/www.gigroupholding.com\/brasil\/wp-content\/uploads\/sites\/3\/elementor\/thumbs\/Sustainable-icon-2@2x-pmoesxzivizrh320bdzyxal2sdusvbaeyzd24tpi7w.png\" title=\"\" alt=\"\"><\/p>\n<h2>Trabalho sustent\u00e1vel<\/h2>\n<p><a href=\"http:\/\/brasil\/compromisso-social\/trabalho-sustentavel\/\" role=\"button\"><br \/>\nDiscover<br \/>\n<\/a><br \/>\n<a href=\"http:\/\/brasil\/compromisso-social\/trabalho-sustentavel\/\"><br \/>\n<img decoding=\"async\" src=\"https:\/\/www.gigroupholding.com\/wp-content\/uploads\/2021\/09\/circle-arrow.svg\" title=\"\" alt=\"\">\t\t\t\t\t\t\t\t<\/a><br \/>\n<img decoding=\"async\" src=\"https:\/\/www.gigroupholding.com\/brasil\/wp-content\/uploads\/sites\/3\/elementor\/thumbs\/ethics-icon@2x-pmoeul7d1jmwo9dvallvfw2u41dgnnyxvmqrepcfq6.png\" title=\"\" alt=\"\"><\/p>\n<h2>C\u00f3digo de \u00c9tica<\/h2>\n<p><a href=\"\/brasil\/compromisso-social\/codigo-de-etica\/\" role=\"button\"><br \/>\nDiscover<br \/>\n<\/a><br \/>\n<a href=\"\/brasil\/compromisso-social\/codigo-de-etica\/\"><br \/>\n<img decoding=\"async\" src=\"https:\/\/www.gigroupholding.com\/wp-content\/uploads\/2021\/09\/circle-arrow.svg\" title=\"\" alt=\"\">\t\t\t\t\t\t\t\t<\/a><br \/>\n<img decoding=\"async\" src=\"https:\/\/www.gigroupholding.com\/brasil\/wp-content\/uploads\/sites\/3\/elementor\/thumbs\/social-commit-icon@2x-pmoeuzaxols2sdjbqf7jrc9bvzr94rw9tg5izfwg82.png\" title=\"\" alt=\"\"><\/p>\n<h2>Compromisso Social<\/h2>\n<p><a href=\"\/brasil\/compromisso-social\/\" role=\"button\"><br \/>\nDiscover<br \/>\n<\/a><br \/>\n<a href=\"\/brasil\/compromisso-social\/\"><br \/>\n<img decoding=\"async\" src=\"https:\/\/www.gigroupholding.com\/wp-content\/uploads\/2021\/09\/circle-arrow.svg\" title=\"\" alt=\"\">\t\t\t\t\t\t\t\t<\/a><\/p>\n","protected":false},"excerpt":{"rendered":"<p>Nossa ferramenta de relat\u00f3rios de sustentabilidade Formal and measurable commitments L at meeting the needs of our Stakeholders. Nossa decis\u00e3o de implementar uma estrat\u00e9gia de RSC integrada \u00e0 governan\u00e7a corporativa significa que: \u2022 Refor\u00e7ar o nosso compromisso com todas as partes interessadas: colaboradores, candidatos e trabalhadores, clientes, institui\u00e7\u00f5es, comunidades locais, fornecedores, concorrentes e todas as [&hellip;]<\/p>\n","protected":false},"author":1,"featured_media":0,"parent":44,"menu_order":0,"comment_status":"closed","ping_status":"closed","template":"","meta":{"_acf_changed":false,"footnotes":"","_links_to":"","_links_to_target":""},"class_list":["post-27","page","type-page","status-publish","hentry"],"acf":[],"yoast_head":"<!-- This site is optimized with the Yoast SEO plugin v23.9 - https:\/\/yoast.com\/wordpress\/plugins\/seo\/ -->\n<title>Relat\u00f3rio de RSC - Gi Group Holding Brasil<\/title>\n<meta name=\"description\" content=\"Por meio do nosso rascunho do Relat\u00f3rio de RSC, nosso objetivo \u00e9 cobrir todos os pontos anteriores.Este processo de relat\u00f3rio social representa uma ferramenta que nos permite renovar a consci\u00eancia de nossos colaboradores sobre a import\u00e2ncia de nossa miss\u00e3o corporativa. Todos os dias, por meio de nossas atividades di\u00e1rias, criamos valor para a comunidade e todas as outras partes interessadas.\" \/>\n<meta name=\"robots\" content=\"index, follow, max-snippet:-1, max-image-preview:large, max-video-preview:-1\" \/>\n<link rel=\"canonical\" href=\"https:\/\/www.gigroupholding.com\/brasil\/compromisso-social\/relatorio-de-rsc\/\" \/>\n<meta property=\"og:locale\" content=\"pt_BR\" \/>\n<meta property=\"og:type\" content=\"article\" \/>\n<meta property=\"og:title\" content=\"Gi Group Holding Brasil - Relat\u00f3rio de RSC\" \/>\n<meta property=\"og:description\" content=\"Este processo de relat\u00f3rio social representa uma ferramenta que nos permite renovar a consci\u00eancia de nossos colaboradores sobre a import\u00e2ncia de nossa miss\u00e3o corporativa. Todos os dias, por meio de nossas atividades di\u00e1rias, criamos valor para a comunidade e todas as outras partes interessadas.\" \/>\n<meta property=\"og:url\" content=\"https:\/\/www.gigroupholding.com\/brasil\/compromisso-social\/relatorio-de-rsc\/\" \/>\n<meta property=\"og:site_name\" content=\"Gi Group Holding Brasil\" \/>\n<meta property=\"article:modified_time\" content=\"2024-02-20T19:25:00+00:00\" \/>\n<meta property=\"og:image\" content=\"https:\/\/www.gigroupholding.com\/brasil\/wp-content\/uploads\/sites\/3\/2022\/04\/Featured-Image-social-media.png\" \/>\n\t<meta property=\"og:image:width\" content=\"1200\" \/>\n\t<meta property=\"og:image:height\" content=\"628\" \/>\n\t<meta property=\"og:image:type\" content=\"image\/png\" \/>\n<meta name=\"twitter:card\" content=\"summary_large_image\" \/>\n<meta name=\"twitter:title\" content=\"Gi Group Holding Brasil - Relat\u00f3rio de RSC\" \/>\n<meta name=\"twitter:description\" content=\"Este processo de relat\u00f3rio social representa uma ferramenta que nos permite renovar a consci\u00eancia de nossos colaboradores sobre a import\u00e2ncia de nossa miss\u00e3o corporativa. Todos os dias, por meio de nossas atividades di\u00e1rias, criamos valor para a comunidade e todas as outras partes interessadas.\" \/>\n<meta name=\"twitter:image\" content=\"https:\/\/www.gigroupholding.com\/brasil\/wp-content\/uploads\/sites\/3\/2022\/04\/Featured-Image-social-media.png\" \/>\n<meta name=\"twitter:label1\" content=\"Est. tempo de leitura\" \/>\n\t<meta name=\"twitter:data1\" content=\"5 minutos\" \/>\n<script type=\"application\/ld+json\" class=\"yoast-schema-graph\">{\"@context\":\"https:\/\/schema.org\",\"@graph\":[{\"@type\":\"WebPage\",\"@id\":\"https:\/\/www.gigroupholding.com\/brasil\/compromisso-social\/relatorio-de-rsc\/\",\"url\":\"https:\/\/www.gigroupholding.com\/brasil\/compromisso-social\/relatorio-de-rsc\/\",\"name\":\"Relat\u00f3rio de RSC - Gi Group Holding Brasil\",\"isPartOf\":{\"@id\":\"https:\/\/www.gigroupholding.com\/brasil\/#website\"},\"primaryImageOfPage\":{\"@id\":\"https:\/\/www.gigroupholding.com\/brasil\/compromisso-social\/relatorio-de-rsc\/#primaryimage\"},\"image\":{\"@id\":\"https:\/\/www.gigroupholding.com\/brasil\/compromisso-social\/relatorio-de-rsc\/#primaryimage\"},\"thumbnailUrl\":\"https:\/\/www.gigroupholding.com\/brasil\/wp-content\/uploads\/sites\/3\/2022\/01\/shutterstock_1199960701-copy-1-1.jpg\",\"datePublished\":\"2021-12-28T16:56:03+00:00\",\"dateModified\":\"2024-02-20T19:25:00+00:00\",\"description\":\"Por meio do nosso rascunho do Relat\u00f3rio de RSC, nosso objetivo \u00e9 cobrir todos os pontos anteriores.Este processo de relat\u00f3rio social representa uma ferramenta que nos permite renovar a consci\u00eancia de nossos colaboradores sobre a import\u00e2ncia de nossa miss\u00e3o corporativa. Todos os dias, por meio de nossas atividades di\u00e1rias, criamos valor para a comunidade e todas as outras partes interessadas.\",\"breadcrumb\":{\"@id\":\"https:\/\/www.gigroupholding.com\/brasil\/compromisso-social\/relatorio-de-rsc\/#breadcrumb\"},\"inLanguage\":\"pt-BR\",\"potentialAction\":[{\"@type\":\"ReadAction\",\"target\":[\"https:\/\/www.gigroupholding.com\/brasil\/compromisso-social\/relatorio-de-rsc\/\"]}]},{\"@type\":\"ImageObject\",\"inLanguage\":\"pt-BR\",\"@id\":\"https:\/\/www.gigroupholding.com\/brasil\/compromisso-social\/relatorio-de-rsc\/#primaryimage\",\"url\":\"https:\/\/www.gigroupholding.com\/brasil\/wp-content\/uploads\/sites\/3\/2022\/01\/shutterstock_1199960701-copy-1-1.jpg\",\"contentUrl\":\"https:\/\/www.gigroupholding.com\/brasil\/wp-content\/uploads\/sites\/3\/2022\/01\/shutterstock_1199960701-copy-1-1.jpg\",\"width\":784,\"height\":523},{\"@type\":\"BreadcrumbList\",\"@id\":\"https:\/\/www.gigroupholding.com\/brasil\/compromisso-social\/relatorio-de-rsc\/#breadcrumb\",\"itemListElement\":[{\"@type\":\"ListItem\",\"position\":1,\"name\":\"Compromisso Social\",\"item\":\"https:\/\/www.gigroupholding.com\/brasil\/compromisso-social\/\"},{\"@type\":\"ListItem\",\"position\":2,\"name\":\"Relat\u00f3rio de RSC\"}]},{\"@type\":\"WebSite\",\"@id\":\"https:\/\/www.gigroupholding.com\/brasil\/#website\",\"url\":\"https:\/\/www.gigroupholding.com\/brasil\/\",\"name\":\"Gi Group Holding Brasil\",\"description\":\"\",\"potentialAction\":[{\"@type\":\"SearchAction\",\"target\":{\"@type\":\"EntryPoint\",\"urlTemplate\":\"https:\/\/www.gigroupholding.com\/brasil\/?s={search_term_string}\"},\"query-input\":{\"@type\":\"PropertyValueSpecification\",\"valueRequired\":true,\"valueName\":\"search_term_string\"}}],\"inLanguage\":\"pt-BR\"}]}<\/script>\n<!-- \/ Yoast SEO plugin. -->","yoast_head_json":{"title":"Relat\u00f3rio de RSC - Gi Group Holding Brasil","description":"Por meio do nosso rascunho do Relat\u00f3rio de RSC, nosso objetivo \u00e9 cobrir todos os pontos anteriores.Este processo de relat\u00f3rio social representa uma ferramenta que nos permite renovar a consci\u00eancia de nossos colaboradores sobre a import\u00e2ncia de nossa miss\u00e3o corporativa. Todos os dias, por meio de nossas atividades di\u00e1rias, criamos valor para a comunidade e todas as outras partes interessadas.","robots":{"index":"index","follow":"follow","max-snippet":"max-snippet:-1","max-image-preview":"max-image-preview:large","max-video-preview":"max-video-preview:-1"},"canonical":"https:\/\/www.gigroupholding.com\/brasil\/compromisso-social\/relatorio-de-rsc\/","og_locale":"pt_BR","og_type":"article","og_title":"Gi Group Holding Brasil - Relat\u00f3rio de RSC","og_description":"Este processo de relat\u00f3rio social representa uma ferramenta que nos permite renovar a consci\u00eancia de nossos colaboradores sobre a import\u00e2ncia de nossa miss\u00e3o corporativa. Todos os dias, por meio de nossas atividades di\u00e1rias, criamos valor para a comunidade e todas as outras partes interessadas.","og_url":"https:\/\/www.gigroupholding.com\/brasil\/compromisso-social\/relatorio-de-rsc\/","og_site_name":"Gi Group Holding Brasil","article_modified_time":"2024-02-20T19:25:00+00:00","og_image":[{"width":1200,"height":628,"url":"https:\/\/www.gigroupholding.com\/brasil\/wp-content\/uploads\/sites\/3\/2022\/04\/Featured-Image-social-media.png","type":"image\/png"}],"twitter_card":"summary_large_image","twitter_title":"Gi Group Holding Brasil - Relat\u00f3rio de RSC","twitter_description":"Este processo de relat\u00f3rio social representa uma ferramenta que nos permite renovar a consci\u00eancia de nossos colaboradores sobre a import\u00e2ncia de nossa miss\u00e3o corporativa. Todos os dias, por meio de nossas atividades di\u00e1rias, criamos valor para a comunidade e todas as outras partes interessadas.","twitter_image":"https:\/\/www.gigroupholding.com\/brasil\/wp-content\/uploads\/sites\/3\/2022\/04\/Featured-Image-social-media.png","twitter_misc":{"Est. tempo de leitura":"5 minutos"},"schema":{"@context":"https:\/\/schema.org","@graph":[{"@type":"WebPage","@id":"https:\/\/www.gigroupholding.com\/brasil\/compromisso-social\/relatorio-de-rsc\/","url":"https:\/\/www.gigroupholding.com\/brasil\/compromisso-social\/relatorio-de-rsc\/","name":"Relat\u00f3rio de RSC - Gi Group Holding Brasil","isPartOf":{"@id":"https:\/\/www.gigroupholding.com\/brasil\/#website"},"primaryImageOfPage":{"@id":"https:\/\/www.gigroupholding.com\/brasil\/compromisso-social\/relatorio-de-rsc\/#primaryimage"},"image":{"@id":"https:\/\/www.gigroupholding.com\/brasil\/compromisso-social\/relatorio-de-rsc\/#primaryimage"},"thumbnailUrl":"https:\/\/www.gigroupholding.com\/brasil\/wp-content\/uploads\/sites\/3\/2022\/01\/shutterstock_1199960701-copy-1-1.jpg","datePublished":"2021-12-28T16:56:03+00:00","dateModified":"2024-02-20T19:25:00+00:00","description":"Por meio do nosso rascunho do Relat\u00f3rio de RSC, nosso objetivo \u00e9 cobrir todos os pontos anteriores.Este processo de relat\u00f3rio social representa uma ferramenta que nos permite renovar a consci\u00eancia de nossos colaboradores sobre a import\u00e2ncia de nossa miss\u00e3o corporativa. Todos os dias, por meio de nossas atividades di\u00e1rias, criamos valor para a comunidade e todas as outras partes interessadas.","breadcrumb":{"@id":"https:\/\/www.gigroupholding.com\/brasil\/compromisso-social\/relatorio-de-rsc\/#breadcrumb"},"inLanguage":"pt-BR","potentialAction":[{"@type":"ReadAction","target":["https:\/\/www.gigroupholding.com\/brasil\/compromisso-social\/relatorio-de-rsc\/"]}]},{"@type":"ImageObject","inLanguage":"pt-BR","@id":"https:\/\/www.gigroupholding.com\/brasil\/compromisso-social\/relatorio-de-rsc\/#primaryimage","url":"https:\/\/www.gigroupholding.com\/brasil\/wp-content\/uploads\/sites\/3\/2022\/01\/shutterstock_1199960701-copy-1-1.jpg","contentUrl":"https:\/\/www.gigroupholding.com\/brasil\/wp-content\/uploads\/sites\/3\/2022\/01\/shutterstock_1199960701-copy-1-1.jpg","width":784,"height":523},{"@type":"BreadcrumbList","@id":"https:\/\/www.gigroupholding.com\/brasil\/compromisso-social\/relatorio-de-rsc\/#breadcrumb","itemListElement":[{"@type":"ListItem","position":1,"name":"Compromisso Social","item":"https:\/\/www.gigroupholding.com\/brasil\/compromisso-social\/"},{"@type":"ListItem","position":2,"name":"Relat\u00f3rio de RSC"}]},{"@type":"WebSite","@id":"https:\/\/www.gigroupholding.com\/brasil\/#website","url":"https:\/\/www.gigroupholding.com\/brasil\/","name":"Gi Group Holding Brasil","description":"","potentialAction":[{"@type":"SearchAction","target":{"@type":"EntryPoint","urlTemplate":"https:\/\/www.gigroupholding.com\/brasil\/?s={search_term_string}"},"query-input":{"@type":"PropertyValueSpecification","valueRequired":true,"valueName":"search_term_string"}}],"inLanguage":"pt-BR"}]}},"_links":{"self":[{"href":"https:\/\/www.gigroupholding.com\/brasil\/wp-json\/wp\/v2\/pages\/27","targetHints":{"allow":["GET"]}}],"collection":[{"href":"https:\/\/www.gigroupholding.com\/brasil\/wp-json\/wp\/v2\/pages"}],"about":[{"href":"https:\/\/www.gigroupholding.com\/brasil\/wp-json\/wp\/v2\/types\/page"}],"author":[{"embeddable":true,"href":"https:\/\/www.gigroupholding.com\/brasil\/wp-json\/wp\/v2\/users\/1"}],"replies":[{"embeddable":true,"href":"https:\/\/www.gigroupholding.com\/brasil\/wp-json\/wp\/v2\/comments?post=27"}],"version-history":[{"count":70,"href":"https:\/\/www.gigroupholding.com\/brasil\/wp-json\/wp\/v2\/pages\/27\/revisions"}],"predecessor-version":[{"id":10493,"href":"https:\/\/www.gigroupholding.com\/brasil\/wp-json\/wp\/v2\/pages\/27\/revisions\/10493"}],"up":[{"embeddable":true,"href":"https:\/\/www.gigroupholding.com\/brasil\/wp-json\/wp\/v2\/pages\/44"}],"wp:attachment":[{"href":"https:\/\/www.gigroupholding.com\/brasil\/wp-json\/wp\/v2\/media?parent=27"}],"curies":[{"name":"wp","href":"https:\/\/api.w.org\/{rel}","templated":true}]}}